{"id":390566,"date":"2021-11-17T15:04:36","date_gmt":"2021-11-17T14:04:36","guid":{"rendered":"https:\/\/transfercasepartshop.com\/?post_type=product&#038;p=390566"},"modified":"2026-03-23T09:41:16","modified_gmt":"2026-03-23T08:41:16","slug":"osztomu-tomites-szett-dcd","status":"publish","type":"product","link":"https:\/\/transfercasepartshop.com\/hu\/mercedes-benz\/dcd\/osztomu-tomites-szett-dcd\/","title":{"rendered":"Oszt\u00f3m\u0171 t\u00f6m\u00edt\u00e9s szett (DCD)"},"content":{"rendered":"<p>Ezek az alkatr\u00e9szek t\u00f6m\u00edtik az oszt\u00f3m\u0171vet. K\u00e9pesek a tengelyek v\u00e9g\u00e9hez r\u00f6gz\u00fclve megakad\u00e1lyozni az olajfoly\u00e1st \u00e9s sziv\u00e1rg\u00e1st.<\/p>\n<div class=\"faq-section\">\n<details>\n<summary>Hogyan vehetem \u00e9szre, ha sziv\u00e1rog az oszt\u00f3m\u0171 t\u00f6m\u00edt\u00e9sem?<\/summary>\n<p>A leggyakoribb jel az aut\u00f3 alatt megjelen\u0151 olajfolt, vagy az oszt\u00f3m\u0171 h\u00e1z\u00e1n l\u00e1that\u00f3 nedves, olajs\u00e1ros lerak\u00f3d\u00e1s a tengelyek kimenet\u00e9n\u00e9l. Ha menet k\u00f6zben \u00e9gett olajszagot \u00e9rez, az is utalhat a kipufog\u00f3ra cs\u00f6p\u00f6g\u0151 ken\u0151anyagra.<\/p>\n<\/details>\n<details>\n<summary>Mi\u00e9rt fontos a t\u00f6m\u00edt\u00e9sek cser\u00e9je a Mercedes DCD oszt\u00f3m\u0171ben?<\/summary>\n<p>Az oszt\u00f3m\u0171 prec\u00edzi\u00f3s alkatr\u00e9sz, amelynek folyamatos ken\u00e9sre van sz\u00fcks\u00e9ge. Ha a t\u00f6m\u00edt\u00e9sek el\u00f6regednek, az olajszint lecs\u00f6kken, ami az alkatr\u00e9szek t\u00falmeleged\u00e9s\u00e9hez, r\u00e1ngat\u00e1shoz \u00e9s v\u00e9g\u00fcl az oszt\u00f3m\u0171 teljes t\u00f6nkremenetel\u00e9hez vezethet.<\/p>\n<\/details>\n<details>\n<summary>Be\u00e9p\u00edthetem-e h\u00e1zilag ezt a t\u00f6m\u00edt\u00e9s szettet?<\/summary>\n<p>A be\u00e9p\u00edt\u00e9s szak\u00e9rtelmet \u00e9s speci\u00e1lis szersz\u00e1mokat (p\u00e9ld\u00e1ul szimmering be\u00fct\u0151t) ig\u00e9nyel. A nem megfelel\u0151en behelyezett t\u00f6m\u00edt\u00e9s ugyan\u00fagy sziv\u00e1rogni fog, ez\u00e9rt javasoljuk, hogy keressen fel egy Mercedes specialist\u00e1t a szerel\u00e9shez.<\/p>\n<\/details>\n<details>\n<summary>Ez a szett minden Mercedes DCD t\u00edpushoz megfelel\u0151?<\/summary>\n<p>Ez a k\u00e9szlet a DCD Offroad rendszer\u0171 oszt\u00f3m\u0171vekhez lett kifejlesztve. Mivel a Mercedes t\u00f6bbf\u00e9le oszt\u00f3m\u0171vet haszn\u00e1l, javasoljuk, hogy rendel\u00e9s el\u0151tt ellen\u0151rizze az alv\u00e1zsz\u00e1mot vagy konzult\u00e1ljon szak\u00e9rt\u0151nkkel.<\/p>\n<\/details>\n<details>\n<summary>Mit tartalmaz pontosan ez az oszt\u00f3m\u0171 t\u00f6m\u00edt\u00e9s k\u00e9szlet?<\/summary>\n<p>A szett tartalmazza az \u00f6sszes olyan kritikus t\u00f6m\u00edt\u0151gy\u0171r\u0171t \u00e9s szimmeringet, amelyek a tengelyek kivezet\u00e9s\u00e9n\u00e9l a t\u00f6k\u00e9letes z\u00e1r\u00e1s\u00e9rt felelnek, megakad\u00e1lyozva a por bejut\u00e1s\u00e1t \u00e9s az olaj kijut\u00e1s\u00e1t.<\/p>\n<\/details>\n<\/div>\n<p><script type=\"application\/ld+json\">\n{\n  \"@context\": \"https:\/\/schema.org\",\n  \"@type\": \"FAQPage\",\n  \"mainEntity\": [\n    {\n      \"@type\": \"Question\",\n      \"name\": \"Hogyan vehetem u00e9szre, ha szivu00e1rog az osztu00f3mu0171 tu00f6mu00edtu00e9sem?\",\n      \"acceptedAnswer\": {\n        \"@type\": \"Answer\",\n        \"text\": \"A leggyakoribb jel az autu00f3 alatt megjelenu0151 olajfolt, vagy az osztu00f3mu0171 hu00e1zu00e1n lu00e1thatu00f3 nedves, olajsu00e1ros leraku00f3du00e1s a tengelyek kimenetu00e9nu00e9l. Ha menet ku00f6zben u00e9gett olajszagot u00e9rez, az is utalhat a kipufogu00f3ra csu00f6pu00f6gu0151 kenu0151anyagra.\"\n      }\n    },\n    {\n      \"@type\": \"Question\",\n      \"name\": \"Miu00e9rt fontos a tu00f6mu00edtu00e9sek cseru00e9je a Mercedes DCD osztu00f3mu0171ben?\",\n      \"acceptedAnswer\": {\n        \"@type\": \"Answer\",\n        \"text\": \"Az osztu00f3mu0171 precu00edziu00f3s alkatru00e9sz, amelynek folyamatos kenu00e9sre van szu00fcksu00e9ge. Ha a tu00f6mu00edtu00e9sek elu00f6regednek, az olajszint lecsu00f6kken, ami az alkatru00e9szek tu00falmelegedu00e9su00e9hez, ru00e1ngatu00e1shoz u00e9s vu00e9gu00fcl az osztu00f3mu0171 teljes tu00f6nkremenetelu00e9hez vezethet.\"\n      }\n    },\n    {\n      \"@type\": \"Question\",\n      \"name\": \"Beu00e9pu00edthetem-e hu00e1zilag ezt a tu00f6mu00edtu00e9s szettet?\",\n      \"acceptedAnswer\": {\n        \"@type\": \"Answer\",\n        \"text\": \"A beu00e9pu00edtu00e9s szaku00e9rtelmet u00e9s speciu00e1lis szerszu00e1mokat (pu00e9ldu00e1ul szimmering beu00fctu0151t) igu00e9nyel. A nem megfelelu0151en behelyezett tu00f6mu00edtu00e9s ugyanu00fagy szivu00e1rogni fog, ezu00e9rt javasoljuk, hogy keressen fel egy Mercedes specialistu00e1t a szerelu00e9shez.\"\n      }\n    },\n    {\n      \"@type\": \"Question\",\n      \"name\": \"Ez a szett minden Mercedes DCD tu00edpushoz megfelelu0151?\",\n      \"acceptedAnswer\": {\n        \"@type\": \"Answer\",\n        \"text\": \"Ez a ku00e9szlet a DCD Offroad rendszeru0171 osztu00f3mu0171vekhez lett kifejlesztve. Mivel a Mercedes tu00f6bbfu00e9le osztu00f3mu0171vet hasznu00e1l, javasoljuk, hogy rendelu00e9s elu0151tt ellenu0151rizze az alvu00e1zszu00e1mot vagy konzultu00e1ljon szaku00e9rtu0151nkkel.\"\n      }\n    },\n    {\n      \"@type\": \"Question\",\n      \"name\": \"Mit tartalmaz pontosan ez az osztu00f3mu0171 tu00f6mu00edtu00e9s ku00e9szlet?\",\n      \"acceptedAnswer\": {\n        \"@type\": \"Answer\",\n        \"text\": \"A szett tartalmazza az u00f6sszes olyan kritikus tu00f6mu00edtu0151gyu0171ru0171t u00e9s szimmeringet, amelyek a tengelyek kivezetu00e9su00e9nu00e9l a tu00f6ku00e9letes zu00e1ru00e1su00e9rt felelnek, megakadu00e1lyozva a por bejutu00e1su00e1t u00e9s az olaj kijutu00e1su00e1t.\"\n      }\n    }\n  ]\n}\n<\/script><\/p>","protected":false},"excerpt":{"rendered":"<p>Ezek az alkatr\u00e9szek t\u00f6m\u00edtik az oszt\u00f3m\u0171vet. K\u00e9pesek a tengelyek v\u00e9g\u00e9hez r\u00f6gz\u00fclve megakad\u00e1lyozni az olajfoly\u00e1st \u00e9s sziv\u00e1rg\u00e1st. Hogyan vehetem \u00e9szre, ha sziv\u00e1rog az oszt\u00f3m\u0171 t\u00f6m\u00edt\u00e9sem? A &#8230; <\/p>\n<p class=\"read-more-container\"><a title=\"Oszt\u00f3m\u0171 t\u00f6m\u00edt\u00e9s szett (DCD)\" class=\"read-more button\" href=\"https:\/\/transfercasepartshop.com\/hu\/mercedes-benz\/dcd\/osztomu-tomites-szett-dcd\/#more-390566\" aria-label=\"Read more about Oszt\u00f3m\u0171 t\u00f6m\u00edt\u00e9s szett (DCD)\">Tov\u00e1bb<\/a><\/p>","protected":false},"featured_media":400644,"comment_status":"open","ping_status":"closed","template":"","meta":{"_acf_changed":false},"product_brand":[],"product_cat":[105,106],"product_tag":[209],"class_list":{"0":"post-390566","1":"product","2":"type-product","3":"status-publish","4":"has-post-thumbnail","6":"product_cat-mercedes-benz","7":"product_cat-dcd","8":"product_tag-szimeringek-tomitesek","9":"infinite-scroll-item","10":"no-featured-image-padding","11":"resize-featured-image","12":"sales-flash-overlay","13":"woocommerce-text-align-center","14":"woocommerce-image-align-center","15":"wc-has-gallery","17":"first","18":"outofstock","19":"taxable","20":"shipping-taxable","21":"purchasable","22":"product-type-simple"},"acf":{"s-tec_number":"SP00991","oem-ref":"A2512800700, A2512800800, A2512800900, A2512801100, A2512801200, A2512801300, A2512801400, A2512801500, A2512801700, A2512801800, A2512802000, A2512802100, A2512802200, A2512802700, A2512802800, A2512803100, A2512803196","tartalom":"A fel\u00faj\u00edt\u00f3 szett tartalmazza az oszt\u00f3m\u0171ben tal\u00e1lhat\u00f3 \u00f6sszes t\u00f6m\u00edt\u00e9st.","lamella-alert":"","transfer_case_application_v2":["Mercedes-Benz DCD 2005- GL offroad package","Mercedes-Benz DCD 2005- ML offroad package","Mercedes-Benz DCD 2015- GLE Class","Mercedes-Benz DCD 2015- GLE Class Coupe","Mercedes-Benz DCD 2015- GLS"],"transfer_case_application":"","kulso_raktar":3,"google_ads_kep":423323,"gtin":9009381050476},"_links":{"self":[{"href":"https:\/\/transfercasepartshop.com\/hu\/wp-json\/wp\/v2\/product\/390566","targetHints":{"allow":["GET"]}}],"collection":[{"href":"https:\/\/transfercasepartshop.com\/hu\/wp-json\/wp\/v2\/product"}],"about":[{"href":"https:\/\/transfercasepartshop.com\/hu\/wp-json\/wp\/v2\/types\/product"}],"replies":[{"embeddable":true,"href":"https:\/\/transfercasepartshop.com\/hu\/wp-json\/wp\/v2\/comments?post=390566"}],"wp:featuredmedia":[{"embeddable":true,"href":"https:\/\/transfercasepartshop.com\/hu\/wp-json\/wp\/v2\/media\/400644"}],"wp:attachment":[{"href":"https:\/\/transfercasepartshop.com\/hu\/wp-json\/wp\/v2\/media?parent=390566"}],"wp:term":[{"taxonomy":"product_brand","embeddable":true,"href":"https:\/\/transfercasepartshop.com\/hu\/wp-json\/wp\/v2\/product_brand?post=390566"},{"taxonomy":"product_cat","embeddable":true,"href":"https:\/\/transfercasepartshop.com\/hu\/wp-json\/wp\/v2\/product_cat?post=390566"},{"taxonomy":"product_tag","embeddable":true,"href":"https:\/\/transfercasepartshop.com\/hu\/wp-json\/wp\/v2\/product_tag?post=390566"}],"curies":[{"name":"wp","href":"https:\/\/api.w.org\/{rel}","templated":true}]}}