{"id":390559,"date":"2021-11-17T15:04:32","date_gmt":"2021-11-17T14:04:32","guid":{"rendered":"https:\/\/transfercasepartshop.com\/?post_type=product&#038;p=390559"},"modified":"2026-03-23T09:41:08","modified_gmt":"2026-03-23T08:41:08","slug":"osztomu-lanc-itc-pla","status":"publish","type":"product","link":"https:\/\/transfercasepartshop.com\/hu\/land-rover\/itc-pla\/osztomu-lanc-itc-pla\/","title":{"rendered":"Oszt\u00f3m\u0171 l\u00e1nc (ITC PLA)"},"content":{"rendered":"<p>Az oszt\u00f3m\u0171ben tal\u00e1lhat\u00f3 l\u00e1nc felel az \u00e1lland\u00f3 egys\u00e9ges er\u0151\u00e1tvitel\u00e9rt. \u00d6sszek\u00f6ttet\u00e9st biztos\u00edt az els\u0151 \u00e9s h\u00e1ts\u00f3 tengely optim\u00e1lis m\u0171k\u00f6d\u00e9s\u00e9hez. Ezzel biztos\u00edtva a 4&#215;4 hajt\u00e1st.<\/p>\n<div class=\"faq-section\">\n<details>\n<summary>Honnan tudom, hogy megny\u00falt az oszt\u00f3m\u0171 l\u00e1nc a Land Roveremben?<\/summary>\n<p>A leggyakoribb t\u00fcnet a gyors\u00edt\u00e1skor hallhat\u00f3 kattog\u00f3 vagy recseg\u0151 hang, amelyet a l\u00e1nc fogaskerekeken val\u00f3 \u00e1tugr\u00e1sa okoz. Ha r\u00e1ngat\u00e1st \u00e9rzel az \u00f6sszker\u00e9khajt\u00e1s m\u0171k\u00f6d\u00e9se k\u00f6zben, az szint\u00e9n a l\u00e1nc elhaszn\u00e1l\u00f3d\u00e1s\u00e1ra utalhat.<\/p>\n<\/details>\n<details>\n<summary>Ez a l\u00e1nc kompatibilis az \u00f6sszes ITC PLA oszt\u00f3m\u0171vel?<\/summary>\n<p>Igen, ezt a l\u00e1ncot kifejezetten az ITC PLA t\u00edpus\u00fa oszt\u00f3m\u0171vek bels\u0151 mechanik\u00e1j\u00e1hoz tervezt\u00e9k. Els\u0151sorban Land Rover modellekben tal\u00e1lkozhatsz ezzel a t\u00edpussal, ahol a prec\u00edz er\u0151\u00e1tvitel elengedhetetlen.<\/p>\n<\/details>\n<details>\n<summary>Mi\u00e9rt fontos az oszt\u00f3m\u0171 l\u00e1nc id\u0151beni cser\u00e9je?<\/summary>\n<p>A megny\u00falt l\u00e1nc nemcsak ideges\u00edt\u0151 hangot ad, hanem folyamatosan koptatja a fogaskerekeket is. Sz\u00e9ls\u0151s\u00e9ges esetben a l\u00e1nc elszakadhat vagy bele\u00e9rhet az oszt\u00f3m\u0171 h\u00e1z\u00e1ba, ami teljes szerkezeti k\u00e1rosod\u00e1shoz \u00e9s j\u00f3val dr\u00e1g\u00e1bb jav\u00edt\u00e1shoz vezet.<\/p>\n<\/details>\n<details>\n<summary>H\u00e1zilag is elv\u00e9gezhet\u0151 az oszt\u00f3m\u0171 l\u00e1nc cser\u00e9je?<\/summary>\n<p>Az oszt\u00f3m\u0171 l\u00e1nc cser\u00e9je \u00f6sszetett feladat, amely az egys\u00e9g kiszerel\u00e9s\u00e9t \u00e9s teljes sz\u00e9tszerel\u00e9s\u00e9t ig\u00e9nyli. Speci\u00e1lis szersz\u00e1mok \u00e9s szak\u00e9rtelem sz\u00fcks\u00e9ges hozz\u00e1, ez\u00e9rt javasoljuk, hogy fordulj szakm\u0171helyhez a be\u00e9p\u00edt\u00e9s\u00e9rt.<\/p>\n<\/details>\n<details>\n<summary>Mi okozza a l\u00e1nc id\u0151 el\u0151tti elhaszn\u00e1l\u00f3d\u00e1s\u00e1t?<\/summary>\n<p>A term\u00e9szetes kop\u00e1s mellett a nem megfelel\u0151 gumiabroncs-nyom\u00e1s, az elt\u00e9r\u0151 kopotts\u00e1g\u00fa gumik az els\u0151 \u00e9s h\u00e1ts\u00f3 tengelyen, valamint az el\u00f6regedett oszt\u00f3m\u0171olaj mind extra terhel\u00e9st r\u00f3nak a l\u00e1ncra, ami gyorsabb ny\u00fal\u00e1shoz vezet.<\/p>\n<\/details>\n<\/div>\n<p><script type=\"application\/ld+json\">\n{\n  \"@context\": \"https:\/\/schema.org\",\n  \"@type\": \"FAQPage\",\n  \"mainEntity\": [\n    {\n      \"@type\": \"Question\",\n      \"name\": \"Honnan tudom, hogy megnyu00falt az osztu00f3mu0171 lu00e1nc a Land Roveremben?\",\n      \"acceptedAnswer\": {\n        \"@type\": \"Answer\",\n        \"text\": \"A leggyakoribb tu00fcnet a gyorsu00edtu00e1skor hallhatu00f3 kattogu00f3 vagy recsegu0151 hang, amelyet a lu00e1nc fogaskerekeken valu00f3 u00e1tugru00e1sa okoz. Ha ru00e1ngatu00e1st u00e9rzel az u00f6sszkeru00e9khajtu00e1s mu0171ku00f6du00e9se ku00f6zben, az szintu00e9n a lu00e1nc elhasznu00e1lu00f3du00e1su00e1ra utalhat.\"\n      }\n    },\n    {\n      \"@type\": \"Question\",\n      \"name\": \"Ez a lu00e1nc kompatibilis az u00f6sszes ITC PLA osztu00f3mu0171vel?\",\n      \"acceptedAnswer\": {\n        \"@type\": \"Answer\",\n        \"text\": \"Igen, ezt a lu00e1ncot kifejezetten az ITC PLA tu00edpusu00fa osztu00f3mu0171vek belsu0151 mechaniku00e1ju00e1hoz terveztu00e9k. Elsu0151sorban Land Rover modellekben talu00e1lkozhatsz ezzel a tu00edpussal, ahol a precu00edz eru0151u00e1tvitel elengedhetetlen.\"\n      }\n    },\n    {\n      \"@type\": \"Question\",\n      \"name\": \"Miu00e9rt fontos az osztu00f3mu0171 lu00e1nc idu0151beni cseru00e9je?\",\n      \"acceptedAnswer\": {\n        \"@type\": \"Answer\",\n        \"text\": \"A megnyu00falt lu00e1nc nemcsak idegesu00edtu0151 hangot ad, hanem folyamatosan koptatja a fogaskerekeket is. Szu00e9lsu0151su00e9ges esetben a lu00e1nc elszakadhat vagy beleu00e9rhet az osztu00f3mu0171 hu00e1zu00e1ba, ami teljes szerkezeti ku00e1rosodu00e1shoz u00e9s ju00f3val dru00e1gu00e1bb javu00edtu00e1shoz vezet.\"\n      }\n    },\n    {\n      \"@type\": \"Question\",\n      \"name\": \"Hu00e1zilag is elvu00e9gezhetu0151 az osztu00f3mu0171 lu00e1nc cseru00e9je?\",\n      \"acceptedAnswer\": {\n        \"@type\": \"Answer\",\n        \"text\": \"Az osztu00f3mu0171 lu00e1nc cseru00e9je u00f6sszetett feladat, amely az egysu00e9g kiszerelu00e9su00e9t u00e9s teljes szu00e9tszerelu00e9su00e9t igu00e9nyli. Speciu00e1lis szerszu00e1mok u00e9s szaku00e9rtelem szu00fcksu00e9ges hozzu00e1, ezu00e9rt javasoljuk, hogy fordulj szakmu0171helyhez a beu00e9pu00edtu00e9su00e9rt.\"\n      }\n    },\n    {\n      \"@type\": \"Question\",\n      \"name\": \"Mi okozza a lu00e1nc idu0151 elu0151tti elhasznu00e1lu00f3du00e1su00e1t?\",\n      \"acceptedAnswer\": {\n        \"@type\": \"Answer\",\n        \"text\": \"A termu00e9szetes kopu00e1s mellett a nem megfelelu0151 gumiabroncs-nyomu00e1s, az eltu00e9ru0151 kopottsu00e1gu00fa gumik az elsu0151 u00e9s hu00e1tsu00f3 tengelyen, valamint az elu00f6regedett osztu00f3mu0171olaj mind extra terhelu00e9st ru00f3nak a lu00e1ncra, ami gyorsabb nyu00falu00e1shoz vezet.\"\n      }\n    }\n  ]\n}\n<\/script><\/p>","protected":false},"excerpt":{"rendered":"<p>Az oszt\u00f3m\u0171ben tal\u00e1lhat\u00f3 l\u00e1nc felel az \u00e1lland\u00f3 egys\u00e9ges er\u0151\u00e1tvitel\u00e9rt. \u00d6sszek\u00f6ttet\u00e9st biztos\u00edt az els\u0151 \u00e9s h\u00e1ts\u00f3 tengely optim\u00e1lis m\u0171k\u00f6d\u00e9s\u00e9hez. Ezzel biztos\u00edtva a 4&#215;4 hajt\u00e1st. Honnan tudom, &#8230; <\/p>\n<p class=\"read-more-container\"><a title=\"Oszt\u00f3m\u0171 l\u00e1nc (ITC PLA)\" class=\"read-more button\" href=\"https:\/\/transfercasepartshop.com\/hu\/land-rover\/itc-pla\/osztomu-lanc-itc-pla\/#more-390559\" aria-label=\"Read more about Oszt\u00f3m\u0171 l\u00e1nc (ITC PLA)\">Tov\u00e1bb<\/a><\/p>","protected":false},"featured_media":399780,"comment_status":"open","ping_status":"closed","template":"","meta":{"_acf_changed":false},"product_brand":[],"product_cat":[100,102],"product_tag":[373,212],"class_list":{"0":"post-390559","1":"product","2":"type-product","3":"status-publish","4":"has-post-thumbnail","6":"product_cat-land-rover","7":"product_cat-itc-pla","8":"product_tag-borg-warner","9":"product_tag-lancok","10":"infinite-scroll-item","11":"no-featured-image-padding","12":"resize-featured-image","13":"sales-flash-overlay","14":"woocommerce-text-align-center","15":"woocommerce-image-align-center","16":"wc-has-gallery","18":"first","19":"instock","20":"taxable","21":"shipping-taxable","22":"purchasable","23":"product-type-simple"},"acf":{"s-tec_number":"SP00958","oem-ref":"LR044897, CPLA7K780AA, CPLA7K780AB, CPLA7K780AC, CPLA7K780BA, CPLA7K780BB, DPLA7K780AB, DPLA7K780AC, DPLA7K780AD, DPLA7K780AE, DPLA7K780AF, IAB500240, IAB500241, IAB500243, IAB500244, IAB500280, LR006016, LR008206, LR023011, LR035617, LR045365, LR045477, LR049160, LR050773, LR052611, LR078932, LR089529, LR089531","tartalom":"","lamella-alert":"","transfer_case_application_v2":["Land Rover ITC PLA 2011- Discovery4","Land Rover ITC PLA 2011- Range Rover","Land Rover ITC PLA 2011- Range Rover Sport"],"transfer_case_application":"","kulso_raktar":1,"google_ads_kep":423313,"gtin":9009381048848},"_links":{"self":[{"href":"https:\/\/transfercasepartshop.com\/hu\/wp-json\/wp\/v2\/product\/390559","targetHints":{"allow":["GET"]}}],"collection":[{"href":"https:\/\/transfercasepartshop.com\/hu\/wp-json\/wp\/v2\/product"}],"about":[{"href":"https:\/\/transfercasepartshop.com\/hu\/wp-json\/wp\/v2\/types\/product"}],"replies":[{"embeddable":true,"href":"https:\/\/transfercasepartshop.com\/hu\/wp-json\/wp\/v2\/comments?post=390559"}],"wp:featuredmedia":[{"embeddable":true,"href":"https:\/\/transfercasepartshop.com\/hu\/wp-json\/wp\/v2\/media\/399780"}],"wp:attachment":[{"href":"https:\/\/transfercasepartshop.com\/hu\/wp-json\/wp\/v2\/media?parent=390559"}],"wp:term":[{"taxonomy":"product_brand","embeddable":true,"href":"https:\/\/transfercasepartshop.com\/hu\/wp-json\/wp\/v2\/product_brand?post=390559"},{"taxonomy":"product_cat","embeddable":true,"href":"https:\/\/transfercasepartshop.com\/hu\/wp-json\/wp\/v2\/product_cat?post=390559"},{"taxonomy":"product_tag","embeddable":true,"href":"https:\/\/transfercasepartshop.com\/hu\/wp-json\/wp\/v2\/product_tag?post=390559"}],"curies":[{"name":"wp","href":"https:\/\/api.w.org\/{rel}","templated":true}]}}