{"id":390556,"date":"2021-11-17T15:04:31","date_gmt":"2021-11-17T14:04:31","guid":{"rendered":"https:\/\/transfercasepartshop.com\/?post_type=product&#038;p=390556"},"modified":"2026-03-23T09:41:03","modified_gmt":"2026-03-23T08:41:03","slug":"osztomu-csapagy-szett-sec-lx","status":"publish","type":"product","link":"https:\/\/transfercasepartshop.com\/hu\/mercedes-benz\/sec\/osztomu-csapagy-szett-sec-lx\/","title":{"rendered":"Oszt\u00f3m\u0171 csap\u00e1gy szett (SEC, LX)"},"content":{"rendered":"<p>Ezek az oszt\u00f3m\u0171ben tal\u00e1lhat\u00f3 csap\u00e1gyak, biztos\u00edtj\u00e1k a tengelyek al\u00e1t\u00e1maszt\u00e1s\u00e1t \u00e9s a megfelel\u0151 forgat\u00f3nyomat\u00e9k er\u0151\u00e1tvitel\u00e9nek kiegyenes\u00falyozotts\u00e1g\u00e1t.<\/p>\n<div class=\"faq-section\">\n<details>\n<summary>Milyen t\u00fcnetei vannak, ha t\u00f6nkrement az oszt\u00f3m\u0171 csap\u00e1gy a kocsimban?<\/summary>\n<p>A leggyakoribb jelek k\u00f6z\u00e9 tartozik a b\u00fag\u00f3, morg\u00f3 vagy f\u00fcty\u00fcl\u0151 hang, amely a sebess\u00e9g n\u00f6veked\u00e9s\u00e9vel er\u0151s\u00f6dik. Emellett tapasztalhat rezg\u00e9st a hajt\u00e1sl\u00e1ncban, vagy bizonytalans\u00e1got az er\u0151\u00e1tvitel sor\u00e1n, mivel a kopott csap\u00e1gyak m\u00e1r nem tartj\u00e1k megfelel\u0151en a tengelyeket.<\/p>\n<\/details>\n<details>\n<summary>Biztosan j\u00f3 lesz ez a szett a Mercedes-Benz SEC vagy Chrysler LX aut\u00f3mhoz?<\/summary>\n<p>Igen, ezt a csap\u00e1gy k\u00e9szletet kifejezetten a Daimler Chrysler LX platformos aut\u00f3khoz \u00e9s a Mercedes-Benz SEC modellek oszt\u00f3m\u0171veihez fejlesztett\u00e9k ki. Ha az oszt\u00f3m\u0171 t\u00edpusa SEC vagy LX, ez a szett biztos\u00edtja a gy\u00e1ri illeszked\u00e9st.<\/p>\n<\/details>\n<details>\n<summary>Mi\u00e9rt \u00e9rdemes szettben cser\u00e9lni a csap\u00e1gyakat ahelyett, hogy csak egyet cser\u00e9ln\u00e9k?<\/summary>\n<p>Az oszt\u00f3m\u0171 fel\u00faj\u00edt\u00e1sakor az\u00e9rt javasolt a teljes szett cser\u00e9je, mert a csap\u00e1gyak \u00e1ltal\u00e1ban hasonl\u00f3 m\u00e9rt\u00e9kben kopnak. Egyetlen r\u00e9gi csap\u00e1gy bennhagy\u00e1sa aszimmetrikus terhel\u00e9st \u00e9s korai meghib\u00e1sod\u00e1st okozhat az \u00faj alkatr\u00e9szekn\u00e9l is.<\/p>\n<\/details>\n<details>\n<summary>Sz\u00fcks\u00e9gem lesz speci\u00e1lis szersz\u00e1mokra a beszerel\u00e9shez?<\/summary>\n<p>Igen, az oszt\u00f3m\u0171 csap\u00e1gyak cser\u00e9je szak\u00e9rtelmet \u00e9s \u00e1ltal\u00e1ban hidraulikus pr\u00e9st ig\u00e9nyel a pontos illeszt\u00e9shez. H\u00e1zilag, megfelel\u0151 szersz\u00e1mok n\u00e9lk\u00fcl a csap\u00e1gyak \u00e9s a h\u00e1z is megs\u00e9r\u00fclhet, ez\u00e9rt javasoljuk, hogy forduljon szakm\u0171helyhez.<\/p>\n<\/details>\n<details>\n<summary>Seg\u00edt ez a szett megsz\u00fcntetni az oszt\u00f3m\u0171 r\u00e1ngat\u00e1s\u00e1t?<\/summary>\n<p>Amennyiben a r\u00e1ngat\u00e1st a tengelyek l\u00f3g\u00e1sa vagy a kiegyens\u00falyozatlan forgat\u00f3nyomat\u00e9k-\u00e1tvitel okozza (amit a kopott csap\u00e1gyak v\u00e1ltanak ki), \u00fagy a szett be\u00e9p\u00edt\u00e9se orvosolja a probl\u00e9m\u00e1t \u00e9s vissza\u00e1ll\u00edtja a sima fut\u00e1st.<\/p>\n<\/details>\n<\/div>\n<p><script type=\"application\/ld+json\">\n{\n  \"@context\": \"https:\/\/schema.org\",\n  \"@type\": \"FAQPage\",\n  \"mainEntity\": [\n    {\n      \"@type\": \"Question\",\n      \"name\": \"Milyen tu00fcnetei vannak, ha tu00f6nkrement az osztu00f3mu0171 csapu00e1gy a kocsimban?\",\n      \"acceptedAnswer\": {\n        \"@type\": \"Answer\",\n        \"text\": \"A leggyakoribb jelek ku00f6zu00e9 tartozik a bu00fagu00f3, morgu00f3 vagy fu00fctyu00fclu0151 hang, amely a sebessu00e9g nu00f6vekedu00e9su00e9vel eru0151su00f6dik. Emellett tapasztalhat rezgu00e9st a hajtu00e1slu00e1ncban, vagy bizonytalansu00e1got az eru0151u00e1tvitel soru00e1n.\"\n      }\n    },\n    {\n      \"@type\": \"Question\",\n      \"name\": \"Biztosan ju00f3 lesz ez a szett a Mercedes-Benz SEC vagy Chrysler LX autu00f3mhoz?\",\n      \"acceptedAnswer\": {\n        \"@type\": \"Answer\",\n        \"text\": \"Igen, ezt a csapu00e1gy ku00e9szletet kifejezetten a Daimler Chrysler LX platformos autu00f3khoz u00e9s a Mercedes-Benz SEC modellek osztu00f3mu0171veihez fejlesztettu00e9k ki.\"\n      }\n    },\n    {\n      \"@type\": \"Question\",\n      \"name\": \"Miu00e9rt u00e9rdemes szettben cseru00e9lni a csapu00e1gyakat ahelyett, hogy csak egyet cseru00e9lnu00e9k?\",\n      \"acceptedAnswer\": {\n        \"@type\": \"Answer\",\n        \"text\": \"Az osztu00f3mu0171 felu00faju00edtu00e1sakor azu00e9rt javasolt a teljes szett cseru00e9je, mert a csapu00e1gyak u00e1ltalu00e1ban hasonlu00f3 mu00e9rtu00e9kben kopnak. Egyetlen ru00e9gi csapu00e1gy bennhagyu00e1sa korai meghibu00e1sodu00e1st okozhat az u00faj alkatru00e9szeknu00e9l is.\"\n      }\n    },\n    {\n      \"@type\": \"Question\",\n      \"name\": \"Szu00fcksu00e9gem lesz speciu00e1lis szerszu00e1mokra a beszerelu00e9shez?\",\n      \"acceptedAnswer\": {\n        \"@type\": \"Answer\",\n        \"text\": \"Igen, az osztu00f3mu0171 csapu00e1gyak cseru00e9je szaku00e9rtelmet u00e9s u00e1ltalu00e1ban hidraulikus pru00e9st igu00e9nyel a pontos illesztu00e9shez. Javasoljuk, hogy forduljon szakmu0171helyhez.\"\n      }\n    },\n    {\n      \"@type\": \"Question\",\n      \"name\": \"Segu00edt ez a szett megszu00fcntetni az osztu00f3mu0171 ru00e1ngatu00e1su00e1t?\",\n      \"acceptedAnswer\": {\n        \"@type\": \"Answer\",\n        \"text\": \"Amennyiben a ru00e1ngatu00e1st a tengelyek lu00f3gu00e1sa vagy a kiegyensu00falyozatlan forgatu00f3nyomatu00e9k-u00e1tvitel okozza, a szett beu00e9pu00edtu00e9se orvosolja a problu00e9mu00e1t.\"\n      }\n    }\n  ]\n}\n<\/script><\/p>","protected":false},"excerpt":{"rendered":"<p>Ezek az oszt\u00f3m\u0171ben tal\u00e1lhat\u00f3 csap\u00e1gyak, biztos\u00edtj\u00e1k a tengelyek al\u00e1t\u00e1maszt\u00e1s\u00e1t \u00e9s a megfelel\u0151 forgat\u00f3nyomat\u00e9k er\u0151\u00e1tvitel\u00e9nek kiegyenes\u00falyozotts\u00e1g\u00e1t. Milyen t\u00fcnetei vannak, ha t\u00f6nkrement az oszt\u00f3m\u0171 csap\u00e1gy a kocsimban? &#8230; <\/p>\n<p class=\"read-more-container\"><a title=\"Oszt\u00f3m\u0171 csap\u00e1gy szett (SEC, LX)\" class=\"read-more button\" href=\"https:\/\/transfercasepartshop.com\/hu\/mercedes-benz\/sec\/osztomu-csapagy-szett-sec-lx\/#more-390556\" aria-label=\"Read more about Oszt\u00f3m\u0171 csap\u00e1gy szett (SEC, LX)\">Tov\u00e1bb<\/a><\/p>","protected":false},"featured_media":400860,"comment_status":"open","ping_status":"closed","template":"","meta":{"_acf_changed":false},"product_brand":[],"product_cat":[105,108,95],"product_tag":[207,390],"class_list":{"0":"post-390556","1":"product","2":"type-product","3":"status-publish","4":"has-post-thumbnail","6":"product_cat-mercedes-benz","7":"product_cat-sec","8":"product_cat-daimler-chrysler-lx","9":"product_tag-csapagyak","10":"product_tag-magna-powertrain","11":"infinite-scroll-item","12":"no-featured-image-padding","13":"resize-featured-image","14":"sales-flash-overlay","15":"woocommerce-text-align-center","16":"woocommerce-image-align-center","17":"wc-has-gallery","19":"first","20":"instock","21":"taxable","22":"shipping-taxable","23":"purchasable","24":"product-type-simple"},"acf":{"s-tec_number":"SP00933","oem-ref":"A2202800700, A2112801000, A2112800900, 04591953AI","tartalom":"A fel\u00faj\u00edt\u00f3 szett tartalmazza az oszt\u00f3m\u0171ben tal\u00e1lhat\u00f3 \u00f6sszes csap\u00e1gyat!","lamella-alert":"","transfer_case_application_v2":["Daimler Chrysler LX 2004-2011 Dodge Magnum","Daimler Chrysler LX 2004-2011 Dodge Charger","Daimler Chrysler LX 2004-2011 300C","Mercedes-Benz S;E;C 1999- C-Klasse","Mercedes-Benz S;E;C 1999- E-Klasse","Mercedes-Benz S;E;C 1999- S-Klasse"],"transfer_case_application":"","kulso_raktar":1,"google_ads_kep":423329,"gtin":9009381047896},"_links":{"self":[{"href":"https:\/\/transfercasepartshop.com\/hu\/wp-json\/wp\/v2\/product\/390556","targetHints":{"allow":["GET"]}}],"collection":[{"href":"https:\/\/transfercasepartshop.com\/hu\/wp-json\/wp\/v2\/product"}],"about":[{"href":"https:\/\/transfercasepartshop.com\/hu\/wp-json\/wp\/v2\/types\/product"}],"replies":[{"embeddable":true,"href":"https:\/\/transfercasepartshop.com\/hu\/wp-json\/wp\/v2\/comments?post=390556"}],"wp:featuredmedia":[{"embeddable":true,"href":"https:\/\/transfercasepartshop.com\/hu\/wp-json\/wp\/v2\/media\/400860"}],"wp:attachment":[{"href":"https:\/\/transfercasepartshop.com\/hu\/wp-json\/wp\/v2\/media?parent=390556"}],"wp:term":[{"taxonomy":"product_brand","embeddable":true,"href":"https:\/\/transfercasepartshop.com\/hu\/wp-json\/wp\/v2\/product_brand?post=390556"},{"taxonomy":"product_cat","embeddable":true,"href":"https:\/\/transfercasepartshop.com\/hu\/wp-json\/wp\/v2\/product_cat?post=390556"},{"taxonomy":"product_tag","embeddable":true,"href":"https:\/\/transfercasepartshop.com\/hu\/wp-json\/wp\/v2\/product_tag?post=390556"}],"curies":[{"name":"wp","href":"https:\/\/api.w.org\/{rel}","templated":true}]}}