{"id":390552,"date":"2021-11-17T15:04:29","date_gmt":"2021-11-17T14:04:29","guid":{"rendered":"https:\/\/transfercasepartshop.com\/?post_type=product&#038;p=390552"},"modified":"2026-03-23T09:41:01","modified_gmt":"2026-03-23T08:41:01","slug":"osztomu-csapagy-szett-nv125","status":"publish","type":"product","link":"https:\/\/transfercasepartshop.com\/hu\/bmw\/nv125\/osztomu-csapagy-szett-nv125\/","title":{"rendered":"Oszt\u00f3m\u0171 csap\u00e1gy szett (NV125)"},"content":{"rendered":"<p>Ezek az oszt\u00f3m\u0171ben tal\u00e1lhat\u00f3 csap\u00e1gyak, biztos\u00edtj\u00e1k a tengelyek al\u00e1t\u00e1maszt\u00e1s\u00e1t \u00e9s a megfelel\u0151 forgat\u00f3nyomat\u00e9k er\u0151\u00e1tvitel\u00e9nek kiegyenes\u00falyozotts\u00e1g\u00e1t.<\/p>\n<section>\n<details>\n<summary>Honnan tudom, hogy t\u00f6nkrement az NV125 oszt\u00f3m\u0171vemben egy csap\u00e1gy?<\/summary>\n<p>A leggyakoribb jelens\u00e9g a folyamatos b\u00fag\u00f3 vagy morg\u00f3 hang, amely a sebess\u00e9g n\u00f6veked\u00e9s\u00e9vel er\u0151s\u00f6dik, illetve a hajt\u00e1sl\u00e1ncb\u00f3l \u00e9rkez\u0151 szokatlan vibr\u00e1ci\u00f3. Ha g\u00e1zad\u00e1sn\u00e1l vagy motorf\u00e9kn\u00e9l v\u00e1ltozik a hang t\u00f3nusa, az szinte biztosan csap\u00e1gyprobl\u00e9m\u00e1ra utal az oszt\u00f3m\u0171ben.<\/p>\n<\/details>\n<details>\n<summary>Mi\u00e9rt \u00e9rdemes a teljes szettet megvenni, ha csak egy csap\u00e1gy sz\u00f3l?<\/summary>\n<p>Az oszt\u00f3m\u0171 megbont\u00e1sa munkaig\u00e9nyes folyamat. Ha egy csap\u00e1gy m\u00e1r t\u00f6nkrement, a benne l\u00e9v\u0151 f\u00e9mszemcs\u00e9k a t\u00f6bbi csap\u00e1gy fut\u00f3fel\u00fclet\u00e9t is k\u00e1ros\u00edthatt\u00e1k. A teljes szett cser\u00e9j\u00e9vel megel\u0151zheti, hogy n\u00e9h\u00e1ny ezer kilom\u00e9ter m\u00falva \u00fajra sz\u00e9t kelljen szedni az egys\u00e9get egy m\u00e1sik hiba miatt.<\/p>\n<\/details>\n<details>\n<summary>Ez a szett pontosan melyik aut\u00f3khoz j\u00f3?<\/summary>\n<p>Ez a k\u00e9szlet az NV125 t\u00edpus\u00fa oszt\u00f3m\u0171vekhez k\u00e9sz\u00fclt, amelyeket els\u0151sorban a korai BMW X5 (E53) modellekben haszn\u00e1ltak 1999 \u00e9s 2003 k\u00f6z\u00f6tt. K\u00e9rj\u00fck, ellen\u0151rizze az oszt\u00f3m\u0171v\u00e9n tal\u00e1lhat\u00f3 azonos\u00edt\u00f3 t\u00e1bl\u00e1t a rendel\u00e9s el\u0151tt!<\/p>\n<\/details>\n<details>\n<summary>Otthon is ki tudom cser\u00e9lni ezeket a csap\u00e1gyakat?<\/summary>\n<p>Az oszt\u00f3m\u0171 fel\u00faj\u00edt\u00e1sa komoly szak\u00e9rtelmet \u00e9s speci\u00e1lis szersz\u00e1mokat, p\u00e9ld\u00e1ul hidraulikus pr\u00e9st \u00e9s prec\u00edzi\u00f3s leh\u00faz\u00f3kat ig\u00e9nyel. Ha nem rendelkezik megfelel\u0151 tapasztalattal a v\u00e1lt\u00f3jav\u00edt\u00e1s ter\u00e9n, javasoljuk, hogy forduljon szakm\u0171helyhez a pontos h\u00e9zagol\u00e1s be\u00e1ll\u00edt\u00e1sa \u00e9rdek\u00e9ben.<\/p>\n<\/details>\n<details>\n<summary>Milyen min\u0151s\u00e9g\u0171ek a szettben tal\u00e1lhat\u00f3 csap\u00e1gyak?<\/summary>\n<p>A szettben tal\u00e1lhat\u00f3 alkatr\u00e9szek megfelelnek vagy meghaladj\u00e1k a gy\u00e1ri (OEM) el\u0151\u00edr\u00e1sokat. Kiz\u00e1r\u00f3lag nagy teherb\u00edr\u00e1s\u00fa, prec\u00edzi\u00f3s illeszt\u00e9s\u0171 csap\u00e1gyakat tartalmaz, amelyek b\u00edrj\u00e1k az NV125 oszt\u00f3m\u0171re jellemz\u0151 nagy nyomat\u00e9kot \u00e9s h\u0151terhel\u00e9st.<\/p>\n<\/details>\n<\/section>\n<p><script type=\"application\/ld+json\">\n{\n  \"@context\": \"https:\/\/schema.org\",\n  \"@type\": \"FAQPage\",\n  \"mainEntity\": [\n    {\n      \"@type\": \"Question\",\n      \"name\": \"Honnan tudom, hogy tu00f6nkrement az NV125 osztu00f3mu0171vemben egy csapu00e1gy?\",\n      \"acceptedAnswer\": {\n        \"@type\": \"Answer\",\n        \"text\": \"A leggyakoribb jelensu00e9g a folyamatos bu00fagu00f3 vagy morgu00f3 hang, amely a sebessu00e9g nu00f6vekedu00e9su00e9vel eru0151su00f6dik, illetve a hajtu00e1slu00e1ncbu00f3l u00e9rkezu0151 szokatlan vibru00e1ciu00f3. Ha gu00e1zadu00e1snu00e1l vagy motorfu00e9knu00e9l vu00e1ltozik a hang tu00f3nusa, az szinte biztosan csapu00e1gyproblu00e9mu00e1ra utal.\"\n      }\n    },\n    {\n      \"@type\": \"Question\",\n      \"name\": \"Miu00e9rt u00e9rdemes a teljes szettet megvenni, ha csak egy csapu00e1gy szu00f3l?\",\n      \"acceptedAnswer\": {\n        \"@type\": \"Answer\",\n        \"text\": \"Az osztu00f3mu0171 megbontu00e1sa munkaigu00e9nyes folyamat. Ha egy csapu00e1gy mu00e1r tu00f6nkrement, a benne lu00e9vu0151 fu00e9mszemcsu00e9k a tu00f6bbi csapu00e1gyat is ku00e1rosu00edthattu00e1k. A teljes szett cseru00e9ju00e9vel megelu0151zhetu0151 a ku00e9su0151bbi ismu00e9telt javu00edtu00e1si ku00f6ltsu00e9g.\"\n      }\n    },\n    {\n      \"@type\": \"Question\",\n      \"name\": \"Ez a szett pontosan melyik autu00f3khoz ju00f3?\",\n      \"acceptedAnswer\": {\n        \"@type\": \"Answer\",\n        \"text\": \"Ez a ku00e9szlet az NV125 tu00edpusu00fa osztu00f3mu0171vekhez ku00e9szu00fclt, amelyeket elsu0151sorban a BMW X5 (E53) modellekben hasznu00e1ltak 1999 u00e9s 2003 ku00f6zu00f6tt.\"\n      }\n    },\n    {\n      \"@type\": \"Question\",\n      \"name\": \"Otthon is ki tudom cseru00e9lni ezeket a csapu00e1gyakat?\",\n      \"acceptedAnswer\": {\n        \"@type\": \"Answer\",\n        \"text\": \"A felu00faju00edtu00e1s speciu00e1lis szerszu00e1mokat u00e9s szaku00e9rtelmet igu00e9nyel (pl. hidraulikus pru00e9s). A pontos hu00e9zagolu00e1s miatt javasolt szakmu0171hely segu00edtsu00e9gu00e9t igu00e9nybe venni.\"\n      }\n    },\n    {\n      \"@type\": \"Question\",\n      \"name\": \"Milyen minu0151su00e9gu0171ek a szettben talu00e1lhatu00f3 csapu00e1gyak?\",\n      \"acceptedAnswer\": {\n        \"@type\": \"Answer\",\n        \"text\": \"A szett alkatru00e9szei megfelelnek vagy meghaladju00e1k a gyu00e1ri (OEM) minu0151su00e9gi elu0151u00edru00e1sokat, nagy teherbu00edru00e1su00faak u00e9s precu00edziu00f3s illesztu00e9su0171ek.\"\n      }\n    }\n  ]\n}\n<\/script><\/p>","protected":false},"excerpt":{"rendered":"<p>Ezek az oszt\u00f3m\u0171ben tal\u00e1lhat\u00f3 csap\u00e1gyak, biztos\u00edtj\u00e1k a tengelyek al\u00e1t\u00e1maszt\u00e1s\u00e1t \u00e9s a megfelel\u0151 forgat\u00f3nyomat\u00e9k er\u0151\u00e1tvitel\u00e9nek kiegyenes\u00falyozotts\u00e1g\u00e1t. Honnan tudom, hogy t\u00f6nkrement az NV125 oszt\u00f3m\u0171vemben egy csap\u00e1gy? A &#8230; <\/p>\n<p class=\"read-more-container\"><a title=\"Oszt\u00f3m\u0171 csap\u00e1gy szett (NV125)\" class=\"read-more button\" href=\"https:\/\/transfercasepartshop.com\/hu\/bmw\/nv125\/osztomu-csapagy-szett-nv125\/#more-390552\" aria-label=\"Read more about Oszt\u00f3m\u0171 csap\u00e1gy szett (NV125)\">Tov\u00e1bb<\/a><\/p>","protected":false},"featured_media":399348,"comment_status":"open","ping_status":"closed","template":"","meta":{"_acf_changed":false},"product_brand":[],"product_cat":[69],"product_tag":[207,390],"class_list":{"0":"post-390552","1":"product","2":"type-product","3":"status-publish","4":"has-post-thumbnail","6":"product_cat-nv125","7":"product_tag-csapagyak","8":"product_tag-magna-powertrain","9":"infinite-scroll-item","10":"no-featured-image-padding","11":"resize-featured-image","12":"sales-flash-overlay","13":"woocommerce-text-align-center","14":"woocommerce-image-align-center","15":"wc-has-gallery","17":"first","18":"outofstock","19":"taxable","20":"shipping-taxable","21":"purchasable","22":"product-type-simple"},"acf":{"s-tec_number":"SP00755","oem-ref":"BMW 27107504568, 27107504567, 27101229654, 27101229653","tartalom":"A fel\u00faj\u00edt\u00f3 szett tartalmazza az oszt\u00f3m\u0171ben tal\u00e1lhat\u00f3 \u00f6sszes csap\u00e1gyat!","lamella-alert":"","transfer_case_application_v2":["BMW NV125 2000-2003 X5 E53"],"transfer_case_application":"","kulso_raktar":1,"google_ads_kep":423305,"gtin":""},"_links":{"self":[{"href":"https:\/\/transfercasepartshop.com\/hu\/wp-json\/wp\/v2\/product\/390552","targetHints":{"allow":["GET"]}}],"collection":[{"href":"https:\/\/transfercasepartshop.com\/hu\/wp-json\/wp\/v2\/product"}],"about":[{"href":"https:\/\/transfercasepartshop.com\/hu\/wp-json\/wp\/v2\/types\/product"}],"replies":[{"embeddable":true,"href":"https:\/\/transfercasepartshop.com\/hu\/wp-json\/wp\/v2\/comments?post=390552"}],"wp:featuredmedia":[{"embeddable":true,"href":"https:\/\/transfercasepartshop.com\/hu\/wp-json\/wp\/v2\/media\/399348"}],"wp:attachment":[{"href":"https:\/\/transfercasepartshop.com\/hu\/wp-json\/wp\/v2\/media?parent=390552"}],"wp:term":[{"taxonomy":"product_brand","embeddable":true,"href":"https:\/\/transfercasepartshop.com\/hu\/wp-json\/wp\/v2\/product_brand?post=390552"},{"taxonomy":"product_cat","embeddable":true,"href":"https:\/\/transfercasepartshop.com\/hu\/wp-json\/wp\/v2\/product_cat?post=390552"},{"taxonomy":"product_tag","embeddable":true,"href":"https:\/\/transfercasepartshop.com\/hu\/wp-json\/wp\/v2\/product_tag?post=390552"}],"curies":[{"name":"wp","href":"https:\/\/api.w.org\/{rel}","templated":true}]}}