{"id":390551,"date":"2021-11-17T15:04:29","date_gmt":"2021-11-17T14:04:29","guid":{"rendered":"https:\/\/transfercasepartshop.com\/?post_type=product&#038;p=390551"},"modified":"2026-03-23T09:40:59","modified_gmt":"2026-03-23T08:40:59","slug":"osztomu-tomites-szett-atc400-atc500","status":"publish","type":"product","link":"https:\/\/transfercasepartshop.com\/hu\/bmw\/atc400\/osztomu-tomites-szett-atc400-atc500\/","title":{"rendered":"Oszt\u00f3m\u0171 t\u00f6m\u00edt\u00e9s szett (ATC400, ATC500)"},"content":{"rendered":"<p>Ezek az alkatr\u00e9szek t\u00f6m\u00edtik az oszt\u00f3m\u0171vet. K\u00e9pesek a tengelyek v\u00e9g\u00e9hez r\u00f6gz\u00fclve megakad\u00e1lyozni az olajfoly\u00e1st \u00e9s sziv\u00e1rg\u00e1st.<\/p>\n<div class=\"faq-section\">\n<details>\n<summary>Milyen t\u00fcnetek utalnak arra, hogy az ATC400 vagy ATC500 oszt\u00f3m\u0171 t\u00f6m\u00edt\u00e9se el\u00f6regedett?<\/summary>\n<p>A leggyakoribb jel az olajfolt az aut\u00f3 alatt az oszt\u00f3m\u0171 k\u00f6rny\u00e9k\u00e9n, illetve a poros, olajsaras lerak\u00f3d\u00e1s a tengelyek kimenet\u00e9n\u00e9l. Ha a sziv\u00e1rg\u00e1s miatt lecs\u00f6kken az olajszint, az oszt\u00f3m\u0171 mechanikai zajt adhat, vagy r\u00e1ngatni kezdhet gyors\u00edt\u00e1skor.<\/p>\n<\/details>\n<details>\n<summary>J\u00f3 lesz ez a t\u00f6m\u00edt\u00e9s k\u00e9szlet az \u00e9n BMW X3 (E83) vagy X5 (E53) aut\u00f3mhoz?<\/summary>\n<p>Igen, az ATC400-as oszt\u00f3m\u0171vet jellemz\u0151en a BMW X3 (E83), m\u00edg az ATC500-ast a BMW X5 (E53) modellekbe szerelt\u00e9k. Ha ilyen t\u00edpus\u00fa oszt\u00f3m\u0171 van az aut\u00f3j\u00e1ban, ez a szett t\u00f6k\u00e9letesen illeszkedni fog.<\/p>\n<\/details>\n<details>\n<summary>H\u00e1zilag is ki tudom cser\u00e9lni ezeket a szimeringeket?<\/summary>\n<p>A csere szak\u00e9rtelmet \u00e9s speci\u00e1lis szersz\u00e1mokat ig\u00e9nyel a tengelyek \u00e9s peremek szakszer\u0171 megbont\u00e1s\u00e1hoz. Javasoljuk, hogy keressen fel egy v\u00e1lt\u00f3- \u00e9s oszt\u00f3m\u0171 jav\u00edt\u00e1sra szakosodott szervizt a pontos illeszked\u00e9s \u00e9s a h\u00e1z s\u00e9r\u00fcl\u00e9s\u00e9nek elker\u00fcl\u00e9se \u00e9rdek\u00e9ben.<\/p>\n<\/details>\n<details>\n<summary>Mi\u00e9rt jobb szettben cser\u00e9lni a t\u00f6m\u00edt\u00e9seket, mint egyes\u00e9vel?<\/summary>\n<p>Az oszt\u00f3m\u0171 megbont\u00e1sa munkad\u00edj-ig\u00e9nyes folyamat. Ha az egyik t\u00f6m\u00edt\u00e9s m\u00e1r sziv\u00e1rog, val\u00f3sz\u00edn\u0171, hogy a t\u00f6bbi is hasonl\u00f3 \u00e1llapotban van. A teljes szett cser\u00e9j\u00e9vel megel\u0151zheti, hogy r\u00f6vid id\u0151n bel\u00fcl \u00fajra szervizbe kelljen vinnie az aut\u00f3t egy m\u00e1sik sziv\u00e1rg\u00e1s miatt.<\/p>\n<\/details>\n<details>\n<summary>Megoldja ez a szett az oszt\u00f3m\u0171 r\u00e1ngat\u00e1s\u00e1t?<\/summary>\n<p>K\u00f6zvetlen\u00fcl nem. A t\u00f6m\u00edt\u00e9s az olaj megtart\u00e1s\u00e1\u00e9rt felel. Ha azonban a r\u00e1ngat\u00e1st az alacsony olajszint (sziv\u00e1rg\u00e1s) okozta, a t\u00f6m\u00edt\u00e9sek cser\u00e9je \u00e9s az olajfelt\u00f6lt\u00e9s seg\u00edthet, felt\u00e9ve, hogy a bels\u0151 lamell\u00e1k m\u00e9g nem k\u00e1rosodtak.<\/p>\n<\/details>\n<\/div>\n<p><script type=\"application\/ld+json\">\n{\n  \"@context\": \"https:\/\/schema.org\",\n  \"@type\": \"FAQPage\",\n  \"mainEntity\": [\n    {\n      \"@type\": \"Question\",\n      \"name\": \"Milyen tu00fcnetek utalnak arra, hogy az ATC400 vagy ATC500 osztu00f3mu0171 tu00f6mu00edtu00e9se elu00f6regedett?\",\n      \"acceptedAnswer\": {\n        \"@type\": \"Answer\",\n        \"text\": \"A leggyakoribb jel az olajfolt az autu00f3 alatt az osztu00f3mu0171 ku00f6rnyu00e9ku00e9n, illetve a poros, olajsaras leraku00f3du00e1s a tengelyek kimenetu00e9nu00e9l. Ha a szivu00e1rgu00e1s miatt lecsu00f6kken az olajszint, az osztu00f3mu0171 mechanikai zajt adhat, vagy ru00e1ngatni kezdhet gyorsu00edtu00e1skor.\"\n      }\n    },\n    {\n      \"@type\": \"Question\",\n      \"name\": \"Ju00f3 lesz ez a tu00f6mu00edtu00e9s ku00e9szlet az u00e9n BMW X3 (E83) vagy X5 (E53) autu00f3mhoz?\",\n      \"acceptedAnswer\": {\n        \"@type\": \"Answer\",\n        \"text\": \"Igen, az ATC400-as osztu00f3mu0171vet jellemzu0151en a BMW X3 (E83), mu00edg az ATC500-ast a BMW X5 (E53) modellekbe szereltu00e9k. Ha ilyen tu00edpusu00fa osztu00f3mu0171 van az autu00f3ju00e1ban, ez a szett tu00f6ku00e9letesen illeszkedni fog.\"\n      }\n    },\n    {\n      \"@type\": \"Question\",\n      \"name\": \"Hu00e1zilag is ki tudom cseru00e9lni ezeket a szimeringeket?\",\n      \"acceptedAnswer\": {\n        \"@type\": \"Answer\",\n        \"text\": \"A csere szaku00e9rtelmet u00e9s speciu00e1lis szerszu00e1mokat igu00e9nyel a tengelyek u00e9s peremek szakszeru0171 megbontu00e1su00e1hoz. Javasoljuk, hogy keressen fel egy vu00e1ltu00f3- u00e9s osztu00f3mu0171 javu00edtu00e1sra szakosodott szervizt a pontos illeszkedu00e9s u00e9s a hu00e1z su00e9ru00fclu00e9su00e9nek elkeru00fclu00e9se u00e9rdeku00e9ben.\"\n      }\n    },\n    {\n      \"@type\": \"Question\",\n      \"name\": \"Miu00e9rt jobb szettben cseru00e9lni a tu00f6mu00edtu00e9seket, mint egyesu00e9vel?\",\n      \"acceptedAnswer\": {\n        \"@type\": \"Answer\",\n        \"text\": \"Az osztu00f3mu0171 megbontu00e1sa munkadu00edj-igu00e9nyes folyamat. Ha az egyik tu00f6mu00edtu00e9s mu00e1r szivu00e1rog, valu00f3szu00ednu0171, hogy a tu00f6bbi is hasonlu00f3 u00e1llapotban van. A teljes szett cseru00e9ju00e9vel megelu0151zheti, hogy ru00f6vid idu0151n belu00fcl u00fajra szervizbe kelljen vinnie az autu00f3t egy mu00e1sik szivu00e1rgu00e1s miatt.\"\n      }\n    },\n    {\n      \"@type\": \"Question\",\n      \"name\": \"Megoldja ez a szett az osztu00f3mu0171 ru00e1ngatu00e1su00e1t?\",\n      \"acceptedAnswer\": {\n        \"@type\": \"Answer\",\n        \"text\": \"Ku00f6zvetlenu00fcl nem. A tu00f6mu00edtu00e9s az olaj megtartu00e1su00e1u00e9rt felel. Ha azonban a ru00e1ngatu00e1st az alacsony olajszint (szivu00e1rgu00e1s) okozta, a tu00f6mu00edtu00e9sek cseru00e9je u00e9s az olajfeltu00f6ltu00e9s segu00edthet, feltu00e9ve, hogy a belsu0151 lamellu00e1k mu00e9g nem ku00e1rosodtak.\"\n      }\n    }\n  ]\n}\n<\/script><\/p>","protected":false},"excerpt":{"rendered":"<p>Ezek az alkatr\u00e9szek t\u00f6m\u00edtik az oszt\u00f3m\u0171vet. K\u00e9pesek a tengelyek v\u00e9g\u00e9hez r\u00f6gz\u00fclve megakad\u00e1lyozni az olajfoly\u00e1st \u00e9s sziv\u00e1rg\u00e1st. Milyen t\u00fcnetek utalnak arra, hogy az ATC400 vagy ATC500 &#8230; <\/p>\n<p class=\"read-more-container\"><a title=\"Oszt\u00f3m\u0171 t\u00f6m\u00edt\u00e9s szett (ATC400, ATC500)\" class=\"read-more button\" href=\"https:\/\/transfercasepartshop.com\/hu\/bmw\/atc400\/osztomu-tomites-szett-atc400-atc500\/#more-390551\" aria-label=\"Read more about Oszt\u00f3m\u0171 t\u00f6m\u00edt\u00e9s szett (ATC400, ATC500)\">Tov\u00e1bb<\/a><\/p>","protected":false},"featured_media":399132,"comment_status":"open","ping_status":"closed","template":"","meta":{"_acf_changed":false},"product_brand":[],"product_cat":[86,65,67],"product_tag":[209],"class_list":{"0":"post-390551","1":"product","2":"type-product","3":"status-publish","4":"has-post-thumbnail","6":"product_cat-bmw","7":"product_cat-atc400","8":"product_cat-atc500","9":"product_tag-szimeringek-tomitesek","10":"infinite-scroll-item","11":"no-featured-image-padding","12":"resize-featured-image","13":"sales-flash-overlay","14":"woocommerce-text-align-center","15":"woocommerce-image-align-center","16":"wc-has-gallery","18":"first","19":"instock","20":"taxable","21":"shipping-taxable","22":"purchasable","23":"product-type-simple"},"acf":{"s-tec_number":"SP00745","oem-ref":"","tartalom":"A fel\u00faj\u00edt\u00f3 szett tartalmazza az oszt\u00f3m\u0171ben tal\u00e1lhat\u00f3 \u00f6sszes t\u00f6m\u00edt\u00e9st.","lamella-alert":"","transfer_case_application_v2":["BMW ATC400 2003-2010 X3 E83, E83 LCI","BMW ATC500 2003-2006 X5 E53"],"transfer_case_application":"","kulso_raktar":12,"google_ads_kep":423277,"gtin":9009381041078},"_links":{"self":[{"href":"https:\/\/transfercasepartshop.com\/hu\/wp-json\/wp\/v2\/product\/390551","targetHints":{"allow":["GET"]}}],"collection":[{"href":"https:\/\/transfercasepartshop.com\/hu\/wp-json\/wp\/v2\/product"}],"about":[{"href":"https:\/\/transfercasepartshop.com\/hu\/wp-json\/wp\/v2\/types\/product"}],"replies":[{"embeddable":true,"href":"https:\/\/transfercasepartshop.com\/hu\/wp-json\/wp\/v2\/comments?post=390551"}],"wp:featuredmedia":[{"embeddable":true,"href":"https:\/\/transfercasepartshop.com\/hu\/wp-json\/wp\/v2\/media\/399132"}],"wp:attachment":[{"href":"https:\/\/transfercasepartshop.com\/hu\/wp-json\/wp\/v2\/media?parent=390551"}],"wp:term":[{"taxonomy":"product_brand","embeddable":true,"href":"https:\/\/transfercasepartshop.com\/hu\/wp-json\/wp\/v2\/product_brand?post=390551"},{"taxonomy":"product_cat","embeddable":true,"href":"https:\/\/transfercasepartshop.com\/hu\/wp-json\/wp\/v2\/product_cat?post=390551"},{"taxonomy":"product_tag","embeddable":true,"href":"https:\/\/transfercasepartshop.com\/hu\/wp-json\/wp\/v2\/product_tag?post=390551"}],"curies":[{"name":"wp","href":"https:\/\/api.w.org\/{rel}","templated":true}]}}