{"id":390548,"date":"2021-11-17T15:04:28","date_gmt":"2021-11-17T14:04:28","guid":{"rendered":"https:\/\/transfercasepartshop.com\/?post_type=product&#038;p=390548"},"modified":"2026-03-23T09:40:53","modified_gmt":"2026-03-23T08:40:53","slug":"porvedo-nv125","status":"publish","type":"product","link":"https:\/\/transfercasepartshop.com\/hu\/bmw\/nv125\/porvedo-nv125\/","title":{"rendered":"Porv\u00e9d\u0151 (NV125)"},"content":{"rendered":"<p>Er\u0151s\u00edtett m\u0171anyagb\u00f3l gy\u00e1rt\u00f3tt alkatr\u00e9sz. Az oszt\u00f3m\u0171 t\u00f6m\u00edt\u00e9seit v\u00e9di a k\u00fcls\u0151 szennyez\u0151d\u00e9sekt\u0151l. Ez\u00e1ltal hosszabb \u00e9lettartamot biztos\u00edt\u00f3 nekik.<\/p>\n<div class=\"faq-container\">\n<details>\n<summary>Hogyan tudom eld\u00f6nteni, hogy az \u00e9n BMW-mben NV125-\u00f6s oszt\u00f3m\u0171 van?<\/summary>\n<p>Az NV125-\u00f6s oszt\u00f3m\u0171 leggyakrabban a korai BMW X5 (E53) modellekben tal\u00e1lhat\u00f3 meg (2000 \u00e9s 2003 k\u00f6z\u00f6tt). Ha nem biztos benne, ellen\u0151rizze az oszt\u00f3m\u0171v\u00f6n tal\u00e1lhat\u00f3 adatt\u00e1bl\u00e1t vagy k\u00e9rdezze meg szerel\u0151j\u00e9t az alv\u00e1zsz\u00e1m alapj\u00e1n.<\/p>\n<\/details>\n<details>\n<summary>Mi\u00e9rt fontos ennek a porv\u00e9d\u0151nek a haszn\u00e1lata?<\/summary>\n<p>Ez a porv\u00e9d\u0151 kifejezetten az oszt\u00f3m\u0171 szimmeringjeit \u00e9s t\u00f6m\u00edt\u00e9seit v\u00e9di a port\u00f3l, s\u00e1rt\u00f3l \u00e9s egy\u00e9b k\u00fcls\u0151 szennyez\u0151d\u00e9sekt\u0151l. Megfelel\u0151 v\u00e9delem n\u00e9lk\u00fcl a t\u00f6m\u00edt\u00e9sek id\u0151 el\u0151tt elkopnak, ami olajsziv\u00e1rg\u00e1shoz \u00e9s az oszt\u00f3m\u0171 meghib\u00e1sod\u00e1s\u00e1hoz vezethet.<\/p>\n<\/details>\n<details>\n<summary>Miben m\u00e1s ez az alkatr\u00e9sz, mint a gy\u00e1ri porv\u00e9d\u0151?<\/summary>\n<p>Ez a term\u00e9k er\u0151s\u00edtett m\u0171anyagb\u00f3l k\u00e9sz\u00fcl, amely jobban ellen\u00e1ll a mechanikai hat\u00e1soknak \u00e9s a k\u00f6rnyezeti ig\u00e9nybev\u00e9telnek, \u00edgy hosszabb \u00e9lettartamot biztos\u00edt a hajt\u00e1sl\u00e1nc t\u00f6m\u00edt\u00e9seinek a gy\u00e1ri alapmegold\u00e1sokhoz k\u00e9pest.<\/p>\n<\/details>\n<details>\n<summary>Milyen t\u00fcnetei vannak, ha t\u00f6nkrement az oszt\u00f3m\u0171 t\u00f6m\u00edt\u00e9se a porv\u00e9d\u0151 hi\u00e1nya miatt?<\/summary>\n<p>A leggyakoribb jelek az oszt\u00f3m\u0171 k\u00f6rny\u00e9k\u00e9n megjelen\u0151 olajfoltok, a cs\u00f6kken\u0151 olajszint miatti mechanikai zajok, vagy sz\u00e9ls\u0151s\u00e9ges esetben az oszt\u00f3m\u0171 t\u00falmeleged\u00e9se \u00e9s r\u00e1ngat\u00e1sa.<\/p>\n<\/details>\n<details>\n<summary>Sz\u00fcks\u00e9ges-e speci\u00e1lis szersz\u00e1m a porv\u00e9d\u0151 felszerel\u00e9s\u00e9hez?<\/summary>\n<p>A porv\u00e9d\u0151 felhelyez\u00e9se \u00e1ltal\u00e1ban alapvet\u0151 aut\u00f3szerel\u0151i szersz\u00e1mokkal elv\u00e9gezhet\u0151 az oszt\u00f3m\u0171 karbantart\u00e1sakor, de javasoljuk, hogy a pontos illeszked\u00e9s \u00e9rdek\u00e9ben szakember v\u00e9gezze el a cser\u00e9t a t\u00f6m\u00edt\u00e9sek ellen\u0151rz\u00e9s\u00e9vel egy\u00fctt.<\/p>\n<\/details>\n<\/div>\n<p><script type=\"application\/ld+json\">\n{\n  \"@context\": \"https:\/\/schema.org\",\n  \"@type\": \"FAQPage\",\n  \"mainEntity\": [\n    {\n      \"@type\": \"Question\",\n      \"name\": \"Hogyan tudom eldu00f6nteni, hogy az u00e9n BMW-mben NV125-u00f6s osztu00f3mu0171 van?\",\n      \"acceptedAnswer\": {\n        \"@type\": \"Answer\",\n        \"text\": \"Az NV125-u00f6s osztu00f3mu0171 leggyakrabban a korai BMW X5 (E53) modellekben talu00e1lhatu00f3 meg (2000 u00e9s 2003 ku00f6zu00f6tt). Ha nem biztos benne, ellenu0151rizze az osztu00f3mu0171vu00f6n talu00e1lhatu00f3 adattu00e1blu00e1t vagy ku00e9rdezze meg szerelu0151ju00e9t az alvu00e1zszu00e1m alapju00e1n.\"\n      }\n    },\n    {\n      \"@type\": \"Question\",\n      \"name\": \"Miu00e9rt fontos ennek a porvu00e9du0151nek a hasznu00e1lata?\",\n      \"acceptedAnswer\": {\n        \"@type\": \"Answer\",\n        \"text\": \"Ez a porvu00e9du0151 kifejezetten az osztu00f3mu0171 szimmeringjeit u00e9s tu00f6mu00edtu00e9seit vu00e9di a portu00f3l, su00e1rtu00f3l u00e9s egyu00e9b ku00fclsu0151 szennyezu0151du00e9sektu0151l. Megfelelu0151 vu00e9delem nu00e9lku00fcl a tu00f6mu00edtu00e9sek idu0151 elu0151tt elkopnak, ami olajszivu00e1rgu00e1shoz u00e9s az osztu00f3mu0171 meghibu00e1sodu00e1su00e1hoz vezethet.\"\n      }\n    },\n    {\n      \"@type\": \"Question\",\n      \"name\": \"Miben mu00e1s ez az alkatru00e9sz, mint a gyu00e1ri porvu00e9du0151?\",\n      \"acceptedAnswer\": {\n        \"@type\": \"Answer\",\n        \"text\": \"Ez a termu00e9k eru0151su00edtett mu0171anyagbu00f3l ku00e9szu00fcl, amely jobban ellenu00e1ll a mechanikai hatu00e1soknak u00e9s a ku00f6rnyezeti igu00e9nybevu00e9telnek, u00edgy hosszabb u00e9lettartamot biztosu00edt a hajtu00e1slu00e1nc tu00f6mu00edtu00e9seinek a gyu00e1ri alapmegoldu00e1sokhoz ku00e9pest.\"\n      }\n    },\n    {\n      \"@type\": \"Question\",\n      \"name\": \"Milyen tu00fcnetei vannak, ha tu00f6nkrement az osztu00f3mu0171 tu00f6mu00edtu00e9se a porvu00e9du0151 hiu00e1nya miatt?\",\n      \"acceptedAnswer\": {\n        \"@type\": \"Answer\",\n        \"text\": \"A leggyakoribb jelek az osztu00f3mu0171 ku00f6rnyu00e9ku00e9n megjelenu0151 olajfoltok, a csu00f6kkenu0151 olajszint miatti mechanikai zajok, vagy szu00e9lsu0151su00e9ges esetben az osztu00f3mu0171 tu00falmelegedu00e9se u00e9s ru00e1ngatu00e1sa.\"\n      }\n    },\n    {\n      \"@type\": \"Question\",\n      \"name\": \"Szu00fcksu00e9ges-e speciu00e1lis szerszu00e1m a porvu00e9du0151 felszerelu00e9su00e9hez?\",\n      \"acceptedAnswer\": {\n        \"@type\": \"Answer\",\n        \"text\": \"A porvu00e9du0151 felhelyezu00e9se u00e1ltalu00e1ban alapvetu0151 autu00f3szerelu0151i szerszu00e1mokkal elvu00e9gezhetu0151 az osztu00f3mu0171 karbantartu00e1sakor, de javasoljuk, hogy a pontos illeszkedu00e9s u00e9rdeku00e9ben szakember vu00e9gezze el a cseru00e9t a tu00f6mu00edtu00e9sek ellenu0151rzu00e9su00e9vel egyu00fctt.\"\n      }\n    }\n  ]\n}\n<\/script><\/p>","protected":false},"excerpt":{"rendered":"<p>Er\u0151s\u00edtett m\u0171anyagb\u00f3l gy\u00e1rt\u00f3tt alkatr\u00e9sz. Az oszt\u00f3m\u0171 t\u00f6m\u00edt\u00e9seit v\u00e9di a k\u00fcls\u0151 szennyez\u0151d\u00e9sekt\u0151l. Ez\u00e1ltal hosszabb \u00e9lettartamot biztos\u00edt\u00f3 nekik. Hogyan tudom eld\u00f6nteni, hogy az \u00e9n BMW-mben NV125-\u00f6s oszt\u00f3m\u0171 &#8230; <\/p>\n<p class=\"read-more-container\"><a title=\"Porv\u00e9d\u0151 (NV125)\" class=\"read-more button\" href=\"https:\/\/transfercasepartshop.com\/hu\/bmw\/nv125\/porvedo-nv125\/#more-390548\" aria-label=\"Read more about Porv\u00e9d\u0151 (NV125)\">Tov\u00e1bb<\/a><\/p>","protected":false},"featured_media":413401,"comment_status":"open","ping_status":"closed","template":"","meta":{"_acf_changed":false},"product_brand":[],"product_cat":[69],"product_tag":[209],"class_list":{"0":"post-390548","1":"product","2":"type-product","3":"status-publish","4":"has-post-thumbnail","6":"product_cat-nv125","7":"product_tag-szimeringek-tomitesek","8":"infinite-scroll-item","9":"no-featured-image-padding","10":"resize-featured-image","11":"sales-flash-overlay","12":"woocommerce-text-align-center","13":"woocommerce-image-align-center","14":"wc-has-gallery","16":"first","17":"instock","18":"taxable","19":"shipping-taxable","20":"purchasable","21":"product-type-simple"},"acf":{"s-tec_number":"SP00716","oem-ref":"27147531521","tartalom":"","lamella-alert":"","transfer_case_application_v2":["BMW NV125 2000-2003 X5 E53"],"transfer_case_application":"","kulso_raktar":6,"google_ads_kep":423301,"gtin":""},"_links":{"self":[{"href":"https:\/\/transfercasepartshop.com\/hu\/wp-json\/wp\/v2\/product\/390548","targetHints":{"allow":["GET"]}}],"collection":[{"href":"https:\/\/transfercasepartshop.com\/hu\/wp-json\/wp\/v2\/product"}],"about":[{"href":"https:\/\/transfercasepartshop.com\/hu\/wp-json\/wp\/v2\/types\/product"}],"replies":[{"embeddable":true,"href":"https:\/\/transfercasepartshop.com\/hu\/wp-json\/wp\/v2\/comments?post=390548"}],"wp:featuredmedia":[{"embeddable":true,"href":"https:\/\/transfercasepartshop.com\/hu\/wp-json\/wp\/v2\/media\/413401"}],"wp:attachment":[{"href":"https:\/\/transfercasepartshop.com\/hu\/wp-json\/wp\/v2\/media?parent=390548"}],"wp:term":[{"taxonomy":"product_brand","embeddable":true,"href":"https:\/\/transfercasepartshop.com\/hu\/wp-json\/wp\/v2\/product_brand?post=390548"},{"taxonomy":"product_cat","embeddable":true,"href":"https:\/\/transfercasepartshop.com\/hu\/wp-json\/wp\/v2\/product_cat?post=390548"},{"taxonomy":"product_tag","embeddable":true,"href":"https:\/\/transfercasepartshop.com\/hu\/wp-json\/wp\/v2\/product_tag?post=390548"}],"curies":[{"name":"wp","href":"https:\/\/api.w.org\/{rel}","templated":true}]}}