{"id":390547,"date":"2021-11-17T15:04:27","date_gmt":"2021-11-17T14:04:27","guid":{"rendered":"https:\/\/transfercasepartshop.com\/?post_type=product&#038;p=390547"},"modified":"2026-03-23T09:40:52","modified_gmt":"2026-03-23T08:40:52","slug":"osztomu-lanc-dcd-itc-dd295","status":"publish","type":"product","link":"https:\/\/transfercasepartshop.com\/hu\/mercedes-benz\/dcd\/osztomu-lanc-dcd-itc-dd295\/","title":{"rendered":"Oszt\u00f3m\u0171 l\u00e1nc (DCD, ITC DD295)"},"content":{"rendered":"<p>Az oszt\u00f3m\u0171ben tal\u00e1lhat\u00f3 l\u00e1nc felel az \u00e1lland\u00f3 egys\u00e9ges er\u0151\u00e1tvitel\u00e9rt. \u00d6sszek\u00f6ttet\u00e9st biztos\u00edt az els\u0151 \u00e9s h\u00e1ts\u00f3 tengely optim\u00e1lis m\u0171k\u00f6d\u00e9s\u00e9hez. Ezzel biztos\u00edtva a 4&#215;4 hajt\u00e1st.<\/p>\n<div class=\"faq-section\">\n<details>\n<summary>Honnan tudom, hogy megny\u00falt az oszt\u00f3m\u0171 l\u00e1nc az aut\u00f3mban?<\/summary>\n<p>A leggyakoribb t\u00fcnet a r\u00e1ngat\u00e1s vagy ugr\u00e1s intenz\u00edv gyors\u00edt\u00e1skor, illetve kattog\u00f3 hang az aut\u00f3 al\u00f3l, amikor a l\u00e1nc \u00e1tugrik a fogaskerekeken. Ha a 4&#215;4 hajt\u00e1s bizonytalann\u00e1 v\u00e1lik, \u00e9rdemes ellen\u0151rizni a l\u00e1nc feszess\u00e9g\u00e9t.<\/p>\n<\/details>\n<details>\n<summary>Kompatibilis ez a l\u00e1nc a Mercedes DCD \u00e9s Land Rover ITC DD295 oszt\u00f3m\u0171vekkel?<\/summary>\n<p>Igen, ezt a l\u00e1ncot kifejezetten a Mercedes-Benz DCD Offroad csomaggal szerelt t\u00edpusaihoz \u00e9s a Land Rover ITC DD295-\u00f6s oszt\u00f3m\u0171veihez tervezt\u00e9k. Pontos illeszked\u00e9st \u00e9s gy\u00e1ri min\u0151s\u00e9g\u0171 er\u0151\u00e1tvitelt biztos\u00edt.<\/p>\n<\/details>\n<details>\n<summary>Mi t\u00f6rt\u00e9nik, ha nem cser\u00e9lem ki id\u0151ben a megny\u00falt l\u00e1ncot?<\/summary>\n<p>A megny\u00falt l\u00e1nc nemcsak ideges\u00edt\u0151 r\u00e1ngat\u00e1st okoz, hanem id\u0151vel t\u00f6nkreteheti az oszt\u00f3m\u0171 bels\u0151 fogaskerekeit \u00e9s a h\u00e1zat is kilyukaszthatja. A halogat\u00e1s v\u00e9g\u00fcl a teljes oszt\u00f3m\u0171 cser\u00e9j\u00e9hez vezethet, ami j\u00f3val k\u00f6lts\u00e9gesebb.<\/p>\n<\/details>\n<details>\n<summary>Sz\u00fcks\u00e9ges-e speci\u00e1lis szersz\u00e1m a be\u00e9p\u00edt\u00e9shez?<\/summary>\n<p>A l\u00e1nc cser\u00e9j\u00e9hez az oszt\u00f3m\u0171 sz\u00e9tbont\u00e1sa sz\u00fcks\u00e9ges, amihez alapvet\u0151 mechanikai szersz\u00e1mok \u00e9s szak\u00e9rtelem kell. Javasoljuk, hogy a szerel\u00e9st b\u00edzza szakm\u0171helyre a t\u00f6m\u00edt\u00e9sek \u00e9s a megfelel\u0151 olajszint biztos\u00edt\u00e1sa \u00e9rdek\u00e9ben.<\/p>\n<\/details>\n<details>\n<summary>Milyen olajat haszn\u00e1ljak az oszt\u00f3m\u0171ben a l\u00e1nccsere ut\u00e1n?<\/summary>\n<p>A l\u00e1nc \u00e9lettartama szempontj\u00e1b\u00f3l kritikus a megfelel\u0151 ken\u00e9s. Mindig a gy\u00e1rt\u00f3 (Mercedes vagy Land Rover) \u00e1ltal el\u0151\u00edrt specifik\u00e1ci\u00f3j\u00fa oszt\u00f3m\u0171olajat haszn\u00e1lja, hogy elker\u00fclje az id\u0151 el\u0151tti kop\u00e1st \u00e9s a t\u00falmeleged\u00e9st.<\/p>\n<\/details>\n<\/div>\n<p><script type=\"application\/ld+json\">\n{\n  \"@context\": \"https:\/\/schema.org\",\n  \"@type\": \"FAQPage\",\n  \"mainEntity\": [\n    {\n      \"@type\": \"Question\",\n      \"name\": \"Honnan tudom, hogy megnyu00falt az osztu00f3mu0171 lu00e1nc az autu00f3mban?\",\n      \"acceptedAnswer\": {\n        \"@type\": \"Answer\",\n        \"text\": \"A leggyakoribb tu00fcnet a ru00e1ngatu00e1s vagy ugru00e1s intenzu00edv gyorsu00edtu00e1skor, illetve kattogu00f3 hang az autu00f3 alu00f3l, amikor a lu00e1nc u00e1tugrik a fogaskerekeken. Ha a 4x4 hajtu00e1s bizonytalannu00e1 vu00e1lik, u00e9rdemes ellenu0151rizni a lu00e1nc feszessu00e9gu00e9t.\"\n      }\n    },\n    {\n      \"@type\": \"Question\",\n      \"name\": \"Kompatibilis ez a lu00e1nc a Mercedes DCD u00e9s Land Rover ITC DD295 osztu00f3mu0171vekkel?\",\n      \"acceptedAnswer\": {\n        \"@type\": \"Answer\",\n        \"text\": \"Igen, ezt a lu00e1ncot kifejezetten a Mercedes-Benz DCD Offroad csomaggal szerelt tu00edpusaihoz u00e9s a Land Rover ITC DD295-u00f6s osztu00f3mu0171veihez terveztu00e9k. Pontos illeszkedu00e9st u00e9s gyu00e1ri minu0151su00e9gu0171 eru0151u00e1tvitelt biztosu00edt.\"\n      }\n    },\n    {\n      \"@type\": \"Question\",\n      \"name\": \"Mi tu00f6rtu00e9nik, ha nem cseru00e9lem ki idu0151ben a megnyu00falt lu00e1ncot?\",\n      \"acceptedAnswer\": {\n        \"@type\": \"Answer\",\n        \"text\": \"A megnyu00falt lu00e1nc nemcsak idegesu00edtu0151 ru00e1ngatu00e1st okoz, hanem idu0151vel tu00f6nkreteheti az osztu00f3mu0171 belsu0151 fogaskerekeit u00e9s a hu00e1zat is kilyukaszthatja. A halogatu00e1s vu00e9gu00fcl a teljes osztu00f3mu0171 cseru00e9ju00e9hez vezethet, ami ju00f3val ku00f6ltsu00e9gesebb.\"\n      }\n    },\n    {\n      \"@type\": \"Question\",\n      \"name\": \"Szu00fcksu00e9ges-e speciu00e1lis szerszu00e1m a beu00e9pu00edtu00e9shez?\",\n      \"acceptedAnswer\": {\n        \"@type\": \"Answer\",\n        \"text\": \"A lu00e1nc cseru00e9ju00e9hez az osztu00f3mu0171 szu00e9tbontu00e1sa szu00fcksu00e9ges, amihez alapvetu0151 mechanikai szerszu00e1mok u00e9s szaku00e9rtelem kell. Javasoljuk, hogy a szerelu00e9st bu00edzza szakmu0171helyre a tu00f6mu00edtu00e9sek u00e9s a megfelelu0151 olajszint biztosu00edtu00e1sa u00e9rdeku00e9ben.\"\n      }\n    },\n    {\n      \"@type\": \"Question\",\n      \"name\": \"Milyen olajat hasznu00e1ljak az osztu00f3mu0171ben a lu00e1nccsere utu00e1n?\",\n      \"acceptedAnswer\": {\n        \"@type\": \"Answer\",\n        \"text\": \"A lu00e1nc u00e9lettartama szempontju00e1bu00f3l kritikus a megfelelu0151 kenu00e9s. Mindig a gyu00e1rtu00f3 (Mercedes vagy Land Rover) u00e1ltal elu0151u00edrt specifiku00e1ciu00f3ju00fa osztu00f3mu0171olajat hasznu00e1lja, hogy elkeru00fclje az idu0151 elu0151tti kopu00e1st u00e9s a tu00falmelegedu00e9st.\"\n      }\n    }\n  ]\n}\n<\/script><\/p>","protected":false},"excerpt":{"rendered":"<p>Az oszt\u00f3m\u0171ben tal\u00e1lhat\u00f3 l\u00e1nc felel az \u00e1lland\u00f3 egys\u00e9ges er\u0151\u00e1tvitel\u00e9rt. \u00d6sszek\u00f6ttet\u00e9st biztos\u00edt az els\u0151 \u00e9s h\u00e1ts\u00f3 tengely optim\u00e1lis m\u0171k\u00f6d\u00e9s\u00e9hez. Ezzel biztos\u00edtva a 4&#215;4 hajt\u00e1st. Honnan tudom, &#8230; <\/p>\n<p class=\"read-more-container\"><a title=\"Oszt\u00f3m\u0171 l\u00e1nc (DCD, ITC DD295)\" class=\"read-more button\" href=\"https:\/\/transfercasepartshop.com\/hu\/mercedes-benz\/dcd\/osztomu-lanc-dcd-itc-dd295\/#more-390547\" aria-label=\"Read more about Oszt\u00f3m\u0171 l\u00e1nc (DCD, ITC DD295)\">Tov\u00e1bb<\/a><\/p>","protected":false},"featured_media":397156,"comment_status":"open","ping_status":"closed","template":"","meta":{"_acf_changed":false},"product_brand":[],"product_cat":[105,106,100,101],"product_tag":[373,212],"class_list":{"0":"post-390547","1":"product","2":"type-product","3":"status-publish","4":"has-post-thumbnail","6":"product_cat-mercedes-benz","7":"product_cat-dcd","8":"product_cat-land-rover","9":"product_cat-itc-dd295-2","10":"product_tag-borg-warner","11":"product_tag-lancok","12":"infinite-scroll-item","13":"no-featured-image-padding","14":"resize-featured-image","15":"sales-flash-overlay","16":"woocommerce-text-align-center","17":"woocommerce-image-align-center","18":"wc-has-gallery","20":"first","21":"instock","22":"taxable","23":"shipping-taxable","24":"purchasable","25":"product-type-simple"},"acf":{"s-tec_number":"SP00655","oem-ref":"HV098","tartalom":"","lamella-alert":"","transfer_case_application_v2":["Land Rover ITC DD295 2004- Discovery3","Land Rover ITC DD295 2004- Range Rover","Land Rover ITC DD295 2004- Range Rover Sport","Mercedes-Benz DCD 2004- GL offroad package","Mercedes-Benz DCD 2004- ML offroad package","Mercedes-Benz DCS 2015- GLE Class","Mercedes-Benz DCS 2015- GLE Class Coupe","Mercedes-Benz DCS 2015- GLS"],"transfer_case_application":"","kulso_raktar":2,"google_ads_kep":423325,"gtin":9009381037644},"_links":{"self":[{"href":"https:\/\/transfercasepartshop.com\/hu\/wp-json\/wp\/v2\/product\/390547","targetHints":{"allow":["GET"]}}],"collection":[{"href":"https:\/\/transfercasepartshop.com\/hu\/wp-json\/wp\/v2\/product"}],"about":[{"href":"https:\/\/transfercasepartshop.com\/hu\/wp-json\/wp\/v2\/types\/product"}],"replies":[{"embeddable":true,"href":"https:\/\/transfercasepartshop.com\/hu\/wp-json\/wp\/v2\/comments?post=390547"}],"wp:featuredmedia":[{"embeddable":true,"href":"https:\/\/transfercasepartshop.com\/hu\/wp-json\/wp\/v2\/media\/397156"}],"wp:attachment":[{"href":"https:\/\/transfercasepartshop.com\/hu\/wp-json\/wp\/v2\/media?parent=390547"}],"wp:term":[{"taxonomy":"product_brand","embeddable":true,"href":"https:\/\/transfercasepartshop.com\/hu\/wp-json\/wp\/v2\/product_brand?post=390547"},{"taxonomy":"product_cat","embeddable":true,"href":"https:\/\/transfercasepartshop.com\/hu\/wp-json\/wp\/v2\/product_cat?post=390547"},{"taxonomy":"product_tag","embeddable":true,"href":"https:\/\/transfercasepartshop.com\/hu\/wp-json\/wp\/v2\/product_tag?post=390547"}],"curies":[{"name":"wp","href":"https:\/\/api.w.org\/{rel}","templated":true}]}}