{"id":390545,"date":"2021-11-17T15:04:27","date_gmt":"2021-11-17T14:04:27","guid":{"rendered":"https:\/\/transfercasepartshop.com\/?post_type=product&#038;p=390545"},"modified":"2026-03-23T09:40:48","modified_gmt":"2026-03-23T08:40:48","slug":"kuplung-tanyer-atc500-atc700","status":"publish","type":"product","link":"https:\/\/transfercasepartshop.com\/hu\/bmw\/atc500\/kuplung-tanyer-atc500-atc700\/","title":{"rendered":"Kuplung t\u00e1ny\u00e9r (ATC500, ATC700)"},"content":{"rendered":"<p>Rozsdamentes ac\u00e9lb\u00f3l el\u0151\u00e1ll\u00edtott term\u00e9k. Az oszt\u00f3m\u0171 kuplung lamell\u00e1k \u00e9s a kuplungban tal\u00e1lhat\u00f3 nyom\u00f3lap illetve teny\u00e9r rug\u00f3k, kuplung rug\u00f3k t\u00e1vtart\u00e1s\u00e1\u00e9rt felel\u0151s.<\/p>\n<div class=\"faq-section\">\n<details>\n<summary>Milyen t\u00fcneteket \u00e9szlelek, ha elkopott vagy deform\u00e1l\u00f3dott az oszt\u00f3m\u0171 kuplung t\u00e1ny\u00e9rja?<\/summary>\n<p>Ha a kuplung t\u00e1ny\u00e9r vagy a t\u00e1vtart\u00f3 elemek elhaszn\u00e1l\u00f3dnak, az oszt\u00f3m\u0171ben nem lesz megfelel\u0151 a nyom\u00e1s a lamell\u00e1kon. Ez leggyakrabban kanyarod\u00e1s k\u00f6zbeni r\u00e1ngat\u00e1sban, gyors\u00edt\u00e1skor jelentkez\u0151 kattog\u00f3 hangban, vagy a 4&#215;4 rendszer hiba\u00fczenet\u00e9ben nyilv\u00e1nul meg.<\/p>\n<\/details>\n<details>\n<summary>Pontosan melyik BMW modellekhez j\u00f3 ez az alkatr\u00e9sz?<\/summary>\n<p>Ez a t\u00e1ny\u00e9r az ATC500-as (BMW X5 E53) \u00e9s az ATC700-as (BMW X5 E70 \u00e9s X6 E71) oszt\u00f3m\u0171vekkel kompatibilis. Ha ilyen t\u00edpus\u00fa oszt\u00f3m\u0171 van az aut\u00f3j\u00e1ban, ez a megfelel\u0151 alkatr\u00e9sz a kuplungszerkezethez.<\/p>\n<\/details>\n<details>\n<summary>Mi\u00e9rt jobb a rozsdamentes ac\u00e9l kivitel a gy\u00e1ri megold\u00e1sokn\u00e1l?<\/summary>\n<p>A rozsdamentes ac\u00e9l rendk\u00edv\u00fcl ellen\u00e1ll\u00f3 a h\u0151vel \u00e9s a folyamatos mechanikai s\u00farl\u00f3d\u00e1ssal szemben. Nem korrod\u00e1l\u00f3dik \u00e9s sokkal kev\u00e9sb\u00e9 hajlamos a deform\u00e1ci\u00f3ra, \u00edgy hosszabb \u00e9lettartamot biztos\u00edt az oszt\u00f3m\u0171 bels\u0151 szerkezet\u00e9nek.<\/p>\n<\/details>\n<details>\n<summary>Sz\u00fcks\u00e9ges szakm\u0171hely a kuplung t\u00e1ny\u00e9r cser\u00e9j\u00e9hez?<\/summary>\n<p>Igen, a csere az oszt\u00f3m\u0171 teljes sz\u00e9tszerel\u00e9s\u00e9vel j\u00e1r. Mivel a kuplung lamell\u00e1k \u00e9s rug\u00f3k pontos h\u00e9zagol\u00e1sa kritikus a hajt\u00e1sl\u00e1nc m\u0171k\u00f6d\u00e9se szempontj\u00e1b\u00f3l, javasoljuk, hogy a beszerel\u00e9st b\u00edzza oszt\u00f3m\u0171vekre szakosodott szerel\u0151re.<\/p>\n<\/details>\n<details>\n<summary>Megoldja ez az alkatr\u00e9sz az oszt\u00f3m\u0171 r\u00e1ngat\u00e1s\u00e1t?<\/summary>\n<p>Amennyiben a r\u00e1ngat\u00e1st a kuplungrug\u00f3k vagy lamell\u00e1k nem megfelel\u0151 t\u00e1vtart\u00e1sa (h\u00e9zagol\u00e1si hiba) okozza, \u00fagy ez a t\u00e1ny\u00e9r kulcsfontoss\u00e1g\u00fa a hiba jav\u00edt\u00e1s\u00e1hoz. \u00c9rdemes a lamell\u00e1k \u00e1llapot\u00e1t is ellen\u0151rizni a szerel\u00e9skor.<\/p>\n<\/details>\n<\/div>\n<p><script type=\"application\/ld+json\">\n{\n  \"@context\": \"https:\/\/schema.org\",\n  \"@type\": \"FAQPage\",\n  \"mainEntity\": [\n    {\n      \"@type\": \"Question\",\n      \"name\": \"Milyen tu00fcneteket u00e9szlelek, ha elkopott vagy deformu00e1lu00f3dott az osztu00f3mu0171 kuplung tu00e1nyu00e9rja?\",\n      \"acceptedAnswer\": {\n        \"@type\": \"Answer\",\n        \"text\": \"Ha a kuplung tu00e1nyu00e9r vagy a tu00e1vtartu00f3 elemek elhasznu00e1lu00f3dnak, az osztu00f3mu0171ben nem lesz megfelelu0151 a nyomu00e1s a lamellu00e1kon. Ez leggyakrabban kanyarodu00e1s ku00f6zbeni ru00e1ngatu00e1sban, gyorsu00edtu00e1skor jelentkezu0151 kattogu00f3 hangban, vagy a 4x4 rendszer hibau00fczenetu00e9ben nyilvu00e1nul meg.\"\n      }\n    },\n    {\n      \"@type\": \"Question\",\n      \"name\": \"Pontosan melyik BMW modellekhez ju00f3 ez az alkatru00e9sz?\",\n      \"acceptedAnswer\": {\n        \"@type\": \"Answer\",\n        \"text\": \"Ez a tu00e1nyu00e9r az ATC500-as (BMW X5 E53) u00e9s az ATC700-as (BMW X5 E70 u00e9s X6 E71) osztu00f3mu0171vekkel kompatibilis. Ha ilyen tu00edpusu00fa osztu00f3mu0171 van az autu00f3ju00e1ban, ez a megfelelu0151 alkatru00e9sz a kuplungszerkezethez.\"\n      }\n    },\n    {\n      \"@type\": \"Question\",\n      \"name\": \"Miu00e9rt jobb a rozsdamentes acu00e9l kivitel a gyu00e1ri megoldu00e1soknu00e1l?\",\n      \"acceptedAnswer\": {\n        \"@type\": \"Answer\",\n        \"text\": \"A rozsdamentes acu00e9l rendku00edvu00fcl ellenu00e1llu00f3 a hu0151vel u00e9s a folyamatos mechanikai su00farlu00f3du00e1ssal szemben. Nem korrodu00e1lu00f3dik u00e9s sokkal kevu00e9sbu00e9 hajlamos a deformu00e1ciu00f3ra, u00edgy hosszabb u00e9lettartamot biztosu00edt az osztu00f3mu0171 belsu0151 szerkezetu00e9nek.\"\n      }\n    },\n    {\n      \"@type\": \"Question\",\n      \"name\": \"Szu00fcksu00e9ges szakmu0171hely a kuplung tu00e1nyu00e9r cseru00e9ju00e9hez?\",\n      \"acceptedAnswer\": {\n        \"@type\": \"Answer\",\n        \"text\": \"Igen, a csere az osztu00f3mu0171 teljes szu00e9tszerelu00e9su00e9vel ju00e1r. Mivel a kuplung lamellu00e1k u00e9s rugu00f3k pontos hu00e9zagolu00e1sa kritikus a hajtu00e1slu00e1nc mu0171ku00f6du00e9se szempontju00e1bu00f3l, javasoljuk, hogy a beszerelu00e9st bu00edzza osztu00f3mu0171vekre szakosodott szerelu0151re.\"\n      }\n    },\n    {\n      \"@type\": \"Question\",\n      \"name\": \"Megoldja ez az alkatru00e9sz az osztu00f3mu0171 ru00e1ngatu00e1su00e1t?\",\n      \"acceptedAnswer\": {\n        \"@type\": \"Answer\",\n        \"text\": \"Amennyiben a ru00e1ngatu00e1st a kuplungrugu00f3k vagy lamellu00e1k nem megfelelu0151 tu00e1vtartu00e1sa (hu00e9zagolu00e1si hiba) okozza, u00fagy ez a tu00e1nyu00e9r kulcsfontossu00e1gu00fa a hiba javu00edtu00e1su00e1hoz. u00c9rdemes a lamellu00e1k u00e1llapotu00e1t is ellenu0151rizni a szerelu00e9skor.\"\n      }\n    }\n  ]\n}\n<\/script><\/p>","protected":false},"excerpt":{"rendered":"<p>Rozsdamentes ac\u00e9lb\u00f3l el\u0151\u00e1ll\u00edtott term\u00e9k. Az oszt\u00f3m\u0171 kuplung lamell\u00e1k \u00e9s a kuplungban tal\u00e1lhat\u00f3 nyom\u00f3lap illetve teny\u00e9r rug\u00f3k, kuplung rug\u00f3k t\u00e1vtart\u00e1s\u00e1\u00e9rt felel\u0151s. Milyen t\u00fcneteket \u00e9szlelek, ha elkopott &#8230; <\/p>\n<p class=\"read-more-container\"><a title=\"Kuplung t\u00e1ny\u00e9r (ATC500, ATC700)\" class=\"read-more button\" href=\"https:\/\/transfercasepartshop.com\/hu\/bmw\/atc500\/kuplung-tanyer-atc500-atc700\/#more-390545\" aria-label=\"Read more about Kuplung t\u00e1ny\u00e9r (ATC500, ATC700)\">Tov\u00e1bb<\/a><\/p>","protected":false},"featured_media":413392,"comment_status":"open","ping_status":"closed","template":"","meta":{"_acf_changed":false},"product_brand":[],"product_cat":[86,67,68],"product_tag":[208,390],"class_list":{"0":"post-390545","1":"product","2":"type-product","3":"status-publish","4":"has-post-thumbnail","6":"product_cat-bmw","7":"product_cat-atc500","8":"product_cat-atc700","9":"product_tag-kuplung-alkatreszei","10":"product_tag-magna-powertrain","11":"infinite-scroll-item","12":"no-featured-image-padding","13":"resize-featured-image","14":"sales-flash-overlay","15":"woocommerce-text-align-center","16":"woocommerce-image-align-center","17":"wc-has-gallery","19":"first","20":"instock","21":"taxable","22":"shipping-taxable","23":"purchasable","24":"product-type-simple"},"acf":{"s-tec_number":"SP00650","oem-ref":"","tartalom":"","lamella-alert":"","transfer_case_application_v2":["BMW ATC500 2003-2006 X5 E53","BMW ATC700 2006-2013 X5 E70, E70 LCI","BMW ATC700 2008-2014 X6 E71 E72 Hybrid"],"transfer_case_application":"","kulso_raktar":2,"google_ads_kep":423381,"gtin":9009381037590},"_links":{"self":[{"href":"https:\/\/transfercasepartshop.com\/hu\/wp-json\/wp\/v2\/product\/390545","targetHints":{"allow":["GET"]}}],"collection":[{"href":"https:\/\/transfercasepartshop.com\/hu\/wp-json\/wp\/v2\/product"}],"about":[{"href":"https:\/\/transfercasepartshop.com\/hu\/wp-json\/wp\/v2\/types\/product"}],"replies":[{"embeddable":true,"href":"https:\/\/transfercasepartshop.com\/hu\/wp-json\/wp\/v2\/comments?post=390545"}],"wp:featuredmedia":[{"embeddable":true,"href":"https:\/\/transfercasepartshop.com\/hu\/wp-json\/wp\/v2\/media\/413392"}],"wp:attachment":[{"href":"https:\/\/transfercasepartshop.com\/hu\/wp-json\/wp\/v2\/media?parent=390545"}],"wp:term":[{"taxonomy":"product_brand","embeddable":true,"href":"https:\/\/transfercasepartshop.com\/hu\/wp-json\/wp\/v2\/product_brand?post=390545"},{"taxonomy":"product_cat","embeddable":true,"href":"https:\/\/transfercasepartshop.com\/hu\/wp-json\/wp\/v2\/product_cat?post=390545"},{"taxonomy":"product_tag","embeddable":true,"href":"https:\/\/transfercasepartshop.com\/hu\/wp-json\/wp\/v2\/product_tag?post=390545"}],"curies":[{"name":"wp","href":"https:\/\/api.w.org\/{rel}","templated":true}]}}