{"id":390544,"date":"2021-11-17T15:04:26","date_gmt":"2021-11-17T14:04:26","guid":{"rendered":"https:\/\/transfercasepartshop.com\/?post_type=product&#038;p=390544"},"modified":"2026-03-23T09:40:45","modified_gmt":"2026-03-23T08:40:45","slug":"tengely-kihajtas-atc450","status":"publish","type":"product","link":"https:\/\/transfercasepartshop.com\/hu\/bmw\/atc450\/tengely-kihajtas-atc450\/","title":{"rendered":"Tengely kihajt\u00e1s (ATC450)"},"content":{"rendered":"<p>Ez a kihajt\u00e1si egys\u00e9g csatlakozik a kard\u00e1n tengelyhez, ezzel el\u0151seg\u00edtve az els\u0151 \u00e9s a h\u00e1ts\u00f3 tengelyek k\u00f6z\u00f6tti megfelel\u0151 egys\u00e9ges \u00e1thajt\u00e1st.<\/p>\n<section>\n<details>\n<summary>Milyen t\u00fcnetei vannak, ha elkopott az ATC450 tengely kihajt\u00e1sa?<\/summary>\n<p>A leggyakoribb t\u00fcnet a gyors\u00edt\u00e1skor jelentkez\u0151 kattog\u00f3 vagy f\u00e9mes kopog\u00f3 hang, illetve az aut\u00f3 alatti vibr\u00e1ci\u00f3. Ha a bord\u00e1s tengelykapcsolat elkopik, az er\u0151\u00e1tvitel akadozhat, ami r\u00e1ngat\u00e1shoz vezethet az els\u0151 \u00e9s h\u00e1ts\u00f3 tengelyek k\u00f6z\u00f6tt.<\/p>\n<\/details>\n<details>\n<summary>J\u00f3 lesz ez az alkatr\u00e9sz a 2012-es BMW X5 E70 LCI modellemhez?<\/summary>\n<p>Igen, amennyiben az aut\u00f3ja ATC450 t\u00edpus\u00fa oszt\u00f3m\u0171vel van szerelve. Ez a t\u00edpus jellemz\u0151en a 2010 ut\u00e1ni BMW X5 (E70) \u00e9s X6 (E71) modellekben tal\u00e1lhat\u00f3 meg. Javasoljuk az alv\u00e1zsz\u00e1m alap\u00fa ellen\u0151rz\u00e9st a biztos illeszked\u00e9s \u00e9rdek\u00e9ben.<\/p>\n<\/details>\n<details>\n<summary>Mi okozza a kihajt\u00f3 tengely id\u0151 el\u0151tti meghib\u00e1sod\u00e1s\u00e1t?<\/summary>\n<p>A legt\u00f6bb esetben a nedvess\u00e9g bejut\u00e1sa miatti korr\u00f3zi\u00f3, a nem megfelel\u0151 ken\u00e9s, vagy a kard\u00e1ntengely kiegyens\u00falyozatlans\u00e1ga okozza a bord\u00e1zat kop\u00e1s\u00e1t. A t\u00fal nagy terhel\u00e9s vagy a hirtelen g\u00e1zad\u00e1sok szint\u00e9n gyors\u00edtj\u00e1k az elhaszn\u00e1l\u00f3d\u00e1st.<\/p>\n<\/details>\n<details>\n<summary>H\u00e1zilag is kicser\u00e9lhet\u0151 ez a kihajt\u00e1si egys\u00e9g?<\/summary>\n<p>A csere az oszt\u00f3m\u0171 r\u00e9szleges megbont\u00e1s\u00e1t ig\u00e9nyli, amihez speci\u00e1lis leh\u00faz\u00f3kra \u00e9s megfelel\u0151 emel\u0151re van sz\u00fcks\u00e9g. A prec\u00edz illeszt\u00e9s \u00e9s a t\u00f6m\u00edt\u00e9sek v\u00e9delme \u00e9rdek\u00e9ben javasoljuk, hogy keressen fel egy oszt\u00f3m\u0171vekre szakosodott szervizt.<\/p>\n<\/details>\n<details>\n<summary>Milyen min\u0151s\u00e9get k\u00e9pvisel ez a term\u00e9k a gy\u00e1rihoz k\u00e9pest?<\/summary>\n<p>Ez egy emelt szint\u0171 min\u0151s\u00e9g-ellen\u0151rz\u00e9sen \u00e1tesett alkatr\u00e9sz, amely anyag\u00f6sszet\u00e9tel\u00e9ben \u00e9s m\u00e9retpontoss\u00e1g\u00e1ban megegyezik a gy\u00e1ri specifik\u00e1ci\u00f3kkal, \u00edgy tart\u00f3s megold\u00e1st ny\u00fajt az ATC450 oszt\u00f3m\u0171vek fel\u00faj\u00edt\u00e1s\u00e1hoz.<\/p>\n<\/details>\n<\/section>\n<p><script type=\"application\/ld+json\">\n{\n  \"@context\": \"https:\/\/schema.org\",\n  \"@type\": \"FAQPage\",\n  \"mainEntity\": [\n    {\n      \"@type\": \"Question\",\n      \"name\": \"Milyen tu00fcnetei vannak, ha elkopott az ATC450 tengely kihajtu00e1sa?\",\n      \"acceptedAnswer\": {\n        \"@type\": \"Answer\",\n        \"text\": \"A leggyakoribb tu00fcnet a gyorsu00edtu00e1skor jelentkezu0151 kattogu00f3 vagy fu00e9mes kopogu00f3 hang, illetve az autu00f3 alatti vibru00e1ciu00f3. Ha a bordu00e1s tengelykapcsolat elkopik, az eru0151u00e1tvitel akadozhat, ami ru00e1ngatu00e1shoz vezethet.\"\n      }\n    },\n    {\n      \"@type\": \"Question\",\n      \"name\": \"Ju00f3 lesz ez az alkatru00e9sz a 2012-es BMW X5 E70 LCI modellemhez?\",\n      \"acceptedAnswer\": {\n        \"@type\": \"Answer\",\n        \"text\": \"Igen, amennyiben az autu00f3ja ATC450 tu00edpusu00fa osztu00f3mu0171vel van szerelve. Ez a tu00edpus jellemzu0151en a 2010 utu00e1ni BMW X5 (E70) u00e9s X6 (E71) modellekben talu00e1lhatu00f3 meg.\"\n      }\n    },\n    {\n      \"@type\": \"Question\",\n      \"name\": \"Mi okozza a kihajtu00f3 tengely idu0151 elu0151tti meghibu00e1sodu00e1su00e1t?\",\n      \"acceptedAnswer\": {\n        \"@type\": \"Answer\",\n        \"text\": \"A legtu00f6bb esetben a nedvessu00e9g bejutu00e1sa miatti korru00f3ziu00f3, a nem megfelelu0151 kenu00e9s, vagy a kardu00e1ntengely kiegyensu00falyozatlansu00e1ga okozza a bordu00e1zat kopu00e1su00e1t.\"\n      }\n    },\n    {\n      \"@type\": \"Question\",\n      \"name\": \"Hu00e1zilag is kicseru00e9lhetu0151 ez a kihajtu00e1si egysu00e9g?\",\n      \"acceptedAnswer\": {\n        \"@type\": \"Answer\",\n        \"text\": \"A csere az osztu00f3mu0171 ru00e9szleges megbontu00e1su00e1t igu00e9nyli. A precu00edz illesztu00e9s u00e9s a tu00f6mu00edtu00e9sek vu00e9delme u00e9rdeku00e9ben javasoljuk szakmu0171hely felkeresu00e9su00e9t.\"\n      }\n    },\n    {\n      \"@type\": \"Question\",\n      \"name\": \"Milyen minu0151su00e9get ku00e9pvisel ez a termu00e9k a gyu00e1rihoz ku00e9pest?\",\n      \"acceptedAnswer\": {\n        \"@type\": \"Answer\",\n        \"text\": \"Ez egy emelt szintu0171 minu0151su00e9g-ellenu0151rzu00e9sen u00e1tesett alkatru00e9sz, amely anyagu00f6sszetu00e9telu00e9ben u00e9s mu00e9retpontossu00e1gu00e1ban megegyezik a gyu00e1ri specifiku00e1ciu00f3kkal.\"\n      }\n    }\n  ]\n}\n<\/script><\/p>","protected":false},"excerpt":{"rendered":"<p>Ez a kihajt\u00e1si egys\u00e9g csatlakozik a kard\u00e1n tengelyhez, ezzel el\u0151seg\u00edtve az els\u0151 \u00e9s a h\u00e1ts\u00f3 tengelyek k\u00f6z\u00f6tti megfelel\u0151 egys\u00e9ges \u00e1thajt\u00e1st. Milyen t\u00fcnetei vannak, ha elkopott &#8230; <\/p>\n<p class=\"read-more-container\"><a title=\"Tengely kihajt\u00e1s (ATC450)\" class=\"read-more button\" href=\"https:\/\/transfercasepartshop.com\/hu\/bmw\/atc450\/tengely-kihajtas-atc450\/#more-390544\" aria-label=\"Read more about Tengely kihajt\u00e1s (ATC450)\">Tov\u00e1bb<\/a><\/p>","protected":false},"featured_media":397373,"comment_status":"open","ping_status":"closed","template":"","meta":{"_acf_changed":false},"product_brand":[],"product_cat":[86,66],"product_tag":[390,210],"class_list":{"0":"post-390544","1":"product","2":"type-product","3":"status-publish","4":"has-post-thumbnail","6":"product_cat-bmw","7":"product_cat-atc450","8":"product_tag-magna-powertrain","9":"product_tag-tengelyek-fogaskerekek","10":"infinite-scroll-item","11":"no-featured-image-padding","12":"resize-featured-image","13":"sales-flash-overlay","14":"woocommerce-text-align-center","15":"woocommerce-image-align-center","16":"wc-has-gallery","18":"first","19":"instock","20":"taxable","21":"shipping-taxable","22":"purchasable","23":"product-type-simple"},"acf":{"s-tec_number":"SP00646","oem-ref":"","tartalom":"","lamella-alert":"","transfer_case_application_v2":["BMW ATC450 2006-2013 X5 E70, E70 LCI","BMW ATC450 2008-2014 X6 E71 E72 Hybrid","BMW ATC450 2010-2017 X3 F25"],"transfer_case_application":"","kulso_raktar":1,"google_ads_kep":423369,"gtin":9009381062448},"_links":{"self":[{"href":"https:\/\/transfercasepartshop.com\/hu\/wp-json\/wp\/v2\/product\/390544","targetHints":{"allow":["GET"]}}],"collection":[{"href":"https:\/\/transfercasepartshop.com\/hu\/wp-json\/wp\/v2\/product"}],"about":[{"href":"https:\/\/transfercasepartshop.com\/hu\/wp-json\/wp\/v2\/types\/product"}],"replies":[{"embeddable":true,"href":"https:\/\/transfercasepartshop.com\/hu\/wp-json\/wp\/v2\/comments?post=390544"}],"wp:featuredmedia":[{"embeddable":true,"href":"https:\/\/transfercasepartshop.com\/hu\/wp-json\/wp\/v2\/media\/397373"}],"wp:attachment":[{"href":"https:\/\/transfercasepartshop.com\/hu\/wp-json\/wp\/v2\/media?parent=390544"}],"wp:term":[{"taxonomy":"product_brand","embeddable":true,"href":"https:\/\/transfercasepartshop.com\/hu\/wp-json\/wp\/v2\/product_brand?post=390544"},{"taxonomy":"product_cat","embeddable":true,"href":"https:\/\/transfercasepartshop.com\/hu\/wp-json\/wp\/v2\/product_cat?post=390544"},{"taxonomy":"product_tag","embeddable":true,"href":"https:\/\/transfercasepartshop.com\/hu\/wp-json\/wp\/v2\/product_tag?post=390544"}],"curies":[{"name":"wp","href":"https:\/\/api.w.org\/{rel}","templated":true}]}}