{"id":390540,"date":"2021-11-17T15:04:25","date_gmt":"2021-11-17T14:04:25","guid":{"rendered":"https:\/\/transfercasepartshop.com\/?post_type=product&#038;p=390540"},"modified":"2026-03-23T09:40:38","modified_gmt":"2026-03-23T08:40:38","slug":"osztomu-lanc-nv225","status":"publish","type":"product","link":"https:\/\/transfercasepartshop.com\/hu\/land-rover\/nv225\/osztomu-lanc-nv225\/","title":{"rendered":"Oszt\u00f3m\u0171 l\u00e1nc (NV225)"},"content":{"rendered":"<p>Az oszt\u00f3m\u0171ben tal\u00e1lhat\u00f3 l\u00e1nc felel az \u00e1lland\u00f3 egys\u00e9ges er\u0151\u00e1tvitel\u00e9rt. \u00d6sszek\u00f6ttet\u00e9st biztos\u00edt az els\u0151 \u00e9s h\u00e1ts\u00f3 tengely optim\u00e1lis m\u0171k\u00f6d\u00e9s\u00e9hez. Ezzel biztos\u00edtva a 4&#215;4 hajt\u00e1st.<\/p>\n<div>\n<details>\n<summary>Honnan tudom, ha megny\u00falt az NV225 oszt\u00f3m\u0171 l\u00e1nc az aut\u00f3mban?<\/summary>\n<p>A legjellemz\u0151bb t\u00fcnet a g\u00e1zad\u00e1skor vagy terhel\u00e9s alatt hallhat\u00f3 er\u0151s kattog\u00f3, ugr\u00e1l\u00f3 hang. Ilyenkor a megny\u00falt l\u00e1nc \u00e1tugrik az oszt\u00f3m\u0171 fogaskerekein, ami r\u00e1ngat\u00e1st \u00e9s az \u00f6sszker\u00e9khajt\u00e1s bizonytalans\u00e1g\u00e1t okozza.<\/p>\n<\/details>\n<details>\n<summary>Kompatibilis ez a l\u00e1nc az \u00e9n Land Roveremhez?<\/summary>\n<p>Ez a l\u00e1nc kifejezetten az NV225 t\u00edpus\u00fa oszt\u00f3m\u0171vekhez k\u00e9sz\u00fclt. K\u00e9rj\u00fck, ellen\u0151rizze az aut\u00f3ja alv\u00e1zsz\u00e1m\u00e1t vagy az oszt\u00f3m\u0171 adatt\u00e1bl\u00e1j\u00e1t; ha NV225 jel\u00f6l\u00e9st l\u00e1t, ez az alkatr\u00e9sz megfelel\u0151 lesz az \u00d6n j\u00e1rm\u0171v\u00e9hez.<\/p>\n<\/details>\n<details>\n<summary>Mi t\u00f6rt\u00e9nik, ha nem cser\u00e9lem ki id\u0151ben a megny\u00falt l\u00e1ncot?<\/summary>\n<p>A megny\u00falt l\u00e1nc nemcsak zavar\u00f3 hangot ad, de folyamatosan koptatja a fogaskerekeket is. Sz\u00e9ls\u0151s\u00e9ges esetben a l\u00e1nc bele\u00e9rhet az oszt\u00f3m\u0171 h\u00e1z\u00e1ba, azt kilyukaszthatja, ami olajfoly\u00e1shoz \u00e9s a teljes hajt\u00f3m\u0171 t\u00f6nkremenetel\u00e9hez vezethet.<\/p>\n<\/details>\n<details>\n<summary>Sz\u00fcks\u00e9ges speci\u00e1lis szersz\u00e1m az NV225 l\u00e1nc cser\u00e9j\u00e9hez?<\/summary>\n<p>Igen, az oszt\u00f3m\u0171 sz\u00e9tszerel\u00e9se \u00e9s a l\u00e1nc pontos illeszt\u00e9se szak\u00e9rtelmet \u00e9s speci\u00e1lis leh\u00faz\u00f3kat, illetve r\u00f6gz\u00edt\u0151ket ig\u00e9nyelhet. A biztons\u00e1gos \u00e9s tart\u00f3s m\u0171k\u00f6d\u00e9s \u00e9rdek\u00e9ben javasoljuk, hogy a cser\u00e9t b\u00edzza tapasztalt terepj\u00e1r\u00f3-szervizre.<\/p>\n<\/details>\n<details>\n<summary>Milyen min\u0151s\u00e9g\u0171 ez az oszt\u00f3m\u0171 l\u00e1nc?<\/summary>\n<p>Term\u00e9k\u00fcnk nagy szak\u00edt\u00f3szil\u00e1rds\u00e1g\u00fa ac\u00e9lb\u00f3l k\u00e9sz\u00fclt, amely megfelel a gy\u00e1ri (OEM) el\u0151\u00edr\u00e1soknak. \u00dagy tervezt\u00e9k, hogy ellen\u00e1lljon a Land Roverek nagy nyomat\u00e9k\u00e1nak \u00e9s tart\u00f3san biztos\u00edtsa az els\u0151-h\u00e1ts\u00f3 tengely k\u00f6z\u00f6tti stabil er\u0151\u00e1tvitelt.<\/p>\n<\/details>\n<\/div>\n<p><script type=\"application\/ld+json\">\n{\n  \"@context\": \"https:\/\/schema.org\",\n  \"@type\": \"FAQPage\",\n  \"mainEntity\": [\n    {\n      \"@type\": \"Question\",\n      \"name\": \"Honnan tudom, ha megnyu00falt az NV225 osztu00f3mu0171 lu00e1nc az autu00f3mban?\",\n      \"acceptedAnswer\": {\n        \"@type\": \"Answer\",\n        \"text\": \"A legjellemzu0151bb tu00fcnet a gu00e1zadu00e1skor vagy terhelu00e9s alatt hallhatu00f3 eru0151s kattogu00f3, ugru00e1lu00f3 hang. Ilyenkor a megnyu00falt lu00e1nc u00e1tugrik az osztu00f3mu0171 fogaskerekein, ami ru00e1ngatu00e1st u00e9s az u00f6sszkeru00e9khajtu00e1s bizonytalansu00e1gu00e1t okozza.\"\n      }\n    },\n    {\n      \"@type\": \"Question\",\n      \"name\": \"Kompatibilis ez a lu00e1nc az u00e9n Land Roveremhez?\",\n      \"acceptedAnswer\": {\n        \"@type\": \"Answer\",\n        \"text\": \"Ez a lu00e1nc kifejezetten az NV225 tu00edpusu00fa osztu00f3mu0171vekhez ku00e9szu00fclt. Ku00e9rju00fck, ellenu0151rizze az autu00f3ja alvu00e1zszu00e1mu00e1t vagy az osztu00f3mu0171 adattu00e1blu00e1ju00e1t; ha NV225 jelu00f6lu00e9st lu00e1t, ez az alkatru00e9sz megfelelu0151 lesz az u00d6n ju00e1rmu0171vu00e9hez.\"\n      }\n    },\n    {\n      \"@type\": \"Question\",\n      \"name\": \"Mi tu00f6rtu00e9nik, ha nem cseru00e9lem ki idu0151ben a megnyu00falt lu00e1ncot?\",\n      \"acceptedAnswer\": {\n        \"@type\": \"Answer\",\n        \"text\": \"A megnyu00falt lu00e1nc nemcsak zavaru00f3 hangot ad, de folyamatosan koptatja a fogaskerekeket is. Szu00e9lsu0151su00e9ges esetben a lu00e1nc beleu00e9rhet az osztu00f3mu0171 hu00e1zu00e1ba, azt kilyukaszthatja, ami olajfolyu00e1shoz u00e9s a teljes hajtu00f3mu0171 tu00f6nkremenetelu00e9hez vezethet.\"\n      }\n    },\n    {\n      \"@type\": \"Question\",\n      \"name\": \"Szu00fcksu00e9ges speciu00e1lis szerszu00e1m az NV225 lu00e1nc cseru00e9ju00e9hez?\",\n      \"acceptedAnswer\": {\n        \"@type\": \"Answer\",\n        \"text\": \"Igen, az osztu00f3mu0171 szu00e9tszerelu00e9se u00e9s a lu00e1nc pontos illesztu00e9se szaku00e9rtelmet u00e9s speciu00e1lis lehu00fazu00f3kat, illetve ru00f6gzu00edtu0151ket igu00e9nyelhet. A biztonsu00e1gos u00e9s tartu00f3s mu0171ku00f6du00e9s u00e9rdeku00e9ben javasoljuk, hogy a cseru00e9t bu00edzza tapasztalt terepju00e1ru00f3-szervizre.\"\n      }\n    },\n    {\n      \"@type\": \"Question\",\n      \"name\": \"Milyen minu0151su00e9gu0171 ez az osztu00f3mu0171 lu00e1nc?\",\n      \"acceptedAnswer\": {\n        \"@type\": \"Answer\",\n        \"text\": \"Termu00e9ku00fcnk nagy szaku00edtu00f3szilu00e1rdsu00e1gu00fa acu00e9lbu00f3l ku00e9szu00fclt, amely megfelel a gyu00e1ri (OEM) elu0151u00edru00e1soknak. u00dagy terveztu00e9k, hogy ellenu00e1lljon a Land Roverek nagy nyomatu00e9ku00e1nak u00e9s tartu00f3san biztosu00edtsa az elsu0151-hu00e1tsu00f3 tengely ku00f6zu00f6tti stabil eru0151u00e1tvitelt.\"\n      }\n    }\n  ]\n}\n<\/script><\/p>","protected":false},"excerpt":{"rendered":"<p>Az oszt\u00f3m\u0171ben tal\u00e1lhat\u00f3 l\u00e1nc felel az \u00e1lland\u00f3 egys\u00e9ges er\u0151\u00e1tvitel\u00e9rt. \u00d6sszek\u00f6ttet\u00e9st biztos\u00edt az els\u0151 \u00e9s h\u00e1ts\u00f3 tengely optim\u00e1lis m\u0171k\u00f6d\u00e9s\u00e9hez. Ezzel biztos\u00edtva a 4&#215;4 hajt\u00e1st. Honnan tudom, &#8230; <\/p>\n<p class=\"read-more-container\"><a title=\"Oszt\u00f3m\u0171 l\u00e1nc (NV225)\" class=\"read-more button\" href=\"https:\/\/transfercasepartshop.com\/hu\/land-rover\/nv225\/osztomu-lanc-nv225\/#more-390540\" aria-label=\"Read more about Oszt\u00f3m\u0171 l\u00e1nc (NV225)\">Tov\u00e1bb<\/a><\/p>","protected":false},"featured_media":396940,"comment_status":"open","ping_status":"closed","template":"","meta":{"_acf_changed":false},"product_brand":[],"product_cat":[100,103],"product_tag":[373,212],"class_list":{"0":"post-390540","1":"product","2":"type-product","3":"status-publish","4":"has-post-thumbnail","6":"product_cat-land-rover","7":"product_cat-nv225","8":"product_tag-borg-warner","9":"product_tag-lancok","10":"infinite-scroll-item","11":"no-featured-image-padding","12":"resize-featured-image","13":"sales-flash-overlay","14":"woocommerce-text-align-center","15":"woocommerce-image-align-center","16":"wc-has-gallery","18":"first","19":"instock","20":"taxable","21":"shipping-taxable","22":"purchasable","23":"product-type-simple"},"acf":{"s-tec_number":"SP00520","oem-ref":"IAB000031, IAB000033","tartalom":"","lamella-alert":"","transfer_case_application_v2":["Land Rover NV225 2002-2006 Range Rover"],"transfer_case_application":"","kulso_raktar":3,"google_ads_kep":423319,"gtin":9009381003632},"_links":{"self":[{"href":"https:\/\/transfercasepartshop.com\/hu\/wp-json\/wp\/v2\/product\/390540","targetHints":{"allow":["GET"]}}],"collection":[{"href":"https:\/\/transfercasepartshop.com\/hu\/wp-json\/wp\/v2\/product"}],"about":[{"href":"https:\/\/transfercasepartshop.com\/hu\/wp-json\/wp\/v2\/types\/product"}],"replies":[{"embeddable":true,"href":"https:\/\/transfercasepartshop.com\/hu\/wp-json\/wp\/v2\/comments?post=390540"}],"wp:featuredmedia":[{"embeddable":true,"href":"https:\/\/transfercasepartshop.com\/hu\/wp-json\/wp\/v2\/media\/396940"}],"wp:attachment":[{"href":"https:\/\/transfercasepartshop.com\/hu\/wp-json\/wp\/v2\/media?parent=390540"}],"wp:term":[{"taxonomy":"product_brand","embeddable":true,"href":"https:\/\/transfercasepartshop.com\/hu\/wp-json\/wp\/v2\/product_brand?post=390540"},{"taxonomy":"product_cat","embeddable":true,"href":"https:\/\/transfercasepartshop.com\/hu\/wp-json\/wp\/v2\/product_cat?post=390540"},{"taxonomy":"product_tag","embeddable":true,"href":"https:\/\/transfercasepartshop.com\/hu\/wp-json\/wp\/v2\/product_tag?post=390540"}],"curies":[{"name":"wp","href":"https:\/\/api.w.org\/{rel}","templated":true}]}}