{"id":390539,"date":"2021-11-17T15:04:24","date_gmt":"2021-11-17T14:04:24","guid":{"rendered":"https:\/\/transfercasepartshop.com\/?post_type=product&#038;p=390539"},"modified":"2026-03-23T09:40:36","modified_gmt":"2026-03-23T08:40:36","slug":"osztomu-lanc-atc54l","status":"publish","type":"product","link":"https:\/\/transfercasepartshop.com\/hu\/bmw\/atc45l\/osztomu-lanc-atc54l\/","title":{"rendered":"Oszt\u00f3m\u0171 l\u00e1nc (ATC45L)"},"content":{"rendered":"<p>Az oszt\u00f3m\u0171ben tal\u00e1lhat\u00f3 l\u00e1nc felel az \u00e1lland\u00f3 egys\u00e9ges er\u0151\u00e1tvitel\u00e9rt. \u00d6sszek\u00f6ttet\u00e9st biztos\u00edt az els\u0151 \u00e9s h\u00e1ts\u00f3 tengely optim\u00e1lis m\u0171k\u00f6d\u00e9s\u00e9hez. Ezzel biztos\u00edtva a 4&#215;4 hajt\u00e1st.<\/p>\n<div class=\"faq-section\">\n<details>\n<summary>Honnan tudom, ha megny\u00falt az ATC45L oszt\u00f3m\u0171 l\u00e1ncom?<\/summary>\n<p>A leggyakoribb t\u00fcnet a gyors\u00edt\u00e1skor jelentkez\u0151 r\u00e1ngat\u00e1s, kattog\u00f3 vagy ugr\u00e1l\u00f3 hang az aut\u00f3 al\u00f3l, illetve a 4&#215;4 rendszer hiba\u00fczenetei. Ha a l\u00e1nc megny\u00falik, \u00e1tugrik a fogaskerekeken, ami bizonytalan er\u0151\u00e1tvitelt eredm\u00e9nyez.<\/p>\n<\/details>\n<details>\n<summary>Milyen BMW t\u00edpusokhoz kompatibilis ez az ATC45L l\u00e1nc?<\/summary>\n<p>Az ATC45L oszt\u00f3m\u0171vet jellemz\u0151en az F-sz\u00e9ri\u00e1s BMW modellekben haszn\u00e1lj\u00e1k, p\u00e9ld\u00e1ul az X3 (F25), X4 (F26), X5 (F15) \u00e9s X6 (F16) t\u00edpusokban. Rendel\u00e9s el\u0151tt mindig ellen\u0151rizze az oszt\u00f3m\u0171 adatt\u00e1bl\u00e1j\u00e1t!<\/p>\n<\/details>\n<details>\n<summary>Okozhat-e komolyabb k\u00e1rt a megny\u00falt l\u00e1nc, ha nem cser\u00e9lem ki?<\/summary>\n<p>Igen, a megny\u00falt l\u00e1nc elkoptatja a fogaskerekeket, \u00e9s sz\u00e9ls\u0151s\u00e9ges esetben \u00e1tszak\u00edthatja az oszt\u00f3m\u0171 h\u00e1z\u00e1t is. A l\u00e1nc id\u0151ben t\u00f6rt\u00e9n\u0151 cser\u00e9je megel\u0151zi a teljes oszt\u00f3m\u0171 t\u00f6nkremenetel\u00e9t.<\/p>\n<\/details>\n<details>\n<summary>Mire kell figyelnem a beszerel\u00e9sn\u00e9l?<\/summary>\n<p>Az oszt\u00f3m\u0171 sz\u00e9tszerel\u00e9se nagy precizit\u00e1st ig\u00e9nyel. Fontos a bels\u0151 alkatr\u00e9szek tiszt\u00edt\u00e1sa \u00e9s a t\u00f6m\u00edt\u00e9sek ellen\u0151rz\u00e9se. A l\u00e1nc cser\u00e9j\u00e9vel egyidej\u0171leg k\u00f6telez\u0151 a friss, gy\u00e1ri specifik\u00e1ci\u00f3j\u00fa oszt\u00f3m\u0171olaj bet\u00f6lt\u00e9se.<\/p>\n<\/details>\n<details>\n<summary>Hogyan el\u0151zhetem meg az \u00faj l\u00e1nc id\u0151 el\u0151tti elhaszn\u00e1l\u00f3d\u00e1s\u00e1t?<\/summary>\n<p>A legfontosabb a rendszeres (60-80 ezer kilom\u00e9terenk\u00e9nti) olajcsere, valamint az, hogy az els\u0151 \u00e9s h\u00e1ts\u00f3 tengelyen azonos m\u00e1rk\u00e1j\u00fa \u00e9s profilm\u00e9lys\u00e9g\u0171 gumiabroncsokat haszn\u00e1ljon, elker\u00fclve a felesleges fesz\u00fclts\u00e9get a hajt\u00e1sl\u00e1ncban.<\/p>\n<\/details>\n<\/div>\n<p><script type=\"application\/ld+json\">\n{\n  \"@context\": \"https:\/\/schema.org\",\n  \"@type\": \"FAQPage\",\n  \"mainEntity\": [\n    {\n      \"@type\": \"Question\",\n      \"name\": \"Honnan tudom, ha megnyu00falt az ATC45L osztu00f3mu0171 lu00e1ncom?\",\n      \"acceptedAnswer\": {\n        \"@type\": \"Answer\",\n        \"text\": \"A leggyakoribb tu00fcnet a gyorsu00edtu00e1skor jelentkezu0151 ru00e1ngatu00e1s, kattogu00f3 vagy ugru00e1lu00f3 hang az autu00f3 alu00f3l, illetve a 4x4 rendszer hibau00fczenetei. Ha a lu00e1nc megnyu00falik, u00e1tugrik a fogaskerekeken, ami bizonytalan eru0151u00e1tvitelt eredmu00e9nyez.\"\n      }\n    },\n    {\n      \"@type\": \"Question\",\n      \"name\": \"Milyen BMW tu00edpusokhoz kompatibilis ez az ATC45L lu00e1nc?\",\n      \"acceptedAnswer\": {\n        \"@type\": \"Answer\",\n        \"text\": \"Az ATC45L osztu00f3mu0171vet jellemzu0151en az F-szu00e9riu00e1s BMW modellekben hasznu00e1lju00e1k, pu00e9ldu00e1ul az X3 (F25), X4 (F26), X5 (F15) u00e9s X6 (F16) tu00edpusokban. Rendelu00e9s elu0151tt mindig ellenu0151rizze az osztu00f3mu0171 adattu00e1blu00e1ju00e1t!\"\n      }\n    },\n    {\n      \"@type\": \"Question\",\n      \"name\": \"Okozhat-e komolyabb ku00e1rt a megnyu00falt lu00e1nc, ha nem cseru00e9lem ki?\",\n      \"acceptedAnswer\": {\n        \"@type\": \"Answer\",\n        \"text\": \"Igen, a megnyu00falt lu00e1nc elkoptatja a fogaskerekeket, u00e9s szu00e9lsu0151su00e9ges esetben u00e1tszaku00edthatja az osztu00f3mu0171 hu00e1zu00e1t is. A lu00e1nc idu0151ben tu00f6rtu00e9nu0151 cseru00e9je megelu0151zi a teljes osztu00f3mu0171 tu00f6nkremenetelu00e9t.\"\n      }\n    },\n    {\n      \"@type\": \"Question\",\n      \"name\": \"Mire kell figyelnem a beszerelu00e9snu00e9l?\",\n      \"acceptedAnswer\": {\n        \"@type\": \"Answer\",\n        \"text\": \"Az osztu00f3mu0171 szu00e9tszerelu00e9se nagy precizitu00e1st igu00e9nyel. Fontos a belsu0151 alkatru00e9szek tisztu00edtu00e1sa u00e9s a tu00f6mu00edtu00e9sek ellenu0151rzu00e9se. A lu00e1nc cseru00e9ju00e9vel egyideju0171leg ku00f6telezu0151 a friss, gyu00e1ri specifiku00e1ciu00f3ju00fa osztu00f3mu0171olaj betu00f6ltu00e9se.\"\n      }\n    },\n    {\n      \"@type\": \"Question\",\n      \"name\": \"Hogyan elu0151zhetem meg az u00faj lu00e1nc idu0151 elu0151tti elhasznu00e1lu00f3du00e1su00e1t?\",\n      \"acceptedAnswer\": {\n        \"@type\": \"Answer\",\n        \"text\": \"A legfontosabb a rendszeres (60-80 ezer kilomu00e9terenku00e9nti) olajcsere, valamint az, hogy az elsu0151 u00e9s hu00e1tsu00f3 tengelyen azonos mu00e1rku00e1ju00fa u00e9s profilmu00e9lysu00e9gu0171 gumiabroncsokat hasznu00e1ljon, elkeru00fclve a felesleges feszu00fcltsu00e9get a hajtu00e1slu00e1ncban.\"\n      }\n    }\n  ]\n}\n<\/script><\/p>","protected":false},"excerpt":{"rendered":"<p>Az oszt\u00f3m\u0171ben tal\u00e1lhat\u00f3 l\u00e1nc felel az \u00e1lland\u00f3 egys\u00e9ges er\u0151\u00e1tvitel\u00e9rt. \u00d6sszek\u00f6ttet\u00e9st biztos\u00edt az els\u0151 \u00e9s h\u00e1ts\u00f3 tengely optim\u00e1lis m\u0171k\u00f6d\u00e9s\u00e9hez. Ezzel biztos\u00edtva a 4&#215;4 hajt\u00e1st. Honnan tudom, &#8230; <\/p>\n<p class=\"read-more-container\"><a title=\"Oszt\u00f3m\u0171 l\u00e1nc (ATC45L)\" class=\"read-more button\" href=\"https:\/\/transfercasepartshop.com\/hu\/bmw\/atc45l\/osztomu-lanc-atc54l\/#more-390539\" aria-label=\"Read more about Oszt\u00f3m\u0171 l\u00e1nc (ATC45L)\">Tov\u00e1bb<\/a><\/p>","protected":false},"featured_media":397589,"comment_status":"open","ping_status":"closed","template":"","meta":{"_acf_changed":false},"product_brand":[],"product_cat":[86,90],"product_tag":[373,212],"class_list":{"0":"post-390539","1":"product","2":"type-product","3":"status-publish","4":"has-post-thumbnail","6":"product_cat-bmw","7":"product_cat-atc45l","8":"product_tag-borg-warner","9":"product_tag-lancok","10":"infinite-scroll-item","11":"no-featured-image-padding","12":"resize-featured-image","13":"sales-flash-overlay","14":"woocommerce-text-align-center","15":"woocommerce-image-align-center","16":"wc-has-gallery","18":"first","19":"instock","20":"taxable","21":"shipping-taxable","22":"purchasable","23":"product-type-simple"},"acf":{"s-tec_number":"SP00443","oem-ref":"BMW 27107505376, 27107505377, 27107619644, 27107619645, 27107619646, 27107629177, 27107629178, 27107629179, 27107636180, 27107636444, 27107636445, 27107636487, 27107636488, 27107636489, 27107639265, 27107639273, 27107639274, 27107643758, 27107643759, 27107643760, 27107649182, 27107649784, 27107852166, 27107854164, 27108604770, 27108604771, 27108612554, 27108612555, 27108623348, 27108623349, 27108643151, 27108643152, 27108697255, 27108697256, 27108697262","tartalom":"","lamella-alert":"","transfer_case_application_v2":["BMW ATC45L 2006-2013 X5 E70, E70 LCI","BMW ATC45L 2008-2014 X6 E71, E72 hybrid","BMW ATC45L 2010-2017 X3 F25","BMW ATC45L 2013-2018 X5 F15","BMW ATC45L 2014- X6 M F86","BMW ATC45L 2014-2018 X4 F26","BMW ATC45L 2014-2018 X6 F16"],"transfer_case_application":"","kulso_raktar":7,"google_ads_kep":423437,"gtin":9009381099727},"_links":{"self":[{"href":"https:\/\/transfercasepartshop.com\/hu\/wp-json\/wp\/v2\/product\/390539","targetHints":{"allow":["GET"]}}],"collection":[{"href":"https:\/\/transfercasepartshop.com\/hu\/wp-json\/wp\/v2\/product"}],"about":[{"href":"https:\/\/transfercasepartshop.com\/hu\/wp-json\/wp\/v2\/types\/product"}],"replies":[{"embeddable":true,"href":"https:\/\/transfercasepartshop.com\/hu\/wp-json\/wp\/v2\/comments?post=390539"}],"wp:featuredmedia":[{"embeddable":true,"href":"https:\/\/transfercasepartshop.com\/hu\/wp-json\/wp\/v2\/media\/397589"}],"wp:attachment":[{"href":"https:\/\/transfercasepartshop.com\/hu\/wp-json\/wp\/v2\/media?parent=390539"}],"wp:term":[{"taxonomy":"product_brand","embeddable":true,"href":"https:\/\/transfercasepartshop.com\/hu\/wp-json\/wp\/v2\/product_brand?post=390539"},{"taxonomy":"product_cat","embeddable":true,"href":"https:\/\/transfercasepartshop.com\/hu\/wp-json\/wp\/v2\/product_cat?post=390539"},{"taxonomy":"product_tag","embeddable":true,"href":"https:\/\/transfercasepartshop.com\/hu\/wp-json\/wp\/v2\/product_tag?post=390539"}],"curies":[{"name":"wp","href":"https:\/\/api.w.org\/{rel}","templated":true}]}}