{"id":390536,"date":"2021-11-17T15:04:23","date_gmt":"2021-11-17T14:04:23","guid":{"rendered":"https:\/\/transfercasepartshop.com\/?post_type=product&#038;p=390536"},"modified":"2026-03-23T09:40:31","modified_gmt":"2026-03-23T08:40:31","slug":"osztomu-tengely-kapcsolo-kar-atc400-atc500-atc700-2","status":"publish","type":"product","link":"https:\/\/transfercasepartshop.com\/hu\/bmw\/atc400\/osztomu-tengely-kapcsolo-kar-atc400-atc500-atc700-2\/","title":{"rendered":"Oszt\u00f3m\u0171 tengely kapcsol\u00f3 kar (ATC400, ATC500, ATC700)"},"content":{"rendered":"<p>A tengely kapcsol\u00f3 kar felel a hi\u00e1nytalan nyomat\u00e9k \u00e1tvitel\u00e9rt \u00e9s a tengelyek id\u0151szakonk\u00e9nti sz\u00e9t illetve \u00f6sszekapcsol\u00e1s\u00e1\u00e9rt.<\/p>\n<div class=\"faq-section\">\n<details>\n<summary>Mi\u00e9rt r\u00e1ngat az aut\u00f3m kanyarod\u00e1skor? Lehet ez a kapcsol\u00f3 kar hib\u00e1ja?<\/summary>\n<p>Igen, a r\u00e1ngat\u00e1s vagy fesz\u00fcl\u00e9s kanyarod\u00e1skor gyakran az oszt\u00f3m\u0171 mechanikai hib\u00e1j\u00e1ra utal. Ha a kapcsol\u00f3 kar elkopott vagy deform\u00e1l\u00f3dott, nem tudja megfelel\u0151en szab\u00e1lyozni a lamell\u00e1k szor\u00edt\u00e1s\u00e1t, ami akad\u00e1lyozza a tengelyek k\u00f6z\u00f6tti egyenletes nyomat\u00e9keloszt\u00e1st.<\/p>\n<\/details>\n<details>\n<summary>Melyik BMW modellekhez j\u00f3 ez az alkatr\u00e9sz?<\/summary>\n<p>Ez a kapcsol\u00f3 kar az ATC400, ATC500 \u00e9s ATC700 t\u00edpus\u00fa oszt\u00f3m\u0171vekkel kompatibilis. Jellemz\u0151en a BMW X3 (E83), BMW X5 (E53, E70) \u00e9s BMW X6 (E71) modellekben tal\u00e1lhat\u00f3 meg ez a mechanika.<\/p>\n<\/details>\n<details>\n<summary>Mi a pontos feladata a tengely kapcsol\u00f3 karnak az oszt\u00f3m\u0171ben?<\/summary>\n<p>A kapcsol\u00f3 kar a l\u00e9ptet\u0151motor jel\u00e9re reag\u00e1lva mechanikusan mozgatja a tengelykapcsol\u00f3 szerkezetet. Ez felel az\u00e9rt, hogy az aut\u00f3 sz\u00fcks\u00e9g eset\u00e9n \u00f6sszekapcsolja vagy sz\u00e9tv\u00e1lassza az els\u0151 \u00e9s h\u00e1ts\u00f3 tengelyek hajt\u00e1s\u00e1t.<\/p>\n<\/details>\n<details>\n<summary>Honnan tudom, hogy ki kell cser\u00e9lni ezt az alkatr\u00e9szt a fel\u00faj\u00edt\u00e1s sor\u00e1n?<\/summary>\n<p>Ha az oszt\u00f3m\u0171 sz\u00e9tszerel\u00e9sekor a kar fel\u00fclet\u00e9n m\u00e9ly ber\u00e1g\u00f3d\u00e1sokat, kop\u00e1st vagy g\u00f6rb\u00fcletet l\u00e1tsz, a csere elengedhetetlen. A hib\u00e1s kar pontatlan m\u0171k\u00f6d\u00e9st \u00e9s az \u00faj lamell\u00e1k id\u0151 el\u0151tti kop\u00e1s\u00e1t okozhatja.<\/p>\n<\/details>\n<details>\n<summary>Okozhat a kopott kapcsol\u00f3 kar 4&#215;4 hiba\u00fczenetet a m\u0171szerfalon?<\/summary>\n<p>K\u00f6zvetve igen. Ha a kar mechanikusan megszorul, az oszt\u00f3m\u0171 \u00e1ll\u00edt\u00f3motorja (actuator) nem tudja elv\u00e9gezni a kalibr\u00e1ci\u00f3t, ami miatt a rendszer hiba\u00fczenetet k\u00fcld \u00e9s gyakran kikapcsolja az \u00f6sszker\u00e9khajt\u00e1st.<\/p>\n<\/details>\n<\/div>\n<p><script type=\"application\/ld+json\">\n{\n  \"@context\": \"https:\/\/schema.org\",\n  \"@type\": \"FAQPage\",\n  \"mainEntity\": [\n    {\n      \"@type\": \"Question\",\n      \"name\": \"Miu00e9rt ru00e1ngat az autu00f3m kanyarodu00e1skor? Lehet ez a kapcsolu00f3 kar hibu00e1ja?\",\n      \"acceptedAnswer\": {\n        \"@type\": \"Answer\",\n        \"text\": \"Igen, a ru00e1ngatu00e1s vagy feszu00fclu00e9s kanyarodu00e1skor gyakran az osztu00f3mu0171 mechanikai hibu00e1ju00e1ra utal. Ha a kapcsolu00f3 kar elkopott vagy deformu00e1lu00f3dott, nem tudja megfelelu0151en szabu00e1lyozni a lamellu00e1k szoru00edtu00e1su00e1t, ami akadu00e1lyozza a tengelyek ku00f6zu00f6tti egyenletes nyomatu00e9kelosztu00e1st.\"\n      }\n    },\n    {\n      \"@type\": \"Question\",\n      \"name\": \"Melyik BMW modellekhez ju00f3 ez az alkatru00e9sz?\",\n      \"acceptedAnswer\": {\n        \"@type\": \"Answer\",\n        \"text\": \"Ez a kapcsolu00f3 kar az ATC400, ATC500 u00e9s ATC700 tu00edpusu00fa osztu00f3mu0171vekkel kompatibilis. Jellemzu0151en a BMW X3 (E83), BMW X5 (E53, E70) u00e9s BMW X6 (E71) modellekben talu00e1lhatu00f3 meg ez a mechanika.\"\n      }\n    },\n    {\n      \"@type\": \"Question\",\n      \"name\": \"Mi a pontos feladata a tengely kapcsolu00f3 karnak az osztu00f3mu0171ben?\",\n      \"acceptedAnswer\": {\n        \"@type\": \"Answer\",\n        \"text\": \"A kapcsolu00f3 kar a lu00e9ptetu0151motor jelu00e9re reagu00e1lva mechanikusan mozgatja a tengelykapcsolu00f3 szerkezetet. Ez felel azu00e9rt, hogy az autu00f3 szu00fcksu00e9g esetu00e9n u00f6sszekapcsolja vagy szu00e9tvu00e1lassza az elsu0151 u00e9s hu00e1tsu00f3 tengelyek hajtu00e1su00e1t.\"\n      }\n    },\n    {\n      \"@type\": \"Question\",\n      \"name\": \"Honnan tudom, hogy ki kell cseru00e9lni ezt az alkatru00e9szt a felu00faju00edtu00e1s soru00e1n?\",\n      \"acceptedAnswer\": {\n        \"@type\": \"Answer\",\n        \"text\": \"Ha az osztu00f3mu0171 szu00e9tszerelu00e9sekor a kar felu00fcletu00e9n mu00e9ly beru00e1gu00f3du00e1sokat, kopu00e1st vagy gu00f6rbu00fcletet lu00e1tsz, a csere elengedhetetlen. A hibu00e1s kar pontatlan mu0171ku00f6du00e9st u00e9s az u00faj lamellu00e1k idu0151 elu0151tti kopu00e1su00e1t okozhatja.\"\n      }\n    },\n    {\n      \"@type\": \"Question\",\n      \"name\": \"Okozhat a kopott kapcsolu00f3 kar 4x4 hibau00fczenetet a mu0171szerfalon?\",\n      \"acceptedAnswer\": {\n        \"@type\": \"Answer\",\n        \"text\": \"Ku00f6zvetve igen. Ha a kar mechanikusan megszorul, az osztu00f3mu0171 u00e1llu00edtu00f3motorja (actuator) nem tudja elvu00e9gezni a kalibru00e1ciu00f3t, ami miatt a rendszer hibau00fczenetet ku00fcld u00e9s gyakran kikapcsolja az u00f6sszkeru00e9khajtu00e1st.\"\n      }\n    }\n  ]\n}\n<\/script><\/p>","protected":false},"excerpt":{"rendered":"<p>A tengely kapcsol\u00f3 kar felel a hi\u00e1nytalan nyomat\u00e9k \u00e1tvitel\u00e9rt \u00e9s a tengelyek id\u0151szakonk\u00e9nti sz\u00e9t illetve \u00f6sszekapcsol\u00e1s\u00e1\u00e9rt. Mi\u00e9rt r\u00e1ngat az aut\u00f3m kanyarod\u00e1skor? Lehet ez a kapcsol\u00f3 &#8230; <\/p>\n<p class=\"read-more-container\"><a title=\"Oszt\u00f3m\u0171 tengely kapcsol\u00f3 kar (ATC400, ATC500, ATC700)\" class=\"read-more button\" href=\"https:\/\/transfercasepartshop.com\/hu\/bmw\/atc400\/osztomu-tengely-kapcsolo-kar-atc400-atc500-atc700-2\/#more-390536\" aria-label=\"Read more about Oszt\u00f3m\u0171 tengely kapcsol\u00f3 kar (ATC400, ATC500, ATC700)\">Tov\u00e1bb<\/a><\/p>","protected":false},"featured_media":398237,"comment_status":"open","ping_status":"closed","template":"","meta":{"_acf_changed":false},"product_brand":[],"product_cat":[86,65,67,68],"product_tag":[208,390],"class_list":{"0":"post-390536","1":"product","2":"type-product","3":"status-publish","4":"has-post-thumbnail","6":"product_cat-bmw","7":"product_cat-atc400","8":"product_cat-atc500","9":"product_cat-atc700","10":"product_tag-kuplung-alkatreszei","11":"product_tag-magna-powertrain","12":"infinite-scroll-item","13":"no-featured-image-padding","14":"resize-featured-image","15":"sales-flash-overlay","16":"woocommerce-text-align-center","17":"woocommerce-image-align-center","18":"wc-has-gallery","20":"first","21":"instock","22":"taxable","23":"shipping-taxable","24":"purchasable","25":"product-type-simple"},"acf":{"s-tec_number":"SP00395","oem-ref":"","tartalom":"","lamella-alert":"","transfer_case_application_v2":["BMW ATC400 2003-2010 X3 E83, E83 LCI","BMW ATC500 2003-2006 X5 E53","BMW ATC700 2006-2013 X5 E70, E70 LCI","BMW ATC700 2008-2014 X6 E71, E72 hybrid"],"transfer_case_application":"","kulso_raktar":1,"google_ads_kep":423455,"gtin":9009381036814},"_links":{"self":[{"href":"https:\/\/transfercasepartshop.com\/hu\/wp-json\/wp\/v2\/product\/390536","targetHints":{"allow":["GET"]}}],"collection":[{"href":"https:\/\/transfercasepartshop.com\/hu\/wp-json\/wp\/v2\/product"}],"about":[{"href":"https:\/\/transfercasepartshop.com\/hu\/wp-json\/wp\/v2\/types\/product"}],"replies":[{"embeddable":true,"href":"https:\/\/transfercasepartshop.com\/hu\/wp-json\/wp\/v2\/comments?post=390536"}],"wp:featuredmedia":[{"embeddable":true,"href":"https:\/\/transfercasepartshop.com\/hu\/wp-json\/wp\/v2\/media\/398237"}],"wp:attachment":[{"href":"https:\/\/transfercasepartshop.com\/hu\/wp-json\/wp\/v2\/media?parent=390536"}],"wp:term":[{"taxonomy":"product_brand","embeddable":true,"href":"https:\/\/transfercasepartshop.com\/hu\/wp-json\/wp\/v2\/product_brand?post=390536"},{"taxonomy":"product_cat","embeddable":true,"href":"https:\/\/transfercasepartshop.com\/hu\/wp-json\/wp\/v2\/product_cat?post=390536"},{"taxonomy":"product_tag","embeddable":true,"href":"https:\/\/transfercasepartshop.com\/hu\/wp-json\/wp\/v2\/product_tag?post=390536"}],"curies":[{"name":"wp","href":"https:\/\/api.w.org\/{rel}","templated":true}]}}