{"id":390535,"date":"2021-11-17T15:04:23","date_gmt":"2021-11-17T14:04:23","guid":{"rendered":"https:\/\/transfercasepartshop.com\/?post_type=product&#038;p=390535"},"modified":"2026-03-23T09:40:29","modified_gmt":"2026-03-23T08:40:29","slug":"osztomu-tengely-kapcsolo-kar-atc400-atc500-atc700","status":"publish","type":"product","link":"https:\/\/transfercasepartshop.com\/hu\/bmw\/atc400\/osztomu-tengely-kapcsolo-kar-atc400-atc500-atc700\/","title":{"rendered":"Oszt\u00f3m\u0171 tengely kapcsol\u00f3 kar (ATC400, ATC500, ATC700)"},"content":{"rendered":"<p>A tengely kapcsol\u00f3 kar felel a hi\u00e1nytalan nyomat\u00e9k \u00e1tvitel\u00e9rt \u00e9s a tengelyek id\u0151szakonk\u00e9nti sz\u00e9t illetve \u00f6sszekapcsol\u00e1s\u00e1\u00e9rt.<\/p>\n<section>\n<details>\n<summary>Milyen t\u00fcnetek utalnak az oszt\u00f3m\u0171 tengely kapcsol\u00f3 kar meghib\u00e1sod\u00e1s\u00e1ra?<\/summary>\n<p>A leggyakoribb jelek k\u00f6z\u00e9 tartozik a gyors\u00edt\u00e1skor \u00e9rezhet\u0151 r\u00e1ngat\u00e1s, az \u00f6sszker\u00e9khajt\u00e1s (4&#215;4) hiba\u00fczenet megjelen\u00e9se a m\u0171szerfalon, vagy a kattog\u00f3 hang az aut\u00f3 al\u00f3l. Ha a kar elkopik vagy megszorul, a tengelyek k\u00f6z\u00f6tti nyomat\u00e9keloszt\u00e1s pontatlann\u00e1 v\u00e1lik.<\/p>\n<\/details>\n<details>\n<summary>Pontosan melyik BMW modellekhez j\u00f3 ez az alkatr\u00e9sz?<\/summary>\n<p>Ez a kapcsol\u00f3 kar az ATC400 (BMW X3 E83), ATC500 (BMW X5 E53) \u00e9s ATC700 (BMW X5 E70, X6 E71) oszt\u00f3m\u0171vekkel szerelt modellekhez kompatibilis. K\u00e9rj\u00fck, ellen\u0151rizze az oszt\u00f3m\u0171 t\u00edpus\u00e1t a v\u00e1s\u00e1rl\u00e1s el\u0151tt!<\/p>\n<\/details>\n<details>\n<summary>Mi a feladata ennek a karnak az oszt\u00f3m\u0171ben?<\/summary>\n<p>A kapcsol\u00f3 kar kulcsfontoss\u00e1g\u00fa eleme a mechanizmusnak: ez felel a tengelyek id\u0151szakonk\u00e9nti sz\u00e9t- \u00e9s \u00f6sszekapcsol\u00e1s\u00e1\u00e9rt, valamint a hi\u00e1nytalan nyomat\u00e9k \u00e1tvitel\u00e9\u00e9rt az els\u0151 \u00e9s h\u00e1ts\u00f3 kerekek k\u00f6z\u00f6tt a vez\u00e9rl\u0151motor parancs\u00e1ra.<\/p>\n<\/details>\n<details>\n<summary>Otthon is kicser\u00e9lhetem az oszt\u00f3m\u0171 kapcsol\u00f3 kart?<\/summary>\n<p>A csere az oszt\u00f3m\u0171 megbont\u00e1s\u00e1t ig\u00e9nyli, ami szak\u00e9rtelmet \u00e9s speci\u00e1lis szersz\u00e1mokat ig\u00e9nyel. A nem megfelel\u0151 beszerel\u00e9s az oszt\u00f3m\u0171 bels\u0151 szerkezet\u00e9nek maradand\u00f3 k\u00e1rosod\u00e1s\u00e1t okozhatja, ez\u00e9rt javasoljuk, hogy forduljon szakm\u0171helyhez.<\/p>\n<\/details>\n<details>\n<summary>Mi\u00e9rt jobb ez az alkatr\u00e9sz, mint egy bontott darab?<\/summary>\n<p>Az oszt\u00f3m\u0171 bels\u0151 alkatr\u00e9szei term\u00e9szetes kop\u00e1snak vannak kit\u00e9ve. Egy bontott darab \u00e1llapota bizonytalan \u00e9s gyakran m\u00e1r eleve kopott. Az \u00faj alkatr\u00e9sz be\u00e9p\u00edt\u00e9s\u00e9vel elker\u00fclheti a dupla munkad\u00edjat \u00e9s hossz\u00fa t\u00e1v\u00fa megold\u00e1st biztos\u00edt a hajt\u00e1sl\u00e1ncnak.<\/p>\n<\/details>\n<\/section>\n<p><script type=\"application\/ld+json\">\n{\n  \"@context\": \"https:\/\/schema.org\",\n  \"@type\": \"FAQPage\",\n  \"mainEntity\": [\n    {\n      \"@type\": \"Question\",\n      \"name\": \"Milyen tu00fcnetek utalnak az osztu00f3mu0171 tengely kapcsolu00f3 kar meghibu00e1sodu00e1su00e1ra?\",\n      \"acceptedAnswer\": {\n        \"@type\": \"Answer\",\n        \"text\": \"A leggyakoribb jelek ku00f6zu00e9 tartozik a gyorsu00edtu00e1skor u00e9rezhetu0151 ru00e1ngatu00e1s, az u00f6sszkeru00e9khajtu00e1s (4x4) hibau00fczenet megjelenu00e9se a mu0171szerfalon, vagy a kattogu00f3 hang az autu00f3 alu00f3l.\"\n      }\n    },\n    {\n      \"@type\": \"Question\",\n      \"name\": \"Pontosan melyik BMW modellekhez ju00f3 ez az alkatru00e9sz?\",\n      \"acceptedAnswer\": {\n        \"@type\": \"Answer\",\n        \"text\": \"Ez a kapcsolu00f3 kar az ATC400 (BMW X3 E83), ATC500 (BMW X5 E53) u00e9s ATC700 (BMW X5 E70, X6 E71) osztu00f3mu0171vekkel szerelt modellekhez kompatibilis.\"\n      }\n    },\n    {\n      \"@type\": \"Question\",\n      \"name\": \"Mi a feladata ennek a karnak az osztu00f3mu0171ben?\",\n      \"acceptedAnswer\": {\n        \"@type\": \"Answer\",\n        \"text\": \"A kapcsolu00f3 kar felel a tengelyek idu0151szakonku00e9nti szu00e9t- u00e9s u00f6sszekapcsolu00e1su00e1u00e9rt, valamint a hiu00e1nytalan nyomatu00e9k u00e1tvitelu00e9u00e9rt az elsu0151 u00e9s hu00e1tsu00f3 kerekek ku00f6zu00f6tt.\"\n      }\n    },\n    {\n      \"@type\": \"Question\",\n      \"name\": \"Otthon is kicseru00e9lhetem az osztu00f3mu0171 kapcsolu00f3 kart?\",\n      \"acceptedAnswer\": {\n        \"@type\": \"Answer\",\n        \"text\": \"A csere az osztu00f3mu0171 megbontu00e1su00e1t igu00e9nyli, ami szaku00e9rtelmet igu00e9nyel. A nem megfelelu0151 beszerelu00e9s ku00e1rosu00edthatja az osztu00f3mu0171vet, ezu00e9rt szakmu0171hely javasolt.\"\n      }\n    },\n    {\n      \"@type\": \"Question\",\n      \"name\": \"Miu00e9rt jobb ez az alkatru00e9sz, mint egy bontott darab?\",\n      \"acceptedAnswer\": {\n        \"@type\": \"Answer\",\n        \"text\": \"Az u00faj alkatru00e9sz garantu00e1ltan kopu00e1smentes u00e9s hosszu00fa u00e9lettartamot biztosu00edt, mu00edg a bontott darabok u00e1llapota bizonytalan u00e9s hamarabb tu00f6nkremehetnek.\"\n      }\n    }\n  ]\n}\n<\/script><\/p>","protected":false},"excerpt":{"rendered":"<p>A tengely kapcsol\u00f3 kar felel a hi\u00e1nytalan nyomat\u00e9k \u00e1tvitel\u00e9rt \u00e9s a tengelyek id\u0151szakonk\u00e9nti sz\u00e9t illetve \u00f6sszekapcsol\u00e1s\u00e1\u00e9rt. Milyen t\u00fcnetek utalnak az oszt\u00f3m\u0171 tengely kapcsol\u00f3 kar meghib\u00e1sod\u00e1s\u00e1ra? &#8230; <\/p>\n<p class=\"read-more-container\"><a title=\"Oszt\u00f3m\u0171 tengely kapcsol\u00f3 kar (ATC400, ATC500, ATC700)\" class=\"read-more button\" href=\"https:\/\/transfercasepartshop.com\/hu\/bmw\/atc400\/osztomu-tengely-kapcsolo-kar-atc400-atc500-atc700\/#more-390535\" aria-label=\"Read more about Oszt\u00f3m\u0171 tengely kapcsol\u00f3 kar (ATC400, ATC500, ATC700)\">Tov\u00e1bb<\/a><\/p>","protected":false},"featured_media":398021,"comment_status":"open","ping_status":"closed","template":"","meta":{"_acf_changed":false},"product_brand":[],"product_cat":[86,65,67,68],"product_tag":[208,390],"class_list":{"0":"post-390535","1":"product","2":"type-product","3":"status-publish","4":"has-post-thumbnail","6":"product_cat-bmw","7":"product_cat-atc400","8":"product_cat-atc500","9":"product_cat-atc700","10":"product_tag-kuplung-alkatreszei","11":"product_tag-magna-powertrain","12":"infinite-scroll-item","13":"no-featured-image-padding","14":"resize-featured-image","15":"sales-flash-overlay","16":"woocommerce-text-align-center","17":"woocommerce-image-align-center","18":"wc-has-gallery","20":"first","21":"instock","22":"taxable","23":"shipping-taxable","24":"purchasable","25":"product-type-simple"},"acf":{"s-tec_number":"SP00394","oem-ref":"","tartalom":"","lamella-alert":"","transfer_case_application_v2":["BMW ATC400 2003-2010 X3 E83, E83 LCI","BMW ATC500 2003-2006 X5 E53","BMW ATC700 2006-2013 X5 E70, E70 LCI","BMW ATC700 2008-2014 X6 E71, E72 hybrid"],"transfer_case_application":"","kulso_raktar":4,"google_ads_kep":423453,"gtin":9009381036784},"_links":{"self":[{"href":"https:\/\/transfercasepartshop.com\/hu\/wp-json\/wp\/v2\/product\/390535","targetHints":{"allow":["GET"]}}],"collection":[{"href":"https:\/\/transfercasepartshop.com\/hu\/wp-json\/wp\/v2\/product"}],"about":[{"href":"https:\/\/transfercasepartshop.com\/hu\/wp-json\/wp\/v2\/types\/product"}],"replies":[{"embeddable":true,"href":"https:\/\/transfercasepartshop.com\/hu\/wp-json\/wp\/v2\/comments?post=390535"}],"wp:featuredmedia":[{"embeddable":true,"href":"https:\/\/transfercasepartshop.com\/hu\/wp-json\/wp\/v2\/media\/398021"}],"wp:attachment":[{"href":"https:\/\/transfercasepartshop.com\/hu\/wp-json\/wp\/v2\/media?parent=390535"}],"wp:term":[{"taxonomy":"product_brand","embeddable":true,"href":"https:\/\/transfercasepartshop.com\/hu\/wp-json\/wp\/v2\/product_brand?post=390535"},{"taxonomy":"product_cat","embeddable":true,"href":"https:\/\/transfercasepartshop.com\/hu\/wp-json\/wp\/v2\/product_cat?post=390535"},{"taxonomy":"product_tag","embeddable":true,"href":"https:\/\/transfercasepartshop.com\/hu\/wp-json\/wp\/v2\/product_tag?post=390535"}],"curies":[{"name":"wp","href":"https:\/\/api.w.org\/{rel}","templated":true}]}}