{"id":390524,"date":"2021-11-17T15:04:18","date_gmt":"2021-11-17T14:04:18","guid":{"rendered":"https:\/\/transfercasepartshop.com\/?post_type=product&#038;p=390524"},"modified":"2026-03-23T09:40:15","modified_gmt":"2026-03-23T08:40:15","slug":"lanc-vezeto-csuszka-szett-atc400-atc700-itc-dd295-dcd","status":"publish","type":"product","link":"https:\/\/transfercasepartshop.com\/hu\/mercedes-benz\/dcd\/lanc-vezeto-csuszka-szett-atc400-atc700-itc-dd295-dcd\/","title":{"rendered":"L\u00e1nc vezet\u0151 cs\u00faszka szett (ATC400, ATC700, ITC DD295, DCD)"},"content":{"rendered":"<p>Speci\u00e1lis h\u0151\u00e1ll\u00f3 m\u0171anyagb\u00f3l k\u00e9sz\u00fclt alkatr\u00e9sz. A szerep egy\u00e9rtelm\u0171, a l\u00e1nc mozg\u00e1s\u00e1t stabiliz\u00e1lja.<\/p>\n<div>\n<details>\n<summary>Mi\u00e9rt hallok kattog\u00f3 vagy z\u00f6rg\u0151 hangot az oszt\u00f3m\u0171 fel\u0151l gyors\u00edt\u00e1skor?<\/summary>\n<p>A leggyakoribb ok a l\u00e1nc vezet\u0151 cs\u00faszk\u00e1k elkop\u00e1sa vagy t\u00f6r\u00e9se. Ha a cs\u00faszka nem stabiliz\u00e1lja megfelel\u0151en a l\u00e1ncot, az belazulhat \u00e9s hozz\u00e1\u00e9rhet az oszt\u00f3m\u0171 h\u00e1z\u00e1hoz, ami f\u00e9mes z\u00f6rejeket \u00e9s hossz\u00fa t\u00e1von a l\u00e1nc megny\u00fal\u00e1s\u00e1t okozza.<\/p>\n<\/details>\n<details>\n<summary>Ez a szett j\u00f3 lesz a BMW X5-\u00f6s\u00f6mh\u00f6z (ATC700)?<\/summary>\n<p>Igen, ez a k\u00e9szlet kifejezetten kompatibilis a BMW ATC400 (X3 E83) \u00e9s ATC700 (X5 E70) oszt\u00f3m\u0171veivel, valamint bizonyos Mercedes \u00e9s Land Rover (ITC DD295) modellekkel is. A speci\u00e1lis h\u0151\u00e1ll\u00f3 m\u0171anyag biztos\u00edtja a gy\u00e1ri min\u0151s\u00e9get.<\/p>\n<\/details>\n<details>\n<summary>T\u00e9nyleg b\u00edrja a h\u0151t ez a m\u0171anyag alkatr\u00e9sz?<\/summary>\n<p>Igen, az alkatr\u00e9sz speci\u00e1lis, nagy s\u0171r\u0171s\u00e9g\u0171 h\u0151\u00e1ll\u00f3 polimerb\u0151l k\u00e9sz\u00fcl. Ezt \u00fagy tervezt\u00e9k, hogy az oszt\u00f3m\u0171ben fell\u00e9p\u0151 tart\u00f3s s\u00farl\u00f3d\u00e1s \u00e9s a forr\u00f3 ken\u0151olaj mellett is meg\u0151rizze formatart\u00e1s\u00e1t \u00e9s ne v\u00e1ljon ridegg\u00e9.<\/p>\n<\/details>\n<details>\n<summary>Megoldja ez az alkatr\u00e9sz az oszt\u00f3m\u0171 r\u00e1ngat\u00e1s\u00e1t?<\/summary>\n<p>Ha a r\u00e1ngat\u00e1st a l\u00e1nc instabil mozg\u00e1sa vagy a l\u00e1ncvezet\u0151 hi\u00e1nya miatti vibr\u00e1ci\u00f3 okozza, akkor igen. Ugyanakkor \u00e9rdemes ellen\u0151rizni a l\u00e1nc \u00e1llapot\u00e1t is; ha a l\u00e1nc m\u00e1r megny\u00falt, a cs\u00faszka cser\u00e9je mellett a l\u00e1ncot is javasolt \u00fajra cser\u00e9lni.<\/p>\n<\/details>\n<details>\n<summary>Otthon is kicser\u00e9lhet\u0151 a l\u00e1nc vezet\u0151 cs\u00faszka?<\/summary>\n<p>A csere az oszt\u00f3m\u0171 teljes sz\u00e9tszerel\u00e9s\u00e9t ig\u00e9nyli. Ha rendelkezik megfelel\u0151 szersz\u00e1mokkal \u00e9s tapasztalattal az oszt\u00f3m\u0171vek jav\u00edt\u00e1s\u00e1ban, elv\u00e9gezhet\u0151, de a prec\u00edz illeszt\u00e9s miatt javasoljuk szakm\u0171hely felkeres\u00e9s\u00e9t.<\/p>\n<\/details>\n<\/div>\n<p><script type=\"application\/ld+json\">\n{\n  \"@context\": \"https:\/\/schema.org\",\n  \"@type\": \"FAQPage\",\n  \"mainEntity\": [\n    {\n      \"@type\": \"Question\",\n      \"name\": \"Miu00e9rt hallok kattogu00f3 vagy zu00f6rgu0151 hangot az osztu00f3mu0171 felu0151l gyorsu00edtu00e1skor?\",\n      \"acceptedAnswer\": {\n        \"@type\": \"Answer\",\n        \"text\": \"A leggyakoribb ok a lu00e1nc vezetu0151 csu00faszku00e1k elkopu00e1sa vagy tu00f6ru00e9se. Ha a csu00faszka nem stabilizu00e1lja megfelelu0151en a lu00e1ncot, az belazulhat u00e9s hozzu00e1u00e9rhet az osztu00f3mu0171 hu00e1zu00e1hoz.\"\n      }\n    },\n    {\n      \"@type\": \"Question\",\n      \"name\": \"Ez a szett ju00f3 lesz a BMW X5-u00f6su00f6mhu00f6z (ATC700)?\",\n      \"acceptedAnswer\": {\n        \"@type\": \"Answer\",\n        \"text\": \"Igen, ez a ku00e9szlet kifejezetten kompatibilis a BMW ATC400 (X3 E83) u00e9s ATC700 (X5 E70) osztu00f3mu0171veivel, valamint bizonyos Mercedes u00e9s Land Rover (ITC DD295) modellekkel is.\"\n      }\n    },\n    {\n      \"@type\": \"Question\",\n      \"name\": \"Tu00e9nyleg bu00edrja a hu0151t ez a mu0171anyag alkatru00e9sz?\",\n      \"acceptedAnswer\": {\n        \"@type\": \"Answer\",\n        \"text\": \"Igen, az alkatru00e9sz speciu00e1lis, nagy su0171ru0171su00e9gu0171 hu0151u00e1llu00f3 polimerbu0151l ku00e9szu00fcl, amely bu00edrja a tartu00f3s su00farlu00f3du00e1st u00e9s a forru00f3 kenu0151olajat.\"\n      }\n    },\n    {\n      \"@type\": \"Question\",\n      \"name\": \"Megoldja ez az alkatru00e9sz az osztu00f3mu0171 ru00e1ngatu00e1su00e1t?\",\n      \"acceptedAnswer\": {\n        \"@type\": \"Answer\",\n        \"text\": \"Ha a ru00e1ngatu00e1st a lu00e1nc instabil mozgu00e1sa okozza, akkor igen. Javasolt azonban a lu00e1nc megnyu00falu00e1su00e1nak ellenu0151rzu00e9se is a szerelu00e9s soru00e1n.\"\n      }\n    },\n    {\n      \"@type\": \"Question\",\n      \"name\": \"Otthon is kicseru00e9lhetu0151 a lu00e1nc vezetu0151 csu00faszka?\",\n      \"acceptedAnswer\": {\n        \"@type\": \"Answer\",\n        \"text\": \"A csere az osztu00f3mu0171 teljes szu00e9tszerelu00e9su00e9t igu00e9nyli, ezu00e9rt szakmu0171hely igu00e9nybevu00e9tele javasolt a pontos illesztu00e9s u00e9s a biztonsu00e1gos mu0171ku00f6du00e9s u00e9rdeku00e9ben.\"\n      }\n    }\n  ]\n}\n<\/script><\/p>","protected":false},"excerpt":{"rendered":"<p>Speci\u00e1lis h\u0151\u00e1ll\u00f3 m\u0171anyagb\u00f3l k\u00e9sz\u00fclt alkatr\u00e9sz. A szerep egy\u00e9rtelm\u0171, a l\u00e1nc mozg\u00e1s\u00e1t stabiliz\u00e1lja. Mi\u00e9rt hallok kattog\u00f3 vagy z\u00f6rg\u0151 hangot az oszt\u00f3m\u0171 fel\u0151l gyors\u00edt\u00e1skor? A leggyakoribb ok &#8230; <\/p>\n<p class=\"read-more-container\"><a title=\"L\u00e1nc vezet\u0151 cs\u00faszka szett (ATC400, ATC700, ITC DD295, DCD)\" class=\"read-more button\" href=\"https:\/\/transfercasepartshop.com\/hu\/mercedes-benz\/dcd\/lanc-vezeto-csuszka-szett-atc400-atc700-itc-dd295-dcd\/#more-390524\" aria-label=\"Read more about L\u00e1nc vezet\u0151 cs\u00faszka szett (ATC400, ATC700, ITC DD295, DCD)\">Tov\u00e1bb<\/a><\/p>","protected":false},"featured_media":414845,"comment_status":"open","ping_status":"closed","template":"","meta":{"_acf_changed":false},"product_brand":[],"product_cat":[86,65,68,105,106,100,101],"product_tag":[212,390],"class_list":{"0":"post-390524","1":"product","2":"type-product","3":"status-publish","4":"has-post-thumbnail","6":"product_cat-bmw","7":"product_cat-atc400","8":"product_cat-atc700","9":"product_cat-mercedes-benz","10":"product_cat-dcd","11":"product_cat-land-rover","12":"product_cat-itc-dd295-2","13":"product_tag-lancok","14":"product_tag-magna-powertrain","15":"infinite-scroll-item","16":"no-featured-image-padding","17":"resize-featured-image","18":"sales-flash-overlay","19":"woocommerce-text-align-center","20":"woocommerce-image-align-center","21":"wc-has-gallery","23":"first","24":"instock","25":"taxable","26":"shipping-taxable","27":"purchasable","28":"product-type-simple"},"acf":{"s-tec_number":"SP00194","oem-ref":"","tartalom":"2db l\u00e1ncvezet\u0151 cs\u00faszka, 4db csavar","lamella-alert":"","transfer_case_application_v2":["BMW ATC400 2003-2010 X3 E83, E83 LCI","BMW ATC700 2006-2013 X5 E70, E70 LCI","BMW ATC700 2008-2014 X6 E71, E72 hybrid","Land Rover ITC DD295 2003- Discovery3","Land Rover ITC DD295 2003- Discovery4","Land Rover ITC DD295 2003- Range Rover","Land Rover ITC DD295 2003- Range Rover Sport","Mercedes-Benz DCD 2003- GL","Mercedes-Benz DCD 2003- ML"],"transfer_case_application":"","kulso_raktar":4,"google_ads_kep":423429,"gtin":9009381004264},"_links":{"self":[{"href":"https:\/\/transfercasepartshop.com\/hu\/wp-json\/wp\/v2\/product\/390524","targetHints":{"allow":["GET"]}}],"collection":[{"href":"https:\/\/transfercasepartshop.com\/hu\/wp-json\/wp\/v2\/product"}],"about":[{"href":"https:\/\/transfercasepartshop.com\/hu\/wp-json\/wp\/v2\/types\/product"}],"replies":[{"embeddable":true,"href":"https:\/\/transfercasepartshop.com\/hu\/wp-json\/wp\/v2\/comments?post=390524"}],"wp:featuredmedia":[{"embeddable":true,"href":"https:\/\/transfercasepartshop.com\/hu\/wp-json\/wp\/v2\/media\/414845"}],"wp:attachment":[{"href":"https:\/\/transfercasepartshop.com\/hu\/wp-json\/wp\/v2\/media?parent=390524"}],"wp:term":[{"taxonomy":"product_brand","embeddable":true,"href":"https:\/\/transfercasepartshop.com\/hu\/wp-json\/wp\/v2\/product_brand?post=390524"},{"taxonomy":"product_cat","embeddable":true,"href":"https:\/\/transfercasepartshop.com\/hu\/wp-json\/wp\/v2\/product_cat?post=390524"},{"taxonomy":"product_tag","embeddable":true,"href":"https:\/\/transfercasepartshop.com\/hu\/wp-json\/wp\/v2\/product_tag?post=390524"}],"curies":[{"name":"wp","href":"https:\/\/api.w.org\/{rel}","templated":true}]}}