{"id":390520,"date":"2021-11-17T15:04:17","date_gmt":"2021-11-17T14:04:17","guid":{"rendered":"https:\/\/transfercasepartshop.com\/?post_type=product&#038;p=390520"},"modified":"2026-03-23T09:40:06","modified_gmt":"2026-03-23T08:40:06","slug":"osztomu-lanc-atc400","status":"publish","type":"product","link":"https:\/\/transfercasepartshop.com\/hu\/bmw\/atc400\/osztomu-lanc-atc400\/","title":{"rendered":"Oszt\u00f3m\u0171 l\u00e1nc (ATC400)"},"content":{"rendered":"<p>Az oszt\u00f3m\u0171ben tal\u00e1lhat\u00f3 l\u00e1nc felel az \u00e1lland\u00f3 egys\u00e9ges er\u0151\u00e1tvitel\u00e9rt. \u00d6sszek\u00f6ttet\u00e9st biztos\u00edt az els\u0151 \u00e9s h\u00e1ts\u00f3 tengely optim\u00e1lis m\u0171k\u00f6d\u00e9s\u00e9hez. Ezzel biztos\u00edtva a 4&#215;4 hajt\u00e1st.<\/p>\n<div class=\"faq-container\">\n<details>\n<summary>Mik a jelei annak, hogy megny\u00falt az ATC400 oszt\u00f3m\u0171 l\u00e1ncom?<\/summary>\n<p>A leggyakoribb t\u00fcnet a hirtelen gyors\u00edt\u00e1skor hallhat\u00f3 kattog\u00f3, ugr\u00e1l\u00f3 hang az aut\u00f3 al\u00f3l, illetve a kanyarod\u00e1skor vagy elindul\u00e1skor tapasztalhat\u00f3 r\u00e1ngat\u00e1s. Ez azt jelzi, hogy a l\u00e1nc m\u00e1r nem tudja feszesen \u00e1tvinni az er\u0151t \u00e9s \u00e1tugrik a fogaskerekeken.<\/p>\n<\/details>\n<details>\n<summary>Biztosan j\u00f3 ez a l\u00e1nc a BMW X3 E83-as aut\u00f3mhoz?<\/summary>\n<p>Igen, az ATC400-as oszt\u00f3m\u0171vet kiz\u00e1r\u00f3lag a BMW X3 E83 (2003\u20132010) modellekbe szerelt\u00e9k. Ha az aut\u00f3ja ebben az \u00e9vj\u00e1ratban k\u00e9sz\u00fclt \u00e9s X3-as, ez a megfelel\u0151 alkatr\u00e9sz az oszt\u00f3m\u0171 fel\u00faj\u00edt\u00e1s\u00e1hoz.<\/p>\n<\/details>\n<details>\n<summary>Mi okozza az oszt\u00f3m\u0171 l\u00e1nc korai elhaszn\u00e1l\u00f3d\u00e1s\u00e1t?<\/summary>\n<p>A f\u0151 okok k\u00f6z\u00e9 tartozik a nem megfelel\u0151 vagy el\u00f6regedett oszt\u00f3m\u0171 olaj, az elt\u00e9r\u0151 kopotts\u00e1g\u00fa gumiabroncsok az els\u0151 \u00e9s h\u00e1ts\u00f3 tengelyen, valamint a gyakori agressz\u00edv g\u00e1zad\u00e1s, ami extra mechanikai fesz\u00fclts\u00e9get r\u00f3 a l\u00e1ncra.<\/p>\n<\/details>\n<details>\n<summary>Sz\u00fcks\u00e9ges speci\u00e1lis szersz\u00e1m a l\u00e1nc cser\u00e9j\u00e9hez?<\/summary>\n<p>Igen, az oszt\u00f3m\u0171 megbont\u00e1sa \u00e9s a l\u00e1nc cser\u00e9je szak\u00e9rtelmet \u00e9s speci\u00e1lis leh\u00faz\u00f3kat ig\u00e9nyelhet. Javasoljuk, hogy a cser\u00e9t b\u00edzza szakm\u0171helyre a garancia \u00e9s a pontos illeszt\u00e9s meg\u0151rz\u00e9se \u00e9rdek\u00e9ben.<\/p>\n<\/details>\n<details>\n<summary>Kell olajat is cser\u00e9lnem a l\u00e1nccal egy\u00fctt?<\/summary>\n<p>Mindenk\u00e9ppen! A l\u00e1nc cser\u00e9jekor az oszt\u00f3m\u0171vet le kell \u00fcr\u00edteni. Kiz\u00e1r\u00f3lag friss, gy\u00e1ri specifik\u00e1ci\u00f3nak megfelel\u0151 oszt\u00f3m\u0171 olajjal szabad felt\u00f6lteni a rendszert, hogy elker\u00fclje az \u00faj l\u00e1nc id\u0151 el\u0151tti kop\u00e1s\u00e1t.<\/p>\n<\/details>\n<\/div>\n<p><script type=\"application\/ld+json\">\n{\n  \"@context\": \"https:\/\/schema.org\",\n  \"@type\": \"FAQPage\",\n  \"mainEntity\": [\n    {\n      \"@type\": \"Question\",\n      \"name\": \"Mik a jelei annak, hogy megnyu00falt az ATC400 osztu00f3mu0171 lu00e1ncom?\",\n      \"acceptedAnswer\": {\n        \"@type\": \"Answer\",\n        \"text\": \"A leggyakoribb tu00fcnet a hirtelen gyorsu00edtu00e1skor hallhatu00f3 kattogu00f3, ugru00e1lu00f3 hang az autu00f3 alu00f3l, illetve a kanyarodu00e1skor vagy elindulu00e1skor tapasztalhatu00f3 ru00e1ngatu00e1s. Ez azt jelzi, hogy a lu00e1nc mu00e1r nem tudja feszesen u00e1tvinni az eru0151t u00e9s u00e1tugrik a fogaskerekeken.\"\n      }\n    },\n    {\n      \"@type\": \"Question\",\n      \"name\": \"Biztosan ju00f3 ez a lu00e1nc a BMW X3 E83-as autu00f3mhoz?\",\n      \"acceptedAnswer\": {\n        \"@type\": \"Answer\",\n        \"text\": \"Igen, az ATC400-as osztu00f3mu0171vet kizu00e1ru00f3lag a BMW X3 E83 (2003u20132010) modellekbe szereltu00e9k. Ha az autu00f3ja ebben az u00e9vju00e1ratban ku00e9szu00fclt u00e9s X3-as, ez a megfelelu0151 alkatru00e9sz az osztu00f3mu0171 felu00faju00edtu00e1su00e1hoz.\"\n      }\n    },\n    {\n      \"@type\": \"Question\",\n      \"name\": \"Mi okozza az osztu00f3mu0171 lu00e1nc korai elhasznu00e1lu00f3du00e1su00e1t?\",\n      \"acceptedAnswer\": {\n        \"@type\": \"Answer\",\n        \"text\": \"A fu0151 okok ku00f6zu00e9 tartozik a nem megfelelu0151 vagy elu00f6regedett osztu00f3mu0171 olaj, az eltu00e9ru0151 kopottsu00e1gu00fa gumiabroncsok az elsu0151 u00e9s hu00e1tsu00f3 tengelyen, valamint a gyakori agresszu00edv gu00e1zadu00e1s, ami extra mechanikai feszu00fcltsu00e9get ru00f3 a lu00e1ncra.\"\n      }\n    },\n    {\n      \"@type\": \"Question\",\n      \"name\": \"Szu00fcksu00e9ges speciu00e1lis szerszu00e1m a lu00e1nc cseru00e9ju00e9hez?\",\n      \"acceptedAnswer\": {\n        \"@type\": \"Answer\",\n        \"text\": \"Igen, az osztu00f3mu0171 megbontu00e1sa u00e9s a lu00e1nc cseru00e9je szaku00e9rtelmet u00e9s speciu00e1lis lehu00fazu00f3kat igu00e9nyelhet. Javasoljuk, hogy a cseru00e9t bu00edzza szakmu0171helyre a garancia u00e9s a pontos illesztu00e9s megu0151rzu00e9se u00e9rdeku00e9ben.\"\n      }\n    },\n    {\n      \"@type\": \"Question\",\n      \"name\": \"Kell olajat is cseru00e9lnem a lu00e1nccal egyu00fctt?\",\n      \"acceptedAnswer\": {\n        \"@type\": \"Answer\",\n        \"text\": \"Mindenku00e9ppen! A lu00e1nc cseru00e9jekor az osztu00f3mu0171vet le kell u00fcru00edteni. Kizu00e1ru00f3lag friss, gyu00e1ri specifiku00e1ciu00f3nak megfelelu0151 osztu00f3mu0171 olajjal szabad feltu00f6lteni a rendszert, hogy elkeru00fclje az u00faj lu00e1nc idu0151 elu0151tti kopu00e1su00e1t.\"\n      }\n    }\n  ]\n}\n<\/script><\/p>","protected":false},"excerpt":{"rendered":"<p>Az oszt\u00f3m\u0171ben tal\u00e1lhat\u00f3 l\u00e1nc felel az \u00e1lland\u00f3 egys\u00e9ges er\u0151\u00e1tvitel\u00e9rt. \u00d6sszek\u00f6ttet\u00e9st biztos\u00edt az els\u0151 \u00e9s h\u00e1ts\u00f3 tengely optim\u00e1lis m\u0171k\u00f6d\u00e9s\u00e9hez. Ezzel biztos\u00edtva a 4&#215;4 hajt\u00e1st. Mik a &#8230; <\/p>\n<p class=\"read-more-container\"><a title=\"Oszt\u00f3m\u0171 l\u00e1nc (ATC400)\" class=\"read-more button\" href=\"https:\/\/transfercasepartshop.com\/hu\/bmw\/atc400\/osztomu-lanc-atc400\/#more-390520\" aria-label=\"Read more about Oszt\u00f3m\u0171 l\u00e1nc (ATC400)\">Tov\u00e1bb<\/a><\/p>","protected":false},"featured_media":392392,"comment_status":"open","ping_status":"closed","template":"","meta":{"_acf_changed":false},"product_brand":[],"product_cat":[86,65],"product_tag":[373,212],"class_list":{"0":"post-390520","1":"product","2":"type-product","3":"status-publish","4":"has-post-thumbnail","6":"product_cat-bmw","7":"product_cat-atc400","8":"product_tag-borg-warner","9":"product_tag-lancok","10":"infinite-scroll-item","11":"no-featured-image-padding","12":"resize-featured-image","13":"sales-flash-overlay","14":"woocommerce-text-align-center","15":"woocommerce-image-align-center","16":"wc-has-gallery","18":"first","19":"instock","20":"taxable","21":"shipping-taxable","22":"purchasable","23":"product-type-simple"},"acf":{"s-tec_number":"SP00178","oem-ref":"BMW 27100362791, 27103424081, 27103427762, 27103428186, 27103434169, 27103434267, 27103435185, 27103435186, 27103435187, 27103455131, 27103455132, 27103455133, 27103455134, 27103455135, 27103455136, 27103455137, 27103455138, 27103455139, 27107526278, 27107535865, 27107545710, 27107546816, 27107555293, 27107555294, 27107555296, 27107567845, 27107567846, 27107573213, 27107573214, 27107573215, 27107573216, 27107573217, 27107573218, 27107573221, 27107573222","tartalom":"","lamella-alert":"","transfer_case_application_v2":["BMW ATC400 2003-2010 X3 E83, E83 LCI"],"transfer_case_application":"","kulso_raktar":9,"google_ads_kep":423273,"gtin":9009381000914},"_links":{"self":[{"href":"https:\/\/transfercasepartshop.com\/hu\/wp-json\/wp\/v2\/product\/390520","targetHints":{"allow":["GET"]}}],"collection":[{"href":"https:\/\/transfercasepartshop.com\/hu\/wp-json\/wp\/v2\/product"}],"about":[{"href":"https:\/\/transfercasepartshop.com\/hu\/wp-json\/wp\/v2\/types\/product"}],"replies":[{"embeddable":true,"href":"https:\/\/transfercasepartshop.com\/hu\/wp-json\/wp\/v2\/comments?post=390520"}],"wp:featuredmedia":[{"embeddable":true,"href":"https:\/\/transfercasepartshop.com\/hu\/wp-json\/wp\/v2\/media\/392392"}],"wp:attachment":[{"href":"https:\/\/transfercasepartshop.com\/hu\/wp-json\/wp\/v2\/media?parent=390520"}],"wp:term":[{"taxonomy":"product_brand","embeddable":true,"href":"https:\/\/transfercasepartshop.com\/hu\/wp-json\/wp\/v2\/product_brand?post=390520"},{"taxonomy":"product_cat","embeddable":true,"href":"https:\/\/transfercasepartshop.com\/hu\/wp-json\/wp\/v2\/product_cat?post=390520"},{"taxonomy":"product_tag","embeddable":true,"href":"https:\/\/transfercasepartshop.com\/hu\/wp-json\/wp\/v2\/product_tag?post=390520"}],"curies":[{"name":"wp","href":"https:\/\/api.w.org\/{rel}","templated":true}]}}