{"id":390513,"date":"2021-11-17T15:04:14","date_gmt":"2021-11-17T14:04:14","guid":{"rendered":"https:\/\/transfercasepartshop.com\/?post_type=product&#038;p=390513"},"modified":"2026-03-23T09:39:56","modified_gmt":"2026-03-23T08:39:56","slug":"lanc-vezeto-csuszka-szett-atc500","status":"publish","type":"product","link":"https:\/\/transfercasepartshop.com\/hu\/bmw\/atc500\/lanc-vezeto-csuszka-szett-atc500\/","title":{"rendered":"L\u00e1nc vezet\u0151 cs\u00faszka szett (ATC500)"},"content":{"rendered":"<p>Speci\u00e1lis h\u0151\u00e1ll\u00f3 m\u0171anyagb\u00f3l k\u00e9sz\u00fclt alkatr\u00e9sz. A szerep egy\u00e9rtelm\u0171, a l\u00e1nc mozg\u00e1s\u00e1t stabiliz\u00e1lja.<\/p>\n<div class=\"faq-section\">\n<details>\n<summary>Mire j\u00f3 pontosan az ATC500 l\u00e1nc vezet\u0151 cs\u00faszka szett?<\/summary>\n<p>Ez a szett az ATC500-as t\u00edpus\u00fa BMW oszt\u00f3m\u0171vek bels\u0151 l\u00e1nc\u00e1nak stabiliz\u00e1l\u00e1s\u00e1\u00e9rt felel. Megakad\u00e1lyozza a l\u00e1nc felesleges kileng\u00e9s\u00e9t \u00e9s vibr\u00e1ci\u00f3j\u00e1t, \u00edgy biztos\u00edtva a sima er\u0151\u00e1tvitelt \u00e9s megel\u0151zve az oszt\u00f3m\u0171 h\u00e1z\u00e1nak bels\u0151 kop\u00e1s\u00e1t.<\/p>\n<\/details>\n<details>\n<summary>Milyen t\u00fcnetei vannak, ha elkopott a l\u00e1ncvezet\u0151 cs\u00faszka?<\/summary>\n<p>A leggyakoribb jelek a gyors\u00edt\u00e1skor hallhat\u00f3 cs\u00f6rg\u0151 vagy dar\u00e1l\u00f3 hang az aut\u00f3 al\u00f3l, illetve az oszt\u00f3m\u0171b\u0151l \u00e9rkez\u0151 vibr\u00e1ci\u00f3. Ha a cs\u00faszka teljesen elkopik vagy elt\u00f6rik, a l\u00e1nc megny\u00falhat vagy \u00e1tugorhat, ami s\u00falyos k\u00e1rokat okozhat a hajt\u00e1sl\u00e1ncban.<\/p>\n<\/details>\n<details>\n<summary>Mi\u00e9rt jobb ez a h\u0151\u00e1ll\u00f3 m\u0171anyag alkatr\u00e9sz a gy\u00e1ri megold\u00e1sn\u00e1l?<\/summary>\n<p>Az oszt\u00f3m\u0171ben az olaj \u00e9s a s\u00farl\u00f3d\u00e1s miatt jelent\u0151s h\u0151 keletkezik. Ez a speci\u00e1lis h\u0151\u00e1ll\u00f3 m\u0171anyag meg\u0151rzi a szerkezeti integrit\u00e1s\u00e1t magas h\u0151m\u00e9rs\u00e9kleten is, nem v\u00e1lik ridegg\u00e9 \u00e9s nem t\u00f6redezik le, \u00edgy hosszabb \u00e9lettartamot biztos\u00edt az oszt\u00f3m\u0171nek.<\/p>\n<\/details>\n<details>\n<summary>Melyik BMW modellekbe szerelhet\u0151 be ez a szett?<\/summary>\n<p>Ez a k\u00e9szlet kifejezetten az ATC500-as oszt\u00f3m\u0171vel szerelt t\u00edpusokhoz k\u00e9sz\u00fclt, amely leggyakrabban a BMW X5 (E53) facelift ut\u00e1ni modelljeiben tal\u00e1lhat\u00f3 meg. V\u00e1s\u00e1rl\u00e1s el\u0151tt \u00e9rdemes ellen\u0151rizni az oszt\u00f3m\u0171 t\u00edpus\u00e1t a g\u00e9pkocsi adatt\u00e1bl\u00e1j\u00e1n.<\/p>\n<\/details>\n<details>\n<summary>Otthon is kicser\u00e9lhet\u0151 ez az alkatr\u00e9sz, vagy szakm\u0171hely kell hozz\u00e1?<\/summary>\n<p>A cs\u00faszk\u00e1k cser\u00e9j\u00e9hez az oszt\u00f3m\u0171vet le kell szerelni \u00e9s sz\u00e9t kell bontani. Mivel ez prec\u00edzi\u00f3s be\u00e1ll\u00edt\u00e1st \u00e9s speci\u00e1lis szersz\u00e1mokat ig\u00e9nyelhet, javasoljuk, hogy a cser\u00e9t b\u00edzza tapasztalt BMW specialist\u00e1ra vagy v\u00e1lt\u00f3jav\u00edt\u00f3 m\u0171helyre.<\/p>\n<\/details>\n<\/div>\n<p><script type=\"application\/ld+json\">\n{\n  \"@context\": \"https:\/\/schema.org\",\n  \"@type\": \"FAQPage\",\n  \"mainEntity\": [\n    {\n      \"@type\": \"Question\",\n      \"name\": \"Mire ju00f3 pontosan az ATC500 lu00e1nc vezetu0151 csu00faszka szett?\",\n      \"acceptedAnswer\": {\n        \"@type\": \"Answer\",\n        \"text\": \"Ez a szett az ATC500-as tu00edpusu00fa BMW osztu00f3mu0171vek belsu0151 lu00e1ncu00e1nak stabilizu00e1lu00e1su00e1u00e9rt felel. Megakadu00e1lyozza a lu00e1nc felesleges kilengu00e9su00e9t u00e9s vibru00e1ciu00f3ju00e1t, u00edgy biztosu00edtva a sima eru0151u00e1tvitelt.\"\n      }\n    },\n    {\n      \"@type\": \"Question\",\n      \"name\": \"Milyen tu00fcnetei vannak, ha elkopott a lu00e1ncvezetu0151 csu00faszka?\",\n      \"acceptedAnswer\": {\n        \"@type\": \"Answer\",\n        \"text\": \"A leggyakoribb jelek a gyorsu00edtu00e1skor hallhatu00f3 csu00f6rgu0151 vagy daru00e1lu00f3 hang az autu00f3 alu00f3l, illetve az osztu00f3mu0171bu0151l u00e9rkezu0151 vibru00e1ciu00f3.\"\n      }\n    },\n    {\n      \"@type\": \"Question\",\n      \"name\": \"Miu00e9rt jobb ez a hu0151u00e1llu00f3 mu0171anyag alkatru00e9sz a gyu00e1ri megoldu00e1snu00e1l?\",\n      \"acceptedAnswer\": {\n        \"@type\": \"Answer\",\n        \"text\": \"A speciu00e1lis hu0151u00e1llu00f3 mu0171anyag megu0151rzi a szerkezeti integritu00e1su00e1t magas hu0151mu00e9rsu00e9kleten is, nem vu00e1lik rideggu00e9 u00e9s nem tu00f6redezik le, u00edgy hosszabb u00e9lettartamot biztosu00edt az osztu00f3mu0171nek.\"\n      }\n    },\n    {\n      \"@type\": \"Question\",\n      \"name\": \"Melyik BMW modellekbe szerelhetu0151 be ez a szett?\",\n      \"acceptedAnswer\": {\n        \"@type\": \"Answer\",\n        \"text\": \"Ez a ku00e9szlet kifejezetten az ATC500-as osztu00f3mu0171vel szerelt tu00edpusokhoz ku00e9szu00fclt, amely leggyakrabban a BMW X5 (E53) facelift utu00e1ni modelljeiben talu00e1lhatu00f3 meg.\"\n      }\n    },\n    {\n      \"@type\": \"Question\",\n      \"name\": \"Otthon is kicseru00e9lhetu0151 ez az alkatru00e9sz, vagy szakmu0171hely kell hozzu00e1?\",\n      \"acceptedAnswer\": {\n        \"@type\": \"Answer\",\n        \"text\": \"Mivel az osztu00f3mu0171 szu00e9tbontu00e1sa precu00edziu00f3s munku00e1t igu00e9nyel, javasoljuk, hogy a cseru00e9t bu00edzza tapasztalt BMW specialistu00e1ra vagy vu00e1ltu00f3javu00edtu00f3 mu0171helyre.\"\n      }\n    }\n  ]\n}\n<\/script><\/p>","protected":false},"excerpt":{"rendered":"<p>Speci\u00e1lis h\u0151\u00e1ll\u00f3 m\u0171anyagb\u00f3l k\u00e9sz\u00fclt alkatr\u00e9sz. A szerep egy\u00e9rtelm\u0171, a l\u00e1nc mozg\u00e1s\u00e1t stabiliz\u00e1lja. Mire j\u00f3 pontosan az ATC500 l\u00e1nc vezet\u0151 cs\u00faszka szett? Ez a szett az &#8230; <\/p>\n<p class=\"read-more-container\"><a title=\"L\u00e1nc vezet\u0151 cs\u00faszka szett (ATC500)\" class=\"read-more button\" href=\"https:\/\/transfercasepartshop.com\/hu\/bmw\/atc500\/lanc-vezeto-csuszka-szett-atc500\/#more-390513\" aria-label=\"Read more about L\u00e1nc vezet\u0151 cs\u00faszka szett (ATC500)\">Tov\u00e1bb<\/a><\/p>","protected":false},"featured_media":394337,"comment_status":"open","ping_status":"closed","template":"","meta":{"_acf_changed":false},"product_brand":[],"product_cat":[86,67],"product_tag":[212,390],"class_list":{"0":"post-390513","1":"product","2":"type-product","3":"status-publish","4":"has-post-thumbnail","6":"product_cat-bmw","7":"product_cat-atc500","8":"product_tag-lancok","9":"product_tag-magna-powertrain","10":"infinite-scroll-item","11":"no-featured-image-padding","12":"resize-featured-image","13":"sales-flash-overlay","14":"woocommerce-text-align-center","15":"woocommerce-image-align-center","16":"wc-has-gallery","18":"first","19":"instock","20":"taxable","21":"shipping-taxable","22":"purchasable","23":"product-type-simple"},"acf":{"s-tec_number":"SP00122","oem-ref":"","tartalom":"2db l\u00e1ncvezet\u0151 cs\u00faszka, 4db csavar","lamella-alert":"","transfer_case_application_v2":["BMW ATC500 2003-2006 X5 E53"],"transfer_case_application":"","kulso_raktar":2,"google_ads_kep":423427,"gtin":9009381098317},"_links":{"self":[{"href":"https:\/\/transfercasepartshop.com\/hu\/wp-json\/wp\/v2\/product\/390513","targetHints":{"allow":["GET"]}}],"collection":[{"href":"https:\/\/transfercasepartshop.com\/hu\/wp-json\/wp\/v2\/product"}],"about":[{"href":"https:\/\/transfercasepartshop.com\/hu\/wp-json\/wp\/v2\/types\/product"}],"replies":[{"embeddable":true,"href":"https:\/\/transfercasepartshop.com\/hu\/wp-json\/wp\/v2\/comments?post=390513"}],"wp:featuredmedia":[{"embeddable":true,"href":"https:\/\/transfercasepartshop.com\/hu\/wp-json\/wp\/v2\/media\/394337"}],"wp:attachment":[{"href":"https:\/\/transfercasepartshop.com\/hu\/wp-json\/wp\/v2\/media?parent=390513"}],"wp:term":[{"taxonomy":"product_brand","embeddable":true,"href":"https:\/\/transfercasepartshop.com\/hu\/wp-json\/wp\/v2\/product_brand?post=390513"},{"taxonomy":"product_cat","embeddable":true,"href":"https:\/\/transfercasepartshop.com\/hu\/wp-json\/wp\/v2\/product_cat?post=390513"},{"taxonomy":"product_tag","embeddable":true,"href":"https:\/\/transfercasepartshop.com\/hu\/wp-json\/wp\/v2\/product_tag?post=390513"}],"curies":[{"name":"wp","href":"https:\/\/api.w.org\/{rel}","templated":true}]}}