{"id":390511,"date":"2021-11-17T15:04:13","date_gmt":"2021-11-17T14:04:13","guid":{"rendered":"https:\/\/transfercasepartshop.com\/?post_type=product&#038;p=390511"},"modified":"2026-03-23T09:39:52","modified_gmt":"2026-03-23T08:39:52","slug":"zarogyuru-atc35l-atc300-atc350-atc13-1-atc400-atc450-atc45l-atc500-atc700","status":"publish","type":"product","link":"https:\/\/transfercasepartshop.com\/hu\/bmw\/atc300\/zarogyuru-atc35l-atc300-atc350-atc13-1-atc400-atc450-atc45l-atc500-atc700\/","title":{"rendered":"Z\u00e1r\u00f3gy\u0171r\u0171 (ATC35L, ATC300, ATC350, ATC13-1, ATC400, ATC450, ATC45L, ATC500, ATC700)"},"content":{"rendered":"<p>A r\u00f6gz\u00edt\u0151 gy\u0171r\u0171 anyag\u00e1t tekintve rug\u00f3 ac\u00e9lb\u00f3l k\u00e9sz\u00fcl. Alkalmas tengelyekre szerelt csap\u00e1gyak r\u00f6gz\u00edt\u00e9s\u00e9re.<\/p>\n<div class=\"faq-section\">\n<details>\n<summary>Pontosan mire szolg\u00e1l ez a z\u00e1r\u00f3gy\u0171r\u0171 a BMW-mben?<\/summary>\n<div>Ez a speci\u00e1lis rug\u00f3ac\u00e9lb\u00f3l k\u00e9sz\u00fclt r\u00f6gz\u00edt\u0151gy\u0171r\u0171 az oszt\u00f3m\u0171 belsej\u00e9ben l\u00e9v\u0151 tengelyekre szerelt csap\u00e1gyak fix\u00e1l\u00e1s\u00e1ra szolg\u00e1l. Megakad\u00e1lyozza a csap\u00e1gyak axi\u00e1lis elmozdul\u00e1s\u00e1t, ami elengedhetetlen a hajt\u00e1sl\u00e1nc stabil \u00e9s zajmentes m\u0171k\u00f6d\u00e9s\u00e9hez.<\/div>\n<\/details>\n<details>\n<summary>Milyen BMW oszt\u00f3m\u0171 t\u00edpusokhoz haszn\u00e1lhat\u00f3 ez az alkatr\u00e9sz?<\/summary>\n<div>Ez a z\u00e1r\u00f3gy\u0171r\u0171 univerz\u00e1lisan kompatibilis a legt\u00f6bb modern BMW xDrive oszt\u00f3m\u0171vel, bele\u00e9rtve az ATC13-1, ATC300, ATC350, ATC35L, ATC400, ATC450, ATC45L, ATC500 \u00e9s ATC700 modelleket.<\/div>\n<\/details>\n<details>\n<summary>Mi\u00e9rt fontos, hogy rug\u00f3ac\u00e9lb\u00f3l k\u00e9sz\u00fclj\u00f6n a r\u00f6gz\u00edt\u0151gy\u0171r\u0171?<\/summary>\n<div>A rug\u00f3ac\u00e9l biztos\u00edtja azt a fesz\u00edt\u0151er\u0151t, amely sz\u00fcks\u00e9ges ahhoz, hogy a gy\u0171r\u0171 extr\u00e9m vibr\u00e1ci\u00f3 \u00e9s h\u0151ingadoz\u00e1s mellett is a horonyban maradjon. Az olcs\u00f3bb, gyeng\u00e9bb anyagok kil\u00e1gyulhatnak, ami a csap\u00e1gy elmozdul\u00e1s\u00e1hoz \u00e9s az oszt\u00f3m\u0171 meghib\u00e1sod\u00e1s\u00e1hoz vezethet.<\/div>\n<\/details>\n<details>\n<summary>Milyen t\u00fcnetei vannak, ha kilazul vagy elt\u00f6rik egy z\u00e1r\u00f3gy\u0171r\u0171?<\/summary>\n<div>A leggyakoribb t\u00fcnet a hajt\u00e1sl\u00e1ncb\u00f3l \u00e9rkez\u0151 f\u00e9mes kattog\u00f3 vagy morg\u00f3 hang, amit a csap\u00e1gy elmozdul\u00e1sa okoz. S\u00falyosabb esetben az xDrive rendszer r\u00e1ngat\u00e1sa vagy hiba\u00fczenete is jelezheti a mechanikai bizonytalans\u00e1got az oszt\u00f3m\u0171ben.<\/div>\n<\/details>\n<details>\n<summary>Sz\u00fcks\u00e9ges speci\u00e1lis szersz\u00e1m a gy\u0171r\u0171 beszerel\u00e9s\u00e9hez?<\/summary>\n<div>Igen, a biztons\u00e1gos szerel\u00e9shez megfelel\u0151 m\u00e9ret\u0171 seeger-fog\u00f3 haszn\u00e1lata javasolt. Ne fesz\u00edtse t\u00fal a gy\u0171r\u0171t csavarh\u00faz\u00f3val, mert az maradand\u00f3 alakv\u00e1ltoz\u00e1st vagy reped\u00e9st okozhat az ac\u00e9l szerkezet\u00e9ben.<\/div>\n<\/details>\n<\/div>\n<p><script type=\"application\/ld+json\">\n{\n  \"@context\": \"https:\/\/schema.org\",\n  \"@type\": \"FAQPage\",\n  \"mainEntity\": [\n    {\n      \"@type\": \"Question\",\n      \"name\": \"Pontosan mire szolgu00e1l ez a zu00e1ru00f3gyu0171ru0171 a BMW-mben?\",\n      \"acceptedAnswer\": {\n        \"@type\": \"Answer\",\n        \"text\": \"Ez a speciu00e1lis rugu00f3acu00e9lbu00f3l ku00e9szu00fclt ru00f6gzu00edtu0151gyu0171ru0171 az osztu00f3mu0171 belseju00e9ben lu00e9vu0151 tengelyekre szerelt csapu00e1gyak fixu00e1lu00e1su00e1ra szolgu00e1l. Megakadu00e1lyozza a csapu00e1gyak axiu00e1lis elmozdulu00e1su00e1t, ami elengedhetetlen a hajtu00e1slu00e1nc stabil u00e9s zajmentes mu0171ku00f6du00e9su00e9hez.\"\n      }\n    },\n    {\n      \"@type\": \"Question\",\n      \"name\": \"Milyen BMW osztu00f3mu0171 tu00edpusokhoz hasznu00e1lhatu00f3 ez az alkatru00e9sz?\",\n      \"acceptedAnswer\": {\n        \"@type\": \"Answer\",\n        \"text\": \"Ez a zu00e1ru00f3gyu0171ru0171 univerzu00e1lisan kompatibilis a legtu00f6bb modern BMW xDrive osztu00f3mu0171vel, beleu00e9rtve az ATC13-1, ATC300, ATC350, ATC35L, ATC400, ATC450, ATC45L, ATC500 u00e9s ATC700 modelleket.\"\n      }\n    },\n    {\n      \"@type\": \"Question\",\n      \"name\": \"Miu00e9rt fontos, hogy rugu00f3acu00e9lbu00f3l ku00e9szu00fclju00f6n a ru00f6gzu00edtu0151gyu0171ru0171?\",\n      \"acceptedAnswer\": {\n        \"@type\": \"Answer\",\n        \"text\": \"A rugu00f3acu00e9l biztosu00edtja azt a feszu00edtu0151eru0151t, amely szu00fcksu00e9ges ahhoz, hogy a gyu0171ru0171 extru00e9m vibru00e1ciu00f3 u00e9s hu0151ingadozu00e1s mellett is a horonyban maradjon. Az olcsu00f3bb, gyengu00e9bb anyagok kilu00e1gyulhatnak, ami a csapu00e1gy elmozdulu00e1su00e1hoz u00e9s az osztu00f3mu0171 meghibu00e1sodu00e1su00e1hoz vezethet.\"\n      }\n    },\n    {\n      \"@type\": \"Question\",\n      \"name\": \"Milyen tu00fcnetei vannak, ha kilazul vagy eltu00f6rik egy zu00e1ru00f3gyu0171ru0171?\",\n      \"acceptedAnswer\": {\n        \"@type\": \"Answer\",\n        \"text\": \"A leggyakoribb tu00fcnet a hajtu00e1slu00e1ncbu00f3l u00e9rkezu0151 fu00e9mes kattogu00f3 vagy morgu00f3 hang, amit a csapu00e1gy elmozdulu00e1sa okoz. Su00falyosabb esetben az xDrive rendszer ru00e1ngatu00e1sa vagy hibau00fczenete is jelezheti a mechanikai bizonytalansu00e1got az osztu00f3mu0171ben.\"\n      }\n    },\n    {\n      \"@type\": \"Question\",\n      \"name\": \"Szu00fcksu00e9ges speciu00e1lis szerszu00e1m a gyu0171ru0171 beszerelu00e9su00e9hez?\",\n      \"acceptedAnswer\": {\n        \"@type\": \"Answer\",\n        \"text\": \"Igen, a biztonsu00e1gos szerelu00e9shez megfelelu0151 mu00e9retu0171 seeger-fogu00f3 hasznu00e1lata javasolt. Ne feszu00edtse tu00fal a gyu0171ru0171t csavarhu00fazu00f3val, mert az maradandu00f3 alakvu00e1ltozu00e1st vagy repedu00e9st okozhat az acu00e9l szerkezetu00e9ben.\"\n      }\n    }\n  ]\n}\n<\/script><\/p>","protected":false},"excerpt":{"rendered":"<p>A r\u00f6gz\u00edt\u0151 gy\u0171r\u0171 anyag\u00e1t tekintve rug\u00f3 ac\u00e9lb\u00f3l k\u00e9sz\u00fcl. Alkalmas tengelyekre szerelt csap\u00e1gyak r\u00f6gz\u00edt\u00e9s\u00e9re. Pontosan mire szolg\u00e1l ez a z\u00e1r\u00f3gy\u0171r\u0171 a BMW-mben? Ez a speci\u00e1lis rug\u00f3ac\u00e9lb\u00f3l &#8230; <\/p>\n<p class=\"read-more-container\"><a title=\"Z\u00e1r\u00f3gy\u0171r\u0171 (ATC35L, ATC300, ATC350, ATC13-1, ATC400, ATC450, ATC45L, ATC500, ATC700)\" class=\"read-more button\" href=\"https:\/\/transfercasepartshop.com\/hu\/bmw\/atc300\/zarogyuru-atc35l-atc300-atc350-atc13-1-atc400-atc450-atc45l-atc500-atc700\/#more-390511\" aria-label=\"Read more about Z\u00e1r\u00f3gy\u0171r\u0171 (ATC35L, ATC300, ATC350, ATC13-1, ATC400, ATC450, ATC45L, ATC500, ATC700)\">Tov\u00e1bb<\/a><\/p>","protected":false},"featured_media":414400,"comment_status":"open","ping_status":"closed","template":"","meta":{"_acf_changed":false},"product_brand":[],"product_cat":[86,87,64,89,88,65,66,90,67,68],"product_tag":[209],"class_list":{"0":"post-390511","1":"product","2":"type-product","3":"status-publish","4":"has-post-thumbnail","6":"product_cat-bmw","7":"product_cat-atc13-1","8":"product_cat-atc300","9":"product_cat-atc350","10":"product_cat-atc35l","11":"product_cat-atc400","12":"product_cat-atc450","13":"product_cat-atc45l","14":"product_cat-atc500","15":"product_cat-atc700","16":"product_tag-szimeringek-tomitesek","17":"infinite-scroll-item","18":"no-featured-image-padding","19":"resize-featured-image","20":"sales-flash-overlay","21":"woocommerce-text-align-center","22":"woocommerce-image-align-center","23":"wc-has-gallery","25":"first","26":"instock","27":"taxable","28":"shipping-taxable","29":"purchasable","30":"product-type-simple"},"acf":{"s-tec_number":"SP00112","oem-ref":"27107539525, 331381LA0A, 6000626080, 673002348","tartalom":"A csomag tartalmaz 5db z\u00e1r\u00f3gy\u0171r\u0171t","lamella-alert":"","transfer_case_application_v2":["BMW ATC13-1 2003-2006 X5 E53","BMW ATC13-1 2003-2010 5 series E60, E60 LCO, E61, E61 LCI","BMW ATC13-1 2003-2010 X3 E83, E83 LCI","BMW ATC13-1 2004-2013 3 series E90, E90 LCI, E91, E91 LCI, E92, E92 LCI","BMW ATC13-1 2006-2013 X5 E70, E70 LCI","BMW ATC13-1 2008-2014 X6 E71, E72 hybrid","BMW ATC13-1 2008-2015 7 serires F01, F01 LCI, F02, F02 LCI","BMW ATC13-1 2010-2016 5 series F07 GT, F07 GT LCI, F10, F10 LCI, F11, F11 LCI, F18 LCI","BMW ATC13-1 2010-2017 X3 F25","BMW ATC13-1 2011-2017 6 series F06, F06 LCI, F12, F12 LCI, F13, F13 LCI","BMW ATC13-1 2012-2018 3 series F30, F30 LCI, F31, F31 LCI","BMW ATC13-1 2012-2018 3 series F34 GT, F34 GT LCI, F35, F35 LCI","BMW ATC13-1 2013-2018 X5 F15","BMW ATC13-1 2014- X5 M F85","BMW ATC13-1 2014- X6 M F86","BMW ATC13-1 2014-2018 X4 F26","BMW ATC13-1 2014-2018 X6 F16","BMW ATC13-1 2015- 7 series G11, G11 LCI, G12, G12 LCI","BMW ATC13-1 2017- 5 series G30, F90 M5, G31, G38","BMW ATC13-1 2017- 6 series G32 GT","BMW ATC13-1 2017- X3 G01, G08","BMW ATC13-1 2018- X4 G02","BMW ATC13-1 2018- X5 G05","BMW ATC13-1 2019- 3 series G20, G21","BMW ATC13-1 2019- X3 M F97","BMW ATC13-1 2019- X4 M F98","BMW ATC13-1 2019- X6 G06","BMW ATC13-1 2019- X7 G07","BMW ATC300 2003-2010 5 series E60, E60 LCO, E61, E61 LCI","BMW ATC300 2004-2013 3 series E90, E90 LCI, E91, E91 LCI, E92, E92 LCI","BMW ATC300 2010-2016 5 series F07 GT, F07 GT LCI, F10, F10 LCI, F11, F11 LCI, F18 LCI","BMW ATC300 2012-2018 3 series F30, F30 LCI, F31, F31 LCI","BMW ATC300 2012-2018 3 series F34 GT, F34 GT LCI, F35, F35 LCI","BMW ATC300 2017- 5 series G30, F90 M5, G31, G38","BMW ATC300 2019- 3 series G20, G21","BMW ATC350 2003-2010 5 series E60, E60 LCO, E61, E61 LCI","BMW ATC350 2004-2013 3 series E90, E90 LCI, E91, E91 LCI, E92, E92 LCI","BMW ATC350 2008-2015 7 serires F01, F01 LCI, F02, F02 LCI","BMW ATC350 2009-2015 X1 E84","BMW ATC350 2010-2016 5 series F07 GT, F07 GT LCI, F10, F10 LCI, F11, F11 LCI, F18 LCI","BMW ATC350 2012-2018 3 series F30, F30 LCI, F31, F31 LCI","BMW ATC350 2012-2018 3 series F34 GT, F34 GT LCI, F35, F35 LCI","BMW ATC350 2015- 7 series G11, G11 LCI, G12, G12 LCI","BMW ATC350 2017- 5 series G30, F90 M5, G31, G38","BMW ATC350 2019- 3 series G20, G21","BMW ATC35L 2003-2010 5 series E60, E60 LCO, E61, E61 LCI","BMW ATC35L 2004-2013 3 series E90, E90 LCI, E91, E91 LCI, E92, E92 LCI","BMW ATC35L 2008-2015 7 serires F01, F01 LCI, F02, F02 LCI","BMW ATC35L 2009-2015 X1 E84","BMW ATC35L 2010-2016 5 series F07 GT, F07 GT LCI, F10, F10 LCI, F11, F11 LCI, F18 LCI","BMW ATC35L 2011-2019 1 series F20, F20 LCI, F21, F21 LCI","BMW ATC35L 2012-2018 3 series F30, F30 LCI, F31, F31 LCI","BMW ATC35L 2012-2018 3 series F34 GT, F34 GT LCI, F35, F35 LCI","BMW ATC35L 2013-2016 4 series F32, F32 LCI, F33, F33 LCI, F36, F36 LCI","BMW ATC35L 2014- 2 series F22, F22 LCI, F23, F23 LCI","BMW ATC35L 2015- 7 series G11, G11 LCI, G12, G12 LCI","BMW ATC35L 2017- 5 series G30, F90 M5, G31, G38","BMW ATC35L 2017- 6 series G32 GT","BMW ATC35L 2019- 3 series G20, G21","BMW ATC400 2003-2010 X3 E83, E83 LCI","BMW ATC400 2010-2017 X3 F25","BMW ATC400 2017- X3 G01, G08","BMW ATC400 2019- X3 M F97","BMW ATC450 2003-2006 X5 E53","BMW ATC450 2003-2010 X3 E83, E83 LCI","BMW ATC450 2006-2013 X5 E70, E70 LCI","BMW ATC450 2008-2014 X6 E71, E72 hybrid","BMW ATC450 2010-2017 X3 F25","BMW ATC450 2013-2018 X5 F15","BMW ATC450 2014- X5 M F85","BMW ATC450 2014- X6 M F86","BMW ATC450 2014-2018 X6 F16","BMW ATC450 2017- X3 G01, G08","BMW ATC450 2018- X5 G05","BMW ATC450 2019- X3 M F97","BMW ATC450 2019- X6 G06","BMW ATC45L 2003-2006 X5 E53","BMW ATC45L 2003-2010 X3 E83, E83 LCI","BMW ATC45L 2006-2013 X5 E70, E70 LCI","BMW ATC45L 2008-2014 X6 E71, E72 hybrid","BMW ATC45L 2010-2017 X3 F25","BMW ATC45L 2013-2018 X5 F15","BMW ATC45L 2014- X5 M F85","BMW ATC45L 2014- X6 M F86","BMW ATC45L 2014-2018 X4 F26","BMW ATC45L 2014-2018 X6 F16","BMW ATC45L 2017- X3 G01, G08","BMW ATC45L 2018- X4 G02","BMW ATC45L 2018- X5 G05","BMW ATC45L 2019- X3 M F97","BMW ATC45L 2019- X4 M F98","BMW ATC45L 2019- X6 G06","BMW ATC500 2003-2006 X5 E53","BMW ATC500 2006-2013 X5 E70, E70 LCI","BMW ATC500 2013-2018 X5 F15","BMW ATC500 2014- X5 M F85","BMW ATC500 2018- X5 G05","BMW ATC700 2003-2006 X5 E53","BMW ATC700 2006-2013 X5 E70, E70 LCI","BMW ATC700 2008-2014 X6 E71, E72 hybrid","BMW ATC700 2013-2018 X5 F15","BMW ATC700 2014- X5 M F85","BMW ATC700 2014- X6 M F86","BMW ATC700 2014-2018 X6 F16","BMW ATC700 2018- X5 G05","BMW ATC700 2019- X6 G06"],"transfer_case_application":"","kulso_raktar":20,"google_ads_kep":423265,"gtin":9009381036203},"_links":{"self":[{"href":"https:\/\/transfercasepartshop.com\/hu\/wp-json\/wp\/v2\/product\/390511","targetHints":{"allow":["GET"]}}],"collection":[{"href":"https:\/\/transfercasepartshop.com\/hu\/wp-json\/wp\/v2\/product"}],"about":[{"href":"https:\/\/transfercasepartshop.com\/hu\/wp-json\/wp\/v2\/types\/product"}],"replies":[{"embeddable":true,"href":"https:\/\/transfercasepartshop.com\/hu\/wp-json\/wp\/v2\/comments?post=390511"}],"wp:featuredmedia":[{"embeddable":true,"href":"https:\/\/transfercasepartshop.com\/hu\/wp-json\/wp\/v2\/media\/414400"}],"wp:attachment":[{"href":"https:\/\/transfercasepartshop.com\/hu\/wp-json\/wp\/v2\/media?parent=390511"}],"wp:term":[{"taxonomy":"product_brand","embeddable":true,"href":"https:\/\/transfercasepartshop.com\/hu\/wp-json\/wp\/v2\/product_brand?post=390511"},{"taxonomy":"product_cat","embeddable":true,"href":"https:\/\/transfercasepartshop.com\/hu\/wp-json\/wp\/v2\/product_cat?post=390511"},{"taxonomy":"product_tag","embeddable":true,"href":"https:\/\/transfercasepartshop.com\/hu\/wp-json\/wp\/v2\/product_tag?post=390511"}],"curies":[{"name":"wp","href":"https:\/\/api.w.org\/{rel}","templated":true}]}}