{"id":390510,"date":"2021-11-17T15:04:13","date_gmt":"2021-11-17T14:04:13","guid":{"rendered":"https:\/\/transfercasepartshop.com\/?post_type=product&#038;p=390510"},"modified":"2026-03-31T10:36:47","modified_gmt":"2026-03-31T08:36:47","slug":"tengely-kihajtas-atc400-3","status":"publish","type":"product","link":"https:\/\/transfercasepartshop.com\/hu\/bmw\/atc400\/tengely-kihajtas-atc400-3\/","title":{"rendered":"Tengely kihajt\u00e1s (ATC400)"},"content":{"rendered":"<p>Ez a kihajt\u00e1si egys\u00e9g csatlakozik a kard\u00e1n tengelyhez, ezzel el\u0151seg\u00edtve az els\u0151 \u00e9s a h\u00e1ts\u00f3 tengelyek k\u00f6z\u00f6tti megfelel\u0151 egys\u00e9ges \u00e1thajt\u00e1st.<\/p>\n<details>\n<summary>Milyen t\u00fcnetei vannak az ATC400 tengely kihajt\u00e1s kop\u00e1s\u00e1nak?<\/summary>\n<p>A leggyakoribb jel a gyors\u00edt\u00e1skor hallhat\u00f3 kattog\u00f3 vagy dar\u00e1l\u00f3 hang, amelyet a megkopott bord\u00e1zat okoz. S\u00falyosabb esetben az aut\u00f3 elvesz\u00edtheti az \u00f6sszker\u00e9khajt\u00e1st, \u00e9s csak a h\u00e1ts\u00f3 tengely hajt, mivel a kihajt\u00e1s nem tudja \u00e1tadni a nyomat\u00e9kot a kard\u00e1ntengelynek.<\/p>\n<\/details>\n<details>\n<summary>J\u00f3 ez az alkatr\u00e9sz a BMW X3 E83-as modellemhez?<\/summary>\n<p>Igen, az ATC400-as oszt\u00f3m\u0171vet kifejezetten a BMW X3 E83 sz\u00e9ri\u00e1hoz (2003-2010) tervezt\u00e9k. Ha az aut\u00f3d ebben az \u00e9vj\u00e1ratban k\u00e9sz\u00fclt \u00e9s xDrive rendszer\u0171, ez a megfelel\u0151 kihajt\u00e1si egys\u00e9g a kard\u00e1ntengely csatlakoz\u00e1s\u00e1hoz.<\/p>\n<\/details>\n<details>\n<summary>Mi okozza a kihajt\u00e1s bord\u00e1zat\u00e1nak id\u0151 el\u0151tti t\u00f6nkremenetel\u00e9t?<\/summary>\n<p>A legt\u00f6bb esetben a nem megfelel\u0151 gumiabroncs-m\u00e9retek (elt\u00e9r\u0151 kopotts\u00e1g vagy ker\u00e9k\u00e1tm\u00e9r\u0151 az els\u0151 \u00e9s h\u00e1ts\u00f3 tengelyen), a kard\u00e1nkereszt szorul\u00e1sa, vagy az oszt\u00f3m\u0171ben elhaszn\u00e1lt olaj miatti t\u00falmeleged\u00e9s vezet a bord\u00e1k elny\u00edr\u00f3d\u00e1s\u00e1hoz.<\/p>\n<\/details>\n<details>\n<summary>H\u00e1zilag is kicser\u00e9lhet\u0151 ez a kihajt\u00f3 egys\u00e9g?<\/summary>\n<p>A csere az oszt\u00f3m\u0171 r\u00e9szleges megbont\u00e1s\u00e1val j\u00e1r, amihez speci\u00e1lis leh\u00faz\u00f3 szersz\u00e1mok \u00e9s emel\u0151 sz\u00fcks\u00e9ges. A prec\u00edz illeszt\u00e9s \u00e9s a t\u00f6m\u00edtetts\u00e9g meg\u0151rz\u00e9se \u00e9rdek\u00e9ben javasoljuk, hogy keress fel egy v\u00e1lt\u00f3- vagy oszt\u00f3m\u0171 specialist\u00e1t a szerel\u00e9shez.<\/p>\n<\/details>\n<p><script type=\"application\/ld+json\">\n{\n  \"@context\": \"https:\/\/schema.org\",\n  \"@type\": \"FAQPage\",\n  \"mainEntity\": [\n    {\n      \"@type\": \"Question\",\n      \"name\": \"Milyen tu00fcnetei vannak az ATC400 tengely kihajtu00e1s kopu00e1su00e1nak?\",\n      \"acceptedAnswer\": {\n        \"@type\": \"Answer\",\n        \"text\": \"A leggyakoribb jel a gyorsu00edtu00e1skor hallhatu00f3 kattogu00f3 vagy daru00e1lu00f3 hang, amelyet a megkopott bordu00e1zat okoz. Su00falyosabb esetben az autu00f3 elveszu00edtheti az u00f6sszkeru00e9khajtu00e1st, u00e9s csak a hu00e1tsu00f3 tengely hajt, mivel a kihajtu00e1s nem tudja u00e1tadni a nyomatu00e9kot a kardu00e1ntengelynek.\"\n      }\n    },\n    {\n      \"@type\": \"Question\",\n      \"name\": \"Ju00f3 ez az alkatru00e9sz a BMW X3 E83-as modellemhez?\",\n      \"acceptedAnswer\": {\n        \"@type\": \"Answer\",\n        \"text\": \"Igen, az ATC400-as osztu00f3mu0171vet kifejezetten a BMW X3 E83 szu00e9riu00e1hoz (2003-2010) terveztu00e9k. Ha az autu00f3d ebben az u00e9vju00e1ratban ku00e9szu00fclt u00e9s xDrive rendszeru0171, ez a megfelelu0151 kihajtu00e1si egysu00e9g a kardu00e1ntengely csatlakozu00e1su00e1hoz.\"\n      }\n    },\n    {\n      \"@type\": \"Question\",\n      \"name\": \"Mi okozza a kihajtu00e1s bordu00e1zatu00e1nak idu0151 elu0151tti tu00f6nkremenetelu00e9t?\",\n      \"acceptedAnswer\": {\n        \"@type\": \"Answer\",\n        \"text\": \"A legtu00f6bb esetben a nem megfelelu0151 gumiabroncs-mu00e9retek (eltu00e9ru0151 kopottsu00e1g vagy keru00e9ku00e1tmu00e9ru0151 az elsu0151 u00e9s hu00e1tsu00f3 tengelyen), a kardu00e1nkereszt szorulu00e1sa, vagy az osztu00f3mu0171ben elhasznu00e1lt olaj miatti tu00falmelegedu00e9s vezet a bordu00e1k elnyu00edru00f3du00e1su00e1hoz.\"\n      }\n    },\n    {\n      \"@type\": \"Question\",\n      \"name\": \"Hu00e1zilag is kicseru00e9lhetu0151 ez a kihajtu00f3 egysu00e9g?\",\n      \"acceptedAnswer\": {\n        \"@type\": \"Answer\",\n        \"text\": \"A csere az osztu00f3mu0171 ru00e9szleges megbontu00e1su00e1val ju00e1r, amihez speciu00e1lis lehu00fazu00f3 szerszu00e1mok u00e9s emelu0151 szu00fcksu00e9ges. A precu00edz illesztu00e9s u00e9s a tu00f6mu00edtettsu00e9g megu0151rzu00e9se u00e9rdeku00e9ben javasoljuk, hogy keress fel egy vu00e1ltu00f3- vagy osztu00f3mu0171 specialistu00e1t a szerelu00e9shez.\"\n      }\n    }\n  ]\n}\n<\/script><\/p>","protected":false},"excerpt":{"rendered":"<p>Ez a kihajt\u00e1si egys\u00e9g csatlakozik a kard\u00e1n tengelyhez, ezzel el\u0151seg\u00edtve az els\u0151 \u00e9s a h\u00e1ts\u00f3 tengelyek k\u00f6z\u00f6tti megfelel\u0151 egys\u00e9ges \u00e1thajt\u00e1st. Milyen t\u00fcnetei vannak az ATC400 &#8230; <\/p>\n<p class=\"read-more-container\"><a title=\"Tengely kihajt\u00e1s (ATC400)\" class=\"read-more button\" href=\"https:\/\/transfercasepartshop.com\/hu\/bmw\/atc400\/tengely-kihajtas-atc400-3\/#more-390510\" aria-label=\"Read more about Tengely kihajt\u00e1s (ATC400)\">Tov\u00e1bb<\/a><\/p>","protected":false},"featured_media":392176,"comment_status":"open","ping_status":"closed","template":"","meta":{"_acf_changed":false},"product_brand":[],"product_cat":[86,65],"product_tag":[390,210],"class_list":{"0":"post-390510","1":"product","2":"type-product","3":"status-publish","4":"has-post-thumbnail","6":"product_cat-bmw","7":"product_cat-atc400","8":"product_tag-magna-powertrain","9":"product_tag-tengelyek-fogaskerekek","10":"infinite-scroll-item","11":"no-featured-image-padding","12":"resize-featured-image","13":"sales-flash-overlay","14":"woocommerce-text-align-center","15":"woocommerce-image-align-center","16":"wc-has-gallery","18":"first","19":"instock","20":"taxable","21":"shipping-taxable","22":"purchasable","23":"product-type-simple"},"acf":{"s-tec_number":"SP00107","oem-ref":"27107565930","tartalom":"","lamella-alert":"","transfer_case_application_v2":["BMW ATC400 2003-2010 X3 E83"],"transfer_case_application":"","kulso_raktar":1,"google_ads_kep":423271,"gtin":9009381000822},"_links":{"self":[{"href":"https:\/\/transfercasepartshop.com\/hu\/wp-json\/wp\/v2\/product\/390510","targetHints":{"allow":["GET"]}}],"collection":[{"href":"https:\/\/transfercasepartshop.com\/hu\/wp-json\/wp\/v2\/product"}],"about":[{"href":"https:\/\/transfercasepartshop.com\/hu\/wp-json\/wp\/v2\/types\/product"}],"replies":[{"embeddable":true,"href":"https:\/\/transfercasepartshop.com\/hu\/wp-json\/wp\/v2\/comments?post=390510"}],"wp:featuredmedia":[{"embeddable":true,"href":"https:\/\/transfercasepartshop.com\/hu\/wp-json\/wp\/v2\/media\/392176"}],"wp:attachment":[{"href":"https:\/\/transfercasepartshop.com\/hu\/wp-json\/wp\/v2\/media?parent=390510"}],"wp:term":[{"taxonomy":"product_brand","embeddable":true,"href":"https:\/\/transfercasepartshop.com\/hu\/wp-json\/wp\/v2\/product_brand?post=390510"},{"taxonomy":"product_cat","embeddable":true,"href":"https:\/\/transfercasepartshop.com\/hu\/wp-json\/wp\/v2\/product_cat?post=390510"},{"taxonomy":"product_tag","embeddable":true,"href":"https:\/\/transfercasepartshop.com\/hu\/wp-json\/wp\/v2\/product_tag?post=390510"}],"curies":[{"name":"wp","href":"https:\/\/api.w.org\/{rel}","templated":true}]}}