{"id":390505,"date":"2021-11-17T15:04:11","date_gmt":"2021-11-17T14:04:11","guid":{"rendered":"https:\/\/transfercasepartshop.com\/?post_type=product&#038;p=390505"},"modified":"2026-04-10T07:32:36","modified_gmt":"2026-04-10T05:32:36","slug":"osztomu-lanc-dcd","status":"publish","type":"product","link":"https:\/\/transfercasepartshop.com\/hu\/mercedes-benz\/dcd\/osztomu-lanc-dcd\/","title":{"rendered":"Oszt\u00f3m\u0171 l\u00e1nc (DCD)"},"content":{"rendered":"<p>Az oszt\u00f3m\u0171ben tal\u00e1lhat\u00f3 l\u00e1nc felel az \u00e1lland\u00f3 egys\u00e9ges er\u0151\u00e1tvitel\u00e9rt. \u00d6sszek\u00f6ttet\u00e9st biztos\u00edt az els\u0151 \u00e9s h\u00e1ts\u00f3 tengely optim\u00e1lis m\u0171k\u00f6d\u00e9s\u00e9hez. Ezzel biztos\u00edtva a 4&#215;4 hajt\u00e1st.<\/p>\n<div class=\"faq-container\">\n<details>\n<summary>Mik a leggyakoribb jelei annak, ha megny\u00falt az oszt\u00f3m\u0171 l\u00e1nc a Mercedesemben?<\/summary>\n<p>A legjellemz\u0151bb t\u00fcnet a f\u00e9mes kattog\u00f3 vagy ugr\u00e1l\u00f3 hang er\u0151s g\u00e1zad\u00e1skor vagy emelked\u0151n, amit a l\u00e1nc \u00e1tugr\u00e1sa okoz a fogaskerekeken. Gyakori m\u00e9g a r\u00e1ngat\u00e1s gyors\u00edt\u00e1s k\u00f6zben, ami a bizonytalan er\u0151\u00e1tvitelre utal.<\/p>\n<\/details>\n<details>\n<summary>Pontosan milyen Mercedes modellekhez j\u00f3 ez a DCD oszt\u00f3m\u0171 l\u00e1nc?<\/summary>\n<p>Ez a l\u00e1nc a Mercedes-Benz DCD (Offroad csomagos) oszt\u00f3m\u0171vekhez k\u00e9sz\u00fclt. Javasoljuk, hogy rendel\u00e9s el\u0151tt ellen\u0151rizze az oszt\u00f3m\u0171 adatt\u00e1bl\u00e1j\u00e1t vagy alv\u00e1zsz\u00e1m alapj\u00e1n konzult\u00e1ljon koll\u00e9g\u00e1nkkal a pontos illeszked\u00e9s \u00e9rdek\u00e9ben.<\/p>\n<\/details>\n<details>\n<summary>Mi t\u00f6rt\u00e9nik, ha nem cser\u00e9lem ki id\u0151ben a megny\u00falt l\u00e1ncot?<\/summary>\n<p>A megny\u00falt l\u00e1nc nemcsak a fogaskerekeket teszi t\u00f6nkre, de sz\u00e9ls\u0151s\u00e9ges esetben bele\u00fctk\u00f6zhet az oszt\u00f3m\u0171 h\u00e1z\u00e1ba, ami annak kilyukad\u00e1s\u00e1hoz \u00e9s az olaj elfoly\u00e1s\u00e1hoz vezethet. Ez az eg\u00e9sz hajt\u00e1sl\u00e1nc meghib\u00e1sod\u00e1s\u00e1t okozhatja.<\/p>\n<\/details>\n<details>\n<summary>Sz\u00fcks\u00e9ges-e egy\u00e9b alkatr\u00e9sz cser\u00e9je a l\u00e1nccal egy\u00fctt?<\/summary>\n<p>Igen, az oszt\u00f3m\u0171 jav\u00edt\u00e1sakor er\u0151sen aj\u00e1nlott az \u00faj szimeringek be\u00e9p\u00edt\u00e9se \u00e9s a gy\u00e1ri specifik\u00e1ci\u00f3nak megfelel\u0151 friss oszt\u00f3m\u0171olaj felt\u00f6lt\u00e9se a hossz\u00fa \u00e9lettartam biztos\u00edt\u00e1sa \u00e9rdek\u00e9ben.<\/p>\n<\/details>\n<details>\n<summary>H\u00e1zilag is kicser\u00e9lhet\u0151 az oszt\u00f3m\u0171 l\u00e1nc?<\/summary>\n<p>Az oszt\u00f3m\u0171 fel\u00faj\u00edt\u00e1sa komoly szak\u00e9rtelmet \u00e9s speci\u00e1lis leh\u00faz\u00f3 szersz\u00e1mokat ig\u00e9nyel. A nem megfelel\u0151 h\u00e9zagol\u00e1s vagy t\u00f6m\u00edt\u00e9s id\u0151 el\u0151tti t\u00f6nkremenetelt okozhat, ez\u00e9rt javasoljuk szakszerviz felkeres\u00e9s\u00e9t.<\/p>\n<\/details>\n<\/div>\n<p><script type=\"application\/ld+json\">\n{\n  \"@context\": \"https:\/\/schema.org\",\n  \"@type\": \"FAQPage\",\n  \"mainEntity\": [\n    {\n      \"@type\": \"Question\",\n      \"name\": \"Mik a leggyakoribb jelei annak, ha megnyu00falt az osztu00f3mu0171 lu00e1nc a Mercedesemben?\",\n      \"acceptedAnswer\": {\n        \"@type\": \"Answer\",\n        \"text\": \"A legjellemzu0151bb tu00fcnet a fu00e9mes kattogu00f3 vagy ugru00e1lu00f3 hang eru0151s gu00e1zadu00e1skor vagy emelkedu0151n, amit a lu00e1nc u00e1tugru00e1sa okoz a fogaskerekeken. Gyakori mu00e9g a ru00e1ngatu00e1s gyorsu00edtu00e1s ku00f6zben, ami a bizonytalan eru0151u00e1tvitelre utal.\"\n      }\n    },\n    {\n      \"@type\": \"Question\",\n      \"name\": \"Pontosan milyen Mercedes modellekhez ju00f3 ez a DCD osztu00f3mu0171 lu00e1nc?\",\n      \"acceptedAnswer\": {\n        \"@type\": \"Answer\",\n        \"text\": \"Ez a lu00e1nc a Mercedes-Benz DCD (Offroad csomagos) osztu00f3mu0171vekhez ku00e9szu00fclt. Javasoljuk, hogy rendelu00e9s elu0151tt ellenu0151rizze az osztu00f3mu0171 adattu00e1blu00e1ju00e1t vagy alvu00e1zszu00e1m alapju00e1n konzultu00e1ljon kollu00e9gu00e1nkkal a pontos illeszkedu00e9s u00e9rdeku00e9ben.\"\n      }\n    },\n    {\n      \"@type\": \"Question\",\n      \"name\": \"Mi tu00f6rtu00e9nik, ha nem cseru00e9lem ki idu0151ben a megnyu00falt lu00e1ncot?\",\n      \"acceptedAnswer\": {\n        \"@type\": \"Answer\",\n        \"text\": \"A megnyu00falt lu00e1nc nemcsak a fogaskerekeket teszi tu00f6nkre, de szu00e9lsu0151su00e9ges esetben beleu00fctku00f6zhet az osztu00f3mu0171 hu00e1zu00e1ba, ami annak kilyukadu00e1su00e1hoz u00e9s az olaj elfolyu00e1su00e1hoz vezethet. Ez az egu00e9sz hajtu00e1slu00e1nc meghibu00e1sodu00e1su00e1t okozhatja.\"\n      }\n    },\n    {\n      \"@type\": \"Question\",\n      \"name\": \"Szu00fcksu00e9ges-e egyu00e9b alkatru00e9sz cseru00e9je a lu00e1nccal egyu00fctt?\",\n      \"acceptedAnswer\": {\n        \"@type\": \"Answer\",\n        \"text\": \"Igen, az osztu00f3mu0171 javu00edtu00e1sakor eru0151sen aju00e1nlott az u00faj szimeringek beu00e9pu00edtu00e9se u00e9s a gyu00e1ri specifiku00e1ciu00f3nak megfelelu0151 friss osztu00f3mu0171olaj feltu00f6ltu00e9se a hosszu00fa u00e9lettartam biztosu00edtu00e1sa u00e9rdeku00e9ben.\"\n      }\n    },\n    {\n      \"@type\": \"Question\",\n      \"name\": \"Hu00e1zilag is kicseru00e9lhetu0151 az osztu00f3mu0171 lu00e1nc?\",\n      \"acceptedAnswer\": {\n        \"@type\": \"Answer\",\n        \"text\": \"Az osztu00f3mu0171 felu00faju00edtu00e1sa komoly szaku00e9rtelmet u00e9s speciu00e1lis lehu00fazu00f3 szerszu00e1mokat igu00e9nyel. A nem megfelelu0151 hu00e9zagolu00e1s vagy tu00f6mu00edtu00e9s idu0151 elu0151tti tu00f6nkremenetelt okozhat, ezu00e9rt javasoljuk szakszerviz felkeresu00e9su00e9t.\"\n      }\n    }\n  ]\n}\n<\/script><\/p>","protected":false},"excerpt":{"rendered":"<p>Az oszt\u00f3m\u0171ben tal\u00e1lhat\u00f3 l\u00e1nc felel az \u00e1lland\u00f3 egys\u00e9ges er\u0151\u00e1tvitel\u00e9rt. \u00d6sszek\u00f6ttet\u00e9st biztos\u00edt az els\u0151 \u00e9s h\u00e1ts\u00f3 tengely optim\u00e1lis m\u0171k\u00f6d\u00e9s\u00e9hez. Ezzel biztos\u00edtva a 4&#215;4 hajt\u00e1st. Mik a &#8230; <\/p>\n<p class=\"read-more-container\"><a title=\"Oszt\u00f3m\u0171 l\u00e1nc (DCD)\" class=\"read-more button\" href=\"https:\/\/transfercasepartshop.com\/hu\/mercedes-benz\/dcd\/osztomu-lanc-dcd\/#more-390505\" aria-label=\"Read more about Oszt\u00f3m\u0171 l\u00e1nc (DCD)\">Tov\u00e1bb<\/a><\/p>","protected":false},"featured_media":394121,"comment_status":"open","ping_status":"closed","template":"","meta":{"_acf_changed":false},"product_brand":[],"product_cat":[105,106],"product_tag":[373,212],"class_list":{"0":"post-390505","1":"product","2":"type-product","3":"status-publish","4":"has-post-thumbnail","6":"product_cat-mercedes-benz","7":"product_cat-dcd","8":"product_tag-borg-warner","9":"product_tag-lancok","10":"infinite-scroll-item","11":"no-featured-image-padding","12":"resize-featured-image","13":"sales-flash-overlay","14":"woocommerce-text-align-center","15":"woocommerce-image-align-center","16":"wc-has-gallery","18":"first","19":"instock","20":"taxable","21":"shipping-taxable","22":"purchasable","23":"product-type-simple"},"acf":{"s-tec_number":"SP00084","oem-ref":"A1642800800, A1642801000, A1642801100, A1642801300, A1642801400, A1662800300, A1662800800","tartalom":"42 szem, 44,5 mm a l\u00e1nc sz\u00e9less\u00e9ge","lamella-alert":"","transfer_case_application_v2":["Mercedes-Benz DCD 2006-2009 GL-Klasse X164, X166","Mercedes-Benz DCD 2006-2009 ML-Klasse W164, W166","Mercedes-Benz DCD 2015- GLE Class","Mercedes-Benz DCD 2015- GLE Class Coupe","Mercedes-Benz DCD 2015- GLS"],"transfer_case_application":"","kulso_raktar":1,"google_ads_kep":423425,"gtin":9009381092056},"_links":{"self":[{"href":"https:\/\/transfercasepartshop.com\/hu\/wp-json\/wp\/v2\/product\/390505","targetHints":{"allow":["GET"]}}],"collection":[{"href":"https:\/\/transfercasepartshop.com\/hu\/wp-json\/wp\/v2\/product"}],"about":[{"href":"https:\/\/transfercasepartshop.com\/hu\/wp-json\/wp\/v2\/types\/product"}],"replies":[{"embeddable":true,"href":"https:\/\/transfercasepartshop.com\/hu\/wp-json\/wp\/v2\/comments?post=390505"}],"wp:featuredmedia":[{"embeddable":true,"href":"https:\/\/transfercasepartshop.com\/hu\/wp-json\/wp\/v2\/media\/394121"}],"wp:attachment":[{"href":"https:\/\/transfercasepartshop.com\/hu\/wp-json\/wp\/v2\/media?parent=390505"}],"wp:term":[{"taxonomy":"product_brand","embeddable":true,"href":"https:\/\/transfercasepartshop.com\/hu\/wp-json\/wp\/v2\/product_brand?post=390505"},{"taxonomy":"product_cat","embeddable":true,"href":"https:\/\/transfercasepartshop.com\/hu\/wp-json\/wp\/v2\/product_cat?post=390505"},{"taxonomy":"product_tag","embeddable":true,"href":"https:\/\/transfercasepartshop.com\/hu\/wp-json\/wp\/v2\/product_tag?post=390505"}],"curies":[{"name":"wp","href":"https:\/\/api.w.org\/{rel}","templated":true}]}}