{"id":390504,"date":"2021-11-17T15:04:11","date_gmt":"2021-11-17T14:04:11","guid":{"rendered":"https:\/\/transfercasepartshop.com\/?post_type=product&#038;p=390504"},"modified":"2026-03-23T09:39:40","modified_gmt":"2026-03-23T08:39:40","slug":"osztomu-jelado-szett-itc-dd295-itc-pla-dcd","status":"publish","type":"product","link":"https:\/\/transfercasepartshop.com\/hu\/land-rover\/osztomu-jelado-szett-itc-dd295-itc-pla-dcd\/","title":{"rendered":"Oszt\u00f3m\u0171 jelad\u00f3 szett (ITC DD295, ITC PLA, DCD)"},"content":{"rendered":"<p>Ez a jelad\u00f3 felel t\u00f6bbek k\u00f6z\u00f6tt az oszt\u00f3m\u0171nek k\u00fcld\u00f6tt adatok tov\u00e1bb\u00edt\u00e1s\u00e1\u00e9rt \u00e9s bizonyos mechanikai alkatr\u00e9szek megfelel\u0151 pozici\u00f3ban t\u00f6rt\u00e9n\u0151 be\u00e1ll\u00edt\u00e1s\u00e1\u00e9rt.<\/p>\n<div class=\"faq-section\">\n<details>\n<summary>Milyen t\u00fcnetek utalnak az oszt\u00f3m\u0171 jelad\u00f3 meghib\u00e1sod\u00e1s\u00e1ra?<\/summary>\n<p>A leggyakoribb jelek k\u00f6z\u00e9 tartozik a m\u0171szerfalon megjelen\u0151 4WD vagy AWD hiba\u00fczenet, a v\u00e1lt\u00e1sok sor\u00e1n tapasztalhat\u00f3 r\u00e1ngat\u00e1s, vagy ha az aut\u00f3 nem k\u00e9pes v\u00e1ltani a terepfokozatok k\u00f6z\u00f6tt. Mivel ez a jelad\u00f3 felel a mechanikai alkatr\u00e9szek pozicion\u00e1l\u00e1s\u00e1\u00e9rt, a hiba akad\u00e1lyozhatja a megfelel\u0151 nyomat\u00e9keloszt\u00e1st.<\/p>\n<\/details>\n<details>\n<summary>Kompatibilis ez a szett Land Rover \u00e9s Mercedes-Benz modellekkel is?<\/summary>\n<p>Igen, ez a specifikus jelad\u00f3 szett az ITC DD295 \u00e9s ITC PLA rendszerekhez k\u00e9sz\u00fclt, amelyeket t\u00f6bbek k\u00f6z\u00f6tt Land Rover t\u00edpusokban haszn\u00e1lnak, valamint a Mercedes-Benz DCD Offroad rendszereivel is kompatibilis. K\u00e9rj\u00fck, ellen\u0151rizze az oszt\u00f3m\u0171 t\u00edpus\u00e1t a v\u00e1s\u00e1rl\u00e1s el\u0151tt!<\/p>\n<\/details>\n<details>\n<summary>Mi a pontos feladata az ITC DD295\/PLA jelad\u00f3nak?<\/summary>\n<p>Ez az alkatr\u00e9sz kritikus fontoss\u00e1g\u00fa: egyr\u00e9szt adatokat tov\u00e1bb\u00edt az oszt\u00f3m\u0171 vez\u00e9rl\u0151egys\u00e9g\u00e9nek, m\u00e1sr\u00e9szt biztos\u00edtja, hogy a bels\u0151 mechanikai elemek (p\u00e9ld\u00e1ul a l\u00e9ptet\u0151villa) pontosan a k\u00edv\u00e1nt poz\u00edci\u00f3ba ker\u00fcljenek a fokozatv\u00e1lt\u00e1skor.<\/p>\n<\/details>\n<details>\n<summary>Sz\u00fcks\u00e9ges-e szoftveres kalibr\u00e1ci\u00f3 a jelad\u00f3 cser\u00e9je ut\u00e1n?<\/summary>\n<p>A legt\u00f6bb modern Land Rover \u00e9s Mercedes modelln\u00e9l a jelad\u00f3 cser\u00e9j\u00e9t k\u00f6vet\u0151en javasolt egy diagnosztikai illeszt\u00e9s vagy alaphelyzetbe \u00e1ll\u00edt\u00e1s, hogy a vez\u00e9rl\u0151egys\u00e9g felismerje az \u00faj alkatr\u00e9sz v\u00e9gpontjait \u00e9s pontos poz\u00edci\u00f3it.<\/p>\n<\/details>\n<\/div>\n<p><script type=\"application\/ld+json\">\n{\n  \"@context\": \"https:\/\/schema.org\",\n  \"@type\": \"FAQPage\",\n  \"mainEntity\": [\n    {\n      \"@type\": \"Question\",\n      \"name\": \"Milyen tu00fcnetek utalnak az osztu00f3mu0171 jeladu00f3 meghibu00e1sodu00e1su00e1ra?\",\n      \"acceptedAnswer\": {\n        \"@type\": \"Answer\",\n        \"text\": \"A leggyakoribb jelek ku00f6zu00e9 tartozik a mu0171szerfalon megjelenu0151 4WD vagy AWD hibau00fczenet, a vu00e1ltu00e1sok soru00e1n tapasztalhatu00f3 ru00e1ngatu00e1s, vagy ha az autu00f3 nem ku00e9pes vu00e1ltani a terepfokozatok ku00f6zu00f6tt. Mivel ez a jeladu00f3 felel a mechanikai alkatru00e9szek pozicionu00e1lu00e1su00e1u00e9rt, a hiba akadu00e1lyozhatja a megfelelu0151 nyomatu00e9kelosztu00e1st.\"\n      }\n    },\n    {\n      \"@type\": \"Question\",\n      \"name\": \"Kompatibilis ez a szett Land Rover u00e9s Mercedes-Benz modellekkel is?\",\n      \"acceptedAnswer\": {\n        \"@type\": \"Answer\",\n        \"text\": \"Igen, ez a specifikus jeladu00f3 szett az ITC DD295 u00e9s ITC PLA rendszerekhez ku00e9szu00fclt, amelyeket tu00f6bbek ku00f6zu00f6tt Land Rover tu00edpusokban hasznu00e1lnak, valamint a Mercedes-Benz DCD Offroad rendszereivel is kompatibilis. Ku00e9rju00fck, ellenu0151rizze az osztu00f3mu0171 tu00edpusu00e1t a vu00e1su00e1rlu00e1s elu0151tt!\"\n      }\n    },\n    {\n      \"@type\": \"Question\",\n      \"name\": \"Mi a pontos feladata az ITC DD295\/PLA jeladu00f3nak?\",\n      \"acceptedAnswer\": {\n        \"@type\": \"Answer\",\n        \"text\": \"Ez az alkatru00e9sz kritikus fontossu00e1gu00fa: egyru00e9szt adatokat tovu00e1bbu00edt az osztu00f3mu0171 vezu00e9rlu0151egysu00e9gu00e9nek, mu00e1sru00e9szt biztosu00edtja, hogy a belsu0151 mechanikai elemek (pu00e9ldu00e1ul a lu00e9ptetu0151villa) pontosan a ku00edvu00e1nt pozu00edciu00f3ba keru00fcljenek a fokozatvu00e1ltu00e1skor.\"\n      }\n    },\n    {\n      \"@type\": \"Question\",\n      \"name\": \"Szu00fcksu00e9ges-e szoftveres kalibru00e1ciu00f3 a jeladu00f3 cseru00e9je utu00e1n?\",\n      \"acceptedAnswer\": {\n        \"@type\": \"Answer\",\n        \"text\": \"A legtu00f6bb modern Land Rover u00e9s Mercedes modellnu00e9l a jeladu00f3 cseru00e9ju00e9t ku00f6vetu0151en javasolt egy diagnosztikai illesztu00e9s vagy alaphelyzetbe u00e1llu00edtu00e1s, hogy a vezu00e9rlu0151egysu00e9g felismerje az u00faj alkatru00e9sz vu00e9gpontjait u00e9s pontos pozu00edciu00f3it.\"\n      }\n    }\n  ]\n}\n<\/script><\/p>","protected":false},"excerpt":{"rendered":"<p>Ez a jelad\u00f3 felel t\u00f6bbek k\u00f6z\u00f6tt az oszt\u00f3m\u0171nek k\u00fcld\u00f6tt adatok tov\u00e1bb\u00edt\u00e1s\u00e1\u00e9rt \u00e9s bizonyos mechanikai alkatr\u00e9szek megfelel\u0151 pozici\u00f3ban t\u00f6rt\u00e9n\u0151 be\u00e1ll\u00edt\u00e1s\u00e1\u00e9rt. Milyen t\u00fcnetek utalnak az oszt\u00f3m\u0171 jelad\u00f3 &#8230; <\/p>\n<p class=\"read-more-container\"><a title=\"Oszt\u00f3m\u0171 jelad\u00f3 szett (ITC DD295, ITC PLA, DCD)\" class=\"read-more button\" href=\"https:\/\/transfercasepartshop.com\/hu\/land-rover\/osztomu-jelado-szett-itc-dd295-itc-pla-dcd\/#more-390504\" aria-label=\"Read more about Oszt\u00f3m\u0171 jelad\u00f3 szett (ITC DD295, ITC PLA, DCD)\">Tov\u00e1bb<\/a><\/p>","protected":false},"featured_media":393905,"comment_status":"open","ping_status":"closed","template":"","meta":{"_acf_changed":false},"product_brand":[],"product_cat":[100,105,106,101,102],"product_tag":[390,211],"class_list":{"0":"post-390504","1":"product","2":"type-product","3":"status-publish","4":"has-post-thumbnail","6":"product_cat-land-rover","7":"product_cat-mercedes-benz","8":"product_cat-dcd","9":"product_cat-itc-dd295-2","10":"product_cat-itc-pla","11":"product_tag-magna-powertrain","12":"product_tag-vezerlo-motorok-jeladok","13":"infinite-scroll-item","14":"no-featured-image-padding","15":"resize-featured-image","16":"sales-flash-overlay","17":"woocommerce-text-align-center","18":"woocommerce-image-align-center","19":"wc-has-gallery","21":"first","22":"instock","23":"taxable","24":"shipping-taxable","25":"purchasable","26":"product-type-simple"},"acf":{"s-tec_number":"SP00075","oem-ref":"IGF500011, A1642800058","tartalom":"1db jelad\u00f3 vez\u00e9rl\u0151elemmel, 3db csavar","lamella-alert":"","transfer_case_application_v2":["Land Rover ITC DD295 2004- Discovery3","Land Rover ITC DD295 2004- Discovery4","Land Rover ITC DD295 2004- Range Rover","Land Rover ITC DD295 2004- Range Rover Sport","Land Rover ITC PLA 2004- Discovery3","Land Rover ITC PLA 2004- Discovery4","Land Rover ITC PLA 2004- Range Rover","Land Rover ITC PLA 2004- Range Rover Sport","Mercedes-Benz DCD 2004- GL offroad package","Mercedes-Benz DCD 2004- ML offroad package","Mercedes-Benz DCD 2015- GLE Class","Mercedes-Benz DCD 2015- GLE Class Coupe","Mercedes-Benz DCD 2015- GLS"],"transfer_case_application":"","kulso_raktar":1,"google_ads_kep":423307,"gtin":9009381004158},"_links":{"self":[{"href":"https:\/\/transfercasepartshop.com\/hu\/wp-json\/wp\/v2\/product\/390504","targetHints":{"allow":["GET"]}}],"collection":[{"href":"https:\/\/transfercasepartshop.com\/hu\/wp-json\/wp\/v2\/product"}],"about":[{"href":"https:\/\/transfercasepartshop.com\/hu\/wp-json\/wp\/v2\/types\/product"}],"replies":[{"embeddable":true,"href":"https:\/\/transfercasepartshop.com\/hu\/wp-json\/wp\/v2\/comments?post=390504"}],"wp:featuredmedia":[{"embeddable":true,"href":"https:\/\/transfercasepartshop.com\/hu\/wp-json\/wp\/v2\/media\/393905"}],"wp:attachment":[{"href":"https:\/\/transfercasepartshop.com\/hu\/wp-json\/wp\/v2\/media?parent=390504"}],"wp:term":[{"taxonomy":"product_brand","embeddable":true,"href":"https:\/\/transfercasepartshop.com\/hu\/wp-json\/wp\/v2\/product_brand?post=390504"},{"taxonomy":"product_cat","embeddable":true,"href":"https:\/\/transfercasepartshop.com\/hu\/wp-json\/wp\/v2\/product_cat?post=390504"},{"taxonomy":"product_tag","embeddable":true,"href":"https:\/\/transfercasepartshop.com\/hu\/wp-json\/wp\/v2\/product_tag?post=390504"}],"curies":[{"name":"wp","href":"https:\/\/api.w.org\/{rel}","templated":true}]}}