{"id":390503,"date":"2021-11-17T15:04:11","date_gmt":"2021-11-17T14:04:11","guid":{"rendered":"https:\/\/transfercasepartshop.com\/?post_type=product&#038;p=390503"},"modified":"2026-03-23T09:39:38","modified_gmt":"2026-03-23T08:39:38","slug":"tengely-kihajtas-atc45l","status":"publish","type":"product","link":"https:\/\/transfercasepartshop.com\/hu\/bmw\/atc45l\/tengely-kihajtas-atc45l\/","title":{"rendered":"Tengely kihajt\u00e1s (ATC45L)"},"content":{"rendered":"<p>Ez a kihajt\u00e1si egys\u00e9g csatlakozik a kard\u00e1n tengelyhez, ezzel el\u0151seg\u00edtve az els\u0151 \u00e9s a h\u00e1ts\u00f3 tengelyek k\u00f6z\u00f6tti megfelel\u0151 egys\u00e9ges \u00e1thajt\u00e1st.<\/p>\n<div>\n<details>\n<summary>Milyen t\u00fcnetek utalnak az ATC45L tengely kihajt\u00e1s meghib\u00e1sod\u00e1s\u00e1ra?<\/summary>\n<p>A leggyakoribb jelek k\u00f6z\u00e9 tartozik a gyors\u00edt\u00e1skor \u00e9rezhet\u0151 r\u00e1ngat\u00e1s, kattog\u00f3 hang az aut\u00f3 al\u00f3l, vagy a m\u0171szerfalon megjelen\u0151 4&#215;4\/DSC hiba\u00fczenet. Ha a kard\u00e1ntengely csatlakoz\u00e1s\u00e1n\u00e1l holtj\u00e1t\u00e9kot vagy olajsziv\u00e1rg\u00e1st \u00e9szlel, val\u00f3sz\u00edn\u0171leg a kihajt\u00e1s kopott el.<\/p>\n<\/details>\n<details>\n<summary>Pontosan mi a feladata ennek a kihajt\u00e1si egys\u00e9gnek?<\/summary>\n<p>Ez az egys\u00e9g a k\u00f6zvetlen kapcsolat az ATC45L oszt\u00f3m\u0171 \u00e9s a kard\u00e1ntengely k\u00f6z\u00f6tt. Feladata, hogy az oszt\u00f3m\u0171b\u0151l \u00e9rkez\u0151 forgat\u00f3nyomat\u00e9kot vesztes\u00e9gmentesen \u00e9s r\u00e1zk\u00f3d\u00e1smentesen tov\u00e1bb\u00edtsa az els\u0151 vagy h\u00e1ts\u00f3 tengelyek fel\u00e9, biztos\u00edtva az \u00f6sszker\u00e9khajt\u00e1s egyens\u00faly\u00e1t.<\/p>\n<\/details>\n<details>\n<summary>Be\u00e9p\u00edthetem ezt az alkatr\u00e9szt b\u00e1rmelyik BMW xDrive modellbe?<\/summary>\n<p>Ez a specifikus alkatr\u00e9sz kiz\u00e1r\u00f3lag az ATC45L t\u00edpus\u00fa oszt\u00f3m\u0171vel szerelt BMW modellekhez (p\u00e9ld\u00e1ul bizonyos F15 X5, F16 X6 vagy F25 X3 sz\u00e9ri\u00e1k) alkalmas. V\u00e1s\u00e1rl\u00e1s el\u0151tt ellen\u0151rizze az oszt\u00f3m\u0171v\u00f6n tal\u00e1lhat\u00f3 t\u00edpust\u00e1bl\u00e1t vagy k\u00e9rje szak\u00e9rt\u0151nk seg\u00edts\u00e9g\u00e9t az alv\u00e1zsz\u00e1m alapj\u00e1n.<\/p>\n<\/details>\n<details>\n<summary>Sz\u00fcks\u00e9ges-e speci\u00e1lis szersz\u00e1m a cser\u00e9hez?<\/summary>\n<p>Igen, a csere szakszer\u0171 szerel\u00e9st ig\u00e9nyel, mivel az oszt\u00f3m\u0171 megbont\u00e1s\u00e1val \u00e9s a kard\u00e1ntengely lecsatlakoztat\u00e1s\u00e1val j\u00e1r. Javasoljuk, hogy a cser\u00e9t b\u00edzza BMW specialist\u00e1ra a megfelel\u0151 illeszt\u00e9s \u00e9s a t\u00f6m\u00edt\u00e9sek prec\u00edz elhelyez\u00e9se \u00e9rdek\u00e9ben.<\/p>\n<\/details>\n<details>\n<summary>Mi\u00e9rt \u00e9rdemes ezt a kihajt\u00e1st v\u00e1lasztanom a bontott helyett?<\/summary>\n<p>A bontott alkatr\u00e9szekn\u00e9l nem l\u00e1that\u00f3 a bels\u0151 fogazat kopotts\u00e1ga vagy a mikroreped\u00e9sek. Egy \u00faj kihajt\u00e1si egys\u00e9g garant\u00e1lja a gy\u00e1ri t\u0171r\u00e9shat\u00e1rokat, \u00edgy elker\u00fclhet\u0151 a kard\u00e1ntengely id\u0151 el\u0151tti t\u00f6nkremenetele \u00e9s a dr\u00e1ga oszt\u00f3m\u0171-fel\u00faj\u00edt\u00e1s.<\/p>\n<\/details>\n<\/div>\n<p><script type=\"application\/ld+json\">\n{\n  \"@context\": \"https:\/\/schema.org\",\n  \"@type\": \"FAQPage\",\n  \"mainEntity\": [\n    {\n      \"@type\": \"Question\",\n      \"name\": \"Milyen tu00fcnetek utalnak az ATC45L tengely kihajtu00e1s meghibu00e1sodu00e1su00e1ra?\",\n      \"acceptedAnswer\": {\n        \"@type\": \"Answer\",\n        \"text\": \"A leggyakoribb jelek ku00f6zu00e9 tartozik a gyorsu00edtu00e1skor u00e9rezhetu0151 ru00e1ngatu00e1s, kattogu00f3 hang az autu00f3 alu00f3l, vagy a mu0171szerfalon megjelenu0151 4x4\/DSC hibau00fczenet. Ha a kardu00e1ntengely csatlakozu00e1su00e1nu00e1l holtju00e1tu00e9kot vagy olajszivu00e1rgu00e1st u00e9szlel, valu00f3szu00ednu0171leg a kihajtu00e1s kopott el.\"\n      }\n    },\n    {\n      \"@type\": \"Question\",\n      \"name\": \"Pontosan mi a feladata ennek a kihajtu00e1si egysu00e9gnek?\",\n      \"acceptedAnswer\": {\n        \"@type\": \"Answer\",\n        \"text\": \"Ez az egysu00e9g a ku00f6zvetlen kapcsolat az ATC45L osztu00f3mu0171 u00e9s a kardu00e1ntengely ku00f6zu00f6tt. Feladata, hogy az osztu00f3mu0171bu0151l u00e9rkezu0151 forgatu00f3nyomatu00e9kot vesztesu00e9gmentesen u00e9s ru00e1zku00f3du00e1smentesen tovu00e1bbu00edtsa az elsu0151 vagy hu00e1tsu00f3 tengelyek felu00e9, biztosu00edtva az u00f6sszkeru00e9khajtu00e1s egyensu00falyu00e1t.\"\n      }\n    },\n    {\n      \"@type\": \"Question\",\n      \"name\": \"Beu00e9pu00edthetem ezt az alkatru00e9szt bu00e1rmelyik BMW xDrive modellbe?\",\n      \"acceptedAnswer\": {\n        \"@type\": \"Answer\",\n        \"text\": \"Ez a specifikus alkatru00e9sz kizu00e1ru00f3lag az ATC45L tu00edpusu00fa osztu00f3mu0171vel szerelt BMW modellekhez alkalmas. Vu00e1su00e1rlu00e1s elu0151tt ellenu0151rizze az osztu00f3mu0171vu00f6n talu00e1lhatu00f3 tu00edpustu00e1blu00e1t vagy ku00e9rje szaku00e9rtu0151nk segu00edtsu00e9gu00e9t az alvu00e1zszu00e1m alapju00e1n.\"\n      }\n    },\n    {\n      \"@type\": \"Question\",\n      \"name\": \"Szu00fcksu00e9ges-e speciu00e1lis szerszu00e1m a cseru00e9hez?\",\n      \"acceptedAnswer\": {\n        \"@type\": \"Answer\",\n        \"text\": \"Igen, a csere szakszeru0171 szerelu00e9st igu00e9nyel, mivel az osztu00f3mu0171 megbontu00e1su00e1val u00e9s a kardu00e1ntengely lecsatlakoztatu00e1su00e1val ju00e1r. Javasoljuk, hogy a cseru00e9t bu00edzza BMW specialistu00e1ra.\"\n      }\n    },\n    {\n      \"@type\": \"Question\",\n      \"name\": \"Miu00e9rt u00e9rdemes ezt a kihajtu00e1st vu00e1lasztanom a bontott helyett?\",\n      \"acceptedAnswer\": {\n        \"@type\": \"Answer\",\n        \"text\": \"Egy u00faj kihajtu00e1si egysu00e9g garantu00e1lja a gyu00e1ri tu0171ru00e9shatu00e1rokat, u00edgy elkeru00fclhetu0151 a kardu00e1ntengely idu0151 elu0151tti tu00f6nkremenetele u00e9s a dru00e1ga osztu00f3mu0171-felu00faju00edtu00e1s, szemben a bizonytalan u00e1llapotu00fa bontott alkatru00e9szekkel.\"\n      }\n    }\n  ]\n}\n<\/script><\/p>","protected":false},"excerpt":{"rendered":"<p>Ez a kihajt\u00e1si egys\u00e9g csatlakozik a kard\u00e1n tengelyhez, ezzel el\u0151seg\u00edtve az els\u0151 \u00e9s a h\u00e1ts\u00f3 tengelyek k\u00f6z\u00f6tti megfelel\u0151 egys\u00e9ges \u00e1thajt\u00e1st. Milyen t\u00fcnetek utalnak az ATC45L &#8230; <\/p>\n<p class=\"read-more-container\"><a title=\"Tengely kihajt\u00e1s (ATC45L)\" class=\"read-more button\" href=\"https:\/\/transfercasepartshop.com\/hu\/bmw\/atc45l\/tengely-kihajtas-atc45l\/#more-390503\" aria-label=\"Read more about Tengely kihajt\u00e1s (ATC45L)\">Tov\u00e1bb<\/a><\/p>","protected":false},"featured_media":394553,"comment_status":"open","ping_status":"closed","template":"","meta":{"_acf_changed":false},"product_brand":[],"product_cat":[86,90],"product_tag":[390,210],"class_list":{"0":"post-390503","1":"product","2":"type-product","3":"status-publish","4":"has-post-thumbnail","6":"product_cat-bmw","7":"product_cat-atc45l","8":"product_tag-magna-powertrain","9":"product_tag-tengelyek-fogaskerekek","10":"infinite-scroll-item","11":"no-featured-image-padding","12":"resize-featured-image","13":"sales-flash-overlay","14":"woocommerce-text-align-center","15":"woocommerce-image-align-center","16":"wc-has-gallery","18":"first","19":"instock","20":"taxable","21":"shipping-taxable","22":"purchasable","23":"product-type-simple"},"acf":{"s-tec_number":"SP00074","oem-ref":"","tartalom":"","lamella-alert":"","transfer_case_application_v2":["BMW ATC45L 2006-2018 X5 E70, E70 LCI","BMW ATC45L 2008-2014 X6 E71, E72 hybrid","BMW ATC45L 2010-2017 X3 F25","BMW ATC45L 2013-2018 X5 F15","BMW ATC45L 2014-2018 X4 F26","BMW ATC45L 2014-2018 X6 F16","BMW ATC45L 2014-2018 X6 M F86"],"transfer_case_application":"","kulso_raktar":2,"google_ads_kep":423443,"gtin":9009381099741},"_links":{"self":[{"href":"https:\/\/transfercasepartshop.com\/hu\/wp-json\/wp\/v2\/product\/390503","targetHints":{"allow":["GET"]}}],"collection":[{"href":"https:\/\/transfercasepartshop.com\/hu\/wp-json\/wp\/v2\/product"}],"about":[{"href":"https:\/\/transfercasepartshop.com\/hu\/wp-json\/wp\/v2\/types\/product"}],"replies":[{"embeddable":true,"href":"https:\/\/transfercasepartshop.com\/hu\/wp-json\/wp\/v2\/comments?post=390503"}],"wp:featuredmedia":[{"embeddable":true,"href":"https:\/\/transfercasepartshop.com\/hu\/wp-json\/wp\/v2\/media\/394553"}],"wp:attachment":[{"href":"https:\/\/transfercasepartshop.com\/hu\/wp-json\/wp\/v2\/media?parent=390503"}],"wp:term":[{"taxonomy":"product_brand","embeddable":true,"href":"https:\/\/transfercasepartshop.com\/hu\/wp-json\/wp\/v2\/product_brand?post=390503"},{"taxonomy":"product_cat","embeddable":true,"href":"https:\/\/transfercasepartshop.com\/hu\/wp-json\/wp\/v2\/product_cat?post=390503"},{"taxonomy":"product_tag","embeddable":true,"href":"https:\/\/transfercasepartshop.com\/hu\/wp-json\/wp\/v2\/product_tag?post=390503"}],"curies":[{"name":"wp","href":"https:\/\/api.w.org\/{rel}","templated":true}]}}