{"id":390501,"date":"2021-11-17T15:04:10","date_gmt":"2021-11-17T14:04:10","guid":{"rendered":"https:\/\/transfercasepartshop.com\/?post_type=product&#038;p=390501"},"modified":"2026-03-23T09:39:31","modified_gmt":"2026-03-23T08:39:31","slug":"osztomu-kupling-csapagy-szett-atc300-atc400-atc500-atc700","status":"publish","type":"product","link":"https:\/\/transfercasepartshop.com\/hu\/bmw\/osztomu-kupling-csapagy-szett-atc300-atc400-atc500-atc700\/","title":{"rendered":"Oszt\u00f3m\u0171 kuplung csap\u00e1gy szett (ATC300, ATC400, ATC500, ATC700)"},"content":{"rendered":"<p>Ezek a kuplungban tal\u00e1lhat\u00f3 t\u0171g\u00f6rg\u0151s csap\u00e1gyak seg\u00edtik \u00e9s biztos\u00edtj\u00e1k a tengely kapcsol\u00f3 karok forg\u00e1s\u00e1t, finom mechanikai mozg\u00e1s\u00e1t.<\/p>\n<section>\n<details>\n<summary>Milyen t\u00fcnetek utalnak arra, hogy elhaszn\u00e1l\u00f3dott az oszt\u00f3m\u0171 kuplung csap\u00e1gya?<\/summary>\n<p>Ha az aut\u00f3 kanyarod\u00e1skor r\u00e1ngat, vagy az \u00f6sszker\u00e9khajt\u00e1s kapcsol\u00f3d\u00e1sakor darabos, \u201edar\u00e1l\u00f3\u201d mozg\u00e1st \u00e9rez, gyakran a kuplungban tal\u00e1lhat\u00f3 t\u0171g\u00f6rg\u0151s csap\u00e1gyak kop\u00e1sa okozza a probl\u00e9m\u00e1t. Ezek a csap\u00e1gyak felel\u0151sek a kapcsol\u00f3 karok finom mozg\u00e1s\u00e1\u00e9rt.<\/p>\n<\/details>\n<details>\n<summary>J\u00f3 lesz ez a szett az \u00e9n BMW X5 (E70) aut\u00f3mhoz?<\/summary>\n<p>Igen, amennyiben az aut\u00f3ja ATC700-as oszt\u00f3m\u0171vel van szerelve, ez a k\u00e9szlet kompatibilis vele. Emellett az ATC300 (3-as, 5-\u00f6s sorozat), ATC400 (X3) \u00e9s ATC500 (X5 E53) t\u00edpusokhoz is t\u00f6k\u00e9letesen illeszkedik.<\/p>\n<\/details>\n<details>\n<summary>Mi a funkci\u00f3ja a t\u0171g\u00f6rg\u0151s csap\u00e1gyaknak az ATC oszt\u00f3m\u0171ben?<\/summary>\n<p>Ezek a csap\u00e1gyak seg\u00edtik \u00e9s biztos\u00edtj\u00e1k a tengely kapcsol\u00f3 karok forg\u00e1s\u00e1t \u00e9s finom mechanikai elmozdul\u00e1s\u00e1t a kuplung szerkezeten bel\u00fcl. N\u00e9lk\u00fcl\u00fck a mechanika megszorulhat, ami az oszt\u00f3m\u0171 meghib\u00e1sod\u00e1s\u00e1hoz vezet.<\/p>\n<\/details>\n<details>\n<summary>Sz\u00fcks\u00e9ges speci\u00e1lis szersz\u00e1m a csap\u00e1gyak beszerel\u00e9s\u00e9hez?<\/summary>\n<p>Az oszt\u00f3m\u0171 sz\u00e9tszerel\u00e9se \u00e9s a csap\u00e1gyak cser\u00e9je prec\u00edzi\u00f3s munka, amely szak\u00e9rtelmet \u00e9s megfelel\u0151 leh\u00faz\u00f3 szersz\u00e1mokat ig\u00e9nyel. Javasoljuk, hogy a beszerel\u00e9st b\u00edzza BMW oszt\u00f3m\u0171vekre szakosodott szervizre.<\/p>\n<\/details>\n<details>\n<summary>Tartalmazza a csomag az \u00f6sszes sz\u00fcks\u00e9ges csap\u00e1gyat a kuplunghoz?<\/summary>\n<p>Igen, ez a szett tartalmazza a kuplung mechanik\u00e1j\u00e1nak fel\u00faj\u00edt\u00e1s\u00e1hoz sz\u00fcks\u00e9ges t\u0171g\u00f6rg\u0151s csap\u00e1gyakat az eml\u00edtett ATC (300, 400, 500, 700) t\u00edpusokhoz.<\/p>\n<\/details>\n<\/section>\n<p><script type=\"application\/ld+json\">\n{\n  \"@context\": \"https:\/\/schema.org\",\n  \"@type\": \"FAQPage\",\n  \"mainEntity\": [\n    {\n      \"@type\": \"Question\",\n      \"name\": \"Milyen tu00fcnetek utalnak arra, hogy elhasznu00e1lu00f3dott az osztu00f3mu0171 kuplung csapu00e1gya?\",\n      \"acceptedAnswer\": {\n        \"@type\": \"Answer\",\n        \"text\": \"Ha az autu00f3 kanyarodu00e1skor ru00e1ngat, vagy az u00f6sszkeru00e9khajtu00e1s kapcsolu00f3du00e1sakor darabos, u201edaru00e1lu00f3u201d mozgu00e1st u00e9rez, gyakran a kuplungban talu00e1lhatu00f3 tu0171gu00f6rgu0151s csapu00e1gyak kopu00e1sa okozza a problu00e9mu00e1t.\"\n      }\n    },\n    {\n      \"@type\": \"Question\",\n      \"name\": \"Ju00f3 lesz ez a szett az u00e9n BMW X5 (E70) autu00f3mhoz?\",\n      \"acceptedAnswer\": {\n        \"@type\": \"Answer\",\n        \"text\": \"Igen, amennyiben az autu00f3ja ATC700-as osztu00f3mu0171vel van szerelve, ez a ku00e9szlet kompatibilis vele. Emellett az ATC300, ATC400 u00e9s ATC500 tu00edpusokhoz is tu00f6ku00e9letesen illeszkedik.\"\n      }\n    },\n    {\n      \"@type\": \"Question\",\n      \"name\": \"Mi a funkciu00f3ja a tu0171gu00f6rgu0151s csapu00e1gyaknak az ATC osztu00f3mu0171ben?\",\n      \"acceptedAnswer\": {\n        \"@type\": \"Answer\",\n        \"text\": \"Ezek a csapu00e1gyak segu00edtik u00e9s biztosu00edtju00e1k a tengely kapcsolu00f3 karok forgu00e1su00e1t u00e9s finom mechanikai elmozdulu00e1su00e1t a kuplung szerkezeten belu00fcl.\"\n      }\n    },\n    {\n      \"@type\": \"Question\",\n      \"name\": \"Szu00fcksu00e9ges speciu00e1lis szerszu00e1m a csapu00e1gyak beszerelu00e9su00e9hez?\",\n      \"acceptedAnswer\": {\n        \"@type\": \"Answer\",\n        \"text\": \"Az osztu00f3mu0171 szu00e9tszerelu00e9se u00e9s a csapu00e1gyak cseru00e9je szaku00e9rtelmet igu00e9nyel. Javasoljuk, hogy a beszerelu00e9st bu00edzza BMW osztu00f3mu0171vekre szakosodott szervizre.\"\n      }\n    },\n    {\n      \"@type\": \"Question\",\n      \"name\": \"Tartalmazza a csomag az u00f6sszes szu00fcksu00e9ges csapu00e1gyat a kuplunghoz?\",\n      \"acceptedAnswer\": {\n        \"@type\": \"Answer\",\n        \"text\": \"Igen, ez a szett tartalmazza a kuplung mechaniku00e1ju00e1nak felu00faju00edtu00e1su00e1hoz szu00fcksu00e9ges tu0171gu00f6rgu0151s csapu00e1gyakat az ATC300, ATC400, ATC500 u00e9s ATC700 tu00edpusokhoz.\"\n      }\n    }\n  ]\n}\n<\/script><\/p>","protected":false},"excerpt":{"rendered":"<p>Ezek a kuplungban tal\u00e1lhat\u00f3 t\u0171g\u00f6rg\u0151s csap\u00e1gyak seg\u00edtik \u00e9s biztos\u00edtj\u00e1k a tengely kapcsol\u00f3 karok forg\u00e1s\u00e1t, finom mechanikai mozg\u00e1s\u00e1t. Milyen t\u00fcnetek utalnak arra, hogy elhaszn\u00e1l\u00f3dott az oszt\u00f3m\u0171 &#8230; <\/p>\n<p class=\"read-more-container\"><a title=\"Oszt\u00f3m\u0171 kuplung csap\u00e1gy szett (ATC300, ATC400, ATC500, ATC700)\" class=\"read-more button\" href=\"https:\/\/transfercasepartshop.com\/hu\/bmw\/osztomu-kupling-csapagy-szett-atc300-atc400-atc500-atc700\/#more-390501\" aria-label=\"Read more about Oszt\u00f3m\u0171 kuplung csap\u00e1gy szett (ATC300, ATC400, ATC500, ATC700)\">Tov\u00e1bb<\/a><\/p>","protected":false},"featured_media":413116,"comment_status":"open","ping_status":"closed","template":"","meta":{"_acf_changed":false},"product_brand":[],"product_cat":[86,64,65,67,68],"product_tag":[207,390],"class_list":{"0":"post-390501","1":"product","2":"type-product","3":"status-publish","4":"has-post-thumbnail","6":"product_cat-bmw","7":"product_cat-atc300","8":"product_cat-atc400","9":"product_cat-atc500","10":"product_cat-atc700","11":"product_tag-csapagyak","12":"product_tag-magna-powertrain","13":"infinite-scroll-item","14":"no-featured-image-padding","15":"resize-featured-image","16":"sales-flash-overlay","17":"woocommerce-text-align-center","18":"woocommerce-image-align-center","19":"wc-has-gallery","21":"first","22":"instock","23":"taxable","24":"shipping-taxable","25":"purchasable","26":"product-type-simple"},"acf":{"s-tec_number":"INA","oem-ref":"","tartalom":"2db t\u0171g\u00f6rg\u0151s csap\u00e1gy, 1db csap\u00e1gykos\u00e1r","lamella-alert":"","transfer_case_application_v2":["BMW ATC300 2003-2010 5 series E60, E61","BMW ATC300 2004-2013 3 series E90, E91, E92","BMW ATC400 2003-2010 X3 E83","BMW ATC500 2003-2006 X5 E53","BMW ATC700 2006-2013 X5 E70, E70 LCI","BMW ATC700 2008-2014 X6 E71, E72 hybrid"],"transfer_case_application":"","kulso_raktar":14,"google_ads_kep":423489,"gtin":""},"_links":{"self":[{"href":"https:\/\/transfercasepartshop.com\/hu\/wp-json\/wp\/v2\/product\/390501","targetHints":{"allow":["GET"]}}],"collection":[{"href":"https:\/\/transfercasepartshop.com\/hu\/wp-json\/wp\/v2\/product"}],"about":[{"href":"https:\/\/transfercasepartshop.com\/hu\/wp-json\/wp\/v2\/types\/product"}],"replies":[{"embeddable":true,"href":"https:\/\/transfercasepartshop.com\/hu\/wp-json\/wp\/v2\/comments?post=390501"}],"wp:featuredmedia":[{"embeddable":true,"href":"https:\/\/transfercasepartshop.com\/hu\/wp-json\/wp\/v2\/media\/413116"}],"wp:attachment":[{"href":"https:\/\/transfercasepartshop.com\/hu\/wp-json\/wp\/v2\/media?parent=390501"}],"wp:term":[{"taxonomy":"product_brand","embeddable":true,"href":"https:\/\/transfercasepartshop.com\/hu\/wp-json\/wp\/v2\/product_brand?post=390501"},{"taxonomy":"product_cat","embeddable":true,"href":"https:\/\/transfercasepartshop.com\/hu\/wp-json\/wp\/v2\/product_cat?post=390501"},{"taxonomy":"product_tag","embeddable":true,"href":"https:\/\/transfercasepartshop.com\/hu\/wp-json\/wp\/v2\/product_tag?post=390501"}],"curies":[{"name":"wp","href":"https:\/\/api.w.org\/{rel}","templated":true}]}}