{"id":390181,"date":"2021-11-15T21:58:06","date_gmt":"2021-11-15T20:58:06","guid":{"rendered":"https:\/\/transfercasepartshop.com\/?post_type=product&#038;p=390181"},"modified":"2026-03-23T09:39:29","modified_gmt":"2026-03-23T08:39:29","slug":"kuplung-tanyer-atc300-atc400","status":"publish","type":"product","link":"https:\/\/transfercasepartshop.com\/hu\/bmw\/atc300\/kuplung-tanyer-atc300-atc400\/","title":{"rendered":"Kuplung t\u00e1ny\u00e9r (ATC300, ATC400)"},"content":{"rendered":"<p>Rozsdamentes ac\u00e9lb\u00f3l el\u0151\u00e1ll\u00edtott term\u00e9k. Az oszt\u00f3m\u0171 kuplung lamell\u00e1k \u00e9s a kuplungban tal\u00e1lhat\u00f3 nyom\u00f3lap illetve teny\u00e9r rug\u00f3k, kuplung rug\u00f3k t\u00e1vtart\u00e1s\u00e1\u00e9rt felel\u0151s.<\/p>\n<div>\n<details>\n<summary>Milyen feladatot l\u00e1t el a kuplung t\u00e1ny\u00e9r az ATC300 \u00e9s ATC400 oszt\u00f3m\u0171vekben?<\/summary>\n<p>Ez a rozsdamentes ac\u00e9lb\u00f3l k\u00e9sz\u00fclt t\u00e1ny\u00e9r felel az oszt\u00f3m\u0171 kuplung lamell\u00e1i, a nyom\u00f3lap, valamint a t\u00e1ny\u00e9r- \u00e9s kuplungrug\u00f3k k\u00f6z\u00f6tti prec\u00edz t\u00e1vols\u00e1g megtart\u00e1s\u00e1\u00e9rt. Alapvet\u0151 szerepe van az \u00f6sszker\u00e9khajt\u00e1s sima \u00e9s pontos z\u00e1r\u00e1s\u00e1ban.<\/p>\n<\/details>\n<details>\n<summary>Milyen t\u00fcnetek utalnak arra, hogy elhaszn\u00e1l\u00f3dott ez az alkatr\u00e9sz?<\/summary>\n<p>Ha a kuplung t\u00e1ny\u00e9r deform\u00e1l\u00f3dik vagy kopik, r\u00e1ngat\u00e1st tapasztalhat kanyarod\u00e1skor vagy gyors\u00edt\u00e1skor, bizonytalann\u00e1 v\u00e1lhat az er\u0151\u00e1tvitel az els\u0151 kerekekre, illetve f\u00e9mes z\u00f6rejek jelentkezhetnek az oszt\u00f3m\u0171 fel\u0151l.<\/p>\n<\/details>\n<details>\n<summary>Mi\u00e9rt jobb a rozsdamentes ac\u00e9l kivitel a gy\u00e1ri megold\u00e1sokn\u00e1l?<\/summary>\n<p>A rozsdamentes ac\u00e9l kiemelked\u0151 h\u0151- \u00e9s kop\u00e1s\u00e1ll\u00f3s\u00e1ggal rendelkezik. Nem korrod\u00e1l\u00f3dik \u00e9s nem deform\u00e1l\u00f3dik el a nagy mechanikai terhel\u00e9s alatt, \u00edgy hosszabb \u00e9lettartamot biztos\u00edt az ATC300\/ATC400 oszt\u00f3m\u0171 kuplungszerkezet\u00e9nek.<\/p>\n<\/details>\n<details>\n<summary>Kompatibilis ez az alkatr\u00e9sz a 3-as vagy 5-\u00f6s BMW-mhez?<\/summary>\n<p>Igen, amennyiben az aut\u00f3ja ATC300 (p\u00e9ld\u00e1ul E60, E90 xDrive modellek) vagy ATC400 (p\u00e9ld\u00e1ul E83 X3) oszt\u00f3m\u0171vel van szerelve. K\u00e9rj\u00fck, ellen\u0151rizze az oszt\u00f3m\u0171 t\u00edpus\u00e1t a v\u00e1s\u00e1rl\u00e1s el\u0151tt.<\/p>\n<\/details>\n<details>\n<summary>Sz\u00fcks\u00e9ges-e speci\u00e1lis szersz\u00e1m a kuplung t\u00e1ny\u00e9r cser\u00e9j\u00e9hez?<\/summary>\n<p>Az oszt\u00f3m\u0171 sz\u00e9tszerel\u00e9se \u00e9s a kuplungszerkezet kalibr\u00e1l\u00e1sa szak\u00e9rtelmet \u00e9s speci\u00e1lis leh\u00faz\u00f3kat ig\u00e9nyel. A pontos illeszt\u00e9s \u00e9rdek\u00e9ben javasoljuk, hogy a cser\u00e9t b\u00edzza xDrive rendszerekre szakosodott szervizre.<\/p>\n<\/details>\n<\/div>\n<p><script type=\"application\/ld+json\">\n{\n  \"@context\": \"https:\/\/schema.org\",\n  \"@type\": \"FAQPage\",\n  \"mainEntity\": [\n    {\n      \"@type\": \"Question\",\n      \"name\": \"Milyen feladatot lu00e1t el a kuplung tu00e1nyu00e9r az ATC300 u00e9s ATC400 osztu00f3mu0171vekben?\",\n      \"acceptedAnswer\": {\n        \"@type\": \"Answer\",\n        \"text\": \"Ez a rozsdamentes acu00e9lbu00f3l ku00e9szu00fclt tu00e1nyu00e9r felel az osztu00f3mu0171 kuplung lamellu00e1i, a nyomu00f3lap, valamint a tu00e1nyu00e9r- u00e9s kuplungrugu00f3k ku00f6zu00f6tti precu00edz tu00e1volsu00e1g megtartu00e1su00e1u00e9rt. Alapvetu0151 szerepe van az u00f6sszkeru00e9khajtu00e1s sima u00e9s pontos zu00e1ru00e1su00e1ban.\"\n      }\n    },\n    {\n      \"@type\": \"Question\",\n      \"name\": \"Milyen tu00fcnetek utalnak arra, hogy elhasznu00e1lu00f3dott ez az alkatru00e9sz?\",\n      \"acceptedAnswer\": {\n        \"@type\": \"Answer\",\n        \"text\": \"Ha a kuplung tu00e1nyu00e9r deformu00e1lu00f3dik vagy kopik, ru00e1ngatu00e1st tapasztalhat kanyarodu00e1skor vagy gyorsu00edtu00e1skor, bizonytalannu00e1 vu00e1lhat az eru0151u00e1tvitel az elsu0151 kerekekre, illetve fu00e9mes zu00f6rejek jelentkezhetnek az osztu00f3mu0171 felu0151l.\"\n      }\n    },\n    {\n      \"@type\": \"Question\",\n      \"name\": \"Miu00e9rt jobb a rozsdamentes acu00e9l kivitel a gyu00e1ri megoldu00e1soknu00e1l?\",\n      \"acceptedAnswer\": {\n        \"@type\": \"Answer\",\n        \"text\": \"A rozsdamentes acu00e9l kiemelkedu0151 hu0151- u00e9s kopu00e1su00e1llu00f3su00e1ggal rendelkezik. Nem korrodu00e1lu00f3dik u00e9s nem deformu00e1lu00f3dik el a nagy mechanikai terhelu00e9s alatt, u00edgy hosszabb u00e9lettartamot biztosu00edt az ATC300\/ATC400 osztu00f3mu0171 kuplungszerkezetu00e9nek.\"\n      }\n    },\n    {\n      \"@type\": \"Question\",\n      \"name\": \"Kompatibilis ez az alkatru00e9sz a 3-as vagy 5-u00f6s BMW-mhez?\",\n      \"acceptedAnswer\": {\n        \"@type\": \"Answer\",\n        \"text\": \"Igen, amennyiben az autu00f3ja ATC300 (pu00e9ldu00e1ul E60, E90 xDrive modellek) vagy ATC400 (pu00e9ldu00e1ul E83 X3) osztu00f3mu0171vel van szerelve. Ku00e9rju00fck, ellenu0151rizze az osztu00f3mu0171 tu00edpusu00e1t a vu00e1su00e1rlu00e1s elu0151tt.\"\n      }\n    },\n    {\n      \"@type\": \"Question\",\n      \"name\": \"Szu00fcksu00e9ges-e speciu00e1lis szerszu00e1m a kuplung tu00e1nyu00e9r cseru00e9ju00e9hez?\",\n      \"acceptedAnswer\": {\n        \"@type\": \"Answer\",\n        \"text\": \"Az osztu00f3mu0171 szu00e9tszerelu00e9se u00e9s a kuplungszerkezet kalibru00e1lu00e1sa szaku00e9rtelmet u00e9s speciu00e1lis lehu00fazu00f3kat igu00e9nyel. A pontos illesztu00e9s u00e9rdeku00e9ben javasoljuk, hogy a cseru00e9t bu00edzza xDrive rendszerekre szakosodott szervizre.\"\n      }\n    }\n  ]\n}\n<\/script><\/p>","protected":false},"excerpt":{"rendered":"<p>Rozsdamentes ac\u00e9lb\u00f3l el\u0151\u00e1ll\u00edtott term\u00e9k. Az oszt\u00f3m\u0171 kuplung lamell\u00e1k \u00e9s a kuplungban tal\u00e1lhat\u00f3 nyom\u00f3lap illetve teny\u00e9r rug\u00f3k, kuplung rug\u00f3k t\u00e1vtart\u00e1s\u00e1\u00e9rt felel\u0151s. Milyen feladatot l\u00e1t el a &#8230; <\/p>\n<p class=\"read-more-container\"><a title=\"Kuplung t\u00e1ny\u00e9r (ATC300, ATC400)\" class=\"read-more button\" href=\"https:\/\/transfercasepartshop.com\/hu\/bmw\/atc300\/kuplung-tanyer-atc300-atc400\/#more-390181\" aria-label=\"Read more about Kuplung t\u00e1ny\u00e9r (ATC300, ATC400)\">Tov\u00e1bb<\/a><\/p>","protected":false},"featured_media":413395,"comment_status":"open","ping_status":"closed","template":"","meta":{"_acf_changed":false},"product_brand":[],"product_cat":[64,86,65],"product_tag":[208,390],"class_list":{"0":"post-390181","1":"product","2":"type-product","3":"status-publish","4":"has-post-thumbnail","6":"product_cat-atc300","7":"product_cat-bmw","8":"product_cat-atc400","9":"product_tag-kuplung-alkatreszei","10":"product_tag-magna-powertrain","11":"infinite-scroll-item","12":"no-featured-image-padding","13":"resize-featured-image","14":"sales-flash-overlay","15":"woocommerce-text-align-center","16":"woocommerce-image-align-center","17":"wc-has-gallery","19":"first","20":"instock","21":"taxable","22":"shipping-taxable","23":"purchasable","24":"product-type-simple"},"acf":{"s-tec_number":"SP00003","oem-ref":"","tartalom":"","lamella-alert":"","transfer_case_application_v2":["BMW ATC300 2003-2010 5 series E60, E61","BMW ATC300 2004-2010 3 series E90, E91, E92","BMW ATC400 2003-2010 X3 E83"],"transfer_case_application":"","kulso_raktar":2,"google_ads_kep":423301,"gtin":9009381036838},"_links":{"self":[{"href":"https:\/\/transfercasepartshop.com\/hu\/wp-json\/wp\/v2\/product\/390181","targetHints":{"allow":["GET"]}}],"collection":[{"href":"https:\/\/transfercasepartshop.com\/hu\/wp-json\/wp\/v2\/product"}],"about":[{"href":"https:\/\/transfercasepartshop.com\/hu\/wp-json\/wp\/v2\/types\/product"}],"replies":[{"embeddable":true,"href":"https:\/\/transfercasepartshop.com\/hu\/wp-json\/wp\/v2\/comments?post=390181"}],"wp:featuredmedia":[{"embeddable":true,"href":"https:\/\/transfercasepartshop.com\/hu\/wp-json\/wp\/v2\/media\/413395"}],"wp:attachment":[{"href":"https:\/\/transfercasepartshop.com\/hu\/wp-json\/wp\/v2\/media?parent=390181"}],"wp:term":[{"taxonomy":"product_brand","embeddable":true,"href":"https:\/\/transfercasepartshop.com\/hu\/wp-json\/wp\/v2\/product_brand?post=390181"},{"taxonomy":"product_cat","embeddable":true,"href":"https:\/\/transfercasepartshop.com\/hu\/wp-json\/wp\/v2\/product_cat?post=390181"},{"taxonomy":"product_tag","embeddable":true,"href":"https:\/\/transfercasepartshop.com\/hu\/wp-json\/wp\/v2\/product_tag?post=390181"}],"curies":[{"name":"wp","href":"https:\/\/api.w.org\/{rel}","templated":true}]}}