{"id":443470,"date":"2026-03-24T13:34:12","date_gmt":"2026-03-24T12:34:12","guid":{"rendered":"https:\/\/transfercasepartshop.com\/?page_id=443470"},"modified":"2026-03-24T13:36:46","modified_gmt":"2026-03-24T12:36:46","slug":"osztomu-alkatreszek-b2b","status":"publish","type":"page","link":"https:\/\/transfercasepartshop.com\/hu\/osztomu-alkatreszek-b2b\/","title":{"rendered":"Oszt\u00f3m\u0171 alkatr\u00e9szek B2B katal\u00f3gus"},"content":{"rendered":"<p class=\"gb-headline gb-headline-8606f296 gb-headline-text\">C\u00e9g\u00fcnk oszt\u00f3m\u0171 \u00e9s hajt\u00e1sl\u00e1nc alkatr\u00e9szeket k\u00edn\u00e1l B2B partnerek sz\u00e1m\u00e1ra. Teljes term\u00e9kk\u00edn\u00e1latunk az al\u00e1bbi PDF katal\u00f3gusban \u00e9rhet\u0151 el.<\/p><span class=\"gb-button gb-button-791a0144 gb-button-text\" aria-label=\"Oszt\u00f3m\u0171 alkatr\u00e9szek B2B katal\u00f3gus let\u00f6lt\u00e9se (PDF)\">Oszt\u00f3m\u0171 alkatr\u00e9szek B2B katal\u00f3gus let\u00f6lt\u00e9se (PDF)<\/span><div data-wp-interactive=\"core\/file\" class=\"wp-block-file\"><object data-wp-bind--hidden=\"!state.hasPdfPreview\" hidden class=\"wp-block-file__embed\" data=\"https:\/\/transfercasepartshop.com\/wp-content\/uploads\/2026\/03\/TCP_4WD_B2B_Pricelist_2026_Q1_osztomu-alkatreszek-katalogus.pdf\" type=\"application\/pdf\" style=\"width:100%;height:600px\" aria-label=\"TCP_4WD_B2B_Pricelist_2026_Q1_osztomu-alkatreszek-katalogus be\u00e1gyaz\u00e1sa\"><\/object><a id=\"wp-block-file--media-17a3ec93-46bf-45c6-9237-a3c877bc8d41\" href=\"https:\/\/transfercasepartshop.com\/wp-content\/uploads\/2026\/03\/TCP_4WD_B2B_Pricelist_2026_Q1_osztomu-alkatreszek-katalogus.pdf\">TCP_4WD_B2B_Pricelist_2026_Q1_osztomu-alkatreszek-katalogus<\/a><a href=\"https:\/\/transfercasepartshop.com\/wp-content\/uploads\/2026\/03\/TCP_4WD_B2B_Pricelist_2026_Q1_osztomu-alkatreszek-katalogus.pdf\" class=\"wp-block-file__button wp-element-button\" download aria-describedby=\"wp-block-file--media-17a3ec93-46bf-45c6-9237-a3c877bc8d41\">Let\u00f6lt\u00e9s<\/a><\/div>","protected":false},"excerpt":{"rendered":"<p>C\u00e9g\u00fcnk oszt\u00f3m\u0171 \u00e9s hajt\u00e1sl\u00e1nc alkatr\u00e9szeket k\u00edn\u00e1l B2B partnerek sz\u00e1m\u00e1ra. Teljes term\u00e9kk\u00edn\u00e1latunk az al\u00e1bbi PDF katal\u00f3gusban \u00e9rhet\u0151 el.<\/p>","protected":false},"author":1,"featured_media":0,"parent":0,"menu_order":0,"comment_status":"closed","ping_status":"closed","template":"","meta":{"_acf_changed":false,"footnotes":""},"class_list":{"0":"post-443470","1":"page","2":"type-page","3":"status-publish","5":"infinite-scroll-item","6":"no-featured-image-padding"},"acf":[],"_links":{"self":[{"href":"https:\/\/transfercasepartshop.com\/hu\/wp-json\/wp\/v2\/pages\/443470","targetHints":{"allow":["GET"]}}],"collection":[{"href":"https:\/\/transfercasepartshop.com\/hu\/wp-json\/wp\/v2\/pages"}],"about":[{"href":"https:\/\/transfercasepartshop.com\/hu\/wp-json\/wp\/v2\/types\/page"}],"author":[{"embeddable":true,"href":"https:\/\/transfercasepartshop.com\/hu\/wp-json\/wp\/v2\/users\/1"}],"replies":[{"embeddable":true,"href":"https:\/\/transfercasepartshop.com\/hu\/wp-json\/wp\/v2\/comments?post=443470"}],"version-history":[{"count":0,"href":"https:\/\/transfercasepartshop.com\/hu\/wp-json\/wp\/v2\/pages\/443470\/revisions"}],"wp:attachment":[{"href":"https:\/\/transfercasepartshop.com\/hu\/wp-json\/wp\/v2\/media?parent=443470"}],"curies":[{"name":"wp","href":"https:\/\/api.w.org\/{rel}","templated":true}]}}