{"id":435793,"date":"2025-01-08T13:55:55","date_gmt":"2025-01-08T12:55:55","guid":{"rendered":"https:\/\/transfercasepartshop.com\/?page_id=435793"},"modified":"2025-01-11T10:25:56","modified_gmt":"2025-01-11T09:25:56","slug":"videok","status":"publish","type":"page","link":"https:\/\/transfercasepartshop.com\/hu\/videok\/","title":{"rendered":"Vide\u00f3k"},"content":{"rendered":"<div class=\"gb-container gb-container-a423bdf3\">\n<div class=\"gb-container gb-container-ab8a5627\">\n<div class=\"gb-grid-wrapper gb-grid-wrapper-700a58e7\">\n<div class=\"gb-grid-column gb-grid-column-62a65ab9\"><div class=\"gb-container gb-container-62a65ab9\">\n<h2 class=\"gb-headline gb-headline-d3dfd547 gb-headline-text\"><iframe loading=\"lazy\" width=\"560\" height=\"315\" src=\"https:\/\/www.youtube.com\/embed\/-KEOIesufYE?si=SDV6FhQ3RrK1kmMY\" title=\"YouTube video player\" frameborder=\"0\" allowfullscreen><\/iframe><\/h2>\n\n<h2 class=\"gb-headline gb-headline-2a20ca8a gb-headline-text\"><a href=\"https:\/\/transfercasepartshop.com\/hu\/video\/atc400-osztomu-szetszerelese-javitasa-es-osszeszerelese\/\">ATC400 oszt\u00f3m\u0171 sz\u00e9tszerel\u00e9se, jav\u00edt\u00e1sa \u00e9s \u00f6sszeszerel\u00e9se<\/a><\/h2>\n\n<h2 class=\"gb-headline gb-headline-1c884e69 gb-headline-text\">Ebben a vide\u00f3ban fel\u00faj\u00edtunk egy BMW ATC400 t\u00edpus\u00fa oszt\u00f3m\u0171vet. A fel\u00faj\u00edt\u00e1s sor\u00e1n kiz\u00e1r\u00f3lag gy\u00e1ri oszt\u00f3m\u0171-alkatr\u00e9szeket haszn\u00e1lunk fel. A szakszer\u0171 oszt\u00f3m\u0171jav\u00edt\u00e1s elengedhetetlen felt\u00e9tele a megfelel\u0151 min\u0151s\u00e9g\u0171 alkatr\u00e9sz be\u00e9p\u00edt\u00e9se \u00e9s a gy\u00e1ri technol\u00f3gia alkalmaz\u00e1sa az oszt\u00f3m\u0171 \u00f6sszeszerel\u00e9se sor\u00e1n.<\/h2>\n\n<h2 class=\"gb-headline gb-headline-bcaa4dd1 gb-headline-text\">A felhaszn\u00e1lt szett el\u00e9rhet\u0151&nbsp;<a href=\"https:\/\/transfercasepartshop.com\/hu\/bmw\/atc400\/atc400-bmw-osztomu-altalanos-felujito-szett\/\">ezen a linken<\/a>.<\/h2>\n<\/div><\/div>\n\n<div class=\"gb-grid-column gb-grid-column-d12c7e25\"><div class=\"gb-container gb-container-d12c7e25\">\n<h2 class=\"gb-headline gb-headline-6031f082 gb-headline-text\"><iframe loading=\"lazy\" width=\"560\" height=\"315\" src=\"https:\/\/www.youtube.com\/embed\/F94XTtr6v4c?si=qhYulgJbqMXVnVNv\" title=\"YouTube video player\" frameborder=\"0\" allowfullscreen><\/iframe><\/h2>\n\n<h2 class=\"gb-headline gb-headline-d9eab873 gb-headline-text\"><a href=\"https:\/\/transfercasepartshop.com\/hu\/video\/bmw-osztomu-felujitas-atc500-atc700\/\">BMW oszt\u00f3m\u0171-fel\u00faj\u00edt\u00e1s \u2013 ATC500, ATC700<\/a><\/h2>\n\n<h2 class=\"gb-headline gb-headline-92189ea0 gb-headline-text\">Ebben a vide\u00f3ban fel\u00faj\u00edtunk egy BMW ATC500, ATC700 t\u00edpus\u00fa oszt\u00f3m\u0171vet. A fel\u00faj\u00edt\u00e1s sor\u00e1n kiz\u00e1r\u00f3lag gy\u00e1ri oszt\u00f3m\u0171-alkatr\u00e9szeket haszn\u00e1lunk fel. A szakszer\u0171 oszt\u00f3m\u0171jav\u00edt\u00e1s elengedhetetlen felt\u00e9tele a megfelel\u0151 min\u0151s\u00e9g\u0171 alkatr\u00e9sz be\u00e9p\u00edt\u00e9se \u00e9s a gy\u00e1ri technol\u00f3gia alkalmaz\u00e1sa az oszt\u00f3m\u0171 \u00f6sszeszerel\u00e9se sor\u00e1n.<\/h2>\n\n<h2 class=\"gb-headline gb-headline-de67f6bf gb-headline-text\">A felhaszn\u00e1lt szettek el\u00e9rhet\u0151k&nbsp;<a href=\"https:\/\/transfercasepartshop.com\/hu\/bmw\/atc500\/atc500-bmw-osztomu-altalanos-felujito-szett\/\">ezen<\/a>,&nbsp;<a href=\"https:\/\/transfercasepartshop.com\/hu\/bmw\/atc700\/atc700-bmw-osztomu-altalanos-felujito-szett\/\">ezen<\/a>, illetve&nbsp;<a href=\"https:\/\/transfercasepartshop.com\/hu\/bmw\/atc700\/osztomu-lanckerek-atc700\/\">ezen<\/a>&nbsp;a linken.<\/h2>\n<\/div><\/div>\n\n<div class=\"gb-grid-column gb-grid-column-7f125e09\"><div class=\"gb-container gb-container-7f125e09\">\n<h2 class=\"gb-headline gb-headline-f1bdc4cc gb-headline-text\"><iframe loading=\"lazy\" width=\"560\" height=\"315\" src=\"https:\/\/www.youtube.com\/embed\/zpyTyzdluPo?si=Di-6HY3Z7b5KeY9E\" title=\"YouTube video player\" frameborder=\"0\" allowfullscreen><\/iframe><\/h2>\n\n<h2 class=\"gb-headline gb-headline-8adf1db0 gb-headline-text\"><a href=\"https:\/\/transfercasepartshop.com\/hu\/video\/bmw-osztomu-kuplungfelujitas-atc400-atc500-atc700\/\">BMW oszt\u00f3m\u0171 kuplungfel\u00faj\u00edt\u00e1s \u2013 ATC400, ATC500, ATC700<\/a><\/h2>\n\n<h2 class=\"gb-headline gb-headline-7a028c57 gb-headline-text\">Ebben a vide\u00f3ban fel\u00faj\u00edtunk BMW ATC400, ATC500, ATC700 t\u00edpus\u00fa oszt\u00f3m\u0171-kuplungokat. A fel\u00faj\u00edt\u00e1s sor\u00e1n kiz\u00e1r\u00f3lag gy\u00e1ri oszt\u00f3m\u0171 kuplung-alkatr\u00e9szeket haszn\u00e1lunk fel. A szakszer\u0171 oszt\u00f3m\u0171 kuplungjav\u00edt\u00e1s elengedhetetlen felt\u00e9tele a megfelel\u0151 min\u0151s\u00e9g\u0171 alkatr\u00e9sz be\u00e9p\u00edt\u00e9se \u00e9s a gy\u00e1ri technol\u00f3gia alkalmaz\u00e1sa az oszt\u00f3m\u0171 kuplung \u00f6sszeszerel\u00e9se sor\u00e1n.<\/h2>\n\n<h2 class=\"gb-headline gb-headline-9d500f83 gb-headline-text\">A felhaszn\u00e1lt szettek el\u00e9rhet\u0151&nbsp;<a href=\"https:\/\/transfercasepartshop.com\/hu\/bmw\/atc400\/komplett-kuplung-felujito-szett-atc400\/\">ezen<\/a>,&nbsp;<a href=\"https:\/\/transfercasepartshop.com\/hu\/bmw\/atc500\/komplett-kuplung-felujito-szett-atc500\/\">ezen<\/a>&nbsp;\u00e9s&nbsp;<a href=\"https:\/\/transfercasepartshop.com\/hu\/bmw\/atc700\/komplett-kuplung-felujito-szett-atc700\/\">ezen<\/a>&nbsp;a linken. Eg\u00e9sz kuplung 400&nbsp;<a href=\"https:\/\/transfercasepartshop.com\/hu\/bmw\/atc400\/osztomu-kuplung-atc400\/\">itt<\/a>&nbsp;\/ eg\u00e9sz kuplung 500&nbsp;<a href=\"https:\/\/transfercasepartshop.com\/hu\/bmw\/atc500\/osztomu-kuplung-atc500\/\">itt<\/a>&nbsp;\/ eg\u00e9sz kuplung 700&nbsp;<a href=\"https:\/\/transfercasepartshop.com\/hu\/bmw\/atc700\/osztomu-kuplung-atc700\/\">itt<\/a>&nbsp;\u00e9rhet\u0151 el a webshopban.<\/h2>\n<\/div><\/div>\n\n<div class=\"gb-grid-column gb-grid-column-b729cbf3\"><div class=\"gb-container gb-container-b729cbf3\">\n<h2 class=\"gb-headline gb-headline-e1bc642b gb-headline-text\"><iframe loading=\"lazy\" width=\"560\" height=\"315\" src=\"https:\/\/www.youtube.com\/embed\/yupIB3NKBJ0?si=0WmR13Ao9WhV_t_D\" title=\"YouTube video player\" frameborder=\"0\" allowfullscreen><\/iframe><\/h2>\n\n<h2 class=\"gb-headline gb-headline-f30a764a gb-headline-text\"><a href=\"https:\/\/transfercasepartshop.com\/hu\/video\/bmw-osztomu-felujitas-hezagallitas-meres-gyari-adatokkal\/\">BMW oszt\u00f3m\u0171-fel\u00faj\u00edt\u00e1s, h\u00e9zag\u00e1ll\u00edt\u00e1s, -m\u00e9r\u00e9s gy\u00e1ri adatokkal<\/a><\/h2>\n\n<h2 class=\"gb-headline gb-headline-14294b29 gb-headline-text\">Ebben a vide\u00f3ban bemutatjuk, hogyan kell megfelel\u0151 kuplungz\u00e1r\u00e1si sz\u00f6get \u00e1ll\u00edtani ahhoz, hogy az oszt\u00f3m\u0171 prec\u00edzen tudjon m\u0171k\u00f6dni, egy\u00fctt dolgozva az oszt\u00f3m\u0171vet vez\u00e9rl\u0151 elektronik\u00e1val a leghat\u00e9konyabb tengelykapcsol\u00e1s \u00e9s nyomat\u00e9keloszt\u00e1s \u00e9rdek\u00e9ben.<\/h2>\n\n<h2 class=\"gb-headline gb-headline-cf94383e gb-headline-text\">A felhaszn\u00e1lt szettek el\u00e9rhet\u0151k&nbsp;<a href=\"https:\/\/transfercasepartshop.com\/hu\/bmw\/atc400\/komplett-kuplung-felujito-szett-atc400\/\">ezen<\/a>,&nbsp;<a href=\"https:\/\/transfercasepartshop.com\/hu\/bmw\/atc500\/komplett-kuplung-felujito-szett-atc500\/\">ezen<\/a>&nbsp;\u00e9s&nbsp;<a href=\"https:\/\/transfercasepartshop.com\/hu\/bmw\/atc700\/komplett-kuplung-felujito-szett-atc700\/\">ezen<\/a>&nbsp;a linken. Eg\u00e9sz kuplung 400&nbsp;<a href=\"https:\/\/transfercasepartshop.com\/hu\/bmw\/atc400\/osztomu-kuplung-atc400\/\">itt<\/a>&nbsp;\/ eg\u00e9sz kuplung 500&nbsp;<a href=\"https:\/\/transfercasepartshop.com\/hu\/bmw\/atc500\/osztomu-kuplung-atc500\/\">itt<\/a>&nbsp;\/ eg\u00e9sz kuplung 700&nbsp;<a href=\"https:\/\/transfercasepartshop.com\/hu\/bmw\/atc700\/osztomu-kuplung-atc700\/\">itt<\/a>&nbsp;\u00e9rhet\u0151 el a webshopban.<\/h2>\n<\/div><\/div>\n<\/div>\n<\/div>\n<\/div>","protected":false},"excerpt":{"rendered":"","protected":false},"author":1,"featured_media":0,"parent":0,"menu_order":0,"comment_status":"closed","ping_status":"closed","template":"","meta":{"_acf_changed":false,"footnotes":""},"class_list":{"0":"post-435793","1":"page","2":"type-page","3":"status-publish","5":"infinite-scroll-item","6":"no-featured-image-padding"},"acf":[],"_links":{"self":[{"href":"https:\/\/transfercasepartshop.com\/hu\/wp-json\/wp\/v2\/pages\/435793","targetHints":{"allow":["GET"]}}],"collection":[{"href":"https:\/\/transfercasepartshop.com\/hu\/wp-json\/wp\/v2\/pages"}],"about":[{"href":"https:\/\/transfercasepartshop.com\/hu\/wp-json\/wp\/v2\/types\/page"}],"author":[{"embeddable":true,"href":"https:\/\/transfercasepartshop.com\/hu\/wp-json\/wp\/v2\/users\/1"}],"replies":[{"embeddable":true,"href":"https:\/\/transfercasepartshop.com\/hu\/wp-json\/wp\/v2\/comments?post=435793"}],"version-history":[{"count":0,"href":"https:\/\/transfercasepartshop.com\/hu\/wp-json\/wp\/v2\/pages\/435793\/revisions"}],"wp:attachment":[{"href":"https:\/\/transfercasepartshop.com\/hu\/wp-json\/wp\/v2\/media?parent=435793"}],"curies":[{"name":"wp","href":"https:\/\/api.w.org\/{rel}","templated":true}]}}