{"id":424389,"date":"2023-04-03T10:52:48","date_gmt":"2023-04-03T08:52:48","guid":{"rendered":"https:\/\/transfercasepartshop.com\/?page_id=424389"},"modified":"2023-04-03T12:05:33","modified_gmt":"2023-04-03T10:05:33","slug":"mfa-rdm-diagram-alkatresz-katalogus-mercedes","status":"publish","type":"page","link":"https:\/\/transfercasepartshop.com\/hu\/diagramok\/mfa-rdm-diagram-alkatresz-katalogus-mercedes\/","title":{"rendered":"MFA RDM diagram \/ alkatr\u00e9sz katal\u00f3gus"},"content":{"rendered":"<figure class=\"wp-block-table is-style-stripes\"><table><tbody><tr><td> <h3><strong>Poz\u00edci\u00f3<\/strong><\/h3> <\/td><td><h3><strong>Cikksz\u00e1m<\/strong><\/h3><\/td><td> <h3><strong>OEM sz\u00e1m<\/strong><\/h3> <\/td><td> <h3><strong>Mennyis\u00e9g<\/strong><\/h3> <\/td><td> <h3><strong>Term\u00e9k neve<\/strong><\/h3> <\/td><td> <h3><strong>Megjegyz\u00e9s<\/strong><\/h3> <\/td><\/tr><tr><td>I01<\/td><td><\/td><td>A2463506900, A2463501802, A2463502402<\/td><td><\/td><td>OE referenci\u00e1k<\/td><td><\/td><\/tr><tr><td>I02<\/td><td><\/td><td>A1763501900, A1763502800, A1763502900, A1763503100<\/td><td><\/td><td>OE referenci\u00e1k<\/td><td><\/td><\/tr><tr><td>K01<\/td><td>TCP001167<\/td><td><\/td><td>1 db<\/td><td>Csap\u00e1gy szett<\/td><td><a href=\"https:\/\/transfercasepartshop.com\/hu\/mercedes-benz\/mfa-rdm\/osztomu-csapagy-szett-mfa-rdm\/\" data-type=\"URL\" data-id=\"https:\/\/transfercasepartshop.com\/hu\/mercedes-benz\/mfa-rdm\/osztomu-csapagy-szett-mfa-rdm\/\">Oszt\u00f3m\u0171 csap\u00e1gy szett<\/a> (MFA RDM)<br>A 07, 19, 29 poz\u00edci\u00f3t tartalmazza<\/td><\/tr><tr><td>K02<\/td><td>TCP001168<\/td><td><\/td><td>1 db<\/td><td>T\u00f6m\u00edt\u00e9s szett<\/td><td><a href=\"https:\/\/transfercasepartshop.com\/hu\/mercedes-benz\/mfa-rdm\/osztomu-tomites-szett-mfa-rdm\/\" data-type=\"URL\" data-id=\"https:\/\/transfercasepartshop.com\/hu\/mercedes-benz\/mfa-rdm\/osztomu-tomites-szett-mfa-rdm\/\">Oszt\u00f3m\u0171 t\u00f6m\u00edt\u00e9s szett<\/a> (MFA RDM)<br>A 03, 05, 10, 11, 12, 23, 25, 31 poz\u00edci\u00f3t tartalmazza<\/td><\/tr><tr><td>K04<\/td><td><\/td><td>A2463507100<\/td><td>1 db<\/td><td>Tengely kihajt\u00e1s szett<\/td><td>A 02, 04 poz\u00edci\u00f3t tartalmazza<\/td><\/tr><tr><td>01<\/td><td><\/td><td><\/td><td>1 db<\/td><td>R\u00f6gz\u00edt\u0151 gy\u0171r\u0171<\/td><td><\/td><\/tr><tr><td>02<\/td><td><\/td><td>&nbsp;<\/td><td>1 db<\/td><td>Tengely kihajt\u00e1s<\/td><td><\/td><\/tr><tr><td>03<\/td><td><\/td><td>&nbsp;<\/td><td>1 db<\/td><td>T\u00f6m\u00edt\u00e9s O-gy\u0171r\u0171<\/td><td><\/td><\/tr><tr><td>04<\/td><td><\/td><td>A2463531300<\/td><td>1 db<\/td><td>Porv\u00e9d\u0151<\/td><td><\/td><\/tr><tr><td>05<\/td><td><\/td><td>A2469970146<\/td><td>1 db<\/td><td>Radi\u00e1lis t\u00f6m\u00edt\u0151gy\u0171r\u0171<\/td><td><\/td><\/tr><tr><td>06<\/td><td><\/td><td><\/td><td>1 db<\/td><td>R\u00f6gz\u00edt\u0151gy\u0171r\u0171<\/td><td><\/td><\/tr><tr><td>07<\/td><td><\/td><td><\/td><td>1 db<\/td><td>Goly\u00f3scsap\u00e1gy<\/td><td>Csak a K01-ben el\u00e9rhet\u0151<\/td><\/tr><tr><td>08<\/td><td><\/td><td><\/td><td>1 db<\/td><td>Fed\u00e9l<\/td><td>Nem el\u00e9rhet\u0151<\/td><\/tr><tr><td>09<\/td><td><\/td><td><\/td><td>4 db<\/td><td>Lemezcsavar<\/td><td><\/td><\/tr><tr><td>10<\/td><td><\/td><td><\/td><td>1 db<\/td><td>T\u00f6m\u00edt\u00e9s O-gy\u0171r\u0171<\/td><td>Csak a K02-ben el\u00e9rhet\u0151<\/td><\/tr><tr><td>11<\/td><td><\/td><td><\/td><td>1 db<\/td><td>Radi\u00e1lis t\u00f6m\u00edt\u0151gy\u0171r\u0171<\/td><td>Csak a K02-ben el\u00e9rhet\u0151<\/td><\/tr><tr><td>12<\/td><td><\/td><td><\/td><td>1 db<\/td><td>T\u00f6m\u00edt\u0151gy\u0171r\u0171<\/td><td>Csak a K02-ben el\u00e9rhet\u0151<\/td><\/tr><tr><td>13<\/td><td><\/td><td><\/td><td>1 db<\/td><td>Tengely ASM<\/td><td>Haszn\u00e1latos itt: A2463502402<\/td><\/tr><tr><td>13<\/td><td><\/td><td><\/td><td>1 db<\/td><td>Tengely ASM<\/td><td>Haszn\u00e1latos itt: A1763503100<\/td><\/tr><tr><td>14<\/td><td><\/td><td><\/td><td>1 db<\/td><td>R\u00f6gz\u00edt\u0151gy\u0171r\u0171<\/td><td><\/td><\/tr><tr><td>15<\/td><td><\/td><td><\/td><td>1 db<\/td><td>Al\u00e1t\u00e9t<\/td><td>Nem el\u00e9rhet\u0151<\/td><\/tr><tr><td>16<\/td><td><\/td><td><\/td><td>1 db<\/td><td>Fed\u00e9l<\/td><td>Nem el\u00e9rhet\u0151<\/td><\/tr><tr><td>17<\/td><td><\/td><td><\/td><td>1 db<\/td><td>Terel\u0151lap<\/td><td>Nem el\u00e9rhet\u0151<\/td><\/tr><tr><td>18<\/td><td><\/td><td><\/td><td>1 db<\/td><td>Al\u00e1t\u00e9t<\/td><td>Nem el\u00e9rhet\u0151<\/td><\/tr><tr><td>19<\/td><td><\/td><td><\/td><td>1 db<\/td><td>K\u00fapos g\u00f6rg\u0151csap\u00e1gy<\/td><td>Csak a K01-ben el\u00e9rhet\u0151<\/td><\/tr><tr><td>20<\/td><td><\/td><td><\/td><td>1 db<\/td><td>Fogasker\u00e9k-hajt\u00f3m\u0171<\/td><td><\/td><\/tr><tr><td>21<\/td><td><\/td><td><\/td><td>1 db<\/td><td>Terel\u0151lap h\u00e1z<\/td><td>Nem el\u00e9rhet\u0151<\/td><\/tr><tr><td>22<\/td><td><\/td><td><\/td><td>1 db<\/td><td>H\u00e1z<\/td><td>Nem el\u00e9rhet\u0151<\/td><\/tr><tr><td>23<\/td><td><\/td><td>6000626088;<br>A2469970046<\/td><td>2 db<\/td><td>Radi\u00e1lis t\u00f6m\u00edt\u0151gy\u0171r\u0171<\/td><td><\/td><\/tr><tr><td>24<\/td><td><\/td><td><\/td><td>1 db<\/td><td>Sz\u0171r\u0151 ASM<\/td><td><\/td><\/tr><tr><td>25<\/td><td><\/td><td>A0029907717<\/td><td>1 db<\/td><td>Csavaros csatlakoz\u00f3<\/td><td><\/td><\/tr><tr><td>26<\/td><td><\/td><td><\/td><td>3 db<\/td><td>T\u0171<\/td><td><\/td><\/tr><tr><td>27<\/td><td><\/td><td>05143630AA;<br>A2102760098<\/td><td>1 db<\/td><td>M\u00e1gnes<\/td><td><\/td><\/tr><tr><td>28<\/td><td><\/td><td><\/td><td>2 db<\/td><td>Al\u00e1t\u00e9t<\/td><td>Nem el\u00e9rhet\u0151<\/td><\/tr><tr><td>29<\/td><td><\/td><td><\/td><td>3 db<\/td><td>K\u00fapos g\u00f6rg\u0151csap\u00e1gy<\/td><td>Csak a K01-ben el\u00e9rhet\u0151<\/td><\/tr><tr><td>30<\/td><td><\/td><td><\/td><td>1 db<\/td><td>Differenci\u00e1l h\u00e1z ASM<\/td><td><\/td><\/tr><tr><td>31<\/td><td><\/td><td><\/td><td>1 db<\/td><td>Dug\u00f3<\/td><td>HAA350+ Audi:<br>Haszn\u00e1latos itt: 0AV525010D, 0AV525010E, 0AV525010F, 0AV525010H, 0AV525010K, 0AV525010L, 0AV525010M, 0BR525010, 0BR525010A, 0BR525010B, 0BR525010C, 0BR525010G, 0BR525010H<br>HAA350+ SEAT:<br>Haszn\u00e1latos itt: 0AV525010D, 0AV525010E, 0AV525010H, 0AV525010K, 0AV525010L, 0BR525010, 0BR525010B, 0BR525010G<br>HAA350+ Skoda:<br>Haszn\u00e1latos itt: 0AV525010D, 0AV525010H, 0AV525010K, 0BR525010, 0BR525010B, 0BR525010E, 0BR525010G, 0BR525010J<br>HAA350+ VW:<br>Haszn\u00e1latos itt: 0AV525010D, 0AV525010E, 0AV525010H, 0AV525010K, 0AV525010L, 0BR525010, 0BR525010B, 0BR525010G<\/td><\/tr><tr><td>32<\/td><td><\/td><td><\/td><td>1 db<\/td><td>Szell\u0151z\u0151<\/td><td><\/td><\/tr><tr><td>33<\/td><td><\/td><td>017525093;<br>95834139300<\/td><td>1 db<\/td><td>Szell\u0151z\u0151sapka<\/td><td><\/td><\/tr><tr><td>34<\/td><td><\/td><td><\/td><td>2 db<\/td><td>Gear Differential Spider<\/td><td><\/td><\/tr><tr><td>35<\/td><td><\/td><td><\/td><td>2 db<\/td><td>Gear Differential Side<\/td><td><\/td><\/tr><tr><td>36<\/td><td><\/td><td><\/td><td>1 db<\/td><td>Csavar<\/td><td><\/td><\/tr><tr><td>37<\/td><td><\/td><td><\/td><td>1 db<\/td><td>T\u0171<\/td><td><\/td><\/tr><tr><td>38<\/td><td><\/td><td><\/td><td>1 db<\/td><td>Thrust Washer Compound<\/td><td><\/td><\/tr><tr><td>39<\/td><td><\/td><td>A2462770635<\/td><td>1 db<\/td><td>Szelep<\/td><td><\/td><\/tr><tr><td>40<\/td><td><\/td><td><\/td><td>2 db<\/td><td>Csavar<\/td><td><\/td><\/tr><tr><td>41<\/td><td><\/td><td>A2463530900<\/td><td>1 db<\/td><td>Tart\u00f3<\/td><td><\/td><\/tr><tr><td>42<\/td><td><\/td><td><\/td><td>2 db<\/td><td>Dug\u00f3<\/td><td>Nem el\u00e9rhet\u0151<\/td><\/tr><tr><td>43<\/td><td><\/td><td><\/td><td>10 db<\/td><td>Csapol\u00f3 csavar<\/td><td><\/td><\/tr><tr><td>44<\/td><td><\/td><td><\/td><td>1 db<\/td><td>Sapka<\/td><td>Haszn\u00e1latos itt: A1763501900, A1763502800, A1763502900,<br>A2463506900, A2463501802<\/td><\/tr><tr><td>45<\/td><td><\/td><td><\/td><td>1 db<\/td><td>Dug\u00f3<\/td><td>Haszn\u00e1latos itt: A1763502900; <br>Nem el\u00e9rhet\u0151<\/td><\/tr><tr><td>45<\/td><td><\/td><td><\/td><td>1 db<\/td><td>Szelep<\/td><td>Haszn\u00e1latos itt: A2463506900, A2463501802<\/td><\/tr><tr><td>45<\/td><td><\/td><td><\/td><td>1 db<\/td><td>Szelep<\/td><td>Haszn\u00e1latos itt: A1763501900, A1763502800<\/td><\/tr><tr><td>46<\/td><td><\/td><td><\/td><td>2 db<\/td><td>Sapka<\/td><td><\/td><\/tr><\/tbody><\/table><\/figure>","protected":false},"excerpt":{"rendered":"<p>Poz\u00edci\u00f3 Cikksz\u00e1m OEM sz\u00e1m Mennyis\u00e9g Term\u00e9k neve Megjegyz\u00e9s I01 A2463506900, A2463501802, A2463502402 OE referenci\u00e1k I02 A1763501900, A1763502800, A1763502900, A1763503100 OE referenci\u00e1k K01 TCP001167 1 db &#8230; <\/p>\n<p class=\"read-more-container\"><a title=\"MFA RDM diagram \/ alkatr\u00e9sz katal\u00f3gus\" class=\"read-more button\" href=\"https:\/\/transfercasepartshop.com\/hu\/diagramok\/mfa-rdm-diagram-alkatresz-katalogus-mercedes\/#more-424389\" aria-label=\"Read more about MFA RDM diagram \/ alkatr\u00e9sz katal\u00f3gus\">Tov\u00e1bb<\/a><\/p>","protected":false},"author":1,"featured_media":424391,"parent":412383,"menu_order":0,"comment_status":"closed","ping_status":"closed","template":"","meta":{"_acf_changed":false,"footnotes":""},"class_list":{"0":"post-424389","1":"page","2":"type-page","3":"status-publish","4":"has-post-thumbnail","6":"infinite-scroll-item","7":"no-featured-image-padding","8":"resize-featured-image"},"acf":[],"_links":{"self":[{"href":"https:\/\/transfercasepartshop.com\/hu\/wp-json\/wp\/v2\/pages\/424389","targetHints":{"allow":["GET"]}}],"collection":[{"href":"https:\/\/transfercasepartshop.com\/hu\/wp-json\/wp\/v2\/pages"}],"about":[{"href":"https:\/\/transfercasepartshop.com\/hu\/wp-json\/wp\/v2\/types\/page"}],"author":[{"embeddable":true,"href":"https:\/\/transfercasepartshop.com\/hu\/wp-json\/wp\/v2\/users\/1"}],"replies":[{"embeddable":true,"href":"https:\/\/transfercasepartshop.com\/hu\/wp-json\/wp\/v2\/comments?post=424389"}],"version-history":[{"count":0,"href":"https:\/\/transfercasepartshop.com\/hu\/wp-json\/wp\/v2\/pages\/424389\/revisions"}],"up":[{"embeddable":true,"href":"https:\/\/transfercasepartshop.com\/hu\/wp-json\/wp\/v2\/pages\/412383"}],"wp:featuredmedia":[{"embeddable":true,"href":"https:\/\/transfercasepartshop.com\/hu\/wp-json\/wp\/v2\/media\/424391"}],"wp:attachment":[{"href":"https:\/\/transfercasepartshop.com\/hu\/wp-json\/wp\/v2\/media?parent=424389"}],"curies":[{"name":"wp","href":"https:\/\/api.w.org\/{rel}","templated":true}]}}