{"id":420629,"date":"2022-05-03T20:11:52","date_gmt":"2022-05-03T18:11:52","guid":{"rendered":"https:\/\/transfercasepartshop.com\/?page_id=420629"},"modified":"2024-03-06T13:47:15","modified_gmt":"2024-03-06T12:47:15","slug":"vasarlasi-es-szallitasi-tajekoztato","status":"publish","type":"page","link":"https:\/\/transfercasepartshop.com\/hu\/vasarlasi-es-szallitasi-tajekoztato\/","title":{"rendered":"V\u00e1s\u00e1rl\u00e1si \u00e9s sz\u00e1ll\u00edt\u00e1si t\u00e1j\u00e9koztat\u00f3"},"content":{"rendered":"<h2 class=\"gb-headline gb-headline-638e17e3\"><span class=\"gb-icon\"><svg height=\"1em\" width=\"1em\" xmlns=\"http:\/\/www.w3.org\/2000\/svg\" version=\"1.1\" aria-hidden=\"true\" viewBox=\"0 0 518 512\"> \t\t    <g transform=\"matrix(1,0,0,1,2.01969,2)\" id=\"Union\"> \t\t        <path style=\"fill-rule:nonzero;\" d=\"M172,108.5C172,61.832 209.832,24 256.5,24C303.168,24 341,61.832 341,108.5L341,116C341,122.627 346.373,128 353,128C359.628,128 365,122.627 365,116L365,108.5C365,48.577 316.423,0 256.5,0C196.577,0 148,48.577 148,108.5L148,116C148,122.627 153.373,128 160,128C166.628,128 172,122.627 172,116L172,108.5Z\"><\/path> \t\t        <path style=\"fill-rule:nonzero;\" d=\"M4.162,145.236C7.195,141.901 11.493,140 16,140L496,140C500.507,140 504.806,141.901 507.838,145.236C510.87,148.571 512.355,153.03 511.928,157.517L482.687,464.551C480.34,489.186 459.65,508 434.903,508L77.097,508C52.35,508 31.66,489.186 29.314,464.551L0.072,157.517C-0.355,153.03 1.13,148.571 4.162,145.236Z\"><\/path> \t\t    <\/g> \t\t<\/svg><\/span><span class=\"gb-headline-text\"><strong>V\u00e1s\u00e1rl\u00e1si t\u00e1j\u00e9koztat\u00f3<\/strong><\/span><\/h2><p class=\"gb-headline gb-headline-f505447a gb-headline-text\">A sikeres regisztr\u00e1ci\u00f3t k\u00f6vet\u0151en lehets\u00e9ges a v\u00e1s\u00e1rl\u00e1s. A v\u00e1s\u00e1rl\u00e1st\u00f3l a csomag meg\u00e9rkez\u00e9s\u00e9ig folyamatos t\u00e1j\u00e9koztat\u00e1st ny\u00fajtunk elektronikusan (email) form\u00e1ban. A csomag nyomon k\u00f6vet\u00e9se biztos\u00edtva van. Elektronikus&nbsp;\u00faton k\u00fcldj\u00fck el a v\u00e1s\u00e1rl\u00e1sr\u00f3l az adott sz\u00e1ml\u00e1t.&nbsp;<\/p><h2 class=\"gb-headline gb-headline-05362ab8\"><span class=\"gb-icon\"><svg xml:space=\"preserve\" style=\"enable-background:new 0 0 32 32;\" viewBox=\"0 0 32 32\" height=\"32px\" width=\"32px\" y=\"0px\" x=\"0px\" xmlns:xlink=\"http:\/\/www.w3.org\/1999\/xlink\" xmlns=\"http:\/\/www.w3.org\/2000\/svg\" id=\"Uploaded to svgrepo.com\" version=\"1.1\"> <style type=\"text\/css\"> \t.bentblocks_een{fill:#0B1719;} \t.st0{fill:#0B1719;} <\/style> <path d=\"M26,10h-2.485l-6-6l-5.888,6H6c-1.1,0-2,1.4-2,2.5V26c0,1.1,0.9,2,2,2h20c1.1,0,2-0.9,2-2V12 \tC28,10.9,27.1,10,26,10z M23.172,12.485L20.873,15h-0.481c-0.463-2.282-2.481-4-4.9-4c-1.115,0-2.14,0.366-2.967,0.984l4.989-5.155 \tL23.172,12.485z M18.32,15h-5.643c0.411-1.163,1.513-2,2.815-2C16.796,13,17.907,13.836,18.32,15z M11.418,13.128 \tc-0.386,0.552-0.663,1.187-0.802,1.872H9.607L11.418,13.128z M6,12h3.569l-2.855,3H6V12z M26,26H6v-9h20V26z M26,15h-2.298 \tL26,12.485L25.515,12H26V15z\" class=\"bentblocks_een\"><\/path> <\/svg><\/span><span class=\"gb-headline-text\"><strong>Fizet\u00e9si t\u00e1j\u00e9koztat\u00f3<\/strong><\/span><\/h2><p>Bankk\u00e1rty\u00e1s fizet\u00e9si lehet\u0151s\u00e9get biztos\u00edtunk megb\u00edzhat\u00f3 hazai \u00e9s nemzetk\u00f6zi szolg\u00e1ltat\u00f3kon kereszt\u00fcl.&nbsp; K\u00f6zvetlen banki \u00e1tutal\u00e1ssal is lehets\u00e9ges a fizet\u00e9s.&nbsp; Ut\u00e1nv\u00e9t egyel\u0151re nem lehets\u00e9ges.<\/p><h2 class=\"gb-headline gb-headline-dc55ea84\"><span class=\"gb-icon\"><svg xmlns=\"http:\/\/www.w3.org\/2000\/svg\" viewBox=\"0 -64 640 640\" height=\"640px\" width=\"640px\"><path d=\"M624 352h-16V243.9c0-12.7-5.1-24.9-14.1-33.9L494 110.1c-9-9-21.2-14.1-33.9-14.1H416V48c0-26.5-21.5-48-48-48H112C85.5 0 64 21.5 64 48v48H8c-4.4 0-8 3.6-8 8v16c0 4.4 3.6 8 8 8h272c4.4 0 8 3.6 8 8v16c0 4.4-3.6 8-8 8H40c-4.4 0-8 3.6-8 8v16c0 4.4 3.6 8 8 8h208c4.4 0 8 3.6 8 8v16c0 4.4-3.6 8-8 8H8c-4.4 0-8 3.6-8 8v16c0 4.4 3.6 8 8 8h208c4.4 0 8 3.6 8 8v16c0 4.4-3.6 8-8 8H64v128c0 53 43 96 96 96s96-43 96-96h128c0 53 43 96 96 96s96-43 96-96h48c8.8 0 16-7.2 16-16v-32c0-8.8-7.2-16-16-16zM160 464c-26.5 0-48-21.5-48-48s21.5-48 48-48 48 21.5 48 48-21.5 48-48 48zm320 0c-26.5 0-48-21.5-48-48s21.5-48 48-48 48 21.5 48 48-21.5 48-48 48zm80-208H416V144h44.1l99.9 99.9V256z\"><\/path><\/svg><\/span><span class=\"gb-headline-text\"><strong>Sz\u00e1ll\u00edt\u00e1si t\u00e1j\u00e9koztat\u00f3<\/strong><\/span><\/h2><p>Az \u00e1ltalunk forgalmazott alkatr\u00e9szeket 2-7 munkanapon bel\u00fcl k\u00e9zbes\u00edtj\u00fck az Eur\u00f3pai Uni\u00f3 ter\u00fclet\u00e9n bel\u00fcl.<\/p><p class=\"gb-headline gb-headline-c238c35b gb-headline-text\">A kisz\u00e1ll\u00edt\u00e1sban partner\u00fcnk az egyik legmodernebb logisztikai \u00e9s rakt\u00e1roz\u00e1si szolg\u00e1ltat\u00e1sokat ny\u00fajt\u00f3 c\u00e9g a WEBSHIPPY.&nbsp; Innovat\u00edv rakt\u00e1rszervez\u00e9s, megb\u00edzhat\u00f3 \u00e9s gyors kisz\u00e1ll\u00edt\u00e1s. Az\u00e9rt v\u00e1lasztottuk ezt a megold\u00e1st, hogy minden \u00fcgyfel\u00fcnk a lehet\u0151 leggyorsabb m\u00f3don megkapja az \u00e1ltala v\u00e1s\u00e1rolt term\u00e9ket.<\/p><h2 class=\"gb-headline gb-headline-b1988f72\"><span class=\"gb-icon\"><svg xml:space=\"preserve\" style=\"enable-background:new 0 0 489.8 489.8;\" viewBox=\"0 0 489.8 489.8\" y=\"0px\" x=\"0px\" xmlns:xlink=\"http:\/\/www.w3.org\/1999\/xlink\" xmlns=\"http:\/\/www.w3.org\/2000\/svg\" id=\"Capa_1\" version=\"1.1\"> <g> \t<g> \t\t<path d=\"M0,235.8c0,40.8,15.1,80.8,42.8,113.4c-5.7,12.1-13.9,21.7-24.4,28.5c-6.3,4.1-9.3,11.6-7.7,18.9 \t\t\tc1.6,7.2,7.5,12.6,14.8,13.6c16.7,2.3,48.3,3.6,78.7-12.1c33.1,17.4,70.7,26.6,109.4,26.6c22.4,0,44.4-3,65.5-9 \t\t\tc6.5-1.9,10.3-8.6,8.4-15.1c-1.8-6.5-8.6-10.3-15.1-8.4c-18.9,5.4-38.7,8.1-58.8,8.1c-36.9,0-72.6-9.3-103.4-26.8 \t\t\tc-3.8-2.2-8.6-2.1-12.4,0.1c-17.9,10.7-37,13.5-52,13.5c-0.1,0-0.2,0-0.2,0c9.9-9.7,17.6-21.8,22.8-36c1.6-4.3,0.6-9.2-2.5-12.6 \t\t\tc-27.2-29.5-41.5-65-41.5-102.7c0-90.7,84.9-164.4,189.3-164.4c96.8,0,177.7,63,188.1,146.5c0.8,6.7,6.9,11.5,13.7,10.6 \t\t\tc6.7-0.8,11.5-7,10.6-13.7C414.2,119.1,322.9,46.9,213.7,46.9C95.9,46.9,0,131.7,0,235.8z\"><\/path> \t\t<circle r=\"13.6\" cy=\"235.8\" cx=\"213.6\"><\/circle> \t\t<circle r=\"13.6\" cy=\"235.8\" cx=\"155.1\"><\/circle> \t\t<circle r=\"13.6\" cy=\"235.8\" cx=\"272.2\"><\/circle> \t\t<path d=\"M388.3,239.8c-56,0-101.5,45.5-101.5,101.5s45.5,101.6,101.5,101.6s101.5-45.5,101.5-101.5S444.3,239.8,388.3,239.8z \t\t\t M388.3,418.4c-42.5,0-77-34.6-77-77s34.6-77,77-77s77,34.6,77,77S430.8,418.4,388.3,418.4z\"><\/path> \t\t<path d=\"M406.4,313.9l-29,28.8l-7.1-7.1c-4.8-4.8-12.5-4.8-17.3,0s-4.8,12.5,0,17.3l15.7,15.8c2.3,2.3,5.4,3.6,8.7,3.6l0,0 \t\t\tc3.2,0,6.3-1.3,8.6-3.6l37.7-37.4c4.8-4.8,4.8-12.5,0-17.3C418.9,309.2,411.2,309.2,406.4,313.9z\"><\/path> \t<\/g> <\/g> <g> <\/g> <g> <\/g> <g> <\/g> <g> <\/g> <g> <\/g> <g> <\/g> <g> <\/g> <g> <\/g> <g> <\/g> <g> <\/g> <g> <\/g> <g> <\/g> <g> <\/g> <g> <\/g> <g> <\/g> <\/svg><\/span><span class=\"gb-headline-text\"><strong>Kapcsolattart\u00e1s<\/strong><\/span><\/h2><p>Magyarorsz\u00e1gi \u00fcgyfelek r\u00e9sz\u00e9re telefonos el\u00e9rhet\u0151s\u00e9g \u00e9s szakmai seg\u00edts\u00e9gny\u00fajt\u00e1s adott az al\u00e1bbi el\u00e9rhet\u0151s\u00e9geken.&nbsp; &nbsp; <\/p><p class=\"gb-headline gb-headline-81ed6b62\"><span class=\"gb-icon\"><svg aria-hidden=\"true\" role=\"img\" height=\"1em\" width=\"1em\" viewBox=\"0 0 512 512\" xmlns=\"http:\/\/www.w3.org\/2000\/svg\"><path fill=\"currentColor\" d=\"M493.4 24.6l-104-24c-11.3-2.6-22.9 3.3-27.5 13.9l-48 112c-4.2 9.8-1.4 21.3 6.9 28l60.6 49.6c-36 76.7-98.9 140.5-177.2 177.2l-49.6-60.6c-6.8-8.3-18.2-11.1-28-6.9l-112 48C3.9 366.5-2 378.1.6 389.4l24 104C27.1 504.2 36.7 512 48 512c256.1 0 464-207.5 464-464 0-11.2-7.7-20.9-18.6-23.4z\"><\/path><\/svg><\/span><span class=\"gb-headline-text\">Telefonsz\u00e1m:<br><a href=\"tel:+36705551462\" data-type=\"tel\" data-id=\"tel:+36705551462\">+3670 555 1462<\/a> &#8211; El\u00e9rhet\u0151 h\u00e9tk\u00f6znapokon 09:00-17:00 k\u00f6z\u00f6tt<\/span><\/p><p class=\"gb-headline gb-headline-3ef14c5c\"><span class=\"gb-icon\"><svg aria-hidden=\"true\" role=\"img\" height=\"1em\" width=\"1em\" viewBox=\"0 0 512 512\" xmlns=\"http:\/\/www.w3.org\/2000\/svg\"><path fill=\"currentColor\" d=\"M464 64H48C21.49 64 0 85.49 0 112v288c0 26.51 21.49 48 48 48h416c26.51 0 48-21.49 48-48V112c0-26.51-21.49-48-48-48zm0 48v40.805c-22.422 18.259-58.168 46.651-134.587 106.49-16.841 13.247-50.201 45.072-73.413 44.701-23.208.375-56.579-31.459-73.413-44.701C106.18 199.465 70.425 171.067 48 152.805V112h416zM48 400V214.398c22.914 18.251 55.409 43.862 104.938 82.646 21.857 17.205 60.134 55.186 103.062 54.955 42.717.231 80.509-37.199 103.053-54.947 49.528-38.783 82.032-64.401 104.947-82.653V400H48z\"><\/path><\/svg><\/span><span class=\"gb-headline-text\">E-mail<br><a href=\"mailto:sale@transfercasepartshop.com\">sale@transfercasepartshop.com<\/a><\/span><\/p>","protected":false},"excerpt":{"rendered":"<p>V\u00e1s\u00e1rl\u00e1si t\u00e1j\u00e9koztat\u00f3 A sikeres regisztr\u00e1ci\u00f3t k\u00f6vet\u0151en lehets\u00e9ges a v\u00e1s\u00e1rl\u00e1s. A v\u00e1s\u00e1rl\u00e1st\u00f3l a csomag meg\u00e9rkez\u00e9s\u00e9ig folyamatos t\u00e1j\u00e9koztat\u00e1st ny\u00fajtunk elektronikusan (email) form\u00e1ban. A csomag nyomon k\u00f6vet\u00e9se biztos\u00edtva &#8230; <\/p>\n<p class=\"read-more-container\"><a title=\"V\u00e1s\u00e1rl\u00e1si \u00e9s sz\u00e1ll\u00edt\u00e1si t\u00e1j\u00e9koztat\u00f3\" class=\"read-more button\" href=\"https:\/\/transfercasepartshop.com\/hu\/vasarlasi-es-szallitasi-tajekoztato\/#more-420629\" aria-label=\"Read more about V\u00e1s\u00e1rl\u00e1si \u00e9s sz\u00e1ll\u00edt\u00e1si t\u00e1j\u00e9koztat\u00f3\">Tov\u00e1bb<\/a><\/p>","protected":false},"author":1,"featured_media":0,"parent":0,"menu_order":0,"comment_status":"closed","ping_status":"closed","template":"","meta":{"_acf_changed":false,"footnotes":""},"class_list":{"0":"post-420629","1":"page","2":"type-page","3":"status-publish","5":"infinite-scroll-item","6":"no-featured-image-padding"},"acf":[],"_links":{"self":[{"href":"https:\/\/transfercasepartshop.com\/hu\/wp-json\/wp\/v2\/pages\/420629","targetHints":{"allow":["GET"]}}],"collection":[{"href":"https:\/\/transfercasepartshop.com\/hu\/wp-json\/wp\/v2\/pages"}],"about":[{"href":"https:\/\/transfercasepartshop.com\/hu\/wp-json\/wp\/v2\/types\/page"}],"author":[{"embeddable":true,"href":"https:\/\/transfercasepartshop.com\/hu\/wp-json\/wp\/v2\/users\/1"}],"replies":[{"embeddable":true,"href":"https:\/\/transfercasepartshop.com\/hu\/wp-json\/wp\/v2\/comments?post=420629"}],"version-history":[{"count":0,"href":"https:\/\/transfercasepartshop.com\/hu\/wp-json\/wp\/v2\/pages\/420629\/revisions"}],"wp:attachment":[{"href":"https:\/\/transfercasepartshop.com\/hu\/wp-json\/wp\/v2\/media?parent=420629"}],"curies":[{"name":"wp","href":"https:\/\/api.w.org\/{rel}","templated":true}]}}