{"id":413804,"date":"2022-02-02T14:13:07","date_gmt":"2022-02-02T13:13:07","guid":{"rendered":"https:\/\/transfercasepartshop.com\/?page_id=413804"},"modified":"2024-03-06T08:34:31","modified_gmt":"2024-03-06T07:34:31","slug":"pl72t-torsen-diagram-alkatresz-katalogus","status":"publish","type":"page","link":"https:\/\/transfercasepartshop.com\/hu\/diagramok\/pl72t-torsen-diagram-alkatresz-katalogus\/","title":{"rendered":"PL72T (Torsen) diagram \/ alkatr\u00e9sz katal\u00f3gus"},"content":{"rendered":"<figure class=\"wp-block-table is-style-stripes\"><table><tbody><tr><td>\n<h3><strong>Poz\u00edci\u00f3<\/strong><\/h3>\n<\/td><td>\n<h3><strong>OEM sz\u00e1m<\/strong><\/h3>\n<\/td><td>\n<h3><strong>Mennyis\u00e9g<\/strong><\/h3>\n<\/td><td>\n<h3><strong>Alkatr\u00e9sz neve<\/strong><\/h3>\n<\/td><td>\n<h3><strong>Megjegyz\u00e9s<\/strong><\/h3>\n<\/td><\/tr><tr><td>I01<\/td><td>95834102003<\/td><td>&nbsp;<\/td><td>OE referenci\u00e1k<\/td><td>L\u00e1ncker\u00e9k\/l\u00e1nc 1&#8243; m\u00e9ret: 95834102001 (0BU341010B, 0BU341010R), 95834102002 (0BU341011G), 95834102003 (0BU341011Cha) 1D l\u00e1ncker\u00e9k<\/td><\/tr><tr><td>I02<\/td><td>95834102012<\/td><td>&nbsp;<\/td><td>OE referenci\u00e1k<\/td><td>L\u00e1ncker\u00e9k\/l\u00e1nc 1&#8243; m\u00e9ret: 95834102011 (0BU341010M, 0BU341011C) L\u00e1ncker\u00e9k\/l\u00e1nc m\u00e9rete 1,25&#8243;: 95834102012 (0BU341011K, 0BU341011M)<\/td><\/tr><tr><td>K01<\/td><td>&nbsp;<\/td><td>1 db<\/td><td>Csap\u00e1gy szett<\/td><td><a href=\"https:\/\/transfercasepartshop.com\/hu\/vw\/pl72-t-2\/csapagy-szett-pl72-t\/\" data-type=\"product\" data-id=\"390529\">Oszt\u00f3m\u0171 csap\u00e1gy szett (PL72 T)<br><\/a>A 08, 14, 16, 20, 23 poz\u00edci\u00f3kat tartalmazza.<\/td><\/tr><tr><td>K02<\/td><td>&nbsp;<\/td><td>1 db<\/td><td>T\u00f6m\u00edt\u00e9s szett<\/td><td>A 04, 11,27, 32, 36, 39 poz\u00edci\u00f3t tartalmazza. Inform\u00e1ci\u00f3k a PL72 T VW-hez: 0BU341011F, 0BU341011M, 0BU341011Q, 0BU341011R, 0BU341011S<\/td><\/tr><tr><td>K10<\/td><td>&nbsp;<\/td><td>1 db<\/td><td>Cs\u00faszka szett<\/td><td><a href=\"https:\/\/transfercasepartshop.com\/hu\/vw\/pl72-t-2\/lanc-vezeto-csuszka-szett-pl72-pl72-atc-atc450-dcs\/\" target=\"_blank\" data-type=\"product\" data-id=\"390588\" rel=\"noreferrer noopener\">L\u00e1nc vezet\u0151 cs\u00faszka szett (PL72 T, PL72 ATC, ATC450, DCS)<\/a><br>A 70., 71. poz\u00edci\u00f3t tartalmazza. Inform\u00e1ci\u00f3k a PL72 T Porsche-hoz: 95834102011-ben, 95834102012-ben haszn\u00e1latos PL72 T VW-hez tartoz\u00f3 inform\u00e1ci\u00f3: 0BU341010M, 0BU341011C, 0BU341011K, 101M.<\/td><\/tr><tr><td>K10<\/td><td>&nbsp;<\/td><td>1 db<\/td><td>Cs\u00faszka szett<\/td><td>Tartalmazza a 70., 71. poz\u00edci\u00f3t. Inform\u00e1ci\u00f3k a PL72 T Porsche-hoz: 95834102003-ban haszn\u00e1latos. PL72 T VW inform\u00e1ci\u00f3: 0BU341011Q, 0BU341011R, 0BU341011S eset\u00e9n haszn\u00e1lt<\/td><\/tr><tr><td>02<\/td><td>7P0521202; 95834949300<\/td><td>1 db<\/td><td>R\u00f6gz\u00edt\u0151 gy\u0171r\u0171<\/td><td>&nbsp;<\/td><\/tr><tr><td>03<\/td><td>0BU409375; 95834137500<\/td><td>2 db<\/td><td>Porv\u00e9d\u0151<\/td><td>Inform\u00e1ci\u00f3k a PL72 T VW-hez: Csak 1 db haszn\u00e1lt 0BU341010P, 0BU341011N OE k\u00f3dban<\/td><\/tr><tr><td>04<\/td><td>0BU321199; 95834119900<\/td><td>1 db<\/td><td>Radi\u00e1lis t\u00f6m\u00edt\u00e9s<\/td><td>&nbsp;<\/td><\/tr><tr><td>05<\/td><td>&nbsp;<\/td><td>16 darab<\/td><td>Csavar<\/td><td>&nbsp;<\/td><\/tr><tr><td>06<\/td><td>&nbsp;<\/td><td>1 db<\/td><td>H\u00e1z h\u00e1ts\u00f3 r\u00e9sz<\/td><td>&nbsp;<\/td><\/tr><tr><td>07<\/td><td>&nbsp;<\/td><td>1 db<\/td><td>R\u00f6gz\u00edt\u0151 gy\u0171r\u0171<\/td><td>&nbsp;<\/td><\/tr><tr><td>08<\/td><td>&nbsp;<\/td><td>3 darab<\/td><td>Goly\u00f3scsap\u00e1gy<\/td><td>&nbsp;<\/td><\/tr><tr><td>09<\/td><td>&nbsp;<\/td><td>1 db<\/td><td>Al\u00e1t\u00e9tlemez<\/td><td>&nbsp;<\/td><\/tr><tr><td>10<\/td><td>&nbsp;<\/td><td>1 db<\/td><td>R\u00f6gz\u00edt\u0151 gy\u0171r\u0171<\/td><td>&nbsp;<\/td><\/tr><tr><td>11<\/td><td>WHT005156<\/td><td>1 db<\/td><td>T\u00f6m\u00edt\u00e9s O-gy\u0171r\u0171<\/td><td>&nbsp;<\/td><\/tr><tr><td>12<\/td><td>&nbsp;<\/td><td>1 db<\/td><td>Forg\u00f3 tengely<\/td><td>Inform\u00e1ci\u00f3k a PL72 T VW-hez: 0BU341010P, 0BU341011F, 0BU341011M, 0BU341011Q, 0BU341011R, 0BU341011S<\/td><\/tr><tr><td>13<\/td><td>&nbsp;<\/td><td>1 db<\/td><td>L\u00e1nc (1&#8243; m\u00e9ret)<\/td><td><a href=\"https:\/\/transfercasepartshop.com\/hu\/vw\/pl72-t-2\/osztomu-lanc-pl72-t\/\" data-type=\"product\" data-id=\"390617\" target=\"_blank\" rel=\"noreferrer noopener\">Oszt\u00f3m\u0171 l\u00e1nc (PL72 T)<\/a><br>Inform\u00e1ci\u00f3 PL72 T Audi: Haszn\u00e1lt 0BU341010N, 0BU341010Q inform\u00e1ci\u00f3 PL72 T Porsche: Haszn\u00e1lt 95834102001 -95834102003, 95834102011 inform\u00e1ci\u00f3 PL72 T VW: Haszn\u00e1lt 0BU341010B, 0BU341010C, 0BU341010D, 0BU341010F, 0BU341010M, 0BU341010R, 0BU341010S, 0BU341010T, 0BU341011A, 0BU341011C, 0BU341011G, 0BU341011H, 0BU341011N, 0BU341011Q, 0BU341011R, 0BU341011S<\/td><\/tr><tr><td>13<\/td><td>&nbsp;<\/td><td>1 db<\/td><td>L\u00e1nc (1,25&#8243; m\u00e9ret)<\/td><td><a href=\"https:\/\/transfercasepartshop.com\/hu\/vw\/pl72-t-2\/osztomu-lanc-pl72-t-2\/\" data-type=\"product\" data-id=\"390618\" target=\"_blank\" rel=\"noreferrer noopener\">Oszt\u00f3m\u0171 l\u00e1nc (PL72 T)<\/a><br>Inform\u00e1ci\u00f3 PL72 T Audi: Haszn\u00e1lt 0BU341010P inform\u00e1ci\u00f3 PL72 T Porsche: Haszn\u00e1lt 95834102012, 0BU341011D inform\u00e1ci\u00f3 PL72 T VW: Haszn\u00e1lt 0BU341010E, 0BU34101 OP, 0BU341011, 0BU341011D, 0BU341011E, 0BU341011F, 0BU341011K, 0BU341011M, 0BU341011P<\/td><\/tr><tr><td>14<\/td><td>&nbsp;<\/td><td>2 db<\/td><td>T\u0171csap\u00e1gy<\/td><td>&nbsp;<\/td><\/tr><tr><td>15<\/td><td>&nbsp;<\/td><td>1 db<\/td><td>L\u00e1ncker\u00e9k (1&#8243; m\u00e9ret)<\/td><td>Inform\u00e1ci\u00f3 PL72 T Audi: Haszn\u00e1lt 0BU341010N, 0BU341010Q inform\u00e1ci\u00f3 PL72 T Porsche: Haszn\u00e1lt 95834102001 -95834102003, 95834102011 inform\u00e1ci\u00f3 PL72 T VW: Haszn\u00e1lt 0BU341010B, 0BU341010C, 0BU341010D, 0BU341010F, 0BU341010M, 0BU341010R, 0BU341010S, 0BU341010T, 0BU341011A, 0BU341011C, 0BU341011G, 0BU341011H, 0BU341011N, 0BU341011Q, 0BU341011R, 0BU341011S<\/td><\/tr><tr><td>15<\/td><td>&nbsp;<\/td><td>1 db<\/td><td>L\u00e1ncker\u00e9k (1,25&#8243; m\u00e9ret)<\/td><td>Inform\u00e1ci\u00f3 PL72 T Audi: Haszn\u00e1lt 0BU341010P inform\u00e1ci\u00f3 PL72 T Porsche: Haszn\u00e1lt 95834102012, 0BU341011D inform\u00e1ci\u00f3 PL72 T VW: Haszn\u00e1lt 0BU341010E, 0BU34101 OP, 0BU341011, 0BU341011D, 0BU341011E, 0BU341011F, 0BU341011K, 0BU341011M, 0BU341011P<\/td><\/tr><tr><td>16<\/td><td>&nbsp;<\/td><td>1 db<\/td><td>Csap\u00e1gypersely<\/td><td>&nbsp;<\/td><\/tr><tr><td>17<\/td><td>&nbsp;<\/td><td>1 db<\/td><td>Differenci\u00e1l ASM<\/td><td>&nbsp;<\/td><\/tr><tr><td>18<\/td><td>&nbsp;<\/td><td>1 db<\/td><td>Terel\u0151<\/td><td>&nbsp;<\/td><\/tr><tr><td>19<\/td><td>&nbsp;<\/td><td>1 db<\/td><td>Z\u00e1r\u00f3gy\u0171r\u0171<\/td><td>&nbsp;<\/td><\/tr><tr><td>20<\/td><td>&nbsp;<\/td><td>1 db<\/td><td>T\u0171csap\u00e1gy<\/td><td>&nbsp;<\/td><\/tr><tr><td>21<\/td><td>&nbsp;<\/td><td>1 db<\/td><td>Forg\u00f3tengely<\/td><td>Inform\u00e1ci\u00f3k a PL72 T Porsche-hoz: 95834102012-ben haszn\u00e1lt inform\u00e1ci\u00f3 PL72 T VW-hez: 0BU341011M-ben haszn\u00e1lt<\/td><\/tr><tr><td>21<\/td><td>&nbsp;<\/td><td>1 db<\/td><td>Forg\u00f3tengely<\/td><td>PL72 T Audi inform\u00e1ci\u00f3: 0BU341010N-ben haszn\u00e1lt Inform\u00e1ci\u00f3 PL72 T Porsche-hoz: 95834102003-ban haszn\u00e1lt inform\u00e1ci\u00f3: PL72 T VW: 0BU341011Q-ban haszn\u00e1lt<\/td><\/tr><tr><td>22<\/td><td>&nbsp;<\/td><td>2 db<\/td><td>R\u00f6gz\u00edt\u0151 gy\u0171r\u0171<\/td><td>&nbsp;<\/td><\/tr><tr><td>23<\/td><td>&nbsp;<\/td><td>1 db<\/td><td>Goly\u00f3scsap\u00e1gy<\/td><td>&nbsp;<\/td><\/tr><tr><td>24<\/td><td>&nbsp;<\/td><td>1 db<\/td><td>H\u00e1z el\u00fcls\u0151 r\u00e9sz<\/td><td>&nbsp;<\/td><\/tr><tr><td>25<\/td><td>01R525095; 95834139500<\/td><td>1 db<\/td><td>Szell\u0151z\u0151cs\u0151<\/td><td>&nbsp;<\/td><\/tr><tr><td>26<\/td><td>017525093; 95834139300<\/td><td>1 db<\/td><td>Szell\u0151z\u0151 sapka<\/td><td>&nbsp;<\/td><\/tr><tr><td>27<\/td><td>0BU321199B; 95834119920<\/td><td>1 db<\/td><td>Radi\u00e1lis t\u00f6m\u00edt\u0151gy\u0171r\u0171<\/td><td>&nbsp;<\/td><\/tr><tr><td>32<\/td><td>0BU321199A; 95834119910<\/td><td>1 db<\/td><td>Radi\u00e1lis t\u00f6m\u00edt\u0151gy\u0171r\u0171<\/td><td>&nbsp;<\/td><\/tr><tr><td>33<\/td><td>&nbsp;<\/td><td>1 db<\/td><td>M\u00e1gnes<\/td><td>Inform\u00e1ci\u00f3 PL72 \u0410\u0422\u0421: Haszn\u00e1lt 95834101006-95834101008, 95834101016-95834101018, 95834101025-95834101027, 95834101031 -95834101033 inform\u00e1ci\u00f3 PL72 T Audi: Haszn\u00e1lt 0BU341010N, 0BU341010P, 0BU341010Q inform\u00e1ci\u00f3 PL72 T Porsche: Haszn\u00e1lt 95834102003, 95834102012 inform\u00e1ci\u00f3 PL72 T VW: Haszn\u00e1lt: 0BU341010P, 0BU341011E, 0BU341011F, 0BU341011K, 0BU341011M, 0BU341011N, 0BU341011Q, 0BU341011R, 101S<\/td><\/tr><tr><td>33<\/td><td>01Z525615<\/td><td>&nbsp;<\/td><td>M\u00e1gnes<\/td><td>Inform\u00e1ci\u00f3 PL72 \u0410\u0422\u0421: Haszn\u00e1lt 95834101001 -95834101005, 95834101011 -95834101015, 95834101020-95834101024, 95834101030 inform\u00e1ci\u00f3 PL72 T Audi: Haszn\u00e1lt 0BU341010N, 0BU341010P, 0BU341010Q inform\u00e1ci\u00f3 PL72 T Porsche: Haszn\u00e1lt 95834102001, 95834102002,95834102011 inform\u00e1ci\u00f3 PL72 T VW: 0BU341010b, 0bu341010c, 0bu341010d, 0bu341010e, 0bu341010f, 0bu34101010, 0bu34101010<\/td><\/tr><tr><td>34<\/td><td>&nbsp;<\/td><td>1 db<\/td><td>L\u00e1ncker\u00e9k kimenet (1,25&#8243; m\u00e9ret)<\/td><td>Inform\u00e1ci\u00f3 PL72 T Porsche: l\u00e1ncker\u00e9k kimenet M\u00e9retek 1,25&#8243; Haszn\u00e1lt 95834102012, 0BU341011D inform\u00e1ci\u00f3 PL72 T VW: Haszn\u00e1lt 0BU341010E, 0BU341011, 0BU341011D, 0BU341011E, 0BU341011F, 0BU341011K, 0BU341011M, 0BU341011P<\/td><\/tr><tr><td>34<\/td><td>&nbsp;<\/td><td>1 db<\/td><td>L\u00e1ncker\u00e9k kimenet (1&#8243; m\u00e9ret)<\/td><td>Inform\u00e1ci\u00f3 PL72 \u0410\u0422\u0421: Haszn\u00e1lt 95834101001 -95834101007 haszn\u00e1lt 95834101011 -95834101018 haszn\u00e1lt 95834101020-95834101027 haszn\u00e1lt 95834101030-95834101032 inform\u00e1ci\u00f3 PL72 T Porsche: Haszn\u00e1lt 95834102001 -95834102003, 95834102011 inform\u00e1ci\u00f3 PL72 T VW: Haszn\u00e1lt 0BU341010B , 0bu341010c, 0bu341010d, 0bu341010f, 0bu341010m, 0bu341010r, 0bu341010s, 0bu341010t, 0bu341011a, 0bu341011c, 0bu341011g, 0bu341011h, 0bu341011n, 0bu341011Q, 0BU341011R, 0BU34101S<\/td><\/tr><tr><td>35<\/td><td>&nbsp;<\/td><td>2 db<\/td><td>T\u0171<\/td><td>&nbsp;<\/td><\/tr><tr><td>36<\/td><td>0BU301125; 673002083; 95530111501; A0029909617<\/td><td>2 db<\/td><td>Dug\u00f3<\/td><td>&nbsp;<\/td><\/tr><tr><td>38<\/td><td>7P0521200A; 95834949110<\/td><td>1 db<\/td><td>R\u00f6gz\u00edt\u0151 gy\u0171r\u0171<\/td><td>&nbsp;<\/td><\/tr><tr><td>39<\/td><td>WHT005158<\/td><td>1 db<\/td><td>T\u00f6m\u00edt\u00e9s O-gy\u0171r\u0171<\/td><td>&nbsp;<\/td><\/tr><tr><td>70<\/td><td>&nbsp;<\/td><td>1 db<\/td><td>Cs\u00faszka<\/td><td>&nbsp;<\/td><\/tr><tr><td>71<\/td><td>&nbsp;<\/td><td>2 db<\/td><td>Csavar<\/td><td>&nbsp;<\/td><\/tr><\/tbody><\/table><\/figure>","protected":false},"excerpt":{"rendered":"<p>Poz\u00edci\u00f3 OEM sz\u00e1m Mennyis\u00e9g Alkatr\u00e9sz neve Megjegyz\u00e9s I01 95834102003 &nbsp; OE referenci\u00e1k L\u00e1ncker\u00e9k\/l\u00e1nc 1&#8243; m\u00e9ret: 95834102001 (0BU341010B, 0BU341010R), 95834102002 (0BU341011G), 95834102003 (0BU341011Cha) 1D l\u00e1ncker\u00e9k I02 &#8230; <\/p>\n<p class=\"read-more-container\"><a title=\"PL72T (Torsen) diagram \/ alkatr\u00e9sz katal\u00f3gus\" class=\"read-more button\" href=\"https:\/\/transfercasepartshop.com\/hu\/diagramok\/pl72t-torsen-diagram-alkatresz-katalogus\/#more-413804\" aria-label=\"Read more about PL72T (Torsen) diagram \/ alkatr\u00e9sz katal\u00f3gus\">Tov\u00e1bb<\/a><\/p>","protected":false},"author":7,"featured_media":419556,"parent":412383,"menu_order":0,"comment_status":"closed","ping_status":"closed","template":"","meta":{"_acf_changed":false,"footnotes":""},"class_list":{"0":"post-413804","1":"page","2":"type-page","3":"status-publish","4":"has-post-thumbnail","6":"infinite-scroll-item","7":"no-featured-image-padding","8":"resize-featured-image"},"acf":[],"_links":{"self":[{"href":"https:\/\/transfercasepartshop.com\/hu\/wp-json\/wp\/v2\/pages\/413804","targetHints":{"allow":["GET"]}}],"collection":[{"href":"https:\/\/transfercasepartshop.com\/hu\/wp-json\/wp\/v2\/pages"}],"about":[{"href":"https:\/\/transfercasepartshop.com\/hu\/wp-json\/wp\/v2\/types\/page"}],"author":[{"embeddable":true,"href":"https:\/\/transfercasepartshop.com\/hu\/wp-json\/wp\/v2\/users\/7"}],"replies":[{"embeddable":true,"href":"https:\/\/transfercasepartshop.com\/hu\/wp-json\/wp\/v2\/comments?post=413804"}],"version-history":[{"count":0,"href":"https:\/\/transfercasepartshop.com\/hu\/wp-json\/wp\/v2\/pages\/413804\/revisions"}],"up":[{"embeddable":true,"href":"https:\/\/transfercasepartshop.com\/hu\/wp-json\/wp\/v2\/pages\/412383"}],"wp:featuredmedia":[{"embeddable":true,"href":"https:\/\/transfercasepartshop.com\/hu\/wp-json\/wp\/v2\/media\/419556"}],"wp:attachment":[{"href":"https:\/\/transfercasepartshop.com\/hu\/wp-json\/wp\/v2\/media?parent=413804"}],"curies":[{"name":"wp","href":"https:\/\/api.w.org\/{rel}","templated":true}]}}