{"id":413800,"date":"2022-02-02T14:10:56","date_gmt":"2022-02-02T13:10:56","guid":{"rendered":"https:\/\/transfercasepartshop.com\/?page_id=413800"},"modified":"2024-03-06T08:34:25","modified_gmt":"2024-03-06T07:34:25","slug":"pl72atc-diagram-alkatresz-katalogus","status":"publish","type":"page","link":"https:\/\/transfercasepartshop.com\/hu\/diagramok\/pl72atc-diagram-alkatresz-katalogus\/","title":{"rendered":"PL72ATC diagram \/ alkatr\u00e9sz katal\u00f3gus"},"content":{"rendered":"<figure class=\"wp-block-table is-style-stripes\"><table><tbody><tr><td>\n<h3><strong>Poz\u00edci\u00f3<\/strong><\/h3>\n<\/td><td>\n<h3><strong>OEM sz\u00e1m<\/strong><\/h3>\n<\/td><td>\n<h3><strong>Mennyis\u00e9g<\/strong><\/h3>\n<\/td><td>\n<h3><strong>Alkatr\u00e9sz neve<\/strong><\/h3>\n<\/td><td>\n<h3><strong>Megjegyz\u00e9s<\/strong><\/h3>\n<\/td><\/tr><tr><td>I01<\/td><td>95834101008<\/td><td>&nbsp;<\/td><td>OE referenci\u00e1k<\/td><td><a href=\"https:\/\/transfercasepartshop.com\/hu\/porsche\/pl72-atc\/osztomu-csapagy-szett-pl72-atc\/\" target=\"_blank\" data-type=\"product\" data-id=\"390607\" rel=\"noreferrer noopener\">Oszt\u00f3m\u0171 csap\u00e1gy szett (PL72 ATC)<\/a><br>L\u00e1ncker\u00e9k \/ L\u00e1nc 1. dimenzi\u00f3&#8221; : 95834101001 (0C2341010Q, 0C2341010M), 95834101002 (0C2341011, 0C2341011C), 95834101003 (0C2341011F), 95834101004 (0C2341011K), 95834101005 (0C2341011Q), 95834101006 (0C2341012F), 95834101007 (0C2341012K) l\u00e1ncker\u00e9k \/ L\u00e1nc 1. dimenzi\u00f3 ,25&#8243;: 95834101008<\/td><\/tr><tr><td>I02<\/td><td>95834101018<\/td><td>&nbsp;<\/td><td>OE referenci\u00e1k<\/td><td><a href=\"https:\/\/transfercasepartshop.com\/hu\/porsche\/pl72-atc\/osztomu-tomites-szett-pl72-atc\/\" target=\"_blank\" data-type=\"product\" data-id=\"390609\" rel=\"noreferrer noopener\">Oszt\u00f3m\u0171 t\u00f6m\u00edt\u00e9s szett (PL72 ATC)<\/a><br><font class=\"\" style=\"vertical-align: inherit\">L\u00e1ncker\u00e9k \/ L\u00e1nc 1. dimenzi\u00f3&#8221; : 95834101011 (0C2341010R), 95834101012 (0C2341011A), 95834101013 (0C2341011G), 95834101014 (0C2341011L), 95834101015 (0C2341011R), 95834101016 (0C2341012G), 95834101017 (0C2341012L), 95834101018<\/font><\/td><\/tr><tr><td>I03<\/td><td>95834101027<\/td><td>&nbsp;<\/td><td>OE referenci\u00e1k<\/td><td>L\u00e1ncker\u00e9k \/ L\u00e1nc 1. dimenzi\u00f3&#8221; : 95834101020 (0C2341010S, 0C2341010P), 95834101021 (0C2341011B), 95834101022 (0C2341011H), 95834101023 (0C2341011M), 95834101024 (0C2341011S), 95834101025 (0C2341012H), 95834101026 (0C2341012M), 95834101027<\/td><\/tr><tr><td>I04<\/td><td>95834101033<\/td><td>&nbsp;<\/td><td>OE referenci\u00e1k<\/td><td>L\u00e1ncker\u00e9k\/l\u00e1nc 1&#8243; m\u00e9ret: 95834101030 (0C2341011P, 0C2341011N, 0C2341011T), 95834101031 (0C2341012J), 958341012J), 958341012J), 95834101012J, 95834101012J, 95834101012J, Dimenzi\u00f3<\/td><\/tr><tr><td>K01<\/td><td>&nbsp;<\/td><td>1 db<\/td><td>Csap\u00e1gy szett<\/td><td>A 08, 26, 29, 40, 59, 61 poz\u00edci\u00f3kat tartalmazza<\/td><\/tr><tr><td>K02<\/td><td>&nbsp;<\/td><td>1 db<\/td><td>T\u00f6m\u00edt\u00e9s szett <\/td><td>Tartalmazza a 03, 05, 12, 13, 43, 49, 50, 64, 65 poz\u00edci\u00f3kat<\/td><\/tr><tr><td>K10<\/td><td>&nbsp;<\/td><td>1 db<\/td><td>L\u00e1ncvezet\u0151 cs\u00faszka szett<\/td><td><a href=\"https:\/\/transfercasepartshop.com\/hu\/vw\/pl72-t-2\/lanc-vezeto-csuszka-szett-pl72-pl72-atc-atc450-dcs\/\" data-type=\"product\" data-id=\"390588\" target=\"_blank\" rel=\"noreferrer noopener\">L\u00e1nc vezet\u0151 cs\u00faszka szett (PL72 T, PL72 ATC, ATC450, DCS)<\/a><br>A 70., 71. poz\u00edci\u00f3t tartalmazza. Inform\u00e1ci\u00f3k a PL72 T Porsche-hoz: 95834102011-ben, 95834102012-ben haszn\u00e1latos PL72 T VW-hez tartoz\u00f3 inform\u00e1ci\u00f3: 0BU341010M, 0BU341011C, 0BU341011K, 101M.<\/td><\/tr><tr><td>K11<\/td><td>&nbsp;<\/td><td>1 db<\/td><td>Kuplung szett<\/td><td><a href=\"https:\/\/transfercasepartshop.com\/hu\/porsche\/pl72-atc\/osztomu-kuplung-szett-atc350-atc450-pl72-atc\/\" data-type=\"product\" data-id=\"390579\" target=\"_blank\" rel=\"noreferrer noopener\">Oszt\u00f3m\u0171 kuplung szett (ATC350, ATC450, PL72 ATC)<\/a><br>A 18, 19, 20, 21 poz\u00edci\u00f3kat tartalmazza<\/td><\/tr><tr><td>K12<\/td><td>&nbsp;<\/td><td>1 db<\/td><td>Tengely kapcsol\u00f3 szett <\/td><td>A 59, 60, 61, 62, 63 poz\u00edci\u00f3kat tartalmazza<\/td><\/tr><tr><td>K16<\/td><td>&nbsp;<\/td><td>1 db<\/td><td>F\u0151tengely szett<\/td><td>A 10,11 poz\u00edci\u00f3t tartalmazza<\/td><\/tr><tr><td>02<\/td><td>7P0521202; 95834949300<\/td><td>1 db<\/td><td>R\u00f6gz\u00edt\u0151 gy\u0171r\u0171<\/td><td>&nbsp;<\/td><\/tr><tr><td>03<\/td><td>WHT005158<\/td><td>1 db<\/td><td>T\u00f6m\u00edt\u00e9s O-gy\u0171r\u0171<\/td><td>&nbsp;<\/td><\/tr><tr><td>04<\/td><td>0BU409375; 95834137500<\/td><td>2 db<\/td><td>R\u00f6gz\u00edt\u0151<\/td><td>Inform\u00e1ci\u00f3k a PL72 T VW-hez: Csak 1 db haszn\u00e1lt 0BU341010P, 0BU341011N OE k\u00f3dban<\/td><\/tr><tr><td>05<\/td><td>0BU321199; 95834119900<\/td><td>1 db<\/td><td>Radi\u00e1lis t\u00f6m\u00edt\u00e9s<\/td><td>&nbsp;<\/td><\/tr><tr><td>06<\/td><td>&nbsp;<\/td><td>1 db<\/td><td>R\u00f6gz\u00edt\u0151 gy\u0171r\u0171<\/td><td>&nbsp;<\/td><\/tr><tr><td>07<\/td><td>&nbsp;<\/td><td>1 db<\/td><td>R\u00f6gz\u00edt\u0151 gy\u0171r\u0171<\/td><td>&nbsp;<\/td><\/tr><tr><td>08<\/td><td>&nbsp;<\/td><td>3 darab<\/td><td>Goly\u00f3scsap\u00e1gy<\/td><td>&nbsp;<\/td><\/tr><tr><td>09<\/td><td>&nbsp;<\/td><td>1 db<\/td><td>Al\u00e1t\u00e9tlemez<\/td><td>&nbsp;<\/td><\/tr><tr><td>10<\/td><td>&nbsp;<\/td><td>1 db<\/td><td>F\u0151tengely<\/td><td>&nbsp;<\/td><\/tr><tr><td>11<\/td><td>&nbsp;<\/td><td>1 db<\/td><td>Gy\u0171r\u0171<\/td><td>&nbsp;<\/td><\/tr><tr><td>12<\/td><td>&nbsp;<\/td><td>1 db<\/td><td>T\u00f6m\u00edt\u00e9s O-gy\u0171r\u0171<\/td><td>&nbsp;<\/td><\/tr><tr><td>13<\/td><td>0BU301125; 673002083; 95530111501; A0029909617<\/td><td>2 db<\/td><td>Dug\u00f3<\/td><td>&nbsp;<\/td><\/tr><tr><td>14<\/td><td>&nbsp;<\/td><td>14 darab<\/td><td>Csavar<\/td><td>&nbsp;<\/td><\/tr><tr><td>15<\/td><td>&nbsp;<\/td><td>1 db<\/td><td>H\u00e1z h\u00e1ts\u00f3<\/td><td>&nbsp;<\/td><\/tr><tr><td>16<\/td><td>&nbsp;<\/td><td>1 db<\/td><td>Terel\u0151 h\u00e1tul<\/td><td>&nbsp;<\/td><\/tr><tr><td>17<\/td><td>&nbsp;<\/td><td>1 db<\/td><td>L\u00e1nc (1&#8243; m\u00e9ret)<\/td><td>Inform\u00e1ci\u00f3k a PL72 \u0410\u0422\u0421-hez: Haszn\u00e1lt: 95834101001 -95834101007, Haszn\u00e1lt: 95834101011 -95834101018, Haszn\u00e1lt: 95834101020 &#8211; 9583410102915 &#8211; 3083410102915, 308<\/td><\/tr><tr><td>17<\/td><td>&nbsp;<\/td><td>1 db<\/td><td>L\u00e1nc (1,25&#8243; m\u00e9ret)<\/td><td><a href=\"https:\/\/transfercasepartshop.com\/hu\/porsche\/pl72-atc\/osztomu-lanc-pl72-atc\/\" target=\"_blank\" data-type=\"product\" data-id=\"390624\" rel=\"noreferrer noopener\">Oszt\u00f3m\u0171 l\u00e1nc (PL72 ATC)<\/a><br>PL72 \u0410\u0422\u0421 inform\u00e1ci\u00f3: 95834101008, 95834101033<\/td><\/tr><tr><td>18<\/td><td>&nbsp;<\/td><td>5 darab<\/td><td>T\u00e1rcsa rug\u00f3<\/td><td>&nbsp;<\/td><\/tr><tr><td>19<\/td><td>&nbsp;<\/td><td>7 darab<\/td><td>Lamella<\/td><td>&nbsp;<\/td><\/tr><tr><td>20<\/td><td>&nbsp;<\/td><td>6 darab<\/td><td>Ac\u00e9llemez<\/td><td>&nbsp;<\/td><\/tr><tr><td>21<\/td><td>&nbsp;<\/td><td>1 db<\/td><td>Lemez<\/td><td>&nbsp;<\/td><\/tr><tr><td>22<\/td><td>&nbsp;<\/td><td>1 db<\/td><td>L\u00e1ncker\u00e9k ASM (1&#8243; m\u00e9ret)<\/td><td><a href=\"https:\/\/transfercasepartshop.com\/hu\/porsche\/pl72-atc\/osztomu-kuplung-kosar-pl72-atc\/\" target=\"_blank\" data-type=\"product\" data-id=\"390591\" rel=\"noreferrer noopener\">Oszt\u00f3m\u0171 kuplung kos\u00e1r (PL72 ATC)<\/a><br>Inform\u00e1ci\u00f3k a PL72 \u0410\u0422\u0421-hez: Haszn\u00e1lt: 95834101001 -95834101007, Haszn\u00e1lt: 95834101011 -95834101018, Haszn\u00e1lt: 95834101020 &#8211; 9583410102915 &#8211; 3083410102915, 308<\/td><\/tr><tr><td>22<\/td><td>&nbsp;<\/td><td>1 db<\/td><td>ASM l\u00e1ncker\u00e9k (1,25&#8243; m\u00e9ret)<\/td><td>PL72 \u0410\u0422\u0421 inform\u00e1ci\u00f3: 95834101008, 95834101033<\/td><\/tr><tr><td>23<\/td><td>&nbsp;<\/td><td>1 db<\/td><td>Ker\u00e9kagy<\/td><td>&nbsp;<a href=\"https:\/\/transfercasepartshop.com\/hu\/porsche\/pl72-atc\/kuplung-tanyer-atc350-atc450-pl72-atc\/\" data-type=\"product\" data-id=\"390578\" target=\"_blank\" rel=\"noreferrer noopener\">&nbsp;Kuplung t\u00e1ny\u00e9r (ATC350, ATC450, PL72 ATC)<\/a><\/td><\/tr><tr><td>26<\/td><td>&nbsp;<\/td><td>1 db<\/td><td>T\u0171 h\u00fcvely<\/td><td>&nbsp;<\/td><\/tr><tr><td>27<\/td><td>&nbsp;<\/td><td>2 db<\/td><td>Fogasker\u00e9k<\/td><td>&nbsp;<\/td><\/tr><tr><td>28<\/td><td>&nbsp;<\/td><td>1 db<\/td><td>Dugatty\u00fa<\/td><td>&nbsp;&nbsp;<a href=\"https:\/\/transfercasepartshop.com\/hu\/porsche\/pl72-atc\/kuplung-tanyer-atc350-atc450-pl72-atc-95b\/\" data-type=\"product\" data-id=\"390574\" target=\"_blank\" rel=\"noreferrer noopener\">Kuplung t\u00e1ny\u00e9r (ATC350, ATC450, PL72 ATC, 95B)<\/a><\/td><\/tr><tr><td>29<\/td><td>&nbsp;<\/td><td>2 db<\/td><td>Csap\u00e1gyh\u00e1z \u00e9s g\u00f6rg\u0151<\/td><td>&nbsp;<\/td><\/tr><tr><td>30<\/td><td>&nbsp;<\/td><td>1 db<\/td><td>Tengelykapcsol\u00f3 gy\u0171r\u0171<\/td><td>&nbsp;<\/td><\/tr><tr><td>31<\/td><td>&nbsp;<\/td><td>3 darab<\/td><td>Goly\u00f3<\/td><td>&nbsp;<\/td><\/tr><tr><td>32<\/td><td>&nbsp;<\/td><td>1 db<\/td><td>Tengelykapcsol\u00f3 gy\u0171r\u0171<\/td><td>&nbsp;<a href=\"https:\/\/transfercasepartshop.com\/hu\/porsche\/pl72-atc\/osztomu-tengely-kapcsolo-kar-pl72-atc\/\" target=\"_blank\" data-type=\"product\" data-id=\"390587\" rel=\"noreferrer noopener\">Oszt\u00f3m\u0171 tengely kapcsol\u00f3 kar (PL72 ATC)<\/a><\/td><\/tr><tr><td>33<\/td><td>&nbsp;<\/td><td>2 db<\/td><td>Al\u00e1t\u00e9tlemez<\/td><td>&nbsp;<\/td><\/tr><tr><td>34<\/td><td>&nbsp;<\/td><td>1 db<\/td><td>Gy\u0171r\u0171<\/td><td>&nbsp;&nbsp;<a href=\"https:\/\/transfercasepartshop.com\/hu\/porsche\/pl72-atc\/zarokor-atc350-atc450-pl72-atc-95b\/\" data-type=\"product\" data-id=\"390576\" target=\"_blank\" rel=\"noreferrer noopener\">Z\u00e1r\u00f3k\u00f6r (ATC350, ATC450, PL72 ATC, 95B)<\/a><\/td><\/tr><tr><td>35<\/td><td>&nbsp;<\/td><td>1 db<\/td><td>Al\u00e1t\u00e9tlemez<\/td><td>&nbsp;<\/td><\/tr><tr><td>36<\/td><td>&nbsp;<\/td><td>1 db<\/td><td>R\u00f6gz\u00edt\u0151 gy\u0171r\u0171<\/td><td>&nbsp;<\/td><\/tr><tr><td>37<\/td><td>&nbsp;<\/td><td>1 db<\/td><td>Z\u00e1r\u00f3gy\u0171r\u0171<\/td><td>&nbsp;<\/td><\/tr><tr><td>38<\/td><td>&nbsp;<\/td><td>1 db<\/td><td>Tengely bemenet<\/td><td>Inform\u00e1ci\u00f3 a PL72 \u0410\u0422\u0421-hez: a 95834101018-ban haszn\u00e1lt<\/td><\/tr><tr><td>38<\/td><td>&nbsp;<\/td><td>1 db<\/td><td>Tengely bemenet<\/td><td>Inform\u00e1ci\u00f3 a PL72 \u0410\u0422\u0421-hez: a 95834101008-ban haszn\u00e1lt<\/td><\/tr><tr><td>38<\/td><td>&nbsp;<\/td><td>1 db<\/td><td>Tengely bemenet<\/td><td>PL72 \u0410\u0422\u0421 inform\u00e1ci\u00f3: 95834101027, 95834101033<\/td><\/tr><tr><td>39<\/td><td>&nbsp;<\/td><td>2 db<\/td><td>R\u00f6gz\u00edt\u0151 gy\u0171r\u0171<\/td><td>&nbsp;<\/td><\/tr><tr><td>40<\/td><td>&nbsp;<\/td><td>1 db<\/td><td>Goly\u00f3scsap\u00e1gy<\/td><td>&nbsp;<\/td><\/tr><tr><td>41<\/td><td>&nbsp;<\/td><td>1 db<\/td><td>Els\u0151 deflektor<\/td><td>&nbsp;<\/td><\/tr><tr><td>42<\/td><td>&nbsp;<\/td><td>1 db<\/td><td>H\u00e1z el\u00fcls\u0151 r\u00e9sz<\/td><td>&nbsp;<\/td><\/tr><tr><td>43<\/td><td>0BU321199B; 95834119920<\/td><td>1 db<\/td><td>Radi\u00e1lis t\u00f6m\u00edt\u0151gy\u0171r\u0171<\/td><td>&nbsp;<\/td><\/tr><tr><td>45<\/td><td>01R525095; 95834139500<\/td><td>1 db<\/td><td>Szell\u0151z\u0151cs\u0151<\/td><td>&nbsp;<\/td><\/tr><tr><td>46<\/td><td>017525093; 95834139300<\/td><td>1 db<\/td><td>Szell\u0151z\u0151 sapka<\/td><td>&nbsp;<\/td><\/tr><tr><td>48<\/td><td>7P0521200A; 95834949110<\/td><td>1 db<\/td><td>R\u00f6gz\u00edt\u0151 gy\u0171r\u0171<\/td><td>&nbsp;<\/td><\/tr><tr><td>49<\/td><td>WHT005156<\/td><td>1 db<\/td><td>T\u00f6m\u00edt\u00e9s O-gy\u0171r\u0171<\/td><td>&nbsp;<\/td><\/tr><tr><td>50<\/td><td>0BU321199A; 95834119910<\/td><td>1 db<\/td><td>Radi\u00e1lis t\u00f6m\u00edt\u0151gy\u0171r\u0171<\/td><td>&nbsp;<\/td><\/tr><tr><td>51<\/td><td>&nbsp;<\/td><td>1 db<\/td><td>M\u00e1gnes<\/td><td>Inform\u00e1ci\u00f3 PL72 \u0410\u0422\u0421: Haszn\u00e1lt 95834101006-95834101008, 95834101016-95834101018, 95834101025-95834101027, 95834101031 -95834101033 inform\u00e1ci\u00f3 PL72 T Audi: Haszn\u00e1lt 0BU341010N, 0BU341010P, 0BU341010Q inform\u00e1ci\u00f3 PL72 T Porsche: Haszn\u00e1lt 95834102003, 95834102012 inform\u00e1ci\u00f3 PL72 T VW: Haszn\u00e1lt: 0BU341010P, 0BU341011E, 0BU341011F, 0BU341011K, 0BU341011M, 0BU341011N, 0BU341011Q, 0BU341011R, 101S<\/td><\/tr><tr><td>51<\/td><td>01Z525615<\/td><td>1 db<\/td><td>M\u00e1gnes<\/td><td><font class=\"\" style=\"vertical-align: inherit\">Inform\u00e1ci\u00f3 PL72 \u0410\u0422\u0421: Haszn\u00e1lt 95834101001 -95834101005, 95834101011 -95834101015, 95834101020-95834101024, 95834101030 inform\u00e1ci\u00f3 PL72 T Audi: Haszn\u00e1lt 0BU341010N, 0BU341010P, 0BU341010Q inform\u00e1ci\u00f3 PL72 T Porsche: Haszn\u00e1lt 95834102001, 95834102002, 95834102011 inform\u00e1ci\u00f3 PL72 T VW: 0BU341010b, 0bu341010c, 0bu341010d, 0bu341010e, 0bu341010f, 0bu34101010, 0bu34101010<\/font><\/td><\/tr><tr><td>52<\/td><td>&nbsp;<\/td><td>1 db<\/td><td>Terel\u0151 ASM<\/td><td>&nbsp;<\/td><\/tr><tr><td>53<\/td><td>&nbsp;<\/td><td>1 db<\/td><td>Cs\u0151 ASM<\/td><td>&nbsp;<\/td><\/tr><tr><td>55<\/td><td>&nbsp;<\/td><td>1 db<\/td><td>L\u00e1ncker\u00e9k kimenet (1&#8243; m\u00e9ret)<\/td><td>Inform\u00e1ci\u00f3 PL72 \u0410\u0422\u0421: Haszn\u00e1lt 95834101001 -95834101007 haszn\u00e1lt 95834101011 -95834101018 haszn\u00e1lt 95834101020-95834101027 haszn\u00e1lt 95834101030-95834101032 inform\u00e1ci\u00f3 PL72 T Porsche: Haszn\u00e1lt 95834102001 -95834102003, 95834102011 inform\u00e1ci\u00f3 PL72 T VW: Haszn\u00e1lt 0BU341010B , 0bu341010c, 0bu341010d, 0bu341010f, 0bu341010m, 0bu341010r, 0bu341010s, 0bu341010t, 0bu341011a, 0bu341011c, 0bu341011g, 0bu341011h, 0bu341011n, 0bu341011Q, 0BU341011R, 0BU34101S<\/td><\/tr><tr><td>55<\/td><td>&nbsp;<\/td><td>1 db<\/td><td>L\u00e1ncker\u00e9k kimenet (1,25&#8243; m\u00e9ret)<\/td><td>PL72 \u0410\u0422\u0421 inform\u00e1ci\u00f3: 95834101008, 95834101033<\/td><\/tr><tr><td>57<\/td><td>&nbsp;<\/td><td>1 db<\/td><td>Cs\u00faszka<\/td><td>Inform\u00e1ci\u00f3k a PL72 \u0410\u0422\u0421-hez: Haszn\u00e1lt: 95834101001 -95834101005, Haszn\u00e1lt: 95834101011 -95834101015, Haszn\u00e1lt: 95834101020 &#8211; 95834103d 10204,<\/td><\/tr><tr><td>57<\/td><td>&nbsp;<\/td><td>1 db<\/td><td>Cs\u00faszka<\/td><td>Inform\u00e1ci\u00f3k a PL72 \u0410\u0422\u0421-hez: Haszn\u00e1lt: 95834101006 &#8211; 95834101008<\/td><\/tr><tr><td>58<\/td><td>&nbsp;<\/td><td>2 db<\/td><td>T\u0171<\/td><td>&nbsp;<\/td><\/tr><tr><td>59<\/td><td>&nbsp;<\/td><td>1 db<\/td><td>T\u0171csap\u00e1gy<\/td><td>&nbsp;<\/td><\/tr><tr><td>60<\/td><td>&nbsp;<\/td><td>1 db<\/td><td>Tengely kapcsol\u00f3<\/td><td>&nbsp;<\/td><\/tr><tr><td>61<\/td><td>&nbsp;<\/td><td>1 db<\/td><td>Goly\u00f3scsap\u00e1gy<\/td><td>&nbsp;<\/td><\/tr><tr><td>62<\/td><td>&nbsp;<\/td><td>1 db<\/td><td>R\u00f6gz\u00edt\u0151 gy\u0171r\u0171<\/td><td>&nbsp;<\/td><\/tr><tr><td>63<\/td><td>&nbsp;<\/td><td>1 db<\/td><td>R\u00f6gz\u00edt\u0151 gy\u0171r\u0171<\/td><td>&nbsp;<\/td><\/tr><tr><td>64<\/td><td>27107593452<\/td><td>1 db<\/td><td>Radi\u00e1lis t\u00f6m\u00edt\u0151gy\u0171r\u0171<\/td><td>&nbsp;<\/td><\/tr><tr><td>65<\/td><td>27107593451; 95834150100<\/td><td>1 db<\/td><td>T\u00f6m\u00edt\u00e9s O-gy\u0171r\u0171<\/td><td>&nbsp;<\/td><\/tr><tr><td>66<\/td><td>&nbsp;<\/td><td>1 db<\/td><td>Tengelykapcsol\u00f3 motor<\/td><td>&nbsp;<\/td><\/tr><tr><td>69<\/td><td>27107593450; 673002351; 90038507101; 95834150200<\/td><td>2 db<\/td><td>Csavar<\/td><td>&nbsp;<\/td><\/tr><tr><td>70<\/td><td>&nbsp;<\/td><td>1 db<\/td><td>L\u00e1ncvezet\u0151 cs\u00faszka<\/td><td>&nbsp;<\/td><\/tr><tr><td>71<\/td><td>&nbsp;<\/td><td>2 db<\/td><td>Csavar<\/td><td>&nbsp;<\/td><\/tr><tr><td>72<\/td><td><\/td><td>1 db<\/td><td>R\u00f6gz\u00edt\u0151<\/td><td><a href=\"https:\/\/transfercasepartshop.com\/hu\/porsche\/pl72-atc\/porvedo-pl72-atc\/\" target=\"_blank\" data-type=\"product\" data-id=\"390599\" rel=\"noreferrer noopener\">Porv\u00e9d\u0151 (PL72 ATC)<\/a><\/td><\/tr><\/tbody><\/table><\/figure>","protected":false},"excerpt":{"rendered":"<p>Poz\u00edci\u00f3 OEM sz\u00e1m Mennyis\u00e9g Alkatr\u00e9sz neve Megjegyz\u00e9s I01 95834101008 &nbsp; OE referenci\u00e1k Oszt\u00f3m\u0171 csap\u00e1gy szett (PL72 ATC)L\u00e1ncker\u00e9k \/ L\u00e1nc 1. dimenzi\u00f3&#8221; : 95834101001 (0C2341010Q, 0C2341010M), &#8230; <\/p>\n<p class=\"read-more-container\"><a title=\"PL72ATC diagram \/ alkatr\u00e9sz katal\u00f3gus\" class=\"read-more button\" href=\"https:\/\/transfercasepartshop.com\/hu\/diagramok\/pl72atc-diagram-alkatresz-katalogus\/#more-413800\" aria-label=\"Read more about PL72ATC diagram \/ alkatr\u00e9sz katal\u00f3gus\">Tov\u00e1bb<\/a><\/p>","protected":false},"author":7,"featured_media":419636,"parent":412383,"menu_order":0,"comment_status":"closed","ping_status":"closed","template":"","meta":{"_acf_changed":false,"footnotes":""},"class_list":{"0":"post-413800","1":"page","2":"type-page","3":"status-publish","4":"has-post-thumbnail","6":"infinite-scroll-item","7":"no-featured-image-padding","8":"resize-featured-image"},"acf":[],"_links":{"self":[{"href":"https:\/\/transfercasepartshop.com\/hu\/wp-json\/wp\/v2\/pages\/413800","targetHints":{"allow":["GET"]}}],"collection":[{"href":"https:\/\/transfercasepartshop.com\/hu\/wp-json\/wp\/v2\/pages"}],"about":[{"href":"https:\/\/transfercasepartshop.com\/hu\/wp-json\/wp\/v2\/types\/page"}],"author":[{"embeddable":true,"href":"https:\/\/transfercasepartshop.com\/hu\/wp-json\/wp\/v2\/users\/7"}],"replies":[{"embeddable":true,"href":"https:\/\/transfercasepartshop.com\/hu\/wp-json\/wp\/v2\/comments?post=413800"}],"version-history":[{"count":0,"href":"https:\/\/transfercasepartshop.com\/hu\/wp-json\/wp\/v2\/pages\/413800\/revisions"}],"up":[{"embeddable":true,"href":"https:\/\/transfercasepartshop.com\/hu\/wp-json\/wp\/v2\/pages\/412383"}],"wp:featuredmedia":[{"embeddable":true,"href":"https:\/\/transfercasepartshop.com\/hu\/wp-json\/wp\/v2\/media\/419636"}],"wp:attachment":[{"href":"https:\/\/transfercasepartshop.com\/hu\/wp-json\/wp\/v2\/media?parent=413800"}],"curies":[{"name":"wp","href":"https:\/\/api.w.org\/{rel}","templated":true}]}}