{"id":413794,"date":"2022-02-02T14:06:54","date_gmt":"2022-02-02T13:06:54","guid":{"rendered":"https:\/\/transfercasepartshop.com\/?page_id=413794"},"modified":"2024-03-06T08:34:40","modified_gmt":"2024-03-06T07:34:40","slug":"nv235-diagram-alkatresz-katalogus","status":"publish","type":"page","link":"https:\/\/transfercasepartshop.com\/hu\/diagramok\/nv235-diagram-alkatresz-katalogus\/","title":{"rendered":"NV235 diagram \/ alkatr\u00e9sz katal\u00f3gus"},"content":{"rendered":"<div class=\"gb-container gb-container-0413a54d\"><div class=\"gb-inside-container\">\n<div class=\"gb-grid-wrapper gb-grid-wrapper-5b6a3e77\">\n<div class=\"gb-grid-column gb-grid-column-23bd08a7\"><div class=\"gb-container gb-container-23bd08a7\"><div class=\"gb-inside-container\"><\/div><\/div><\/div>\n\n<div class=\"gb-grid-column gb-grid-column-30ca7ade\"><div class=\"gb-container gb-container-30ca7ade\"><div class=\"gb-inside-container\"><\/div><\/div><\/div>\n\n<div class=\"gb-grid-column gb-grid-column-559a874f\"><div class=\"gb-container gb-container-559a874f\"><div class=\"gb-inside-container\"><\/div><\/div><\/div>\n<\/div>\n<\/div><\/div><figure class=\"wp-block-table is-style-stripes\"><table><tbody><tr><td> <h3><strong>Poz\u00edci\u00f3<\/strong><\/h3> <\/td><td> <h3><strong>OEM sz\u00e1m<\/strong><\/h3> <\/td><td> <h3><strong>Mennyis\u00e9g<\/strong><\/h3> <\/td><td> <h3><strong>Alkatr\u00e9sz neve<\/strong><\/h3> <\/td><td> <h3><strong>Megjegyz\u00e9s<\/strong><\/h3> <\/td><\/tr><tr><td><\/td><td><\/td><td>1 darab<\/td><td>L\u00e1nc<\/td><td><a href=\"https:\/\/transfercasepartshop.com\/hu\/vw\/nv235-2\/osztomu-lanc-nv235-nv235-pl72\/\" target=\"_blank\" data-type=\"product\" data-id=\"390543\" rel=\"noreferrer noopener\">Oszt\u00f3m\u0171 l\u00e1nc (NV235, NV235 PL72)<\/a><\/td><\/tr><\/tbody><\/table><\/figure>","protected":false},"excerpt":{"rendered":"<p>Poz\u00edci\u00f3 OEM sz\u00e1m Mennyis\u00e9g Alkatr\u00e9sz neve Megjegyz\u00e9s 1 darab L\u00e1nc Oszt\u00f3m\u0171 l\u00e1nc (NV235, NV235 PL72)<\/p>","protected":false},"author":7,"featured_media":0,"parent":412383,"menu_order":0,"comment_status":"closed","ping_status":"closed","template":"","meta":{"_acf_changed":false,"footnotes":""},"class_list":{"0":"post-413794","1":"page","2":"type-page","3":"status-publish","5":"infinite-scroll-item","6":"no-featured-image-padding"},"acf":[],"_links":{"self":[{"href":"https:\/\/transfercasepartshop.com\/hu\/wp-json\/wp\/v2\/pages\/413794","targetHints":{"allow":["GET"]}}],"collection":[{"href":"https:\/\/transfercasepartshop.com\/hu\/wp-json\/wp\/v2\/pages"}],"about":[{"href":"https:\/\/transfercasepartshop.com\/hu\/wp-json\/wp\/v2\/types\/page"}],"author":[{"embeddable":true,"href":"https:\/\/transfercasepartshop.com\/hu\/wp-json\/wp\/v2\/users\/7"}],"replies":[{"embeddable":true,"href":"https:\/\/transfercasepartshop.com\/hu\/wp-json\/wp\/v2\/comments?post=413794"}],"version-history":[{"count":0,"href":"https:\/\/transfercasepartshop.com\/hu\/wp-json\/wp\/v2\/pages\/413794\/revisions"}],"up":[{"embeddable":true,"href":"https:\/\/transfercasepartshop.com\/hu\/wp-json\/wp\/v2\/pages\/412383"}],"wp:attachment":[{"href":"https:\/\/transfercasepartshop.com\/hu\/wp-json\/wp\/v2\/media?parent=413794"}],"curies":[{"name":"wp","href":"https:\/\/api.w.org\/{rel}","templated":true}]}}