{"id":413790,"date":"2022-02-02T14:04:19","date_gmt":"2022-02-02T13:04:19","guid":{"rendered":"https:\/\/transfercasepartshop.com\/?page_id=413790"},"modified":"2024-03-06T08:23:20","modified_gmt":"2024-03-06T07:23:20","slug":"bw4430-diagram-alkatresz-katalogus","status":"publish","type":"page","link":"https:\/\/transfercasepartshop.com\/hu\/diagramok\/bw4430-diagram-alkatresz-katalogus\/","title":{"rendered":"BW4430 diagram \/ alkatr\u00e9sz katal\u00f3gus"},"content":{"rendered":"<figure class=\"wp-block-table is-style-stripes\"><table><tbody><tr><td> <h3><strong>Poz\u00edci\u00f3<\/strong><\/h3> <\/td><td> <h3><strong>OEM sz\u00e1m<\/strong><\/h3> <\/td><td> <h3><strong>Mennyis\u00e9g<\/strong><\/h3> <\/td><td> <h3><strong>Alkatr\u00e9sz neve<\/strong><\/h3> <\/td><td> <h3><strong>Megjegyz\u00e9s<\/strong><\/h3> <\/td><\/tr><tr><td>\u201eK01<\/td><td>&nbsp;<\/td><td>1 db<\/td><td>Csap\u00e1gy szett<\/td><td><a href=\"https:\/\/transfercasepartshop.com\/hu\/audi\/bw4430\/osztomu-csapagy-szett-bw4430\/\" target=\"_blank\" data-type=\"product\" data-id=\"390613\" rel=\"noreferrer noopener\">Oszt\u00f3m\u0171 csap\u00e1gy szett (BW4430)<\/a><br>Tartalmazza a 09, 14, 16, 20, 23, 34 poz\u00edci\u00f3kat<\/td><\/tr><tr><td>\u201eK02<\/td><td>&nbsp;<\/td><td>1 db<\/td><td>T\u00f6m\u00edt\u00e9s szett<\/td><td><a href=\"https:\/\/transfercasepartshop.com\/hu\/audi\/bw4430\/osztomu-tomites-szett-bw4430\/\" target=\"_blank\" data-type=\"product\" data-id=\"390541\" rel=\"noreferrer noopener\">Oszt\u00f3m\u0171 t\u00f6m\u00edt\u00e9s szett (BW4430)<\/a><br>A 03, 06, 27, 30, 36 poz\u00edci\u00f3kat tartalmazza<\/td><\/tr><tr><td>01<\/td><td>WHT001971<\/td><td>1 db<\/td><td>Nut<\/td><td>&nbsp;<\/td><\/tr><tr><td>02<\/td><td>WHT001968<\/td><td>1 db<\/td><td>Nyom\u00f3s al\u00e1t\u00e9t<\/td><td>&nbsp;<\/td><\/tr><tr><td>03<\/td><td>0AQ301179<\/td><td>1 db<\/td><td>O-gy\u0171r\u0171<\/td><td>&nbsp;<\/td><\/tr><tr><td>04<\/td><td>&nbsp;<\/td><td>1 db<\/td><td>Tengely kihajt\u00e1s h\u00e1ts\u00f3<\/td><td>&nbsp;<\/td><\/tr><tr><td>05<\/td><td>0AQ409375A<\/td><td>1 db<\/td><td>V\u00e9d\u0151gy\u0171r\u0171<\/td><td>&nbsp;<\/td><\/tr><tr><td>06<\/td><td>0AQ321199<\/td><td>1 db<\/td><td>Radi\u00e1lis t\u00f6m\u00edt\u0151gy\u0171r\u0171<\/td><td>&nbsp;<\/td><\/tr><tr><td>07<\/td><td>&nbsp;<\/td><td>16 darab<\/td><td>Csavar<\/td><td>&nbsp;<\/td><\/tr><tr><td>08<\/td><td>&nbsp;<\/td><td>1 db<\/td><td>H\u00e1z h\u00e1ts\u00f3 r\u00e9sz<\/td><td>&nbsp;<\/td><\/tr><tr><td>09<\/td><td>&nbsp;<\/td><td>2 db<\/td><td>Goly\u00f3scsap\u00e1gy<\/td><td>&nbsp;<\/td><\/tr><tr><td>10<\/td><td>0AQ311321C<\/td><td>1 db<\/td><td>R\u00f6gz\u00edt\u0151 gy\u0171r\u0171<\/td><td>&nbsp;<\/td><\/tr><tr><td>12<\/td><td>&nbsp;<\/td><td>1 db<\/td><td>Forg\u00f3 tengely kimenet<\/td><td>&nbsp;<\/td><\/tr><tr><td>13<\/td><td>0AQ341125; HV096<\/td><td>1 db<\/td><td>L\u00e1nc<\/td><td><a href=\"https:\/\/transfercasepartshop.com\/hu\/audi\/bw4430\/osztomu-lanc-bw4430\/\" target=\"_blank\" data-type=\"product\" data-id=\"390549\" rel=\"noreferrer noopener\">&nbsp;Oszt\u00f3m\u0171 l\u00e1nc (BW4430)<\/a><\/td><\/tr><tr><td>14<\/td><td>&nbsp;<\/td><td>2 db<\/td><td>T\u0171csap\u00e1gy<\/td><td>&nbsp;<\/td><\/tr><tr><td>15<\/td><td>&nbsp;<\/td><td>1 db<\/td><td>L\u00e1ncker\u00e9k kimenet<\/td><td>&nbsp;<\/td><\/tr><tr><td>16<\/td><td>&nbsp;<\/td><td>1 db<\/td><td>Csap\u00e1gypersely<\/td><td>&nbsp;<\/td><\/tr><tr><td>17<\/td><td>0BU341751A<\/td><td>1 db<\/td><td>Differenci\u00e1lm\u0171 ASM<\/td><td>&nbsp;<\/td><\/tr><tr><td>18<\/td><td>&nbsp;<\/td><td>1 db<\/td><td>Terel\u0151<\/td><td>&nbsp;<\/td><\/tr><tr><td>19<\/td><td>0AQ311321B<\/td><td>1 db<\/td><td>R\u00f6gz\u00edt\u0151 gy\u0171r\u0171<\/td><td>&nbsp;<\/td><\/tr><tr><td>20<\/td><td>&nbsp;<\/td><td>1 db<\/td><td>T\u0171csap\u00e1gy<\/td><td>&nbsp;<\/td><\/tr><tr><td>21<\/td><td>&nbsp;<\/td><td>1 db<\/td><td>Tengely bemenet<\/td><td>&nbsp;<\/td><\/tr><tr><td>22<\/td><td>0AQ311321A<\/td><td>2 db<\/td><td>R\u00f6gz\u00edt\u0151 gy\u0171r\u0171<\/td><td>&nbsp;<\/td><\/tr><tr><td>23<\/td><td>&nbsp;<\/td><td>1 db<\/td><td>Goly\u00f3scsap\u00e1gy<\/td><td>&nbsp;<\/td><\/tr><tr><td>24<\/td><td>&nbsp;<\/td><td>1 db<\/td><td>H\u00e1z el\u00fcls\u0151 r\u00e9sz<\/td><td>&nbsp;<\/td><\/tr><tr><td>25<\/td><td>017525093; <br>95834139300<\/td><td>1 db<\/td><td>Szell\u0151z\u0151 sapka<\/td><td>&nbsp;<\/td><\/tr><tr><td>26<\/td><td>01R525095; <br>95834139500<\/td><td>1 db<\/td><td>Szell\u0151z\u0151cs\u0151<\/td><td>&nbsp;<\/td><\/tr><tr><td>27<\/td><td>0AQ321199B<\/td><td>1 db<\/td><td>R\u00f6gz\u00edt\u0151 gy\u0171r\u0171<\/td><td>&nbsp;<\/td><\/tr><tr><td>28<\/td><td>&nbsp;<\/td><td>1 db<\/td><td>Tengely kihajt\u00e1s el\u00f6l<\/td><td>&nbsp;<\/td><\/tr><tr><td>29<\/td><td>0AQ409375B<\/td><td>1 db<\/td><td>V\u00e9d\u0151gy\u0171r\u0171<\/td><td>&nbsp;<\/td><\/tr><tr><td>30<\/td><td>0AQ321199C<\/td><td>1 db<\/td><td>T\u00f6m\u00edt\u0151gy\u0171r\u0171<\/td><td>&nbsp;<\/td><\/tr><tr><td>31<\/td><td>0AQ321367<\/td><td>1 db<\/td><td>M\u00e1gnes<\/td><td>&nbsp;<\/td><\/tr><tr><td>32<\/td><td>0AQ409265<\/td><td>1 db<\/td><td>Tok<\/td><td>&nbsp;<\/td><\/tr><tr><td>33<\/td><td>&nbsp;<\/td><td>1 db<\/td><td>L\u00e1ncker\u00e9k bemenet<\/td><td>&nbsp;<\/td><\/tr><tr><td>34<\/td><td>0AQ409775B<\/td><td>1 db<\/td><td>Goly\u00f3scsap\u00e1gy<\/td><td>&nbsp;<\/td><\/tr><tr><td>35<\/td><td>0AQ311992<\/td><td>2 db<\/td><td>Tok h\u00fcvely<\/td><td>&nbsp;<\/td><\/tr><tr><td>36<\/td><td>WHT001972<\/td><td>2 db<\/td><td>Dug\u00f3<\/td><td>&nbsp;<\/td><\/tr><tr><td>37<\/td><td>0AQ311321<\/td><td>1 db<\/td><td>R\u00f6gz\u00edt\u0151 gy\u0171r\u0171<\/td><td>&nbsp;<\/td><\/tr><tr><td>38<\/td><td>0AQ301184<\/td><td>1 db<\/td><td>Fed\u00e9l<\/td><td>&nbsp;<\/td><\/tr><\/tbody><\/table><\/figure>","protected":false},"excerpt":{"rendered":"<p>Poz\u00edci\u00f3 OEM sz\u00e1m Mennyis\u00e9g Alkatr\u00e9sz neve Megjegyz\u00e9s \u201eK01 &nbsp; 1 db Csap\u00e1gy szett Oszt\u00f3m\u0171 csap\u00e1gy szett (BW4430)Tartalmazza a 09, 14, 16, 20, 23, 34 poz\u00edci\u00f3kat &#8230; <\/p>\n<p class=\"read-more-container\"><a title=\"BW4430 diagram \/ alkatr\u00e9sz katal\u00f3gus\" class=\"read-more button\" href=\"https:\/\/transfercasepartshop.com\/hu\/diagramok\/bw4430-diagram-alkatresz-katalogus\/#more-413790\" aria-label=\"Read more about BW4430 diagram \/ alkatr\u00e9sz katal\u00f3gus\">Tov\u00e1bb<\/a><\/p>","protected":false},"author":7,"featured_media":419559,"parent":412383,"menu_order":0,"comment_status":"closed","ping_status":"closed","template":"","meta":{"_acf_changed":false,"footnotes":""},"class_list":{"0":"post-413790","1":"page","2":"type-page","3":"status-publish","4":"has-post-thumbnail","6":"infinite-scroll-item","7":"no-featured-image-padding","8":"resize-featured-image"},"acf":[],"_links":{"self":[{"href":"https:\/\/transfercasepartshop.com\/hu\/wp-json\/wp\/v2\/pages\/413790","targetHints":{"allow":["GET"]}}],"collection":[{"href":"https:\/\/transfercasepartshop.com\/hu\/wp-json\/wp\/v2\/pages"}],"about":[{"href":"https:\/\/transfercasepartshop.com\/hu\/wp-json\/wp\/v2\/types\/page"}],"author":[{"embeddable":true,"href":"https:\/\/transfercasepartshop.com\/hu\/wp-json\/wp\/v2\/users\/7"}],"replies":[{"embeddable":true,"href":"https:\/\/transfercasepartshop.com\/hu\/wp-json\/wp\/v2\/comments?post=413790"}],"version-history":[{"count":0,"href":"https:\/\/transfercasepartshop.com\/hu\/wp-json\/wp\/v2\/pages\/413790\/revisions"}],"up":[{"embeddable":true,"href":"https:\/\/transfercasepartshop.com\/hu\/wp-json\/wp\/v2\/pages\/412383"}],"wp:featuredmedia":[{"embeddable":true,"href":"https:\/\/transfercasepartshop.com\/hu\/wp-json\/wp\/v2\/media\/419559"}],"wp:attachment":[{"href":"https:\/\/transfercasepartshop.com\/hu\/wp-json\/wp\/v2\/media?parent=413790"}],"curies":[{"name":"wp","href":"https:\/\/api.w.org\/{rel}","templated":true}]}}