{"id":413785,"date":"2022-02-02T14:01:39","date_gmt":"2022-02-02T13:01:39","guid":{"rendered":"https:\/\/transfercasepartshop.com\/?page_id=413785"},"modified":"2024-03-06T08:10:36","modified_gmt":"2024-03-06T07:10:36","slug":"95b-porsche-macan-diagram-alkatresz-katalogus","status":"publish","type":"page","link":"https:\/\/transfercasepartshop.com\/hu\/diagramok\/95b-porsche-macan-diagram-alkatresz-katalogus\/","title":{"rendered":"95B Porsche Macan diagram \/ alkatr\u00e9sz katal\u00f3gus"},"content":{"rendered":"<figure class=\"wp-block-table is-style-stripes\"><table><tbody><tr><td> <h3><strong>Poz\u00edci\u00f3<\/strong><\/h3> <\/td><td> <h3><strong>OEM sz\u00e1m<\/strong><\/h3> <\/td><td> <h3><strong>Mennyis\u00e9g<\/strong><\/h3> <\/td><td> <h3><strong>Alkatr\u00e9sz neve<\/strong><\/h3> <\/td><td> <h3><strong>Megjegyz\u00e9s<\/strong><\/h3> <\/td><\/tr><tr><td>K01<\/td><td><\/td><td><\/td><td>Oszt\u00f3m\u0171 csap\u00e1gy szett (95B)<\/td><td><a href=\"https:\/\/transfercasepartshop.com\/hu\/porsche\/osztomu-csapagy-szett-95b\/\" data-type=\"URL\" data-id=\"https:\/\/transfercasepartshop.com\/hu\/porsche\/osztomu-csapagy-szett-95b\/\">Oszt\u00f3m\u0171 csap\u00e1gy szett (95B)<\/a><\/td><\/tr><tr><td>K02<\/td><td><\/td><td><\/td><td>Oszt\u00f3m\u0171 t\u00f6m\u00edt\u00e9s szett (95B)<\/td><td><a href=\"https:\/\/transfercasepartshop.com\/hu\/porsche\/osztomu-tomites-szett-95b\/\" data-type=\"URL\" data-id=\"https:\/\/transfercasepartshop.com\/hu\/porsche\/osztomu-tomites-szett-95b\/\">Oszt\u00f3m\u0171 t\u00f6m\u00edt\u00e9s szett (95B)<\/a><\/td><\/tr><tr><td>K11<\/td><td><\/td><td><\/td><td>Oszt\u00f3m\u0171 kuplung szett<\/td><td><a href=\"https:\/\/transfercasepartshop.com\/hu\/porsche\/osztomu-kuplung-szett\/\" data-type=\"URL\" data-id=\"https:\/\/transfercasepartshop.com\/hu\/porsche\/osztomu-kuplung-szett\/\">Oszt\u00f3m\u0171 kuplung szett<\/a><\/td><\/tr><tr><td>K32<\/td><td><\/td><td><\/td><td>Oszt\u00f3m\u0171 m\u0171anyag alkatr\u00e9sz szett (95B)<\/td><td><a href=\"https:\/\/transfercasepartshop.com\/hu\/porsche\/osztomu-muanyag-alkatresz-szett-95b\/\" data-type=\"URL\" data-id=\"https:\/\/transfercasepartshop.com\/hu\/porsche\/osztomu-muanyag-alkatresz-szett-95b\/\">Oszt\u00f3m\u0171 m\u0171anyag alkatr\u00e9sz szett (95B)<\/a><\/td><\/tr><tr><td>37<\/td><td><\/td><td><\/td><td>Kuplung t\u00e1ny\u00e9r<\/td><td><a href=\"https:\/\/transfercasepartshop.com\/hu\/porsche\/pl72-atc\/kuplung-tanyer-atc350-atc450-pl72-atc-95b\/\" target=\"_blank\" data-type=\"product\" data-id=\"390574\" rel=\"noreferrer noopener\">Kuplung t\u00e1ny\u00e9r (ATC350, ATC450, PL72 ATC, 95B)<\/a><\/td><\/tr><tr><td>40<\/td><td><\/td><td><\/td><td>Tengely kapcsol\u00f3 kar<\/td><td><a href=\"https:\/\/transfercasepartshop.com\/hu\/porsche\/95b\/osztomu-tengely-kapcsolo-kar-atc350-95b\/\" target=\"_blank\" data-type=\"product\" data-id=\"390581\" rel=\"noreferrer noopener\">Oszt\u00f3m\u0171 tengely kapcsol\u00f3 kar (ATC350, 95B)<\/a><\/td><\/tr><tr><td>43<\/td><td><\/td><td><\/td><td>Z\u00e1r\u00f3k\u00f6r<\/td><td><a href=\"https:\/\/transfercasepartshop.com\/hu\/porsche\/pl72-atc\/zarokor-atc350-atc450-pl72-atc-95b\/\" target=\"_blank\" data-type=\"product\" data-id=\"390576\" rel=\"noreferrer noopener\">Z\u00e1r\u00f3k\u00f6r (ATC350, ATC450, PL72 ATC, 95B)<\/a><\/td><\/tr><\/tbody><\/table><\/figure><p><\/p>","protected":false},"excerpt":{"rendered":"<p>Poz\u00edci\u00f3 OEM sz\u00e1m Mennyis\u00e9g Alkatr\u00e9sz neve Megjegyz\u00e9s K01 Oszt\u00f3m\u0171 csap\u00e1gy szett (95B) Oszt\u00f3m\u0171 csap\u00e1gy szett (95B) K02 Oszt\u00f3m\u0171 t\u00f6m\u00edt\u00e9s szett (95B) Oszt\u00f3m\u0171 t\u00f6m\u00edt\u00e9s szett (95B) &#8230; <\/p>\n<p class=\"read-more-container\"><a title=\"95B Porsche Macan diagram \/ alkatr\u00e9sz katal\u00f3gus\" class=\"read-more button\" href=\"https:\/\/transfercasepartshop.com\/hu\/diagramok\/95b-porsche-macan-diagram-alkatresz-katalogus\/#more-413785\" aria-label=\"Read more about 95B Porsche Macan diagram \/ alkatr\u00e9sz katal\u00f3gus\">Tov\u00e1bb<\/a><\/p>","protected":false},"author":7,"featured_media":419641,"parent":412383,"menu_order":0,"comment_status":"closed","ping_status":"closed","template":"","meta":{"_acf_changed":false,"footnotes":""},"class_list":{"0":"post-413785","1":"page","2":"type-page","3":"status-publish","4":"has-post-thumbnail","6":"infinite-scroll-item","7":"no-featured-image-padding","8":"resize-featured-image"},"acf":[],"_links":{"self":[{"href":"https:\/\/transfercasepartshop.com\/hu\/wp-json\/wp\/v2\/pages\/413785","targetHints":{"allow":["GET"]}}],"collection":[{"href":"https:\/\/transfercasepartshop.com\/hu\/wp-json\/wp\/v2\/pages"}],"about":[{"href":"https:\/\/transfercasepartshop.com\/hu\/wp-json\/wp\/v2\/types\/page"}],"author":[{"embeddable":true,"href":"https:\/\/transfercasepartshop.com\/hu\/wp-json\/wp\/v2\/users\/7"}],"replies":[{"embeddable":true,"href":"https:\/\/transfercasepartshop.com\/hu\/wp-json\/wp\/v2\/comments?post=413785"}],"version-history":[{"count":0,"href":"https:\/\/transfercasepartshop.com\/hu\/wp-json\/wp\/v2\/pages\/413785\/revisions"}],"up":[{"embeddable":true,"href":"https:\/\/transfercasepartshop.com\/hu\/wp-json\/wp\/v2\/pages\/412383"}],"wp:featuredmedia":[{"embeddable":true,"href":"https:\/\/transfercasepartshop.com\/hu\/wp-json\/wp\/v2\/media\/419641"}],"wp:attachment":[{"href":"https:\/\/transfercasepartshop.com\/hu\/wp-json\/wp\/v2\/media?parent=413785"}],"curies":[{"name":"wp","href":"https:\/\/api.w.org\/{rel}","templated":true}]}}