{"id":413781,"date":"2022-02-02T13:56:02","date_gmt":"2022-02-02T12:56:02","guid":{"rendered":"https:\/\/transfercasepartshop.com\/?page_id=413781"},"modified":"2024-03-06T08:31:40","modified_gmt":"2024-03-06T07:31:40","slug":"itc-pla-dd295-diagram-alkatresz-katalogus","status":"publish","type":"page","link":"https:\/\/transfercasepartshop.com\/hu\/diagramok\/itc-pla-dd295-diagram-alkatresz-katalogus\/","title":{"rendered":"ITC PLA &#8211; ITC DD295 diagram \/ alkatr\u00e9sz katal\u00f3gus"},"content":{"rendered":"<figure class=\"wp-block-table is-style-stripes\"><table><tbody><tr><td>\n<h3><strong>Poz\u00edci\u00f3<\/strong><\/h3>\n<\/td><td>\n<h3><strong>OEM sz\u00e1m<\/strong><\/h3>\n<\/td><td>\n<h3><strong>Mennyis\u00e9g<\/strong><\/h3>\n<\/td><td>\n<h3><strong>Alkatr\u00e9sz neve<\/strong><\/h3>\n<\/td><td>\n<h3><strong>Megjegyz\u00e9s<\/strong><\/h3>\n<\/td><\/tr><tr><td>K01<\/td><td>&nbsp;<\/td><td>1 db<\/td><td>Csap\u00e1gy szett<\/td><td><a href=\"https:\/\/transfercasepartshop.com\/hu\/mercedes-benz\/dcd\/osztomu-csapagy-szett-itc-dd295-itc-pla-dcd\/\" target=\"_blank\" data-type=\"product\" data-id=\"390562\" rel=\"noreferrer noopener\">Oszt\u00f3m\u0171 csap\u00e1gy szett (ITC DD295, ITC PLA, DCD)<\/a><br>Tartalmazza a 03, 10, 23, 35, 37, 38, 51, 62, 69, 82, 84 poz\u00edci\u00f3kat<\/td><\/tr><tr><td>K02<\/td><td>&nbsp;<\/td><td>1 db<\/td><td>T\u00f6m\u00edt\u00e9s szett<\/td><td><a href=\"https:\/\/transfercasepartshop.com\/hu\/land-rover\/itc-dd295-2\/osztomu-tomites-szett-itc-dd295-itc-pla\/\" target=\"_blank\" data-type=\"product\" data-id=\"390558\" rel=\"noreferrer noopener\">Oszt\u00f3m\u0171 t\u00f6m\u00edt\u00e9s szett (ITC DD295, ITC PLA)<\/a><br>A 01,49,58,64,81 poz\u00edci\u00f3t tartalmazza<\/td><\/tr><tr><td>K03<\/td><td>A1645400188<\/td><td>1 db<\/td><td>Tengely kapcsol\u00f3 szett<\/td><td>A 72., 73. poz\u00edci\u00f3t tartalmazza<\/td><\/tr><tr><td>K04<\/td><td>A1642820082<\/td><td>1 db<\/td><td>Tengely kihajt\u00e1s els\u0151 szett<\/td><td>A 48, 49, 50 poz\u00edci\u00f3t tartalmazza<\/td><\/tr><tr><td>K05<\/td><td>A1642870045<\/td><td>1 db<\/td><td>Tengely kihajt\u00e1s h\u00e1ts\u00f3 szett<\/td><td>A 80, 81,82, 83, 84 poz\u00edci\u00f3t tartalmazza. Inform\u00e1ci\u00f3 a DCD-hez: Az A1642801200-ban haszn\u00e1latos. Inform\u00e1ci\u00f3 a DCS-hez: Az A2512801300-ban haszn\u00e1latos<\/td><\/tr><tr><td>K05<\/td><td>A1642820182<\/td><td>1 db<\/td><td>Tengely kihajt\u00e1s h\u00e1ts\u00f3 szett<\/td><td>A 80., 81.,82., 83., 84. poz\u00edci\u00f3t tartalmazza. Inform\u00e1ci\u00f3 a DCD-hez: Az A1662800800-ban haszn\u00e1latos. Inform\u00e1ci\u00f3 a DCS-hez: Az A2512802700, A25152803100-ban t\u00edpusokhoz haszn\u00e1latos<\/td><\/tr><tr><td>K06<\/td><td>&nbsp;<\/td><td>1 db<\/td><td>Tengelykapcsol\u00f3 szett<\/td><td>A 56, 57, 58, 59, 60 poz\u00edci\u00f3kat tartalmazza<\/td><\/tr><tr><td>K07<\/td><td>&nbsp;<\/td><td>1 db<\/td><td>Tengelykapcsol\u00f3 szett<\/td><td>A 74, 75, 76, 77 poz\u00edci\u00f3kat tartalmazza<\/td><\/tr><tr><td>K08<\/td><td>A1642800058; IGF500011<\/td><td>1 db<\/td><td>Jelad\u00f3 szett<\/td><td>A 24, 25, 26 poz\u00edci\u00f3t tartalmazza<\/td><\/tr><tr><td>K09<\/td><td>A1645500055; IAB500191<\/td><td>1 db<\/td><td>Szenzor szett<\/td><td>A 66, 67 poz\u00edci\u00f3t tartalmazza<\/td><\/tr><tr><td>K10<\/td><td>&nbsp;<\/td><td>1 db<\/td><td>L\u00e1ncvezet\u0151 cs\u00faszka szett<\/td><td><a href=\"https:\/\/transfercasepartshop.com\/hu\/mercedes-benz\/dcd\/lanc-vezeto-csuszka-szett-atc400-atc700-itc-dd295-dcd\/\" target=\"_blank\" data-type=\"product\" data-id=\"390524\" rel=\"noreferrer noopener\">L\u00e1nc vezet\u0151 cs\u00faszka szett (ATC400, ATC700, ITC DD295, DCD)<\/a><br>A 53., 54. poz\u00edci\u00f3t tartalmazza<\/td><\/tr><tr><td>01<\/td><td>A0149971346<\/td><td>1 db<\/td><td>Gy\u0171r\u0171s t\u00f6m\u00edt\u00e9s<\/td><td>&nbsp;<\/td><\/tr><tr><td>02<\/td><td>&nbsp;<\/td><td>1 db<\/td><td>Z\u00e1r\u00f3gy\u0171r\u0171<\/td><td>&nbsp;<\/td><\/tr><tr><td>03<\/td><td>&nbsp;<\/td><td>1 db<\/td><td>Hornyos goly\u00f3scsap\u00e1gy<\/td><td>&nbsp;<\/td><\/tr><tr><td>04<\/td><td>&nbsp;<\/td><td>1 db<\/td><td>H\u00e1z el\u00fcls\u0151 r\u00e9sz<\/td><td>&nbsp;<\/td><\/tr><tr><td>05<\/td><td><font class=\"\" style=\"vertical-align: inherit\">A0019980950<\/font><\/td><td>1 db<\/td><td>L\u00e9gbe\u00f6ml\u0151<\/td><td>&nbsp;<\/td><\/tr><tr><td>06<\/td><td>&nbsp;<\/td><td>1 db<\/td><td>Lemezrug\u00f3<\/td><td>&nbsp;<\/td><\/tr><tr><td>07<\/td><td>&nbsp;<\/td><td>1 db<\/td><td>Z\u00e1r\u00f3gy\u0171r\u0171<\/td><td>&nbsp;<\/td><\/tr><tr><td>08<\/td><td>&nbsp;<\/td><td>1 db<\/td><td>Al\u00e1t\u00e9tlemez<\/td><td>&nbsp;<\/td><\/tr><tr><td>09<\/td><td>&nbsp;<\/td><td>1 db<\/td><td>Kard\u00e1ntengely<\/td><td><a href=\"https:\/\/transfercasepartshop.com\/hu\/land-rover\/itc-pla\/osztomu-forgo-tengely-itc-pla\/\" data-type=\"product\" data-id=\"390561\">\u00a0Oszt\u00f3m\u0171 forg\u00f3 tengely (ITC PLA)<\/a><\/td><\/tr><tr><td>10<\/td><td>&nbsp;<\/td><td>1 db<\/td><td>T\u0171csap\u00e1gy<\/td><td>&nbsp;<\/td><\/tr><tr><td>11<\/td><td>&nbsp;<\/td><td>1 db<\/td><td>Szivatty\u00fa \u00e9s sz\u00edv\u00f3cs\u0151 ASM<\/td><td>&nbsp;<\/td><\/tr><tr><td>12<\/td><td>&nbsp;<\/td><td>1 db<\/td><td>Olajpumpa<\/td><td>Inform\u00e1ci\u00f3k az ITC PLA-hoz: IAB500240, IAB500241, IAB500243, IAB500244, IAB500280, LR006016, LR008206 t\u00edpusokhoz<\/td><\/tr><tr><td>13<\/td><td>&nbsp;<\/td><td>1 db<\/td><td>T\u00f6m\u00edt\u0151 al\u00e1t\u00e9t<\/td><td>&nbsp;<\/td><\/tr><tr><td>14<\/td><td>&nbsp;<\/td><td>1 db<\/td><td>L\u00e1nc<\/td><td><a href=\"https:\/\/transfercasepartshop.com\/hu\/land-rover\/itc-pla\/osztomu-lanc-itc-pla\/\" target=\"_blank\" data-type=\"product\" data-id=\"390559\" rel=\"noreferrer noopener\">Oszt\u00f3m\u0171 l\u00e1nc (ITC PLA)<\/a><\/td><\/tr><tr><td>14<\/td><td><\/td><td>1 db<\/td><td>L\u00e1nc<\/td><td><a href=\"https:\/\/transfercasepartshop.com\/hu\/mercedes-benz\/dcd\/osztomu-lanc-dcd-itc-dd295\/\" data-type=\"product\" data-id=\"390547\" target=\"_blank\" rel=\"noreferrer noopener\">Oszt\u00f3m\u0171 l\u00e1nc (DCD, ITC DD295)<\/a><br>Inform\u00e1ci\u00f3 a DCD-hez: Az A1662800800-ban haszn\u00e1latos. Inform\u00e1ci\u00f3 az ITC PLA-hoz: Az IAB500240, IAB500241, IAB500243, IAB500244, IAB500280, LR006016, LR008206 t\u00edpusokhoz haszn\u00e1latos<\/td><\/tr><tr><td>15<\/td><td>&nbsp;<\/td><td>1 db<\/td><td>Bepattan\u00f3 gy\u0171r\u0171<\/td><td>&nbsp;<\/td><\/tr><tr><td>16<\/td><td>&nbsp;<\/td><td>1 db<\/td><td>Tengely<\/td><td>&nbsp;<\/td><\/tr><tr><td>18<\/td><td>&nbsp;<\/td><td>1 db<\/td><td>Differenci\u00e1l ASM<\/td><td>&nbsp;<\/td><\/tr><tr><td>19<\/td><td>&nbsp;<\/td><td>6 darab<\/td><td>Aljzat csavar<\/td><td>&nbsp;<\/td><\/tr><tr><td>20<\/td><td>&nbsp;<\/td><td>1 db<\/td><td>T\u00e1vtart\u00f3 gy\u0171r\u0171<\/td><td>&nbsp;<\/td><\/tr><tr><td>21<\/td><td>&nbsp;<\/td><td>1 db<\/td><td>L\u00e1ncvezet\u0151 cs\u00faszka<\/td><td>&nbsp;<\/td><\/tr><tr><td>22<\/td><td>&nbsp;<\/td><td>1 db<\/td><td>R\u00f6gz\u00edt\u0151 gy\u0171r\u0171<\/td><td>Inform\u00e1ci\u00f3k az ITC PLA-hoz: IAB500240, IAB500241, IAB500243, IAB500244, IAB500280, LR006016, LR008206 t\u00edpusokhoz<\/td><\/tr><tr><td>23<\/td><td>&nbsp;<\/td><td>1 db<\/td><td>Hornyos<a href=\"\/products\/dcd-dd295-itcpla-transfer-case-bearing-kit-mercedes-ml-gl-off-road-package-range-rover-sport-discovery\"> <\/a>goly\u00f3scsap\u00e1gy<\/td><td><\/td><\/tr><tr><td>24<\/td><td>&nbsp;<\/td><td>3 darab<\/td><td>Csavar<\/td><td>&nbsp;<a href=\"https:\/\/transfercasepartshop.com\/hu\/land-rover\/osztomu-jelado-szett-itc-dd295-itc-pla-dcd\/\" data-type=\"product\" data-id=\"390504\" target=\"_blank\" rel=\"noreferrer noopener\">&nbsp;Oszt\u00f3m\u0171 jelad\u00f3 szett (ITC DD295, ITC PLA, DCD)<\/a><\/td><\/tr><tr><td>25<\/td><td>&nbsp;<\/td><td>1 db<\/td><td>Jelad\u00f3<\/td><td>&nbsp;<a href=\"https:\/\/transfercasepartshop.com\/hu\/land-rover\/osztomu-jelado-szett-itc-dd295-itc-pla-dcd\/\" data-type=\"product\" data-id=\"390504\" target=\"_blank\" rel=\"noreferrer noopener\">&nbsp;Oszt\u00f3m\u0171 jelad\u00f3 szett (ITC DD295, ITC PLA, DCD)<\/a><\/td><\/tr><tr><td>26<\/td><td>&nbsp;<\/td><td>1 db<\/td><td>Vez\u00e9rl\u0151elem<\/td><td>&nbsp;&nbsp;<a href=\"https:\/\/transfercasepartshop.com\/hu\/land-rover\/osztomu-jelado-szett-itc-dd295-itc-pla-dcd\/\" target=\"_blank\" rel=\"noreferrer noopener\">&nbsp;Oszt\u00f3m\u0171 jelad\u00f3 szett (ITC DD295, ITC PLA, DCD)<\/a><\/td><\/tr><tr><td>27<\/td><td>&nbsp;<\/td><td>1 db<\/td><td>H\u00e1z h\u00e1ts\u00f3<\/td><td>&nbsp;<\/td><\/tr><tr><td>28<\/td><td>&nbsp;<\/td><td>19 darab<\/td><td>Lemezcsavar<\/td><td>&nbsp;<\/td><\/tr><tr><td>48<\/td><td>&nbsp;<\/td><td>1 db<\/td><td>Tengely kihajt\u00e1s el\u00f6l<\/td><td>&nbsp;<\/td><\/tr><tr><td>49<\/td><td>332161LA0A; A0159975845; IZB500040<\/td><td>1 db<\/td><td>Gy\u0171r\u0171s t\u00f6m\u00edt\u00e9s<\/td><td>&nbsp;<\/td><\/tr><tr><td>50<\/td><td>A0019941440<\/td><td>1 db<\/td><td>Bepattan\u00f3 gy\u0171r\u0171<\/td><td>&nbsp;<\/td><\/tr><tr><td>51<\/td><td>&nbsp;<\/td><td>1 db<\/td><td>Hornyos goly\u00f3scsap\u00e1gy<\/td><td>&nbsp;<\/td><\/tr><tr><td>52<\/td><td>&nbsp;<\/td><td>2 db<\/td><td>T\u0171<\/td><td>&nbsp;<\/td><\/tr><tr><td>53<\/td><td>&nbsp;<\/td><td>2 db<\/td><td>L\u00e1ncvezet\u0151 cs\u00faszka<\/td><td>&nbsp;<\/td><\/tr><tr><td>54<\/td><td>&nbsp;<\/td><td>4 darab<\/td><td>Csavar<\/td><td>&nbsp;<\/td><\/tr><tr><td>55<\/td><td>&nbsp;<\/td><td>1 db<\/td><td>L\u00e1ncker\u00e9k<\/td><td>Inform\u00e1ci\u00f3k az ITC PLA-hoz: IAB500240, IAB500241, IAB500243, IAB500244, IAB500280, LR006016, LR008206 t\u00edpusokhoz<\/td><\/tr><tr><td>56<\/td><td>&nbsp;<\/td><td>1 db<\/td><td>Z\u00e1r\u00f3gy\u0171r\u0171<\/td><td>&nbsp;<\/td><\/tr><tr><td>57<\/td><td>&nbsp;<\/td><td>1 db<\/td><td>Speci\u00e1lis csavar<\/td><td>&nbsp;<\/td><\/tr><tr><td>58<\/td><td>&nbsp;<\/td><td>1 db<\/td><td>O-gy\u0171r\u0171<\/td><td>&nbsp;<\/td><\/tr><tr><td>59<\/td><td>&nbsp;<\/td><td>2 db<\/td><td>L\u00e1ncvezet\u0151 cs\u00faszka<\/td><td>&nbsp;<\/td><\/tr><tr><td>60<\/td><td>&nbsp;<\/td><td>1 db<\/td><td>V\u00e1lt\u00f3villa<\/td><td>&nbsp;<\/td><\/tr><tr><td>61<\/td><td>&nbsp;<\/td><td>1 db<\/td><td>M\u00e1gnes<\/td><td>Inform\u00e1ci\u00f3 az ITC PLA-hoz: IAB500244, IAB500280, LR008206, LR023011, LR035617, LR045477, LR049160 t\u00edpusokhoz<\/td><\/tr><tr><td>62<\/td><td>&nbsp;<\/td><td>1 db<\/td><td>Hornyos goly\u00f3scsap\u00e1gy<\/td><td>&nbsp;<\/td><\/tr><tr><td>63<\/td><td>A0029900612; IYB500020<\/td><td>2 db<\/td><td>Dug\u00f3<\/td><td>Inform\u00e1ci\u00f3k az ITC PLA-hoz: IAB500240, IAB500241, IAB500243, IAB500244, IAB500280, LR006016, LR008206 t\u00edpusokhoz<\/td><\/tr><tr><td>64<\/td><td>8201057777; IYF500030; TYF101070<\/td><td>2 db<\/td><td>Al\u00e1t\u00e9t t\u00f6m\u00edt\u00e9s<\/td><td>Inform\u00e1ci\u00f3k az ITC PLA-hoz: IAB500240, IAB500241, IAB500243, IAB500244, IAB500280, LR006016, LR008206 t\u00edpusokhoz<\/td><\/tr><tr><td>65<\/td><td>&nbsp;<\/td><td>1 db<\/td><td>Be\u00e1ll\u00edt\u00f3<\/td><td>&nbsp;<\/td><\/tr><tr><td>66<\/td><td>&nbsp;<\/td><td>1 db<\/td><td>\u00c9rz\u00e9kel\u0151<\/td><td>&nbsp;<\/td><\/tr><tr><td>67<\/td><td>&nbsp;<\/td><td>2 db<\/td><td>Lemezcsavar<\/td><td>&nbsp;<\/td><\/tr><tr><td>68<\/td><td>&nbsp;<\/td><td>1 db<\/td><td>Tengely kapcsol\u00f3 ASM<\/td><td>&nbsp;<\/td><\/tr><tr><td>69<\/td><td>&nbsp;<\/td><td>1 db<\/td><td>Hornyos<a href=\"\/products\/dcd-dd295-itcpla-transfer-case-bearing-kit-mercedes-ml-gl-off-road-package-range-rover-sport-discovery\"> <\/a>goly\u00f3scsap\u00e1gy<\/td><td>&nbsp;<\/td><\/tr><tr><td>70<\/td><td>&nbsp;<\/td><td>1 db<\/td><td>Z\u00e1r\u00f3gy\u0171r\u0171<\/td><td>&nbsp;<\/td><\/tr><tr><td>71<\/td><td>&nbsp;<\/td><td>1 db<\/td><td>R\u00f6gz\u00edt\u0151 gy\u0171r\u0171t<\/td><td>&nbsp;<\/td><\/tr><tr><td>72<\/td><td>&nbsp;<\/td><td>1 db<\/td><td>Tengely kapcsol\u00f3<\/td><td>&nbsp;<\/td><\/tr><tr><td>73<\/td><td>&nbsp;<\/td><td>4 darab<\/td><td>Lemezcsavar<\/td><td>&nbsp;<\/td><\/tr><tr><td>74<\/td><td>&nbsp;<\/td><td>2 db<\/td><td>G\u00f6rg\u0151<\/td><td>&nbsp;<\/td><\/tr><tr><td>75<\/td><td>&nbsp;<\/td><td>1 db<\/td><td>V\u00e1lt\u00f3villa<\/td><td>&nbsp;<\/td><\/tr><tr><td>76<\/td><td>&nbsp;<\/td><td>1 db<\/td><td>M\u00e1gneses v\u00e1lt\u00f3villa t\u0171<\/td><td>&nbsp;<\/td><\/tr><tr><td>77<\/td><td>&nbsp;<\/td><td>1 db<\/td><td>Z\u00e1r\u00f3fed\u00e9l<\/td><td>&nbsp;<\/td><\/tr><tr><td>80<\/td><td>A0019941540<\/td><td>1 db<\/td><td>R\u00f6gz\u00edt\u0151 gy\u0171r\u0171<\/td><td>&nbsp;<\/td><\/tr><tr><td>81<\/td><td>A0159975945; IZB500050<\/td><td>1 db<\/td><td>Gy\u0171r\u0171s t\u00f6m\u00edt\u00e9s<\/td><td>&nbsp;<\/td><\/tr><tr><td>82<\/td><td>&nbsp;<\/td><td>1 db<\/td><td>T\u0171 h\u00fcvely<\/td><td>&nbsp;<\/td><\/tr><tr><td>83<\/td><td>&nbsp;<\/td><td>1 db<\/td><td>Tengely kihajt\u00e1s h\u00e1ts\u00f3<\/td><td>&nbsp;<\/td><\/tr><tr><td>84<\/td><td>&nbsp;<\/td><td>1 db<\/td><td>T\u0171 h\u00fcvely<\/td><td>&nbsp;<\/td><\/tr><tr><td>85<\/td><td><\/td><td>1 db<\/td><td><\/td><td><\/td><\/tr><tr><td>86<\/td><td><\/td><td>1 db<\/td><td><\/td><td><\/td><\/tr><tr><td>87<\/td><td><\/td><td>1 db<\/td><td><\/td><td><\/td><\/tr><tr><td>90<\/td><td><\/td><td>1 db<\/td><td>Olaj pumpa<\/td><td><\/td><\/tr><tr><td>91<\/td><td><\/td><td>1 db<\/td><td>Bilincs<\/td><td><\/td><\/tr><tr><td>92<\/td><td><\/td><td>1 db<\/td><td>Sz\u00edv\u00f3cs\u0151<\/td><td><\/td><\/tr><\/tbody><\/table><\/figure>","protected":false},"excerpt":{"rendered":"<p>Poz\u00edci\u00f3 OEM sz\u00e1m Mennyis\u00e9g Alkatr\u00e9sz neve Megjegyz\u00e9s K01 &nbsp; 1 db Csap\u00e1gy szett Oszt\u00f3m\u0171 csap\u00e1gy szett (ITC DD295, ITC PLA, DCD)Tartalmazza a 03, 10, 23, &#8230; <\/p>\n<p class=\"read-more-container\"><a title=\"ITC PLA &#8211; ITC DD295 diagram \/ alkatr\u00e9sz katal\u00f3gus\" class=\"read-more button\" href=\"https:\/\/transfercasepartshop.com\/hu\/diagramok\/itc-pla-dd295-diagram-alkatresz-katalogus\/#more-413781\" aria-label=\"Read more about ITC PLA &#8211; ITC DD295 diagram \/ alkatr\u00e9sz katal\u00f3gus\">Tov\u00e1bb<\/a><\/p>","protected":false},"author":7,"featured_media":419680,"parent":412383,"menu_order":0,"comment_status":"closed","ping_status":"closed","template":"","meta":{"_acf_changed":false,"footnotes":""},"class_list":{"0":"post-413781","1":"page","2":"type-page","3":"status-publish","4":"has-post-thumbnail","6":"infinite-scroll-item","7":"no-featured-image-padding","8":"resize-featured-image"},"acf":[],"_links":{"self":[{"href":"https:\/\/transfercasepartshop.com\/hu\/wp-json\/wp\/v2\/pages\/413781","targetHints":{"allow":["GET"]}}],"collection":[{"href":"https:\/\/transfercasepartshop.com\/hu\/wp-json\/wp\/v2\/pages"}],"about":[{"href":"https:\/\/transfercasepartshop.com\/hu\/wp-json\/wp\/v2\/types\/page"}],"author":[{"embeddable":true,"href":"https:\/\/transfercasepartshop.com\/hu\/wp-json\/wp\/v2\/users\/7"}],"replies":[{"embeddable":true,"href":"https:\/\/transfercasepartshop.com\/hu\/wp-json\/wp\/v2\/comments?post=413781"}],"version-history":[{"count":0,"href":"https:\/\/transfercasepartshop.com\/hu\/wp-json\/wp\/v2\/pages\/413781\/revisions"}],"up":[{"embeddable":true,"href":"https:\/\/transfercasepartshop.com\/hu\/wp-json\/wp\/v2\/pages\/412383"}],"wp:featuredmedia":[{"embeddable":true,"href":"https:\/\/transfercasepartshop.com\/hu\/wp-json\/wp\/v2\/media\/419680"}],"wp:attachment":[{"href":"https:\/\/transfercasepartshop.com\/hu\/wp-json\/wp\/v2\/media?parent=413781"}],"curies":[{"name":"wp","href":"https:\/\/api.w.org\/{rel}","templated":true}]}}