{"id":413765,"date":"2022-02-02T13:45:49","date_gmt":"2022-02-02T12:45:49","guid":{"rendered":"https:\/\/transfercasepartshop.com\/?page_id=413765"},"modified":"2024-03-06T08:32:45","modified_gmt":"2024-03-06T07:32:45","slug":"sec-diagram-alkatresz-katalogus","status":"publish","type":"page","link":"https:\/\/transfercasepartshop.com\/hu\/diagramok\/sec-diagram-alkatresz-katalogus\/","title":{"rendered":"SEC diagram \/ alkatr\u00e9sz katal\u00f3gus"},"content":{"rendered":"<figure class=\"wp-block-table is-style-stripes\"><table><tbody><tr><td>\n<h3><strong><font class=\"\" style=\"vertical-align: inherit\">Poz\u00edci\u00f3<\/font><\/strong><\/h3><font class=\"\" style=\"vertical-align: inherit\">\n<\/font><\/td><td>\n<h3><strong>OEM sz\u00e1m<\/strong><\/h3>\n<\/td><td>\n<h3><strong>Mennyis\u00e9g<\/strong><\/h3>\n<\/td><td>\n<h3><strong>Alkatr\u00e9sz neve<\/strong><\/h3>\n<\/td><td>\n<h3><strong>Megjegyz\u00e9s<\/strong><\/h3>\n<\/td><\/tr><tr><td>K01<\/td><td>&nbsp;<\/td><td>1 db<\/td><td>Csap\u00e1gy szett<\/td><td><a href=\"https:\/\/transfercasepartshop.com\/hu\/mercedes-benz\/sec\/osztomu-csapagy-szett-sec-lx\/\" target=\"_blank\" data-type=\"product\" data-id=\"390556\" rel=\"noreferrer noopener\">Oszt\u00f3m\u0171 csap\u00e1gy szett (SEC, LX)<\/a><br>A 14, 24, 25, 27, 34, 45, 46, 48 poz\u00edci\u00f3kat tartalmazza<\/td><\/tr><tr><td>K02<\/td><td>&nbsp;<\/td><td>1 db<\/td><td>T\u00f6m\u00edt\u00e9s szett <\/td><td><a href=\"https:\/\/transfercasepartshop.com\/hu\/mercedes-benz\/sec\/osztomu-tomites-szett-sec-lx\/\" target=\"_blank\" data-type=\"product\" data-id=\"390557\" rel=\"noreferrer noopener\">Oszt\u00f3m\u0171 t\u00f6m\u00edt\u00e9s szett (SEC, LX)<\/a><br>A 13, 17, 28, 31, 40 poz\u00edci\u00f3kat tartalmazza<\/td><\/tr><tr><td>K04<\/td><td>&nbsp;<\/td><td>1 db<\/td><td>Tengely kihajt\u00e1s els\u0151 szett<\/td><td>Tartalmazza a 10,11,12 poz\u00edci\u00f3kat. Inform\u00e1ci\u00f3 a SEC-hez: A2032800700, A2202800700-ban haszn\u00e1latos<\/td><\/tr><tr><td>K04<\/td><td>&nbsp;<\/td><td>1 db<\/td><td>Tengely kihajt\u00e1s els\u0151 szett<\/td><td>A 10., 11., 12. poz\u00edci\u00f3t tartalmazza. Inform\u00e1ci\u00f3 a SEC-hez: A2112800900, A2112801000.<\/td><\/tr><tr><td>K05<\/td><td>&nbsp;<\/td><td>1 db<\/td><td>Tengely kihajt\u00e1s h\u00e1ts\u00f3 szett<\/td><td>A 10., 32., 33. poz\u00edci\u00f3t tartalmazza. Inform\u00e1ci\u00f3 a SEC-hez: A2112801000, A2202800700-ban haszn\u00e1latos<\/td><\/tr><tr><td>K05<\/td><td>&nbsp;<\/td><td>1 db<\/td><td>Tengely kihajt\u00e1s h\u00e1ts\u00f3 szett<\/td><td>A 10., 32., 33. poz\u00edci\u00f3t tartalmazza. Inform\u00e1ci\u00f3 a SEC-hez: A2032800700, A2112800900.<\/td><\/tr><tr><td>10<\/td><td>05143678AA; A2109900151<\/td><td>2 db<\/td><td>Tengely kihajt\u00e1s anya<\/td><td>&nbsp;<\/td><\/tr><tr><td>11<\/td><td>&nbsp;<\/td><td>1 db<\/td><td>Tengely kihajt\u00e1s el\u00f6l<\/td><td>Inform\u00e1ci\u00f3 a SEC sz\u00e1m\u00e1ra: A2032800700, A2202800700<\/td><\/tr><tr><td>11<\/td><td>A2112820045<\/td><td>1 db<\/td><td>Tengely kihajt\u00e1s el\u00f6l<\/td><td>Inform\u00e1ci\u00f3 a SEC-hez: A2112800900, A2112801000<\/td><\/tr><tr><td>12<\/td><td>A2102820076<\/td><td>1 db<\/td><td>R\u00f6gz\u00edt\u0151<\/td><td>&nbsp;<\/td><\/tr><tr><td>13<\/td><td>05143658AA; A2209970346<\/td><td>1 db<\/td><td>Radi\u00e1lis t\u00f6m\u00edt\u00e9s<\/td><td>&nbsp;<\/td><\/tr><tr><td>14<\/td><td>05143673AA; A2209810805<\/td><td>2 db<\/td><td>K\u00fapg\u00f6rg\u0151s csap\u00e1gy<\/td><td>&nbsp;<\/td><\/tr><tr><td>15<\/td><td>05143669AA<\/td><td>1 db<\/td><td>Fogasker\u00e9k tengely<\/td><td>&nbsp;<\/td><\/tr><tr><td>16<\/td><td>&nbsp;<\/td><td>1 db<\/td><td>H\u00e1z h\u00e1ts\u00f3<\/td><td>&nbsp;<\/td><\/tr><tr><td>17<\/td><td>05143632AA<\/td><td>3 darab<\/td><td>Al\u00e1t\u00e9t-t\u00f6m\u00edt\u00e9s<\/td><td>&nbsp;<\/td><\/tr><tr><td>18<\/td><td>05143631AA<\/td><td>3 darab<\/td><td>Dug\u00f3<\/td><td>&nbsp;<\/td><\/tr><tr><td>19<\/td><td>05143657AA<\/td><td>2 db<\/td><td>Aljzat csavar<\/td><td>&nbsp;<\/td><\/tr><tr><td>20<\/td><td>&nbsp;<\/td><td>9 darab<\/td><td>Aljzat csavar<\/td><td>&nbsp;<\/td><\/tr><tr><td>21<\/td><td>05143675AB<\/td><td>1 db<\/td><td>Nyom\u00f3s al\u00e1t\u00e9t<\/td><td>&nbsp;<\/td><\/tr><tr><td>22<\/td><td>05143680AA<\/td><td>2 db<\/td><td>R\u00f6gz\u00edt\u0151 gy\u0171r\u0171<\/td><td>&nbsp;<\/td><\/tr><tr><td>23<\/td><td>A2035500108<\/td><td>1 db<\/td><td>Differenci\u00e1l ASM<\/td><td>Inform\u00e1ci\u00f3 a SEC sz\u00e1m\u00e1ra: A2032800700, A2112800900, A2112801000<\/td><\/tr><tr><td>23<\/td><td>A2208000975<\/td><td>1 db<\/td><td>Differenci\u00e1l ASM<\/td><td>Inform\u00e1ci\u00f3k a SEC sz\u00e1m\u00e1ra: Az A2202800700-ban haszn\u00e1lt<\/td><\/tr><tr><td>24<\/td><td>A2209811710<\/td><td>1 db<\/td><td>T\u0171csap\u00e1gy<\/td><td>&nbsp;<\/td><\/tr><tr><td>25<\/td><td>A2209811610<\/td><td>1 db<\/td><td>T\u0171csap\u00e1gy<\/td><td>&nbsp;<\/td><\/tr><tr><td>26<\/td><td>&nbsp;<\/td><td>1 db<\/td><td>Fogasker\u00e9k tengely<\/td><td>&nbsp;<\/td><\/tr><tr><td>27<\/td><td>05143662AA; A2209810125<\/td><td>1 db<\/td><td>Goly\u00f3scsap\u00e1gy<\/td><td>&nbsp;<\/td><\/tr><tr><td>28<\/td><td>05143674AA<\/td><td>1 db<\/td><td>O-gy\u0171r\u0171<\/td><td>&nbsp;<\/td><\/tr><tr><td>29<\/td><td>&nbsp;<\/td><td>1 db<\/td><td>R\u00f6gz\u00edt\u0151 gy\u0171r\u0171<\/td><td>&nbsp;<\/td><\/tr><tr><td>30<\/td><td>&nbsp;<\/td><td>1 db<\/td><td>Sebess\u00e9gv\u00e1lt\u00f3 h\u00e1z sapka<\/td><td>&nbsp;<\/td><\/tr><tr><td>31<\/td><td>05143659AA; 97033280300; A2209970246<\/td><td>1 db<\/td><td>Radi\u00e1lis t\u00f6m\u00edt\u00e9s<\/td><td>&nbsp;<\/td><\/tr><tr><td>32<\/td><td>&nbsp;<\/td><td>1 db<\/td><td>R\u00f6gz\u00edt\u0151<\/td><td>&nbsp;<\/td><\/tr><tr><td>33<\/td><td>&nbsp;<\/td><td>1 db<\/td><td>Tengely kihajt\u00e1s h\u00e1ts\u00f3<\/td><td>Inform\u00e1ci\u00f3 a SEC sz\u00e1m\u00e1ra: A2112801000, A2202800700<\/td><\/tr><tr><td>33<\/td><td>&nbsp;<\/td><td>1 db<\/td><td>Tengely Kihajt\u00e1s h\u00e1ts\u00f3<\/td><td>Inform\u00e1ci\u00f3 a SEC sz\u00e1m\u00e1ra: A2032800700, A2112800900<\/td><\/tr><tr><td>34<\/td><td>05143672AA; A2209810705<\/td><td>2 db<\/td><td>K\u00fapg\u00f6rg\u0151s csap\u00e1gy<\/td><td>&nbsp;<\/td><\/tr><tr><td>35<\/td><td>05143668AA<\/td><td>1 db<\/td><td>L\u00e1ncker\u00e9k<\/td><td>&nbsp;<\/td><\/tr><tr><td>36<\/td><td>N000000004503<\/td><td>2 darab<\/td><td>T\u0171<\/td><td>&nbsp;<\/td><\/tr><tr><td>37<\/td><td>05143630AA; A2102760098<\/td><td>1 db<\/td><td>M\u00e1gnes<\/td><td>&nbsp;<\/td><\/tr><tr><td>40<\/td><td>05143660AA; A2209970046<\/td><td>1 db<\/td><td>Radi\u00e1lis<a href=\"\/products\/sec-lx-transfer-case-sealing-kit-mercedes-chrysler-dodge-a2202800700-a2112801000-a2112800900-a2032800700-04591953ai\"> <\/a>t\u00f6m\u00edt\u00e9s<\/td><td>&nbsp;<\/td><\/tr><tr><td>41<\/td><td>&nbsp;<\/td><td>4 darab<\/td><td>Di\u00f3<\/td><td>&nbsp;<\/td><\/tr><tr><td>42<\/td><td>&nbsp;<\/td><td>1 db<\/td><td>H\u00e1z el\u00fcls\u0151<\/td><td>&nbsp;<\/td><\/tr><tr><td>43<\/td><td>&nbsp;<\/td><td>4 darab<\/td><td>Aljzat csavar<\/td><td>&nbsp;<\/td><\/tr><tr><td>44<\/td><td>&nbsp;<\/td><td>1 db<\/td><td>Kard\u00e1ntengely<\/td><td>&nbsp;<\/td><\/tr><tr><td>45<\/td><td>05143671AA<\/td><td>1 db<\/td><td>K\u00fapg\u00f6rg\u0151s csap\u00e1gy<\/td><td>&nbsp;<\/td><\/tr><tr><td>46<\/td><td>A2209811510<\/td><td>1 db<\/td><td>T\u0171csap\u00e1gy<\/td><td>&nbsp;<\/td><\/tr><tr><td>47<\/td><td>&nbsp;<\/td><td>1 db<\/td><td>\u00dcreges tengely<\/td><td>&nbsp;<\/td><\/tr><tr><td>48<\/td><td>05143670AA; A2209810605<\/td><td>1 db<\/td><td>K\u00fapg\u00f6rg\u0151s csap\u00e1gy<\/td><td>&nbsp;<\/td><\/tr><tr><td>49<\/td><td>&nbsp;<\/td><td>6 darab<\/td><td>Lemezcsavar<\/td><td>&nbsp;<\/td><\/tr><\/tbody><\/table><\/figure>","protected":false},"excerpt":{"rendered":"<p>Poz\u00edci\u00f3 OEM sz\u00e1m Mennyis\u00e9g Alkatr\u00e9sz neve Megjegyz\u00e9s K01 &nbsp; 1 db Csap\u00e1gy szett Oszt\u00f3m\u0171 csap\u00e1gy szett (SEC, LX)A 14, 24, 25, 27, 34, 45, 46, &#8230; <\/p>\n<p class=\"read-more-container\"><a title=\"SEC diagram \/ alkatr\u00e9sz katal\u00f3gus\" class=\"read-more button\" href=\"https:\/\/transfercasepartshop.com\/hu\/diagramok\/sec-diagram-alkatresz-katalogus\/#more-413765\" aria-label=\"Read more about SEC diagram \/ alkatr\u00e9sz katal\u00f3gus\">Tov\u00e1bb<\/a><\/p>","protected":false},"author":7,"featured_media":419664,"parent":412383,"menu_order":0,"comment_status":"closed","ping_status":"closed","template":"","meta":{"_acf_changed":false,"footnotes":""},"class_list":{"0":"post-413765","1":"page","2":"type-page","3":"status-publish","4":"has-post-thumbnail","6":"infinite-scroll-item","7":"no-featured-image-padding","8":"resize-featured-image"},"acf":[],"_links":{"self":[{"href":"https:\/\/transfercasepartshop.com\/hu\/wp-json\/wp\/v2\/pages\/413765","targetHints":{"allow":["GET"]}}],"collection":[{"href":"https:\/\/transfercasepartshop.com\/hu\/wp-json\/wp\/v2\/pages"}],"about":[{"href":"https:\/\/transfercasepartshop.com\/hu\/wp-json\/wp\/v2\/types\/page"}],"author":[{"embeddable":true,"href":"https:\/\/transfercasepartshop.com\/hu\/wp-json\/wp\/v2\/users\/7"}],"replies":[{"embeddable":true,"href":"https:\/\/transfercasepartshop.com\/hu\/wp-json\/wp\/v2\/comments?post=413765"}],"version-history":[{"count":0,"href":"https:\/\/transfercasepartshop.com\/hu\/wp-json\/wp\/v2\/pages\/413765\/revisions"}],"up":[{"embeddable":true,"href":"https:\/\/transfercasepartshop.com\/hu\/wp-json\/wp\/v2\/pages\/412383"}],"wp:featuredmedia":[{"embeddable":true,"href":"https:\/\/transfercasepartshop.com\/hu\/wp-json\/wp\/v2\/media\/419664"}],"wp:attachment":[{"href":"https:\/\/transfercasepartshop.com\/hu\/wp-json\/wp\/v2\/media?parent=413765"}],"curies":[{"name":"wp","href":"https:\/\/api.w.org\/{rel}","templated":true}]}}