{"id":413757,"date":"2022-02-02T13:41:49","date_gmt":"2022-02-02T12:41:49","guid":{"rendered":"https:\/\/transfercasepartshop.com\/?page_id=413757"},"modified":"2024-03-06T08:15:21","modified_gmt":"2024-03-06T07:15:21","slug":"dcs-diagram-alkatresz-katalogus","status":"publish","type":"page","link":"https:\/\/transfercasepartshop.com\/hu\/diagramok\/dcs-diagram-alkatresz-katalogus\/","title":{"rendered":"DCS (AMG) diagram \/ alkatr\u00e9sz katal\u00f3gus"},"content":{"rendered":"<figure class=\"wp-block-table is-style-stripes\"><table><tbody><tr><td>\n<h3><strong>Poz\u00edci\u00f3<\/strong><\/h3>\n<\/td><td>\n<h3><strong>OEM sz\u00e1m<\/strong><\/h3>\n<\/td><td>\n<h3><strong>Mennyis\u00e9g<\/strong><\/h3>\n<\/td><td>\n<h3><strong>Alkatr\u00e9sz neve<\/strong><\/h3>\n<\/td><td>\n<h3><strong>Megjegyz\u00e9s<\/strong><\/h3>\n<\/td><\/tr><tr><td>K01<\/td><td>&nbsp;<\/td><td>1 db<\/td><td>Csap\u00e1gy szett<\/td><td><a href=\"https:\/\/transfercasepartshop.com\/hu\/mercedes-benz\/dcs\/osztomu-csapagy-szett-dcs\/\" data-type=\"product\" data-id=\"390584\" target=\"_blank\" rel=\"noreferrer noopener\">Oszt\u00f3m\u0171 csap\u00e1gy szett (DCS)<\/a><br><a href=\"https:\/\/transfercasepartshop.com\/hu\/mercedes-benz\/dcs-amg\/osztomu-csapagy-szett-dsc-amg\/\" target=\"_blank\" data-type=\"product\" data-id=\"390605\" rel=\"noreferrer noopener\">Oszt\u00f3m\u0171 csap\u00e1gy szett (DCS-AMG)<\/a><br>Tartalmazza a k\u00f6vetkez\u0151 poz\u00edci\u00f3kat: 07, 12, 14, 17, 28, 33, 82, 84<\/td><\/tr><tr><td>K02<\/td><td>&nbsp;<\/td><td>1 db<\/td><td>T\u00f6m\u00edt\u00e9s szett<\/td><td><a href=\"https:\/\/transfercasepartshop.com\/hu\/mercedes-benz\/dcs\/osztomu-tomites-szett-dcs\/\" target=\"_blank\" data-type=\"product\" data-id=\"390583\" rel=\"noreferrer noopener\">Oszt\u00f3m\u0171 t\u00f6m\u00edt\u00e9s szett (DCS)<\/a><br>A 02, 26, 35, 80 poz\u00edci\u00f3kat tartalmazza. <\/td><\/tr><tr><td>K04<\/td><td>A1642820082<\/td><td>1 db<\/td><td>Tengely kihajt\u00e1s el\u00fcls\u0151 szett<\/td><td>A 48, 49, 50 poz\u00edci\u00f3t tartalmazza.<\/td><\/tr><tr><td>K05<\/td><td>A1642870045<\/td><td>1 db<\/td><td>Tengely kihajt\u00e1s h\u00e1ts\u00f3 szett<\/td><td>A 80, 81,82, 83, 84 poz\u00edci\u00f3t tartalmazza. Inform\u00e1ci\u00f3 a DCD-hez: Az A1642801200-ban haszn\u00e1latos. Inform\u00e1ci\u00f3 a DCS-hez: Az A2512801300-ban haszn\u00e1latos<\/td><\/tr><tr><td>K05<\/td><td>A1642820182<\/td><td>1 db<\/td><td>Tengely kihajt\u00e1s h\u00e1ts\u00f3 szett<\/td><td>A 80., 81.,82., 83., 84. poz\u00edci\u00f3t tartalmazza. Inform\u00e1ci\u00f3 a DCD-hez: Az A1662800800-ban t\u00edpusban haszn\u00e1latos. Inform\u00e1ci\u00f3 a DCS-hez: Az A2512802700, A25152803100-ban t\u00edpusokban haszn\u00e1latos<\/td><\/tr><tr><td>K10<\/td><td>&nbsp;<\/td><td>1 db<\/td><td>L\u00e1ncvezet\u0151 cs\u00faszka szett<\/td><td><a href=\"https:\/\/transfercasepartshop.com\/hu\/vw\/pl72-t-2\/lanc-vezeto-csuszka-szett-pl72-pl72-atc-atc450-dcs\/\" data-type=\"product\" data-id=\"390588\" target=\"_blank\" rel=\"noreferrer noopener\">L\u00e1nc vezet\u0151 cs\u00faszka szett (PL72 T, PL72 ATC, ATC450, DCS)<\/a><br>A 70., 71. poz\u00edci\u00f3t tartalmazza. Inform\u00e1ci\u00f3k a PL72 T Porsche-hoz: 95834102011-ben, 95834102012-ben haszn\u00e1latos. A PL72 T VW-hez tartoz\u00f3 inform\u00e1ci\u00f3: 0BU341010M, 0BU341011C, 0BU341011K, 101M t\u00edpusokban haszn\u00e1latos.<\/td><\/tr><tr><td>01<\/td><td>&nbsp;<\/td><td>2 db<\/td><td>Z\u00e1r\u00f3gy\u0171r\u0171<\/td><td>&nbsp;<\/td><\/tr><tr><td>02<\/td><td>A0149971346<\/td><td>1 db<\/td><td>Gy\u0171r\u0171s t\u00f6m\u00edt\u00e9s<\/td><td>&nbsp;<\/td><\/tr><tr><td>03<\/td><td>&nbsp;<\/td><td>1 db<\/td><td>H\u00e1z el\u00fcls\u0151 r\u00e9sz<\/td><td>&nbsp;<\/td><\/tr><tr><td>04<\/td><td>&nbsp;<\/td><td>1 db<\/td><td>Al\u00e1t\u00e9tlemez<\/td><td>&nbsp;<\/td><\/tr><tr><td>05<\/td><td>&nbsp;<\/td><td>1 db<\/td><td>F\u0151tengely<\/td><td>&nbsp;<a href=\"https:\/\/transfercasepartshop.com\/hu\/mercedes-benz\/dcs-amg\/osztomu-forgo-tengely-dcs\/\" target=\"_blank\" data-type=\"product\" data-id=\"390568\" rel=\"noreferrer noopener\">Oszt\u00f3m\u0171 forg\u00f3 tengely (DCS)<\/a><\/td><\/tr><tr><td>06<\/td><td>&nbsp;<\/td><td>1 db<\/td><td>T\u00e1rcs\u00e1s rug\u00f3<\/td><td>&nbsp;<\/td><\/tr><tr><td>07<\/td><td>&nbsp;<\/td><td>1 db<\/td><td>Hornyos goly\u00f3scsap\u00e1gy<\/td><td>&nbsp;<\/td><\/tr><tr><td>08<\/td><td>&nbsp;<\/td><td>1 db<\/td><td>T\u00f6m\u00edt\u0151 al\u00e1t\u00e9t<\/td><td>&nbsp;<\/td><\/tr><tr><td>09<\/td><td>&nbsp;<\/td><td>1 db<\/td><td>Z\u00e1r\u00f3gy\u0171r\u0171<\/td><td>&nbsp;<\/td><\/tr><tr><td>10<\/td><td>&nbsp;<\/td><td>1 db<\/td><td>Bepattan\u00f3 gy\u0171r\u0171<\/td><td>&nbsp;<\/td><\/tr><tr><td>11<\/td><td>HV091<\/td><td>1 db<\/td><td>L\u00e1nc<\/td><td>&nbsp;<a href=\"https:\/\/transfercasepartshop.com\/hu\/mercedes-benz\/dcs\/osztomu-lanc-2-dcs\/\" target=\"_blank\" data-type=\"product\" data-id=\"390546\" rel=\"noreferrer noopener\">Oszt\u00f3m\u0171 l\u00e1nc (DCS)<\/a><\/td><\/tr><tr><td>12<\/td><td>&nbsp;<\/td><td>1 db<\/td><td>T\u0171 h\u00fcvely<\/td><td>&nbsp;<\/td><\/tr><tr><td>13<\/td><td>&nbsp;<\/td><td>1 db<\/td><td>L\u00e1ncker\u00e9k<\/td><td>&nbsp;<a href=\"https:\/\/transfercasepartshop.com\/hu\/mercedes-benz\/dcs\/osztomu-lanckerek-dcs\/\" target=\"_blank\" data-type=\"product\" data-id=\"390569\" rel=\"noreferrer noopener\">Oszt\u00f3m\u0171 l\u00e1ncker\u00e9k (DCS)<\/a><\/td><\/tr><tr><td>14<\/td><td>&nbsp;<\/td><td>1 db<\/td><td>Persely<\/td><td>&nbsp;<\/td><\/tr><tr><td>15<\/td><td>&nbsp;<\/td><td>1 db<\/td><td>Differenci\u00e1l ASM<\/td><td>&nbsp;<a href=\"https:\/\/transfercasepartshop.com\/hu\/mercedes-benz\/dcs\/diferencialmu-dcs\/\" target=\"_blank\" data-type=\"product\" data-id=\"390589\" rel=\"noreferrer noopener\">Diferenci\u00e1lm\u0171 (DCS)<\/a><\/td><\/tr><tr><td>16<\/td><td>&nbsp;<\/td><td>1 db<\/td><td>Terel\u0151<\/td><td>&nbsp;<\/td><\/tr><tr><td>17<\/td><td>&nbsp;<\/td><td>1 db<\/td><td>Hornyos goly\u00f3scsap\u00e1gy<\/td><td>&nbsp;<\/td><\/tr><tr><td>18<\/td><td>&nbsp;<\/td><td>1 db<\/td><td>H\u00e1z h\u00e1ts\u00f3<\/td><td>&nbsp;<\/td><\/tr><tr><td>19<\/td><td>A0019980950<\/td><td>1 db<\/td><td>L\u00e9gbe\u00f6ml\u0151<\/td><td>&nbsp;<\/td><\/tr><tr><td>19<\/td><td>&nbsp;<\/td><td>1 db<\/td><td>Sapka<\/td><td>&nbsp;<\/td><\/tr><tr><td>25<\/td><td>A0029900612; IYB500020<\/td><td>2 db<\/td><td>Dug\u00f3<\/td><td>Inform\u00e1ci\u00f3k az ITC PLA-hoz: IAB500240, IAB500241, IAB500243, IAB500244, IAB500280, LR006016, LR008206 t\u00edpusokban haszn\u00e1latos.<\/td><\/tr><tr><td>26<\/td><td>8201057777; IYF500030; TYF101070<\/td><td>2 db<\/td><td>Al\u00e1t\u00e9t t\u00f6m\u00edt\u00e9s<\/td><td>Inform\u00e1ci\u00f3k az ITC PLA-hoz: A IAB500240, IAB500241, IAB500243, IAB500244, IAB500280, LR006016, LR008206 t\u00edpusokban haszn\u00e1latos.<\/td><\/tr><tr><td>27<\/td><td>&nbsp;<\/td><td>17 darab<\/td><td>Lemezcsavar<\/td><td>&nbsp;<\/td><\/tr><tr><td>28<\/td><td>&nbsp;<\/td><td>1 db<\/td><td>Hornyos goly\u00f3scsap\u00e1gy<\/td><td>&nbsp;<\/td><\/tr><tr><td>29<\/td><td>&nbsp;<\/td><td>1 db<\/td><td>M\u00e1gnes<\/td><td>&nbsp;<\/td><\/tr><tr><td>30<\/td><td>&nbsp;<\/td><td>1 db<\/td><td>L\u00e1ncker\u00e9k<\/td><td>&nbsp;<a href=\"https:\/\/transfercasepartshop.com\/hu\/mercedes-benz\/dcs\/osztomu-lanckerek-dcs-dcs-amg\/\" target=\"_blank\" data-type=\"product\" data-id=\"390571\" rel=\"noreferrer noopener\">Oszt\u00f3m\u0171 l\u00e1ncker\u00e9k (DCS, DCS-AMG)<\/a><\/td><\/tr><tr><td>33<\/td><td>&nbsp;<\/td><td>1 db<\/td><td>Hornyos goly\u00f3scsap\u00e1gy<\/td><td>&nbsp;<\/td><\/tr><tr><td>34<\/td><td>&nbsp;<\/td><td>2 db<\/td><td>T\u0171<\/td><td>&nbsp;<\/td><\/tr><tr><td>48<\/td><td>332161LA0A; A0159975845; IZB500040<\/td><td>1 db<\/td><td>Gy\u0171r\u0171s t\u00f6m\u00edt\u00e9s<\/td><td>&nbsp;<\/td><\/tr><tr><td>49<\/td><td>A0019941440<\/td><td>1 db<\/td><td>Bepattan\u00f3 gy\u0171r\u0171<\/td><td>&nbsp;<\/td><\/tr><tr><td>50<\/td><td>&nbsp;<\/td><td>1 db<\/td><td>Tengely kihajt\u00e1s el\u00f6l<\/td><td>&nbsp;<\/td><\/tr><tr><td>70<\/td><td>&nbsp;<\/td><td>1 db<\/td><td>L\u00e1ncvezet\u0151 cs\u00faszka<\/td><td>&nbsp;<\/td><\/tr><tr><td>71<\/td><td>&nbsp;<\/td><td>2 db<\/td><td>Csavar<\/td><td>&nbsp;<\/td><\/tr><tr><td>80<\/td><td>A0159975945; IZB500050<\/td><td>1 db<\/td><td>Gy\u0171r\u0171s t\u00f6m\u00edt\u00e9s<\/td><td>&nbsp;<\/td><\/tr><tr><td>81<\/td><td>A0019941540<\/td><td>1 db<\/td><td>Gy\u0171r\u0171s r\u00f6gz\u00edt\u0151<\/td><td>&nbsp;<\/td><\/tr><tr><td>82<\/td><td>&nbsp;<\/td><td>1 db<\/td><td>Csap\u00e1gyt\u0171<\/td><td>&nbsp;<\/td><\/tr><tr><td>83<\/td><td>&nbsp;<\/td><td>1 db<\/td><td>Tengely Kihajt\u00e1s H\u00e1ts\u00f3<\/td><td>&nbsp;<\/td><\/tr><tr><td>84<\/td><td>&nbsp;<\/td><td>1 db<\/td><td>Csap\u00e1gy<\/td><td>&nbsp;<\/td><\/tr><tr><td>85<\/td><td><\/td><td>1 db<\/td><td><\/td><td><\/td><\/tr><tr><td>86<\/td><td><\/td><td>1 db<\/td><td><\/td><td><\/td><\/tr><tr><td>87<\/td><td>05143675AB<\/td><td>1 db<\/td><td><\/td><td><\/td><\/tr><tr><td>88<\/td><td><\/td><td>1 db<\/td><td><\/td><td><\/td><\/tr><tr><td>89<\/td><td><\/td><td>1 db<\/td><td><\/td><td><\/td><\/tr><tr><td>90<\/td><td>A2209811710<\/td><td>1 db<\/td><td><\/td><td><\/td><\/tr><\/tbody><\/table><\/figure>","protected":false},"excerpt":{"rendered":"<p>Poz\u00edci\u00f3 OEM sz\u00e1m Mennyis\u00e9g Alkatr\u00e9sz neve Megjegyz\u00e9s K01 &nbsp; 1 db Csap\u00e1gy szett Oszt\u00f3m\u0171 csap\u00e1gy szett (DCS)Oszt\u00f3m\u0171 csap\u00e1gy szett (DCS-AMG)Tartalmazza a k\u00f6vetkez\u0151 poz\u00edci\u00f3kat: 07, 12, &#8230; <\/p>\n<p class=\"read-more-container\"><a title=\"DCS (AMG) diagram \/ alkatr\u00e9sz katal\u00f3gus\" class=\"read-more button\" href=\"https:\/\/transfercasepartshop.com\/hu\/diagramok\/dcs-diagram-alkatresz-katalogus\/#more-413757\" aria-label=\"Read more about DCS (AMG) diagram \/ alkatr\u00e9sz katal\u00f3gus\">Tov\u00e1bb<\/a><\/p>","protected":false},"author":7,"featured_media":419668,"parent":412383,"menu_order":0,"comment_status":"closed","ping_status":"closed","template":"","meta":{"_acf_changed":false,"footnotes":""},"class_list":{"0":"post-413757","1":"page","2":"type-page","3":"status-publish","4":"has-post-thumbnail","6":"infinite-scroll-item","7":"no-featured-image-padding","8":"resize-featured-image"},"acf":[],"_links":{"self":[{"href":"https:\/\/transfercasepartshop.com\/hu\/wp-json\/wp\/v2\/pages\/413757","targetHints":{"allow":["GET"]}}],"collection":[{"href":"https:\/\/transfercasepartshop.com\/hu\/wp-json\/wp\/v2\/pages"}],"about":[{"href":"https:\/\/transfercasepartshop.com\/hu\/wp-json\/wp\/v2\/types\/page"}],"author":[{"embeddable":true,"href":"https:\/\/transfercasepartshop.com\/hu\/wp-json\/wp\/v2\/users\/7"}],"replies":[{"embeddable":true,"href":"https:\/\/transfercasepartshop.com\/hu\/wp-json\/wp\/v2\/comments?post=413757"}],"version-history":[{"count":0,"href":"https:\/\/transfercasepartshop.com\/hu\/wp-json\/wp\/v2\/pages\/413757\/revisions"}],"up":[{"embeddable":true,"href":"https:\/\/transfercasepartshop.com\/hu\/wp-json\/wp\/v2\/pages\/412383"}],"wp:featuredmedia":[{"embeddable":true,"href":"https:\/\/transfercasepartshop.com\/hu\/wp-json\/wp\/v2\/media\/419668"}],"wp:attachment":[{"href":"https:\/\/transfercasepartshop.com\/hu\/wp-json\/wp\/v2\/media?parent=413757"}],"curies":[{"name":"wp","href":"https:\/\/api.w.org\/{rel}","templated":true}]}}