{"id":413753,"date":"2022-02-02T13:39:38","date_gmt":"2022-02-02T12:39:38","guid":{"rendered":"https:\/\/transfercasepartshop.com\/?page_id=413753"},"modified":"2024-03-06T08:31:43","modified_gmt":"2024-03-06T07:31:43","slug":"maserati-atc-diagram-alkatresz-katalogus","status":"publish","type":"page","link":"https:\/\/transfercasepartshop.com\/hu\/diagramok\/maserati-atc-diagram-alkatresz-katalogus\/","title":{"rendered":"Maserati ATC diagram \/ alkatr\u00e9sz katal\u00f3gus"},"content":{"rendered":"<figure class=\"wp-block-table is-style-stripes\"><table><tbody><tr><td> <h3><strong>Poz\u00edci\u00f3<\/strong><\/h3> <\/td><td> <h3><strong>OEM sz\u00e1m<\/strong><\/h3> <\/td><td> <h3><strong>Mennyis\u00e9g<\/strong><\/h3> <\/td><td> <h3><strong>Alkatr\u00e9sz neve<\/strong><\/h3> <\/td><td> <h3><strong>Megjegyz\u00e9s<\/strong><\/h3> <\/td><\/tr><tr><td>\u201eK01<\/td><td>&nbsp;<\/td><td>1 db<\/td><td>Csap\u00e1gy szett<\/td><td>A 05, 12, 14, 24, 33, 39, 44, 53, 55 poz\u00edci\u00f3kat tartalmazza<\/td><\/tr><tr><td>\u201eK02<\/td><td>&nbsp;<\/td><td>1 db<\/td><td>T\u00f6m\u00edt\u00e9s szett<\/td><td>Tartalmazza a 01, 03, 34, 37, 52, 58, 59, 63, 66 poz\u00edci\u00f3kat<br><a href=\"https:\/\/transfercasepartshop.com\/hu\/maserati-atc\/osztomu-tomites-szett-maserati-atc\/\" target=\"_blank\" data-type=\"URL\" data-id=\"https:\/\/transfercasepartshop.com\/hu\/maserati-atc\/osztomu-tomites-szett-maserati-atc\/\" rel=\"noreferrer noopener\">Oszt\u00f3m\u0171 t\u00f6m\u00edt\u00e9s szett<\/a><\/td><\/tr><tr><td>\u201eK11<\/td><td>&nbsp;<\/td><td>1 db<\/td><td>Kuplung szett<\/td><td>A 18, 19, 20 poz\u00edci\u00f3t tartalmazza<\/td><\/tr><tr><td>\u201eK12<\/td><td>&nbsp;<\/td><td>1 db<\/td><td>Tengely kapcsol\u00f3 szett<\/td><td>A 53, 54, 55, 56, 57 poz\u00edci\u00f3kat tartalmazza<\/td><\/tr><tr><td>\u201eK20<\/td><td>27107546670<\/td><td>1 db<\/td><td>Al\u00e1t\u00e9t szett<\/td><td>13 k\u00fcl\u00f6nb\u00f6z\u0151 al\u00e1t\u00e9tet tartalmaz, 2,90 mm-t\u0151l 4,10 mm-ig terjed\u0151 m\u00e9retekkel<\/td><\/tr><tr><td>1<\/td><td>02C2D27326; <br>27107609202<\/td><td>1 db<\/td><td>O-gy\u0171r\u0171<\/td><td>&nbsp;<\/td><\/tr><tr><td>2<\/td><td>&nbsp;<\/td><td>1 db<\/td><td>R\u00f6gz\u00edt\u0151 gy\u0171r\u0171<\/td><td>&nbsp;<\/td><\/tr><tr><td>3<\/td><td>02C2D27145; <br>27107539262; <br>473524E000; <br>673002353<\/td><td>1 db<\/td><td>Radi\u00e1lis t\u00f6m\u00edt\u00e9s<\/td><td>&nbsp;<\/td><\/tr><tr><td>4<\/td><td>&nbsp;<\/td><td>1 db<\/td><td>R\u00f6gz\u00edt\u0151 gy\u0171r\u0171<\/td><td>&nbsp;<\/td><\/tr><tr><td>5<\/td><td>&nbsp;<\/td><td>1 db<\/td><td>Goly\u00f3scsap\u00e1gy<\/td><td>&nbsp;<br>&nbsp;Oszt\u00f3m\u0171 csap\u00e1gy szett<br><a href=\"https:\/\/transfercasepartshop.com\/hu\/bmw\/atc35l\/osztomu-csapagy-szett-atc35l-hyundai-atc-maserati-atc\/\" target=\"_blank\" rel=\"noreferrer noopener\">Oszt\u00f3m\u0171 csap\u00e1gy szett (ATC35L, Hyundai ATC, Maserati ATC)<\/a><\/td><\/tr><tr><td>6<\/td><td>&nbsp;<\/td><td>1 db<\/td><td>H\u00e1z el\u00fcls\u0151 r\u00e9sz<\/td><td>&nbsp;<\/td><\/tr><tr><td>7<\/td><td>&nbsp;<\/td><td>1 db<\/td><td>T\u0171<\/td><td>&nbsp;<\/td><\/tr><tr><td>8<\/td><td>&nbsp;<\/td><td>4 darab<\/td><td>T\u0171<\/td><td>&nbsp;<\/td><\/tr><tr><td>9<\/td><td>&nbsp;<\/td><td>1 db<\/td><td>Al\u00e1t\u00e9tlemez<\/td><td>&nbsp;<\/td><\/tr><tr><td>10<\/td><td>&nbsp;<\/td><td>1 db<\/td><td>Tengely bemenet<\/td><td>&nbsp;<\/td><\/tr><tr><td>12<\/td><td>&nbsp;<\/td><td>1 db<\/td><td>T\u0171csap\u00e1gy<\/td><td>&nbsp;<br>&nbsp;Oszt\u00f3m\u0171 csap\u00e1gy szett<br><a href=\"https:\/\/transfercasepartshop.com\/hu\/bmw\/atc35l\/osztomu-csapagy-szett-atc35l-hyundai-atc-maserati-atc\/\" target=\"_blank\" rel=\"noreferrer noopener\">Oszt\u00f3m\u0171 csap\u00e1gy szett (ATC35L, Hyundai ATC, Maserati ATC)<\/a><\/td><\/tr><tr><td>13<\/td><td>&nbsp;<\/td><td>1 db<\/td><td>Sebess\u00e9gv\u00e1lt\u00f3 ASM dobkuplunggal<\/td><td><a href=\"https:\/\/transfercasepartshop.com\/hu\/bmw\/atc35l\/osztomu-kuplung-kosar-atc35l-hyundai-atc-maserati-atc\/\" target=\"_blank\" rel=\"noreferrer noopener\">Kuplunk kos\u00e1r<br>Oszt\u00f3m\u0171 kuplung kos\u00e1r (ATC35L, Hyundai ATC, Maserati ATC)<\/a><br>Inform\u00e1ci\u00f3k a Hyundai ATC-hez: 473004E000<\/td><\/tr><tr><td>14<\/td><td>&nbsp;<\/td><td>2 db<\/td><td>T\u0171csap\u00e1gy<\/td><td>&nbsp;<\/td><\/tr><tr><td>15<\/td><td>&nbsp;<\/td><td>1 db<\/td><td>Al\u00e1t\u00e9tlemez<\/td><td>&nbsp;<\/td><\/tr><tr><td>16<\/td><td>&nbsp;<\/td><td>1 db<\/td><td>R\u00f6gz\u00edt\u0151 gy\u0171r\u0171<\/td><td>&nbsp;<\/td><\/tr><tr><td>17<\/td><td>&nbsp;<\/td><td>1 db<\/td><td>Lapos tengelykapcsol\u00f3 csomag<\/td><td>&nbsp;<a href=\"https:\/\/transfercasepartshop.com\/hu\/bmw\/atc35l\/kuplung-tanyer-3-atc45l-atc35l-hyundai-atc-maserati-atc\/\" target=\"_blank\" rel=\"noreferrer noopener\">Kuplung t\u00e1ny\u00e9r (ATC45L, ATC35L, Hyundai ATC, Maserati ATC)<\/a><\/td><\/tr><tr><td>18<\/td><td>&nbsp;<\/td><td>10 darab<\/td><td>Lamella<\/td><td>&nbsp;Oszt\u00f3m\u0171 kuplung szett (ATC45L, ATC35L, Hyundai ATC, Maserati ATC)<a href=\"https:\/\/transfercasepartshop.com\/hu\/bmw\/atc35l\/osztomu-kuplung-szett-atc45l-atc35l-hyundai-atc-maserati-atc\/\" data-type=\"product\" data-id=\"390590\" target=\"_blank\" rel=\"noreferrer noopener\">Oszt\u00f3m\u0171 kuplung szett (ATC45L, ATC35L, Hyundai ATC, Maserati ATC)<\/a><\/td><\/tr><tr><td>19<\/td><td>&nbsp;<\/td><td>9 darab<\/td><td>Ac\u00e9llemez<\/td><td>&nbsp;Oszt\u00f3m\u0171 kuplung szett (ATC45L, ATC35L, Hyundai ATC, Maserati ATC)<a href=\"https:\/\/transfercasepartshop.com\/hu\/bmw\/atc35l\/osztomu-kuplung-szett-atc45l-atc35l-hyundai-atc-maserati-atc\/\" data-type=\"product\" data-id=\"390590\" target=\"_blank\" rel=\"noreferrer noopener\">Oszt\u00f3m\u0171 kuplung szett (ATC45L, ATC35L, Hyundai ATC, Maserati ATC)<\/a><\/td><\/tr><tr><td>20<\/td><td>&nbsp;<\/td><td>3 darab<\/td><td>Rug\u00f3<\/td><td>&nbsp;Oszt\u00f3m\u0171 kuplung szett (ATC45L, ATC35L, Hyundai ATC, Maserati ATC)<a href=\"https:\/\/transfercasepartshop.com\/hu\/bmw\/atc35l\/osztomu-kuplung-szett-atc45l-atc35l-hyundai-atc-maserati-atc\/\" data-type=\"product\" data-id=\"390590\" target=\"_blank\" rel=\"noreferrer noopener\">Oszt\u00f3m\u0171 kuplung szett (ATC45L, ATC35L, Hyundai ATC, Maserati ATC)<\/a><\/td><\/tr><tr><td>21<\/td><td>&nbsp;<\/td><td>1 db<\/td><td>Terel\u0151<\/td><td>&nbsp;<\/td><\/tr><tr><td>22<\/td><td>&nbsp;<\/td><td>1 db<\/td><td>Dugatty\u00fa<\/td><td>&nbsp;<\/td><\/tr><tr><td>23<\/td><td>&nbsp;<\/td><td>1 db<\/td><td>Terel\u0151<\/td><td>&nbsp;<\/td><\/tr><tr><td>24<\/td><td>&nbsp;<\/td><td>2 db<\/td><td>T\u0171csap\u00e1gy<\/td><td>&nbsp;<br>&nbsp;Oszt\u00f3m\u0171 csap\u00e1gy szett<br><a href=\"https:\/\/transfercasepartshop.com\/hu\/bmw\/atc35l\/osztomu-csapagy-szett-atc35l-hyundai-atc-maserati-atc\/\" target=\"_blank\" rel=\"noreferrer noopener\">Oszt\u00f3m\u0171 csap\u00e1gy szett (ATC35L, Hyundai ATC, Maserati ATC)<\/a><\/td><\/tr><tr><td>25<\/td><td>&nbsp;<\/td><td>1 db<\/td><td>Kapcsol\u00f3 gy\u0171r\u0171<\/td><td>&nbsp;Tengely kapcsol\u00f3 kar<br><a href=\"https:\/\/transfercasepartshop.com\/hu\/bmw\/atc35l\/osztomu-tengely-kapcsolo-kar-atc35l-atc45l-hyundaiatc-maserati-atc\/\" data-type=\"product\" data-id=\"390606\" target=\"_blank\" rel=\"noreferrer noopener\">Oszt\u00f3m\u0171 tengely kapcsol\u00f3 kar (ATC35L, ATC45L, Hyundai ATC, Maserati ATC)<\/a><\/td><\/tr><tr><td>26<\/td><td>&nbsp;<\/td><td>3 darab<\/td><td>Labda<\/td><td>&nbsp;<\/td><\/tr><tr><td>27<\/td><td>&nbsp;<\/td><td>1 db<\/td><td>Kapcsol\u00f3 gy\u0171r\u0171<\/td><td>&nbsp;&nbsp;Tengely kapcsol\u00f3 kar<br><a href=\"https:\/\/transfercasepartshop.com\/hu\/bmw\/atc35l\/osztomu-tengely-kapcsolo-kar-atc35l-atc-45l-hyundai-atc-maserati-atc\/\" target=\"_blank\" rel=\"noreferrer noopener\">Oszt\u00f3m\u0171 tengely kapcsol\u00f3 kar (ATC35L, ATC45L, Hyundai ATC, Maserati ATC)<\/a><\/td><\/tr><tr><td>28<\/td><td>&nbsp;<\/td><td>1 db<\/td><td>Gy\u0171r\u0171<\/td><td>&nbsp;<\/td><\/tr><tr><td>29<\/td><td>&nbsp;<\/td><td>1 db<\/td><td>Al\u00e1t\u00e9tlemez<\/td><td>&nbsp;<\/td><\/tr><tr><td>30<\/td><td>&nbsp;<\/td><td>1 db<\/td><td>R\u00f6gz\u00edt\u0151 gy\u0171r\u0171t<\/td><td>&nbsp;<\/td><\/tr><tr><td>31<\/td><td>&nbsp;<\/td><td>1 db<\/td><td>H\u00e1z h\u00e1ts\u00f3<\/td><td>&nbsp;<\/td><\/tr><tr><td>32<\/td><td>&nbsp;<\/td><td>15 darab<\/td><td>Csavar<\/td><td>&nbsp;<\/td><\/tr><tr><td>33<\/td><td>&nbsp;<\/td><td>1 db<\/td><td>Goly\u00f3scsap\u00e1gy<\/td><td>&nbsp;<br>&nbsp;Oszt\u00f3m\u0171 csap\u00e1gy szett<br><a href=\"https:\/\/transfercasepartshop.com\/hu\/bmw\/atc35l\/osztomu-csapagy-szett-atc35l-hyundai-atc-maserati-atc\/\" target=\"_blank\" rel=\"noreferrer noopener\">Oszt\u00f3m\u0171 csap\u00e1gy szett (ATC35L, Hyundai ATC, Maserati ATC)<\/a><\/td><\/tr><tr><td>34<\/td><td>27107546667; <br>673002344; A0159973446<\/td><td>1 db<\/td><td>Radi\u00e1lis t\u00f6m\u00edt\u00e9s<\/td><td>&nbsp;<\/td><\/tr><tr><td>36<\/td><td>673002345<\/td><td>1 db<\/td><td>Tengely kihajt\u00e1s h\u00e1ts\u00f3<\/td><td>&nbsp;<\/td><\/tr><tr><td>37<\/td><td>27107599326; <br>6000626079; <br>673002346<\/td><td>1 db<\/td><td>T\u00f6m\u00edt\u00e9s O-gy\u0171r\u0171<\/td><td>&nbsp;<\/td><\/tr><tr><td>38<\/td><td>27107539525; <br>331381LA0A; <br>6000626080; <br>673002348<\/td><td>1 db<\/td><td>R\u00f6gz\u00edt\u0151 gy\u0171r\u0171<\/td><td>&nbsp;<\/td><\/tr><tr><td>39<\/td><td>&nbsp;<\/td><td>2 db<\/td><td>K\u00fapg\u00f6rg\u0151s csap\u00e1gy<\/td><td>&nbsp;<br>&nbsp;Oszt\u00f3m\u0171 csap\u00e1gy szett<br><a href=\"https:\/\/transfercasepartshop.com\/hu\/bmw\/atc35l\/osztomu-csapagy-szett-atc35l-hyundai-atc-maserati-atc\/\" target=\"_blank\" rel=\"noreferrer noopener\">Oszt\u00f3m\u0171 csap\u00e1gy szett (ATC35L, Hyundai ATC, Maserati ATC)<\/a><\/td><\/tr><tr><td>40<\/td><td>&nbsp;<\/td><td>1 db<\/td><td>Terel\u0151<\/td><td>&nbsp;<\/td><\/tr><tr><td>41<\/td><td>&nbsp;<\/td><td>1 db<\/td><td>K\u00f6zbens\u0151 fogasker\u00e9k<\/td><td><a href=\"https:\/\/transfercasepartshop.com\/hu\/bmw\/atc35l\/kozbenso-fogaskerek-atc35l-hyundai-atc-maserati-atc\/\" target=\"_blank\" rel=\"noreferrer noopener\">K\u00f6zbens\u0151 fogasker\u00e9k (ATC35L, Hyundai ATC, Maserati ATC)<\/a><\/td><\/tr><tr><td>42<\/td><td>&nbsp;<\/td><td>1 db<\/td><td>Terel\u0151<\/td><td>&nbsp;<\/td><\/tr><tr><td>43<\/td><td>&nbsp;<\/td><td>1 db<\/td><td>Fogasker\u00e9k els\u0151 kimenet<\/td><td>Tengely kihajt\u00e1s els\u0151 fogasker\u00e9k<br><a href=\"https:\/\/transfercasepartshop.com\/hu\/bmw\/atc35l\/tengely-kihajtas-elso-atc35l-hyundai-atc-maserati-atc\/\" target=\"_blank\" data-type=\"product\" data-id=\"390612\" rel=\"noreferrer noopener\">Tengely kihajt\u00e1s els\u0151 (ATC35L, Hyundai ATC, Maserati ATC)<\/a><br>Inform\u00e1ci\u00f3k a Hyundai ATC-hez: 473004E000<\/td><\/tr><tr><td>44<\/td><td>&nbsp;<\/td><td>2 db<\/td><td>Goly\u00f3scsap\u00e1gy<\/td><td>&nbsp;<br>&nbsp;Oszt\u00f3m\u0171 csap\u00e1gy szett<br><a href=\"https:\/\/transfercasepartshop.com\/hu\/bmw\/atc35l\/osztomu-csapagy-szett-atc35l-hyundai-atc-maserati-atc\/\" target=\"_blank\" rel=\"noreferrer noopener\">Oszt\u00f3m\u0171 csap\u00e1gy szett (ATC35L, Hyundai ATC, Maserati ATC)<\/a><\/td><\/tr><tr><td>46<\/td><td>&nbsp;<\/td><td>1 db<\/td><td>M\u00e1gnes<\/td><td>&nbsp;<\/td><\/tr><tr><td>47<\/td><td>&nbsp;<\/td><td>1 db<\/td><td>Terel\u0151<\/td><td>&nbsp;<\/td><\/tr><tr><td>48<\/td><td>&nbsp;<\/td><td>1 db<\/td><td>Terel\u0151<\/td><td>&nbsp;<\/td><\/tr><tr><td>49<\/td><td>&nbsp;<\/td><td>1 db<\/td><td>Tengely kihajt\u00e1s el\u00f6l<\/td><td>Inform\u00e1ci\u00f3k a Maserati ATC-hez: 670100396, 670038072<\/td><\/tr><tr><td>49<\/td><td>&nbsp;<\/td><td>1 db<\/td><td>Tengely kihajt\u00e1s el\u00f6l<\/td><td>Inform\u00e1ci\u00f3 a Maserati ATC-hez: 670033011-ben haszn\u00e1lt<\/td><\/tr><tr><td>50<\/td><td>&nbsp;<\/td><td>1 db<\/td><td>R\u00f6gz\u00edt\u0151 gy\u0171r\u0171<\/td><td>&nbsp;<\/td><\/tr><tr><td>51<\/td><td>27107537665<\/td><td>1 db<\/td><td>Porv\u00e9d\u0151<\/td><td>&nbsp;<\/td><\/tr><tr><td>52<\/td><td>&nbsp;<\/td><td>1 db<\/td><td>Radi\u00e1lis t\u00f6m\u00edt\u0151gy\u0171r\u0171<\/td><td>&nbsp;<\/td><\/tr><tr><td>53<\/td><td>&nbsp;<\/td><td>1 db<\/td><td>T\u0171csap\u00e1gy<\/td><td>&nbsp;<br>&nbsp;Oszt\u00f3m\u0171 csap\u00e1gy szett<br><a href=\"https:\/\/transfercasepartshop.com\/hu\/bmw\/atc35l\/osztomu-csapagy-szett-atc35l-hyundai-atc-maserati-atc\/\" target=\"_blank\" rel=\"noreferrer noopener\">Oszt\u00f3m\u0171 csap\u00e1gy szett (ATC35L, Hyundai ATC, Maserati ATC)<\/a><\/td><\/tr><tr><td>54<\/td><td>&nbsp;<\/td><td>1 db<\/td><td>Tengely kapcsol\u00f3<\/td><td>&nbsp;<\/td><\/tr><tr><td>55<\/td><td>&nbsp;<\/td><td>1 db<\/td><td>Goly\u00f3scsap\u00e1gy<\/td><td>&nbsp;<br>&nbsp;Oszt\u00f3m\u0171 csap\u00e1gy szett<br><a href=\"https:\/\/transfercasepartshop.com\/hu\/bmw\/atc35l\/osztomu-csapagy-szett-atc35l-hyundai-atc-maserati-atc\/\" target=\"_blank\" rel=\"noreferrer noopener\">Oszt\u00f3m\u0171 csap\u00e1gy szett (ATC35L, Hyundai ATC, Maserati ATC)<\/a><\/td><\/tr><tr><td>56<\/td><td>&nbsp;<\/td><td>1 db<\/td><td>R\u00f6gz\u00edt\u0151 gy\u0171r\u0171<\/td><td>&nbsp;<\/td><\/tr><tr><td>57<\/td><td>&nbsp;<\/td><td>1 db<\/td><td>R\u00f6gz\u00edt\u0151 gy\u0171r\u0171<\/td><td>&nbsp;<\/td><\/tr><tr><td>58<\/td><td>27107593452<\/td><td>1 db<\/td><td>Radi\u00e1lis t\u00f6m\u00edt\u0151gy\u0171r\u0171<\/td><td>&nbsp;<\/td><\/tr><tr><td>59<\/td><td>27107593451; <br>673002350; <br>95834150100<\/td><td>1 db<\/td><td>T\u00f6m\u00edt\u00e9s O-gy\u0171r\u0171<\/td><td>&nbsp;<\/td><\/tr><tr><td>60<\/td><td>670033135<\/td><td>1 db<\/td><td>Tengely kapcsol\u00f3 motor<\/td><td>Inform\u00e1ci\u00f3k a Maserati ATC-hez: 670033011, 670100396<\/td><\/tr><tr><td>60<\/td><td>670038803<\/td><td>1 db<\/td><td>Tengely kapcsol\u00f3 motor<\/td><td><font class=\"\" style=\"vertical-align: inherit\">Inform\u00e1ci\u00f3 a Maserati ATC-hez: 670038072<\/font><\/td><\/tr><tr><td>61<\/td><td>27107593450; <br>673002351; <br>90038507101; <br>95834150200<\/td><td>2 db<\/td><td>Csavar<\/td><td>&nbsp;<\/td><\/tr><tr><td>63<\/td><td>02C2D27148; <br>33117525064; <br>473904E000; <br>6000626082; <br>673002349<\/td><td>1 db<\/td><td>Dug\u00f3<\/td><td>&nbsp;<\/td><\/tr><tr><td>65<\/td><td>&nbsp;<\/td><td>1 db<\/td><td>Al\u00e1t\u00e9tlemez<\/td><td>&nbsp;<\/td><\/tr><tr><td>66<\/td><td>&nbsp;<\/td><td>1 db<\/td><td>T\u00f6m\u00edt\u00e9s O-gy\u0171r\u0171<\/td><td>&nbsp;<\/td><\/tr><tr><td>67<\/td><td>673002352<\/td><td>1 db<\/td><td>Ny\u00edl\u00e1s<\/td><td>&nbsp;<\/td><\/tr><tr><td>68<\/td><td>&nbsp;<\/td><td>1 db<\/td><td>Al\u00e1t\u00e9tlemez<\/td><td>&nbsp;<\/td><\/tr><\/tbody><\/table><\/figure><p><\/p>","protected":false},"excerpt":{"rendered":"<p>Poz\u00edci\u00f3 OEM sz\u00e1m Mennyis\u00e9g Alkatr\u00e9sz neve Megjegyz\u00e9s \u201eK01 &nbsp; 1 db Csap\u00e1gy szett A 05, 12, 14, 24, 33, 39, 44, 53, 55 poz\u00edci\u00f3kat tartalmazza &#8230; <\/p>\n<p class=\"read-more-container\"><a title=\"Maserati ATC diagram \/ alkatr\u00e9sz katal\u00f3gus\" class=\"read-more button\" href=\"https:\/\/transfercasepartshop.com\/hu\/diagramok\/maserati-atc-diagram-alkatresz-katalogus\/#more-413753\" aria-label=\"Read more about Maserati ATC diagram \/ alkatr\u00e9sz katal\u00f3gus\">Tov\u00e1bb<\/a><\/p>","protected":false},"author":7,"featured_media":419648,"parent":412383,"menu_order":0,"comment_status":"closed","ping_status":"closed","template":"","meta":{"_acf_changed":false,"footnotes":""},"class_list":{"0":"post-413753","1":"page","2":"type-page","3":"status-publish","4":"has-post-thumbnail","6":"infinite-scroll-item","7":"no-featured-image-padding","8":"resize-featured-image"},"acf":[],"_links":{"self":[{"href":"https:\/\/transfercasepartshop.com\/hu\/wp-json\/wp\/v2\/pages\/413753","targetHints":{"allow":["GET"]}}],"collection":[{"href":"https:\/\/transfercasepartshop.com\/hu\/wp-json\/wp\/v2\/pages"}],"about":[{"href":"https:\/\/transfercasepartshop.com\/hu\/wp-json\/wp\/v2\/types\/page"}],"author":[{"embeddable":true,"href":"https:\/\/transfercasepartshop.com\/hu\/wp-json\/wp\/v2\/users\/7"}],"replies":[{"embeddable":true,"href":"https:\/\/transfercasepartshop.com\/hu\/wp-json\/wp\/v2\/comments?post=413753"}],"version-history":[{"count":0,"href":"https:\/\/transfercasepartshop.com\/hu\/wp-json\/wp\/v2\/pages\/413753\/revisions"}],"up":[{"embeddable":true,"href":"https:\/\/transfercasepartshop.com\/hu\/wp-json\/wp\/v2\/pages\/412383"}],"wp:featuredmedia":[{"embeddable":true,"href":"https:\/\/transfercasepartshop.com\/hu\/wp-json\/wp\/v2\/media\/419648"}],"wp:attachment":[{"href":"https:\/\/transfercasepartshop.com\/hu\/wp-json\/wp\/v2\/media?parent=413753"}],"curies":[{"name":"wp","href":"https:\/\/api.w.org\/{rel}","templated":true}]}}