{"id":413745,"date":"2022-02-02T13:33:09","date_gmt":"2022-02-02T12:33:09","guid":{"rendered":"https:\/\/transfercasepartshop.com\/?page_id=413745"},"modified":"2024-03-06T08:32:15","modified_gmt":"2024-03-06T07:32:15","slug":"nv125-diagram-alkatresz-katalogus","status":"publish","type":"page","link":"https:\/\/transfercasepartshop.com\/hu\/diagramok\/nv125-diagram-alkatresz-katalogus\/","title":{"rendered":"NV125 diagram \/ alkatr\u00e9sz katal\u00f3gus"},"content":{"rendered":"<figure class=\"wp-block-table is-style-stripes\"><table><tbody><tr><td>\n<h3><strong>Poz\u00edci\u00f3<\/strong><\/h3>\n<\/td><td>\n<h3><strong>OEM sz\u00e1m<\/strong><\/h3>\n<\/td><td>\n<h3><strong>Mennyis\u00e9g<\/strong><\/h3>\n<\/td><td>\n<h3><strong>Alkatr\u00e9sz neve<\/strong><\/h3>\n<\/td><td>\n<h3><strong><font class=\"\" style=\"vertical-align: inherit\">Megjegyz\u00e9s<\/font><\/strong><\/h3><font class=\"\" style=\"vertical-align: inherit\">\n<\/font><\/td><\/tr><tr><td>K01<\/td><td>&nbsp;<\/td><td>1 db<\/td><td>Csap\u00e1gy szett<\/td><td><a href=\"https:\/\/transfercasepartshop.com\/hu\/bmw\/nv125\/osztomu-csapagy-szett-nv125\/\" target=\"_blank\" data-type=\"product\" data-id=\"390552\" rel=\"noreferrer noopener\">Oszt\u00f3m\u0171 csap\u00e1gy szett (NV125)<\/a><br>Tartalmazza a 04, 06, 09, 16, 26, 29 poz\u00edci\u00f3kat<\/td><\/tr><tr><td>K02<\/td><td>&nbsp;<\/td><td>1 db<\/td><td>T\u00f6m\u00edt\u00e9s szett<\/td><td>A 01, 20, 24, 31, 33 poz\u00edci\u00f3kat tartalmazza<\/td><\/tr><tr><td>01<\/td><td>27107535718<\/td><td>1 db<\/td><td>Radi\u00e1lis t\u00f6m\u00edt\u00e9s<\/td><td>&nbsp;<\/td><\/tr><tr><td>02<\/td><td>&nbsp;<\/td><td>1 db<\/td><td>H\u00e1z Eleje<\/td><td>&nbsp;<\/td><\/tr><tr><td>03<\/td><td>&nbsp;<\/td><td>1 db<\/td><td>Tengely ASM bemenet<\/td><td>Inform\u00e1ci\u00f3 az NV125-h\u00f6z: 27107504567-ben haszn\u00e1lt<\/td><\/tr><tr><td>03<\/td><td>&nbsp;<\/td><td>1 db<\/td><td>Tengely ASM bemenet<\/td><td>Inform\u00e1ci\u00f3 az NV125-h\u00f6z: 27107504568-ban haszn\u00e1lt<\/td><\/tr><tr><td>04<\/td><td>&nbsp;<\/td><td>1 db<\/td><td>T\u0171csap\u00e1gy<\/td><td>&nbsp;<\/td><\/tr><tr><td>05<\/td><td>88892217<\/td><td>1 db<\/td><td>Bepattan\u00f3 gy\u0171r\u0171<\/td><td>&nbsp;<\/td><\/tr><tr><td>06<\/td><td>&nbsp;<\/td><td>1 db<\/td><td>Goly\u00f3scsap\u00e1gy<\/td><td>&nbsp;<\/td><\/tr><tr><td>07<\/td><td>&nbsp;<\/td><td>1 db<\/td><td>Fogasker\u00e9k<\/td><td>&nbsp;<\/td><\/tr><tr><td>08<\/td><td>88935661; 89059627; HV059; HV088<\/td><td>1 db<\/td><td>L\u00e1nc<\/td><td>&nbsp;<\/td><\/tr><tr><td>09<\/td><td>&nbsp;<\/td><td>1 db<\/td><td>T\u0171csap\u00e1gy<\/td><td>&nbsp;<\/td><\/tr><tr><td>10<\/td><td>&nbsp;<\/td><td>1 db<\/td><td>Al\u00e1t\u00e9tlemez<\/td><td>&nbsp;<\/td><\/tr><tr><td>11<\/td><td>12478160<\/td><td>1 db<\/td><td>Differenci\u00e1l ASM<\/td><td>&nbsp;<\/td><\/tr><tr><td>12<\/td><td>12478162<\/td><td>1 db<\/td><td>Fogasker\u00e9k<\/td><td>&nbsp;<\/td><\/tr><tr><td>13<\/td><td>&nbsp;<\/td><td>1 db<\/td><td>Tengely ASM<\/td><td>&nbsp;<\/td><\/tr><tr><td>14<\/td><td>12478163<\/td><td>1 db<\/td><td>R\u00f6gz\u00edt\u0151 gy\u0171r\u0171<\/td><td>&nbsp;<\/td><\/tr><tr><td>15<\/td><td>&nbsp;<\/td><td>1 db<\/td><td>R\u00f6gz\u00edt\u0151 gy\u0171r\u0171<\/td><td>&nbsp;<\/td><\/tr><tr><td>16<\/td><td>&nbsp;<\/td><td>1 db<\/td><td>Goly\u00f3scsap\u00e1gy<\/td><td>&nbsp;<\/td><\/tr><tr><td>17<\/td><td>&nbsp;<\/td><td>1 db<\/td><td>Pajzs<\/td><td>&nbsp;<\/td><\/tr><tr><td>18<\/td><td>&nbsp;<\/td><td>1 db<\/td><td>H\u00e1z h\u00e1ts\u00f3<\/td><td>&nbsp;<\/td><\/tr><tr><td>19<\/td><td>5938624<\/td><td>1 db<\/td><td>R\u00f6gz\u00edt\u0151 gy\u0171r\u0171<\/td><td>&nbsp;<\/td><\/tr><tr><td>20<\/td><td>27127531519<\/td><td>1 db<\/td><td>Radi\u00e1lis t\u00f6m\u00edt\u00e9s<\/td><td>&nbsp;<\/td><\/tr><tr><td>21<\/td><td>27127531524<\/td><td>1 db<\/td><td>Tengely kihajt\u00e1s ASM<\/td><td>&nbsp;<\/td><\/tr><tr><td>22<\/td><td>&nbsp;<\/td><td>1 db<\/td><td>Tengely kihajt\u00e1s anya<\/td><td>&nbsp;<\/td><\/tr><tr><td>23<\/td><td>27111226467<\/td><td>2 db<\/td><td>Dug\u00f3<\/td><td>&nbsp;<\/td><\/tr><tr><td>24<\/td><td>07119963308; IYF500010<\/td><td>2 db<\/td><td>T\u00f6m\u00edt\u0151 gy\u0171r\u0171<\/td><td>&nbsp;<\/td><\/tr><tr><td>25<\/td><td>&nbsp;<\/td><td>15 darab<\/td><td>Csavar<\/td><td>&nbsp;<\/td><\/tr><tr><td>26<\/td><td>&nbsp;<\/td><td>1 db<\/td><td>Goly\u00f3scsap\u00e1gy<\/td><td>&nbsp;<\/td><\/tr><tr><td>27<\/td><td>&nbsp;<\/td><td>1 db<\/td><td>Tengely ASM<\/td><td>&nbsp;<\/td><\/tr><tr><td>28<\/td><td>&nbsp;<\/td><td>1 db<\/td><td>R\u00f6gz\u00edt\u0151 gy\u0171r\u0171<\/td><td>&nbsp;<\/td><\/tr><tr><td>29<\/td><td>&nbsp;<\/td><td>1 db<\/td><td>Goly\u00f3scsap\u00e1gy<\/td><td>&nbsp;<\/td><\/tr><tr><td>30<\/td><td>&nbsp;<\/td><td>1 db<\/td><td>R\u00f6gz\u00edt\u0151 gy\u0171r\u0171<\/td><td>&nbsp;<\/td><\/tr><tr><td>31<\/td><td>27147531520<\/td><td>1 db<\/td><td>T\u00f6m\u00edt\u00e9s el\u00fcls\u0151 kimenet<\/td><td>&nbsp;<\/td><\/tr><tr><td>32<\/td><td>27147531521<\/td><td>1 db<\/td><td>Els\u0151 porv\u00e9d\u0151<\/td><td><a href=\"https:\/\/transfercasepartshop.com\/hu\/bmw\/nv125\/porvedo-nv125\/\" target=\"_blank\" data-type=\"product\" data-id=\"390548\" rel=\"noreferrer noopener\">Porv\u00e9d\u0151 (NV125)<\/a><\/td><\/tr><tr><td>33<\/td><td>27107542833<\/td><td>1 db<\/td><td>O-gy\u0171r\u0171<\/td><td>Inform\u00e1ci\u00f3 az NV125-h\u00f6z: 27107504567-ben haszn\u00e1lt<\/td><\/tr><\/tbody><\/table><\/figure>","protected":false},"excerpt":{"rendered":"<p>Poz\u00edci\u00f3 OEM sz\u00e1m Mennyis\u00e9g Alkatr\u00e9sz neve Megjegyz\u00e9s K01 &nbsp; 1 db Csap\u00e1gy szett Oszt\u00f3m\u0171 csap\u00e1gy szett (NV125)Tartalmazza a 04, 06, 09, 16, 26, 29 poz\u00edci\u00f3kat &#8230; <\/p>\n<p class=\"read-more-container\"><a title=\"NV125 diagram \/ alkatr\u00e9sz katal\u00f3gus\" class=\"read-more button\" href=\"https:\/\/transfercasepartshop.com\/hu\/diagramok\/nv125-diagram-alkatresz-katalogus\/#more-413745\" aria-label=\"Read more about NV125 diagram \/ alkatr\u00e9sz katal\u00f3gus\">Tov\u00e1bb<\/a><\/p>","protected":false},"author":7,"featured_media":419631,"parent":412383,"menu_order":0,"comment_status":"closed","ping_status":"closed","template":"","meta":{"_acf_changed":false,"footnotes":""},"class_list":{"0":"post-413745","1":"page","2":"type-page","3":"status-publish","4":"has-post-thumbnail","6":"infinite-scroll-item","7":"no-featured-image-padding","8":"resize-featured-image"},"acf":[],"_links":{"self":[{"href":"https:\/\/transfercasepartshop.com\/hu\/wp-json\/wp\/v2\/pages\/413745","targetHints":{"allow":["GET"]}}],"collection":[{"href":"https:\/\/transfercasepartshop.com\/hu\/wp-json\/wp\/v2\/pages"}],"about":[{"href":"https:\/\/transfercasepartshop.com\/hu\/wp-json\/wp\/v2\/types\/page"}],"author":[{"embeddable":true,"href":"https:\/\/transfercasepartshop.com\/hu\/wp-json\/wp\/v2\/users\/7"}],"replies":[{"embeddable":true,"href":"https:\/\/transfercasepartshop.com\/hu\/wp-json\/wp\/v2\/comments?post=413745"}],"version-history":[{"count":0,"href":"https:\/\/transfercasepartshop.com\/hu\/wp-json\/wp\/v2\/pages\/413745\/revisions"}],"up":[{"embeddable":true,"href":"https:\/\/transfercasepartshop.com\/hu\/wp-json\/wp\/v2\/pages\/412383"}],"wp:featuredmedia":[{"embeddable":true,"href":"https:\/\/transfercasepartshop.com\/hu\/wp-json\/wp\/v2\/media\/419631"}],"wp:attachment":[{"href":"https:\/\/transfercasepartshop.com\/hu\/wp-json\/wp\/v2\/media?parent=413745"}],"curies":[{"name":"wp","href":"https:\/\/api.w.org\/{rel}","templated":true}]}}