{"id":413741,"date":"2022-02-02T13:30:44","date_gmt":"2022-02-02T12:30:44","guid":{"rendered":"https:\/\/transfercasepartshop.com\/?page_id=413741"},"modified":"2024-03-06T08:16:26","modified_gmt":"2024-03-06T07:16:26","slug":"atc-700-diagram-alkatresz-katalogus","status":"publish","type":"page","link":"https:\/\/transfercasepartshop.com\/hu\/diagramok\/atc-700-diagram-alkatresz-katalogus\/","title":{"rendered":"ATC-700 diagram \/ alkatr\u00e9sz katal\u00f3gus"},"content":{"rendered":"<figure class=\"wp-block-table is-style-stripes\"><table><tbody><tr><td>\n<h3><strong>Poz\u00edci\u00f3<\/strong><\/h3>\n<\/td><td>\n<h3><strong>OEM sz\u00e1m<\/strong><\/h3>\n<\/td><td>\n<h3><strong>Mennyis\u00e9g<\/strong><\/h3>\n<\/td><td>\n<h3><strong>Alkatr\u00e9sz neve<\/strong><\/h3>\n<\/td><td>\n<h3><strong>Megjegyz\u00e9s<\/strong><\/h3>\n<\/td><\/tr><tr><td>K01<\/td><td>&nbsp;<\/td><td>1 db<\/td><td>Csap\u00e1gy szett<\/td><td><a href=\"https:\/\/transfercasepartshop.com\/hu\/bmw\/atc500\/osztomu-csapagy-szett-atc500-atc700\/\" data-type=\"product\" data-id=\"390550\" target=\"_blank\" rel=\"noreferrer noopener\">Oszt\u00f3m\u0171 csap\u00e1gy szett (ATC500, ATC700)<\/a><br>A 05, 08, 20, 39 poz\u00edci\u00f3t tartalmazza<\/td><\/tr><tr><td>K02<\/td><td>&nbsp;<\/td><td>1 db<\/td><td>T\u00f6m\u00edt\u00e9s szett<\/td><td><a href=\"https:\/\/transfercasepartshop.com\/hu\/bmw\/atc700\/osztomu-tomites-szett-atc700\/\" target=\"_blank\" data-type=\"product\" data-id=\"390594\" rel=\"noreferrer noopener\">Oszt\u00f3m\u0171 t\u00f6m\u00edt\u00e9s szett (ATC700)<\/a><br>A 01, 21,24, 31,35, 43, 47 poz\u00edci\u00f3kat tartalmazza<\/td><\/tr><tr><td>K03<\/td><td>27107568267<\/td><td>1 db<\/td><td>Tengelykapcsol\u00f3 szett<\/td><td>&nbsp;<\/td><\/tr><tr><td>K10<\/td><td>&nbsp;<\/td><td>1 db<\/td><td>L\u00e1ncvezet\u0151 cs\u00faszka szett<\/td><td><a href=\"https:\/\/transfercasepartshop.com\/hu\/mercedes-benz\/dcd\/lanc-vezeto-csuszka-szett-atc400-atc700-itc-dd295-dcd\/\" target=\"_blank\" data-type=\"product\" data-id=\"390524\" rel=\"noreferrer noopener\">L\u00e1nc vezet\u0151 cs\u00faszka szett (ATC400, ATC700, ITC DD295, DCD)<\/a><br>Az 53., 54. poz\u00edci\u00f3t tartalmazza<\/td><\/tr><tr><td>K15<\/td><td><\/td><td><\/td><td><\/td><td><\/td><\/tr><tr><td>K18<\/td><td><\/td><td><\/td><td><\/td><td><a href=\"https:\/\/transfercasepartshop.com\/hu\/bmw\/atc700\/osztomu-kuplung-atc700\/\" target=\"_blank\" data-type=\"product\" data-id=\"390523\" rel=\"noreferrer noopener\">Oszt\u00f3m\u0171 kuplung (ATC700)<\/a><\/td><\/tr><tr><td>K20<\/td><td><\/td><td><\/td><td><\/td><td><\/td><\/tr><tr><td>01<\/td><td>27107539262<\/td><td>1 db<\/td><td>Radi\u00e1lis t\u00f6m\u00edt\u00e9s<\/td><td>&nbsp;<\/td><\/tr><tr><td>02<\/td><td>&nbsp;<\/td><td>1 db<\/td><td>T\u0171<\/td><td>&nbsp;<\/td><\/tr><tr><td>03<\/td><td>&nbsp;<\/td><td>1 db<\/td><td>H\u00e1z eleje<\/td><td>&nbsp;<\/td><\/tr><tr><td>04<\/td><td>&nbsp;<\/td><td>1 db<\/td><td>R\u00f6gz\u00edt\u0151 gy\u0171r\u0171<\/td><td>&nbsp;<\/td><\/tr><tr><td>05<\/td><td>&nbsp;<\/td><td>1 db<\/td><td>Goly\u00f3scsap\u00e1gy<\/td><td>&nbsp;<\/td><\/tr><tr><td>06<\/td><td>&nbsp;<\/td><td>1 db<\/td><td>R\u00f6gz\u00edt\u0151 gy\u0171r\u0171<\/td><td>&nbsp;<\/td><\/tr><tr><td>07<\/td><td>&nbsp;<\/td><td>1 db<\/td><td>ASM F\u0151tengely<\/td><td>Inform\u00e1ci\u00f3 az ATC400-hoz: 27103455133, 27103455134 t\u00edpusokban haszn\u00e1latos.<\/td><\/tr><tr><td>08<\/td><td>&nbsp;<\/td><td>1 db<\/td><td>T\u0171csap\u00e1gy<\/td><td>&nbsp;<\/td><\/tr><tr><td>10<\/td><td>&nbsp;<\/td><td>1 db<\/td><td>Nyom\u00f3s al\u00e1t\u00e9t<\/td><td>&nbsp;<\/td><\/tr><tr><td>11<\/td><td>&nbsp;<\/td><td>1 db<\/td><td>R\u00f6gz\u00edt\u0151 gy\u0171r\u0171<\/td><td>&nbsp;<\/td><\/tr><tr><td>12<\/td><td>&nbsp;<\/td><td>1 db<\/td><td>T\u0171 h\u00fcvely<\/td><td>&nbsp;<\/td><\/tr><tr><td>13<\/td><td>&nbsp;<\/td><td>1 db<\/td><td>Tengely kihajt\u00e1s<\/td><td>&nbsp;<\/td><\/tr><tr><td>14<\/td><td>&nbsp;<\/td><td>1 db<\/td><td>T\u0171gy\u0171r\u0171<\/td><td>&nbsp;<\/td><\/tr><tr><td>15<\/td><td>&nbsp;<\/td><td>1 db<\/td><td>Dob<\/td><td><a href=\"https:\/\/transfercasepartshop.com\/hu\/bmw\/atc300\/osztomu-kuplung-dob-atc300-atc400-atc500-atc700\/\" target=\"_blank\" data-type=\"product\" data-id=\"390628\" rel=\"noreferrer noopener\">Oszt\u00f3m\u0171 kuplung dob (ATC300, ATC400, ATC500, ATC700)<\/a><br>Inform\u00e1ci\u00f3 az ATC400-hoz: a 27103455133, 27103455134 t\u00edpusokhoz haszn\u00e1latos.<\/td><\/tr><tr><td>16<\/td><td>&nbsp;<\/td><td>1 db<\/td><td>Olajszivatty\u00fa ASM<\/td><td>&nbsp;<\/td><\/tr><tr><td>17<\/td><td>&nbsp;<\/td><td>1 db<\/td><td>H\u00e1z h\u00e1ts\u00f3<\/td><td>&nbsp;<\/td><\/tr><tr><td>18<\/td><td>&nbsp;<\/td><td>15 darab<\/td><td>Lemezcsavar<\/td><td>&nbsp;<\/td><\/tr><tr><td>20<\/td><td>&nbsp;<\/td><td>1 db<\/td><td>Goly\u00f3scsap\u00e1gy<\/td><td>&nbsp;<\/td><\/tr><tr><td>21<\/td><td>27107539265; 331401LAOA<\/td><td>1 db<\/td><td>Radi\u00e1lis t\u00f6m\u00edt\u00e9s<\/td><td>&nbsp;<\/td><\/tr><tr><td>22<\/td><td>27107537663; 331411 LAOA<\/td><td>1 db<\/td><td>Porv\u00e9d\u0151<\/td><td>&nbsp;<\/td><\/tr><tr><td>23<\/td><td>27107539195<\/td><td>1 db<\/td><td>Tengely kihajt\u00e1s H\u00e1ts\u00f3<\/td><td>&nbsp;<a href=\"https:\/\/transfercasepartshop.com\/hu\/bmw\/atc500\/tengely-kihajtas-atc500-atc700\/\" target=\"_blank\" data-type=\"product\" data-id=\"390507\" rel=\"noreferrer noopener\">Tengely kihajt\u00e1s (ATC500, ATC700)<\/a><\/td><\/tr><tr><td>24<\/td><td>27107537631<\/td><td>1 db<\/td><td>O-gy\u0171r\u0171<\/td><td>&nbsp;<\/td><\/tr><tr><td>25<\/td><td>27107537629<\/td><td>1 db<\/td><td>Al\u00e1t\u00e9tk\u00e9szlet<\/td><td>&nbsp;<\/td><\/tr><tr><td>26<\/td><td>27107539525; 331381 LAOA<\/td><td>1 db<\/td><td>R\u00f6gz\u00edt\u0151 gy\u0171r\u0171<\/td><td>&nbsp;<a href=\"https:\/\/transfercasepartshop.com\/hu\/bmw\/atc300\/zarogyuru-atc35l-atc300-atc350-atc13-1-atc400-atc450-atc45l-atc500-atc700\/\" target=\"_blank\" data-type=\"product\" data-id=\"390511\" rel=\"noreferrer noopener\">Z\u00e1r\u00f3gy\u0171r\u0171 (ATC35L, ATC300, ATC350, ATC13-1, ATC400, ATC450, ATC45L, ATC500, ATC700)<\/a><\/td><\/tr><tr><td>27<\/td><td>&nbsp;<\/td><td>1 db<\/td><td>R\u00f6gz\u00edt\u0151 gy\u0171r\u0171<\/td><td>&nbsp;<\/td><\/tr><tr><td>28<\/td><td>&nbsp;<\/td><td>1 db<\/td><td>Goly\u00f3scsap\u00e1gy<\/td><td>&nbsp;<\/td><\/tr><tr><td>29<\/td><td>&nbsp;<\/td><td>1 db<\/td><td>R\u00f6gz\u00edt\u0151 gy\u0171r\u0171<\/td><td>&nbsp;<\/td><\/tr><tr><td>30<\/td><td>&nbsp;<\/td><td>1 db<\/td><td>Tengely kapcsol\u00f3 egys\u00e9g<\/td><td>&nbsp;<\/td><\/tr><tr><td>31<\/td><td>&nbsp;<\/td><td>1 db<\/td><td>O-gy\u0171r\u0171<\/td><td>&nbsp;<\/td><\/tr><tr><td>32<\/td><td>&nbsp;<\/td><td>1 db<\/td><td>T\u0171 h\u00fcvely<\/td><td>&nbsp;<\/td><\/tr><tr><td>33<\/td><td>27107539410<\/td><td>4 darab<\/td><td>Csavar<\/td><td>&nbsp;<\/td><\/tr><tr><td>34<\/td><td>33117525064<\/td><td>2 db<\/td><td>Dug\u00f3<\/td><td>&nbsp;<\/td><\/tr><tr><td>37<\/td><td>05143630AA; A2102760098<\/td><td>1 db<\/td><td>M\u00e1gnes<\/td><td>&nbsp;<\/td><\/tr><tr><td>38<\/td><td>&nbsp;<\/td><td>1 db<\/td><td>Nyom\u00f3s al\u00e1t\u00e9t<\/td><td>&nbsp;<\/td><\/tr><tr><td>39<\/td><td>&nbsp;<\/td><td>2 darab<\/td><td>Goly\u00f3scsap\u00e1gy<\/td><td>&nbsp;<\/td><\/tr><tr><td>40<\/td><td>&nbsp;<\/td><td>1 db<\/td><td>L\u00e1nc<\/td><td><a href=\"https:\/\/transfercasepartshop.com\/hu\/bmw\/atc700\/osztomu-lanc-atc700\/\" target=\"_blank\" data-type=\"product\" data-id=\"390522\" rel=\"noreferrer noopener\">&nbsp;Oszt\u00f3m\u0171 l\u00e1nc (ATC700)<\/a><\/td><\/tr><tr><td>41<\/td><td>&nbsp;<\/td><td>1 db<\/td><td>L\u00e1ncker\u00e9k<\/td><td>&nbsp;<a href=\"https:\/\/transfercasepartshop.com\/hu\/bmw\/atc700\/osztomu-lanckerek-atc700\/\" target=\"_blank\" data-type=\"product\" data-id=\"390525\" rel=\"noreferrer noopener\">Oszt\u00f3m\u0171 l\u00e1ncker\u00e9k (ATC700)<\/a><\/td><\/tr><tr><td>43<\/td><td>27107537630<\/td><td>1 db<\/td><td>O-gy\u0171r\u0171<\/td><td>&nbsp;<\/td><\/tr><tr><td>46<\/td><td>&nbsp;<\/td><td>2 db<\/td><td>T\u0171<\/td><td>&nbsp;<\/td><\/tr><tr><td>47<\/td><td>27107539266<\/td><td>1 db<\/td><td>Radi\u00e1lis t\u00f6m\u00edt\u00e9s<\/td><td>&nbsp;<\/td><\/tr><tr><td>48<\/td><td>27107539212<\/td><td>1 db<\/td><td>Porv\u00e9d\u0151<\/td><td>&nbsp;<a href=\"https:\/\/transfercasepartshop.com\/hu\/bmw\/atc450\/porvedo-atc450-atc500-atc700\/\" target=\"_blank\" data-type=\"product\" data-id=\"390506\" rel=\"noreferrer noopener\">Porv\u00e9d\u0151 (ATC450, ATC500, ATC700)<\/a><\/td><\/tr><tr><td>53<\/td><td>&nbsp;<\/td><td>2 db<\/td><td>L\u00e1ncvezet\u0151 cs\u00faszka<\/td><td>&nbsp;<\/td><\/tr><tr><td>54<\/td><td>&nbsp;<\/td><td>4 darab<\/td><td>Csavar<\/td><td>&nbsp;<\/td><\/tr><tr><td>70<\/td><td><\/td><td>1 db<\/td><td>T\u0171 h\u00fcvely<\/td><td><\/td><\/tr><tr><td>71<\/td><td><\/td><td>1 db<\/td><td>L\u00e1ncker\u00e9k<\/td><td><\/td><\/tr><tr><td>72<\/td><td><\/td><td>2 db<\/td><td>Axi\u00e1lis t\u0171gy\u0171r\u0171<\/td><td><a href=\"https:\/\/transfercasepartshop.com\/hu\/bmw\/atc300\/osztomu-kupling-csapagy-szett-atc300-atc400-atc500-atc700\/\" data-type=\"product\" data-id=\"390501\" target=\"_blank\" rel=\"noreferrer noopener\">Oszt\u00f3m\u0171 kuplung csap\u00e1gy szett (ATC300, ATC400, ATC500, ATC700)<\/a><\/td><\/tr><tr><td>73<\/td><td><\/td><td>1 db<\/td><td>Tengely kapcsol\u00f3 gy\u0171r\u0171<\/td><td><a href=\"https:\/\/transfercasepartshop.com\/hu\/bmw\/atc400\/osztomu-tengely-kapcsolo-kar-atc400-atc500-atc700\/\" data-type=\"product\" data-id=\"390535\" target=\"_blank\" rel=\"noreferrer noopener\">Oszt\u00f3m\u0171 tengely kapcsol\u00f3 kar (ATC400, ATC500, ATC700)<\/a><\/td><\/tr><tr><td>74<\/td><td><\/td><td>5 db<\/td><td>Goly\u00f3<\/td><td><a href=\"https:\/\/transfercasepartshop.com\/hu\/bmw\/atc700\/komplett-kuplung-felujito-szett-atc700\/\" data-type=\"product\" data-id=\"415953\" target=\"_blank\" rel=\"noreferrer noopener\">Komplett kuplung fel\u00faj\u00edt\u00f3 szett ATC700<\/a><\/td><\/tr><tr><td>75<\/td><td><\/td><td>1 db<\/td><td>Tengely kapcsol\u00f3 gy\u0171r\u0171<\/td><td><a href=\"https:\/\/transfercasepartshop.com\/hu\/bmw\/atc400\/osztomu-tengely-kapcsolo-kar-atc400-atc500-atc700-2\/\" data-type=\"product\" data-id=\"390536\" target=\"_blank\" rel=\"noreferrer noopener\">Oszt\u00f3m\u0171 tengely kapcsol\u00f3 kar (ATC400, ATC500, ATC700)<\/a><\/td><\/tr><tr><td>76<\/td><td><\/td><td>1 db<\/td><td>Dugatty\u00fa<\/td><td><a href=\"https:\/\/transfercasepartshop.com\/hu\/bmw\/atc500\/kuplung-tanyer-atc500-atc700\/\" target=\"_blank\" data-type=\"product\" data-id=\"390545\" rel=\"noreferrer noopener\">Kuplung t\u00e1ny\u00e9r (ATC500, ATC700)<\/a><\/td><\/tr><tr><td>77<\/td><td><\/td><td>4 db<\/td><td><\/td><td><a href=\"https:\/\/transfercasepartshop.com\/hu\/bmw\/atc700\/komplett-kuplung-felujito-szett-atc700\/\" target=\"_blank\" data-type=\"product\" data-id=\"415953\" rel=\"noreferrer noopener\">Komplett kuplung fel\u00faj\u00edt\u00f3 szett ATC700<\/a><\/td><\/tr><tr><td>78<\/td><td><\/td><td>1 db<\/td><td><\/td><td><\/td><\/tr><tr><td>79<\/td><td><\/td><td>7 db<\/td><td>Speci\u00e1lis al\u00e1t\u00e9t<\/td><td><a href=\"https:\/\/transfercasepartshop.com\/hu\/bmw\/atc500\/osztomu-lamella-szett-atc500-atc700\/\" data-type=\"product\" data-id=\"413859\" target=\"_blank\" rel=\"noreferrer noopener\">Oszt\u00f3m\u0171 lamella szett (ATC500, ATC700)<\/a><\/td><\/tr><tr><td>80<\/td><td><\/td><td>8 db<\/td><td>Ac\u00e9l lemez<\/td><td><a href=\"https:\/\/transfercasepartshop.com\/hu\/bmw\/atc500\/osztomu-lamella-szett-atc500-atc700\/\" data-type=\"product\" data-id=\"413859\" target=\"_blank\" rel=\"noreferrer noopener\">Oszt\u00f3m\u0171 lamella szett (ATC500, ATC700)<\/a><\/td><\/tr><tr><td>81<\/td><td><\/td><td>1 db<\/td><td><\/td><td><\/td><\/tr><tr><td>82<\/td><td><\/td><td>1 db<\/td><td>R\u00f6gz\u00edt\u0151 gy\u0171r\u0171<\/td><td><\/td><\/tr><tr><td>83<\/td><td><\/td><td>1 db<\/td><td>Axi\u00e1lis t\u0171gy\u0171r\u0171<\/td><td><a href=\"https:\/\/transfercasepartshop.com\/hu\/bmw\/atc300\/osztomu-kupling-csapagy-szett-atc300-atc400-atc500-atc700\/\" data-type=\"product\" data-id=\"390501\" target=\"_blank\" rel=\"noreferrer noopener\">Oszt\u00f3m\u0171 kuplung csap\u00e1gy szett (ATC300, ATC400, ATC500, ATC700)<\/a><\/td><\/tr><tr><td>90<\/td><td><\/td><td>1 db<\/td><td>Olaj pumpa<\/td><td><a href=\"https:\/\/transfercasepartshop.com\/hu\/bmw\/atc500\/osztomu-olaj-pumpa-szett-atc500-atc700\/\" data-type=\"product\" data-id=\"390514\" target=\"_blank\" rel=\"noreferrer noopener\">Oszt\u00f3m\u0171 olaj pumpa szett (ATC500, ATC700)<\/a><\/td><\/tr><tr><td>91<\/td><td><\/td><td>1 db<\/td><td>Bilincs<\/td><td><a href=\"https:\/\/transfercasepartshop.com\/hu\/bmw\/atc500\/osztomu-olaj-pumpa-szett-atc500-atc700\/\" data-type=\"product\" data-id=\"390514\" target=\"_blank\" rel=\"noreferrer noopener\">Oszt\u00f3m\u0171 olaj pumpa szett (ATC500, ATC700)<\/a><\/td><\/tr><tr><td>92<\/td><td><\/td><td>1 db<\/td><td>Sz\u00edv\u00f3cs\u0151<\/td><td><a href=\"https:\/\/transfercasepartshop.com\/hu\/bmw\/atc500\/osztomu-olaj-pumpa-szett-atc500-atc700\/\" data-type=\"product\" data-id=\"390514\" target=\"_blank\" rel=\"noreferrer noopener\">Oszt\u00f3m\u0171 olaj pumpa szett (ATC500, ATC700)<\/a><\/td><\/tr><tr><td><\/td><td>00004330136;<br>00004330563;<br>83220397244;<br>83222409710<\/td><td><\/td><td><\/td><td><\/td><\/tr><tr><td><\/td><td><\/td><td><\/td><td><\/td><td><\/td><\/tr><tr><td><\/td><td><\/td><td><\/td><td><\/td><td><\/td><\/tr><\/tbody><\/table><\/figure>","protected":false},"excerpt":{"rendered":"<p>Poz\u00edci\u00f3 OEM sz\u00e1m Mennyis\u00e9g Alkatr\u00e9sz neve Megjegyz\u00e9s K01 &nbsp; 1 db Csap\u00e1gy szett Oszt\u00f3m\u0171 csap\u00e1gy szett (ATC500, ATC700)A 05, 08, 20, 39 poz\u00edci\u00f3t tartalmazza K02 &#8230; <\/p>\n<p class=\"read-more-container\"><a title=\"ATC-700 diagram \/ alkatr\u00e9sz katal\u00f3gus\" class=\"read-more button\" href=\"https:\/\/transfercasepartshop.com\/hu\/diagramok\/atc-700-diagram-alkatresz-katalogus\/#more-413741\" aria-label=\"Read more about ATC-700 diagram \/ alkatr\u00e9sz katal\u00f3gus\">Tov\u00e1bb<\/a><\/p>","protected":false},"author":7,"featured_media":419625,"parent":412383,"menu_order":0,"comment_status":"closed","ping_status":"closed","template":"","meta":{"_acf_changed":false,"footnotes":""},"class_list":{"0":"post-413741","1":"page","2":"type-page","3":"status-publish","4":"has-post-thumbnail","6":"infinite-scroll-item","7":"no-featured-image-padding","8":"resize-featured-image"},"acf":[],"_links":{"self":[{"href":"https:\/\/transfercasepartshop.com\/hu\/wp-json\/wp\/v2\/pages\/413741","targetHints":{"allow":["GET"]}}],"collection":[{"href":"https:\/\/transfercasepartshop.com\/hu\/wp-json\/wp\/v2\/pages"}],"about":[{"href":"https:\/\/transfercasepartshop.com\/hu\/wp-json\/wp\/v2\/types\/page"}],"author":[{"embeddable":true,"href":"https:\/\/transfercasepartshop.com\/hu\/wp-json\/wp\/v2\/users\/7"}],"replies":[{"embeddable":true,"href":"https:\/\/transfercasepartshop.com\/hu\/wp-json\/wp\/v2\/comments?post=413741"}],"version-history":[{"count":0,"href":"https:\/\/transfercasepartshop.com\/hu\/wp-json\/wp\/v2\/pages\/413741\/revisions"}],"up":[{"embeddable":true,"href":"https:\/\/transfercasepartshop.com\/hu\/wp-json\/wp\/v2\/pages\/412383"}],"wp:featuredmedia":[{"embeddable":true,"href":"https:\/\/transfercasepartshop.com\/hu\/wp-json\/wp\/v2\/media\/419625"}],"wp:attachment":[{"href":"https:\/\/transfercasepartshop.com\/hu\/wp-json\/wp\/v2\/media?parent=413741"}],"curies":[{"name":"wp","href":"https:\/\/api.w.org\/{rel}","templated":true}]}}