{"id":413733,"date":"2022-02-02T13:25:06","date_gmt":"2022-02-02T12:25:06","guid":{"rendered":"https:\/\/transfercasepartshop.com\/?page_id=413733"},"modified":"2024-03-06T08:16:13","modified_gmt":"2024-03-06T07:16:13","slug":"atc-450-diagram-alkatresz-katalogus","status":"publish","type":"page","link":"https:\/\/transfercasepartshop.com\/hu\/diagramok\/atc-450-diagram-alkatresz-katalogus\/","title":{"rendered":"ATC-450 diagram \/ alkatr\u00e9sz katal\u00f3gus"},"content":{"rendered":"<figure class=\"wp-block-table is-style-stripes\"><table><tbody><tr><td>\n<h3><strong>Poz\u00edci\u00f3<\/strong><\/h3>\n<\/td><td>\n<h3><strong>OEM sz\u00e1m<\/strong><\/h3>\n<\/td><td>\n<h3><strong>Mennyis\u00e9g<\/strong><\/h3>\n<\/td><td>\n<h3><strong>Alkatr\u00e9sz neve<\/strong><\/h3>\n<\/td><td>\n<h3><strong>Megjegyz\u00e9s<\/strong><\/h3>\n<\/td><\/tr><tr><td>K01<\/td><td>&nbsp;<\/td><td>1 db<\/td><td>Csap\u00e1gy szett<\/td><td><a href=\"https:\/\/transfercasepartshop.com\/hu\/bmw\/atc450\/osztomu-csapagy-szett-atc450\/\" data-type=\"product\" data-id=\"390595\" target=\"_blank\" rel=\"noreferrer noopener\">Oszt\u00f3m\u0171 csap\u00e1gy szett (ATC450)<\/a><br>05, 12, 24, 33, 41, 53, 55 poz\u00edci\u00f3kat tartalmazza<\/td><\/tr><tr><td>K02<\/td><td>&nbsp;<\/td><td>1 db<\/td><td>T\u00f6m\u00edt\u00e9s szett<\/td><td><a href=\"https:\/\/transfercasepartshop.com\/hu\/bmw\/atc450\/osztomu-tomites-szett-atc450\/\" target=\"_blank\" rel=\"noreferrer noopener\">Oszt\u00f3m\u0171 t\u00f6m\u00edt\u00e9s szett (ATC450)<\/a><br>Tartalmazza a 01, 03, 34, 37, 52, 58, 59, 63 poz\u00edci\u00f3kat<\/td><\/tr><tr><td>K05<\/td><td>27107595650<\/td><td>1 db<\/td><td>Tengely kihajt\u00e1s h\u00e1ts\u00f3 szett<\/td><td><a href=\"https:\/\/transfercasepartshop.com\/hu\/bmw\/atc450\/tengely-kihajtas-hatso-atc35l-atc450-atc45l\/\" target=\"_blank\" data-type=\"product\" data-id=\"390597\" rel=\"noreferrer noopener\">Tengely kihajt\u00e1s h\u00e1ts\u00f3 (ATC35L, ATC450, ATC45L)<\/a><br>36, 37, 38, K20 poz\u00edci\u00f3kat tartalmaz<\/td><\/tr><tr><td>K10<\/td><td>&nbsp;<\/td><td>1 db<\/td><td>L\u00e1ncvezet\u0151 cs\u00faszka szett<\/td><td><a href=\"https:\/\/transfercasepartshop.com\/hu\/vw\/pl72-t-2\/lanc-vezeto-csuszka-szett-pl72-pl72-atc-atc450-dcs\/\" data-type=\"product\" data-id=\"390588\" target=\"_blank\" rel=\"noreferrer noopener\">L\u00e1nc vezet\u0151 cs\u00faszka szett (PL72 T, PL72 ATC, ATC450, DCS)<\/a><br>70., 71. poz\u00edci\u00f3t tartalmaz Inform\u00e1ci\u00f3k a PL72 T Porsche-hoz: 95834102011-ben, 95834102012-ben haszn\u00e1latos PL72 T VW-hez tartoz\u00f3 inform\u00e1ci\u00f3: 0BU341010M, 0BU341011C, 0BU341011K, 101M.<\/td><\/tr><tr><td>K11<\/td><td>&nbsp;<\/td><td>1 db<\/td><td>Kuplung szett<\/td><td><a href=\"https:\/\/transfercasepartshop.com\/hu\/porsche\/pl72-atc\/osztomu-kuplung-szett-atc350-atc450-pl72-atc\/\" data-type=\"product\" data-id=\"390579\" target=\"_blank\" rel=\"noreferrer noopener\">Oszt\u00f3m\u0171 kuplung szett (ATC350, ATC450, PL72 ATC)<\/a><br>18, 19, 20, 21 poz\u00edci\u00f3kat tartalmazza<\/td><\/tr><tr><td>K12<\/td><td>&nbsp;<\/td><td>1 db<\/td><td>Tengely kapcsol\u00f3 szett<\/td><td>53, 54, 55, 56, 57 poz\u00edci\u00f3kat tartalmaz<\/td><\/tr><tr><td>K20<\/td><td>27107546670<\/td><td>1 db<\/td><td>Al\u00e1t\u00e9t szett<\/td><td>&nbsp;<\/td><\/tr><tr><td>01<\/td><td>27107609202<\/td><td>1 db<\/td><td>O-gy\u0171r\u0171<\/td><td>&nbsp;<\/td><\/tr><tr><td>02<\/td><td>&nbsp;<\/td><td>1 db<\/td><td>Z\u00e1r\u00f3gy\u0171r\u0171<\/td><td>&nbsp;<\/td><\/tr><tr><td>03<\/td><td>27107539262<\/td><td>1 db<\/td><td>Radi\u00e1lis t\u00f6m\u00edt\u00e9s<\/td><td>&nbsp;<\/td><\/tr><tr><td>04<\/td><td>&nbsp;<\/td><td>1 db<\/td><td>R\u00f6gz\u00edt\u0151 gy\u0171r\u0171<\/td><td>&nbsp;<\/td><\/tr><tr><td>05<\/td><td>&nbsp;<\/td><td>1 db<\/td><td>Goly\u00f3scsap\u00e1gy<\/td><td>&nbsp;<\/td><\/tr><tr><td>06<\/td><td>&nbsp;<\/td><td>1 db<\/td><td>H\u00e1z el\u00fcls\u0151<\/td><td>&nbsp;<\/td><\/tr><tr><td>07<\/td><td>&nbsp;<\/td><td>1 db<\/td><td>T\u0171<\/td><td>&nbsp;<\/td><\/tr><tr><td>08<\/td><td>&nbsp;<\/td><td>1 db<\/td><td>Terel\u0151 ASM<\/td><td>&nbsp;<a href=\"https:\/\/transfercasepartshop.com\/hu\/bmw\/atc450\/osztomu-muanyag-alkatresz-szett-atc450\/\" data-type=\"URL\" data-id=\"https:\/\/transfercasepartshop.com\/hu\/bmw\/atc450\/osztomu-muanyag-alkatresz-szett-atc450\/\">Oszt\u00f3m\u0171 m\u0171anyag alkatr\u00e9sz szett<\/a><\/td><\/tr><tr><td>09<\/td><td>&nbsp;<\/td><td>1 db<\/td><td>Al\u00e1t\u00e9tlemez<\/td><td>&nbsp;<\/td><\/tr><tr><td>10<\/td><td>&nbsp;<\/td><td>1 db<\/td><td>Bemeneti tengely<\/td><td>&nbsp;<a href=\"https:\/\/transfercasepartshop.com\/hu\/bmw\/atc450\/osztomu-forgo-tengely-atc450\/\" target=\"_blank\" data-type=\"product\" data-id=\"390619\" rel=\"noreferrer noopener\">Oszt\u00f3m\u0171 forg\u00f3 tengely (ATC450)<\/a><\/td><\/tr><tr><td>11<\/td><td>&nbsp;<\/td><td>1 db<\/td><td>L\u00e1nc<\/td><td>&nbsp;<a href=\"https:\/\/transfercasepartshop.com\/hu\/bmw\/atc450\/osztomu-lanc-atc450\/\" target=\"_blank\" data-type=\"product\" data-id=\"390616\" rel=\"noreferrer noopener\">Oszt\u00f3m\u0171 l\u00e1nc (ATC450)<\/a><\/td><\/tr><tr><td>12<\/td><td>&nbsp;<\/td><td>1 db<\/td><td>T\u0171csap\u00e1gy<\/td><td>&nbsp;<\/td><\/tr><tr><td>13<\/td><td>&nbsp;<\/td><td>1 db<\/td><td>ASM sebess\u00e9gv\u00e1lt\u00f3 dobkuplunggal<\/td><td>&nbsp;<a href=\"https:\/\/transfercasepartshop.com\/hu\/bmw\/atc450\/osztomu-kuplung-kosar-atc450\/\" target=\"_blank\" data-type=\"product\" data-id=\"390622\" rel=\"noreferrer noopener\">Oszt\u00f3m\u0171 kuplung kos\u00e1r (ATC450)<\/a><\/td><\/tr><tr><td>14<\/td><td>&nbsp;<\/td><td>1 db<\/td><td>Nyom\u00f3s al\u00e1t\u00e9t<\/td><td>&nbsp;<\/td><\/tr><tr><td>15<\/td><td>&nbsp;<\/td><td>1 db<\/td><td>Al\u00e1t\u00e9tlemez<\/td><td>&nbsp;<\/td><\/tr><tr><td>16<\/td><td>&nbsp;<\/td><td>1 db<\/td><td>Be\u00e1ll\u00edt\u00f3 gy\u0171r\u0171<\/td><td>&nbsp;<\/td><\/tr><tr><td>17<\/td><td>&nbsp;<\/td><td>1 db<\/td><td>Ker\u00e9kagy<\/td><td>&nbsp;<a href=\"https:\/\/transfercasepartshop.com\/hu\/porsche\/pl72-atc\/kuplung-tanyer-atc350-atc450-pl72-atc\/\" data-type=\"product\" data-id=\"390578\" target=\"_blank\" rel=\"noreferrer noopener\">&nbsp;Kuplung t\u00e1ny\u00e9r (ATC350, ATC450, PL72 ATC)<\/a><\/td><\/tr><tr><td>18<\/td><td>&nbsp;<\/td><td>5 darab<\/td><td>T\u00e1rcs\u00e1s rug\u00f3<\/td><td>&nbsp;<\/td><\/tr><tr><td>19<\/td><td>&nbsp;<\/td><td>7 darab<\/td><td>Lamella<\/td><td>&nbsp;<\/td><\/tr><tr><td>20<\/td><td>&nbsp;<\/td><td>6 darab<\/td><td>Ac\u00e9llemez<\/td><td>&nbsp;<\/td><\/tr><tr><td>21<\/td><td>&nbsp;<\/td><td>1 db<\/td><td>Lemez<\/td><td>&nbsp;<\/td><\/tr><tr><td>22<\/td><td>&nbsp;<\/td><td>1 db<\/td><td>Dugatty\u00fa<\/td><td>&nbsp;&nbsp;<a href=\"https:\/\/transfercasepartshop.com\/hu\/porsche\/pl72-atc\/kuplung-tanyer-atc350-atc450-pl72-atc-95b\/\" data-type=\"product\" data-id=\"390574\" target=\"_blank\" rel=\"noreferrer noopener\">Kuplung t\u00e1ny\u00e9r (ATC350, ATC450, PL72 ATC, 95B)<\/a><\/td><\/tr><tr><td>23<\/td><td>&nbsp;<\/td><td>2 db<\/td><td>Al\u00e1t\u00e9tlemez<\/td><td>&nbsp;<\/td><\/tr><tr><td>24<\/td><td>&nbsp;<\/td><td>2 db<\/td><td>Csap\u00e1gyh\u00e1z \u00e9s g\u00f6rg\u0151<\/td><td>&nbsp;<\/td><\/tr><tr><td>25<\/td><td>&nbsp;<\/td><td>1 db<\/td><td>Tengely kapcsol\u00f3 gy\u0171r\u0171s g\u00f6mb r\u00e1mpa<\/td><td>&nbsp;<a href=\"https:\/\/transfercasepartshop.com\/hu\/bmw\/atc450\/osztomu-tengely-kapcsolo-kar-atc450-2\/\" target=\"_blank\" data-type=\"product\" data-id=\"390621\" rel=\"noreferrer noopener\">Oszt\u00f3m\u0171 tengely kapcsol\u00f3 kar (ATC450)<\/a><\/td><\/tr><tr><td>26<\/td><td>&nbsp;<\/td><td>3 darab<\/td><td>Goly\u00f3<\/td><td>&nbsp;<\/td><\/tr><tr><td>27<\/td><td>&nbsp;<\/td><td>1 db<\/td><td>Tengely kapcsol\u00f3 gy\u0171r\u0171s g\u00f6mb r\u00e1mpa<\/td><td><a href=\"https:\/\/transfercasepartshop.com\/hu\/bmw\/atc450\/osztomu-tengely-kapcsolo-kar-atc450\/\" target=\"_blank\" data-type=\"product\" data-id=\"390620\" rel=\"noreferrer noopener\">&nbsp;Oszt\u00f3m\u0171 tengely kapcsol\u00f3 kar (ATC450)<\/a><\/td><\/tr><tr><td>28<\/td><td>&nbsp;<\/td><td>1 db<\/td><td>Gy\u0171r\u0171<\/td><td>&nbsp;&nbsp;<a href=\"https:\/\/transfercasepartshop.com\/hu\/porsche\/pl72-atc\/zarokor-atc350-atc450-pl72-atc-95b\/\" data-type=\"product\" data-id=\"390576\" target=\"_blank\" rel=\"noreferrer noopener\">Z\u00e1r\u00f3k\u00f6r (ATC350, ATC450, PL72 ATC, 95B)<\/a><\/td><\/tr><tr><td>29<\/td><td>&nbsp;<\/td><td>1 db<\/td><td>Al\u00e1t\u00e9tlemez<\/td><td>&nbsp;<\/td><\/tr><tr><td>30<\/td><td>&nbsp;<\/td><td>1 db<\/td><td>H\u00e1z h\u00e1ts\u00f3<\/td><td>&nbsp;<\/td><\/tr><tr><td>31<\/td><td>&nbsp;<\/td><td>14 darab<\/td><td>Csavar<\/td><td>&nbsp;<\/td><\/tr><tr><td>32<\/td><td>&nbsp;<\/td><td>1 db<\/td><td>Terel\u0151 ASM<\/td><td>&nbsp;<a href=\"https:\/\/transfercasepartshop.com\/hu\/bmw\/atc450\/osztomu-muanyag-alkatresz-szett-atc450\/\" data-type=\"URL\" data-id=\"https:\/\/transfercasepartshop.com\/hu\/bmw\/atc450\/osztomu-muanyag-alkatresz-szett-atc450\/\">Oszt\u00f3m\u0171 m\u0171anyag alkatr\u00e9sz szett<\/a><\/td><\/tr><tr><td>33<\/td><td>&nbsp;<\/td><td>1 db<\/td><td>Goly\u00f3scsap\u00e1gy<\/td><td>&nbsp;<\/td><\/tr><tr><td>34<\/td><td>27107546667<\/td><td>1 db<\/td><td>Radi\u00e1lis t\u00f6m\u00edt\u00e9s<\/td><td>&nbsp;<\/td><\/tr><tr><td>35<\/td><td>27107597688<\/td><td>1 db<\/td><td>Porv\u00e9d\u0151<\/td><td>&nbsp;<\/td><\/tr><tr><td>36<\/td><td>&nbsp;<\/td><td>1 db<\/td><td>Tengely kihajt\u00e1s H\u00e1ts\u00f3<\/td><td>&nbsp;<\/td><\/tr><tr><td>37<\/td><td>27107599326<\/td><td>1 db<\/td><td>T\u00f6m\u00edt\u00e9s O-gy\u0171r\u0171<\/td><td>&nbsp;<\/td><\/tr><tr><td>38<\/td><td>27107539525; 331381LA0A<\/td><td>1 db<\/td><td>R\u00f6gz\u00edt\u0151 gy\u0171r\u0171<\/td><td>&nbsp;<a href=\"https:\/\/transfercasepartshop.com\/hu\/bmw\/atc300\/zarogyuru-atc35l-atc300-atc350-atc13-1-atc400-atc450-atc45l-atc500-atc700\/\" target=\"_blank\" data-type=\"product\" data-id=\"390511\" rel=\"noreferrer noopener\">Z\u00e1r\u00f3gy\u0171r\u0171 (ATC35L, ATC300, ATC350, ATC13-1, ATC400, ATC450, ATC45L, ATC500, ATC700)<\/a><\/td><\/tr><tr><td>40<\/td><td>&nbsp;<\/td><td>1 db<\/td><td>Cs\u0151 ASM<\/td><td>&nbsp;<a href=\"https:\/\/transfercasepartshop.com\/hu\/bmw\/atc450\/osztomu-muanyag-alkatresz-szett-atc450\/\" data-type=\"URL\" data-id=\"https:\/\/transfercasepartshop.com\/hu\/bmw\/atc450\/osztomu-muanyag-alkatresz-szett-atc450\/\">Oszt\u00f3m\u0171 m\u0171anyag alkatr\u00e9sz szett<\/a><\/td><\/tr><tr><td>41<\/td><td>&nbsp;<\/td><td>2 db<\/td><td>Goly\u00f3scsap\u00e1gy<\/td><td>&nbsp;<\/td><\/tr><tr><td>43<\/td><td>&nbsp;<\/td><td>1 db<\/td><td>L\u00e1ncker\u00e9k kimenet<\/td><td>&nbsp;<a href=\"https:\/\/transfercasepartshop.com\/hu\/bmw\/atc450\/tengely-kihajtas-atc450\/\" target=\"_blank\" data-type=\"product\" data-id=\"390544\" rel=\"noreferrer noopener\">Tengely kihajt\u00e1s (ATC450)<\/a><\/td><\/tr><tr><td>44<\/td><td>&nbsp;<\/td><td>2 db<\/td><td>Csavar<\/td><td>&nbsp;<\/td><\/tr><tr><td>45<\/td><td>&nbsp;<\/td><td>2 db<\/td><td>T\u0171<\/td><td>&nbsp;<\/td><\/tr><tr><td>46<\/td><td>05143630AA; A2102760098<\/td><td>1 db<\/td><td>M\u00e1gnes<\/td><td>&nbsp;<\/td><\/tr><tr><td>47<\/td><td>&nbsp;<\/td><td>1 db<\/td><td>L\u00e1ncvezet\u0151 cs\u00faszka<\/td><td>&nbsp;<\/td><\/tr><tr><td>48<\/td><td>&nbsp;<\/td><td>1 db<\/td><td>R\u00f6gz\u00edt\u0151 gy\u0171r\u0171<\/td><td>&nbsp;<\/td><\/tr><tr><td>49<\/td><td>27107539212<\/td><td>1 db<\/td><td>Porv\u00e9d\u0151<\/td><td><a href=\"https:\/\/transfercasepartshop.com\/hu\/bmw\/atc450\/porvedo-atc450-atc500-atc700\/\" target=\"_blank\" data-type=\"product\" data-id=\"390506\" rel=\"noreferrer noopener\">&nbsp;Porv\u00e9d\u0151 (ATC450, ATC500, ATC700)<\/a><\/td><\/tr><tr><td>52<\/td><td>27107539266<\/td><td>1 db<\/td><td>Radi\u00e1lis t\u00f6m\u00edt\u00e9s<\/td><td>&nbsp;<\/td><\/tr><tr><td>53<\/td><td>&nbsp;<\/td><td>1 db<\/td><td>T\u0171csap\u00e1gy<\/td><td>&nbsp;<\/td><\/tr><tr><td>54<\/td><td>&nbsp;<\/td><td>1 db<\/td><td>Tengely kapcsol\u00f3<\/td><td>&nbsp;<\/td><\/tr><tr><td>55<\/td><td>&nbsp;<\/td><td>1 db<\/td><td>Goly\u00f3scsap\u00e1gy<\/td><td>&nbsp;<\/td><\/tr><tr><td>56<\/td><td>&nbsp;<\/td><td>1 db<\/td><td>R\u00f6gz\u00edt\u0151 gy\u0171r\u0171<\/td><td>&nbsp;<\/td><\/tr><tr><td>57<\/td><td>&nbsp;<\/td><td>1 db<\/td><td>R\u00f6gz\u00edt\u0151 gy\u0171r\u0171<\/td><td>&nbsp;<\/td><\/tr><tr><td>58<\/td><td>27107593452<\/td><td>1 db<\/td><td>Radi\u00e1lis t\u00f6m\u00edt\u0151gy\u0171r\u0171<\/td><td>&nbsp;<\/td><\/tr><tr><td>59<\/td><td>27107593451; 95834150100<\/td><td>1 db<\/td><td>T\u00f6m\u00edt\u00e9s O-gy\u0171r\u0171<\/td><td>&nbsp;<\/td><\/tr><tr><td>60<\/td><td>&nbsp;<\/td><td>1 db<\/td><td>Tengelykapcsol\u00f3 motor<\/td><td>&nbsp;<\/td><\/tr><tr><td>61<\/td><td>27107593450; 673002351; 90038507101; 95834150200<\/td><td>2 db<\/td><td>Csavar<\/td><td>&nbsp;<\/td><\/tr><tr><td>63<\/td><td>33117525064<\/td><td>2 db<\/td><td>Dug\u00f3<\/td><td>&nbsp;<\/td><\/tr><tr><td>70<\/td><td><\/td><td>1 db<\/td><td>L\u00e1ncvezet\u0151 cs\u00faszka<\/td><td><a href=\"https:\/\/transfercasepartshop.com\/hu\/bmw\/atc450\/osztomu-muanyag-alkatresz-szett-atc450\/\" data-type=\"URL\" data-id=\"https:\/\/transfercasepartshop.com\/hu\/bmw\/atc450\/osztomu-muanyag-alkatresz-szett-atc450\/\">Oszt\u00f3m\u0171 m\u0171anyag alkatr\u00e9sz szett<\/a><\/td><\/tr><tr><td>71<\/td><td><\/td><td>2 db<\/td><td>Csavar<\/td><td><\/td><\/tr><tr><td><\/td><td>00004330136;<br>00004330563;<br>83220397244;<br>83222409710<\/td><td>1 db<\/td><td>V\u00e1lt\u00f3folyad\u00e9k<\/td><td><\/td><\/tr><tr><td><\/td><td><\/td><td>1 db<\/td><td>T\u00f6m\u00edt\u0151anyag<\/td><td><\/td><\/tr><\/tbody><\/table><\/figure>","protected":false},"excerpt":{"rendered":"<p>Poz\u00edci\u00f3 OEM sz\u00e1m Mennyis\u00e9g Alkatr\u00e9sz neve Megjegyz\u00e9s K01 &nbsp; 1 db Csap\u00e1gy szett Oszt\u00f3m\u0171 csap\u00e1gy szett (ATC450)05, 12, 24, 33, 41, 53, 55 poz\u00edci\u00f3kat tartalmazza &#8230; <\/p>\n<p class=\"read-more-container\"><a title=\"ATC-450 diagram \/ alkatr\u00e9sz katal\u00f3gus\" class=\"read-more button\" href=\"https:\/\/transfercasepartshop.com\/hu\/diagramok\/atc-450-diagram-alkatresz-katalogus\/#more-413733\" aria-label=\"Read more about ATC-450 diagram \/ alkatr\u00e9sz katal\u00f3gus\">Tov\u00e1bb<\/a><\/p>","protected":false},"author":7,"featured_media":419611,"parent":412383,"menu_order":0,"comment_status":"closed","ping_status":"closed","template":"","meta":{"_acf_changed":false,"footnotes":""},"class_list":{"0":"post-413733","1":"page","2":"type-page","3":"status-publish","4":"has-post-thumbnail","6":"infinite-scroll-item","7":"no-featured-image-padding","8":"resize-featured-image"},"acf":[],"_links":{"self":[{"href":"https:\/\/transfercasepartshop.com\/hu\/wp-json\/wp\/v2\/pages\/413733","targetHints":{"allow":["GET"]}}],"collection":[{"href":"https:\/\/transfercasepartshop.com\/hu\/wp-json\/wp\/v2\/pages"}],"about":[{"href":"https:\/\/transfercasepartshop.com\/hu\/wp-json\/wp\/v2\/types\/page"}],"author":[{"embeddable":true,"href":"https:\/\/transfercasepartshop.com\/hu\/wp-json\/wp\/v2\/users\/7"}],"replies":[{"embeddable":true,"href":"https:\/\/transfercasepartshop.com\/hu\/wp-json\/wp\/v2\/comments?post=413733"}],"version-history":[{"count":0,"href":"https:\/\/transfercasepartshop.com\/hu\/wp-json\/wp\/v2\/pages\/413733\/revisions"}],"up":[{"embeddable":true,"href":"https:\/\/transfercasepartshop.com\/hu\/wp-json\/wp\/v2\/pages\/412383"}],"wp:featuredmedia":[{"embeddable":true,"href":"https:\/\/transfercasepartshop.com\/hu\/wp-json\/wp\/v2\/media\/419611"}],"wp:attachment":[{"href":"https:\/\/transfercasepartshop.com\/hu\/wp-json\/wp\/v2\/media?parent=413733"}],"curies":[{"name":"wp","href":"https:\/\/api.w.org\/{rel}","templated":true}]}}