{"id":413728,"date":"2022-02-02T13:23:02","date_gmt":"2022-02-02T12:23:02","guid":{"rendered":"https:\/\/transfercasepartshop.com\/?page_id=413728"},"modified":"2024-03-06T08:16:13","modified_gmt":"2024-03-06T07:16:13","slug":"atc-400-diagram-alkatresz-katalogus","status":"publish","type":"page","link":"https:\/\/transfercasepartshop.com\/hu\/diagramok\/atc-400-diagram-alkatresz-katalogus\/","title":{"rendered":"ATC-400 diagram \/ alkatr\u00e9sz katal\u00f3gus"},"content":{"rendered":"<figure class=\"wp-block-table is-style-stripes\"><table><tbody><tr><td>\n<h3><strong>Poz\u00edci\u00f3<\/strong><\/h3>\n<\/td><td>\n<h3><strong>OEM sz\u00e1m<\/strong><\/h3>\n<\/td><td>\n<h3><strong>Mennyis\u00e9g<\/strong><\/h3>\n<\/td><td>\n<h3><strong>Alkatr\u00e9sz neve<\/strong><\/h3>\n<\/td><td>\n<h3><strong>Megjegyz\u00e9s<\/strong><\/h3>\n<\/td><\/tr><tr><td>K00<\/td><td>&nbsp;<\/td><td><\/td><td>Fel\u00faj\u00edt\u00f3 szett<\/td><td>A K03, 01, 05, 08, 20, 21, 24, 26, 27, 28, 31, 32, 35, 38, 39, 40, 42, 43, 47, 53, 54, 70, 72, 77, 78, 79, 80, 82, 83, 90, 91 poz\u00edci\u00f3kat tartalmazza.&nbsp;<span>R\u00e9szletes inform\u00e1ci\u00f3k a term\u00e9kle\u00edr\u00e1sban.<\/span>\n<\/td><\/tr><tr><td>K01<\/td><td>&nbsp;<\/td><td>1 darab<\/td><td>Csap\u00e1gy szett<\/td><td><a href=\"https:\/\/transfercasepartshop.com\/hu\/bmw\/atc400\/osztomu-csapagy-szett-atc400\/\" data-type=\"product\" data-id=\"420710\">Oszt\u00f3m\u0171 csap\u00e1gy szett (ATC400)<br><\/a>A 05, 08, 20, 39, 42 poz\u00edci\u00f3kat tartalmazza.<\/td><\/tr><tr><td>K02<\/td><td>&nbsp;<\/td><td>1 darab<\/td><td>T\u00f6m\u00edt\u00e9s szett<\/td><td><a href=\"https:\/\/transfercasepartshop.com\/hu\/bmw\/atc400\/osztomu-tomites-szett-atc400-atc500\/\" target=\"_blank\" data-type=\"product\" data-id=\"390551\" rel=\"noreferrer noopener\">Oszt\u00f3m\u0171 t\u00f6m\u00edt\u00e9s szett (ATC400, ATC500)<\/a><br>A 01, 21, 24, 31,35, 43, 47 poz\u00edci\u00f3kat tartalmazza.<\/td><\/tr><tr><td>K0\u0417<\/td><td>27107566296<\/td><td>1 darab<\/td><td>Tengely kapcsol\u00f3 szett<\/td><td>&nbsp;<\/td><\/tr><tr><td>K10<\/td><td>&nbsp;<\/td><td>1 darab<\/td><td>L\u00e1ncvezet\u0151 cs\u00faszka szett<\/td><td><a href=\"https:\/\/transfercasepartshop.com\/hu\/mercedes-benz\/dcd\/lanc-vezeto-csuszka-szett-atc400-atc700-itc-dd295-dcd\/\" target=\"_blank\" data-type=\"product\" data-id=\"390524\" rel=\"noreferrer noopener\">L\u00e1nc vezet\u0151 cs\u00faszka szett (ATC400, ATC700, ITC DD295, DCD)<\/a><br>Az 53, 54 poz\u00edci\u00f3kat tartalmazza.<\/td><\/tr><tr><td>K18<\/td><td><\/td><td><\/td><td><\/td><td><a href=\"https:\/\/transfercasepartshop.com\/hu\/bmw\/atc400\/osztomu-kuplung-atc400\/\" target=\"_blank\" data-type=\"product\" data-id=\"390521\" rel=\"noreferrer noopener\">Oszt\u00f3m\u0171 kuplung (ATC400)<\/a><\/td><\/tr><tr><td>K20<\/td><td><\/td><td><\/td><td><\/td><td><\/td><\/tr><tr><td>01<\/td><td>27107539262<\/td><td>1 darab<\/td><td>Radi\u00e1lis t\u00f6m\u00edt\u00e9s<\/td><td><span>El\u00e9rhet\u0151 a t\u00f6m\u00edt\u00e9s szettben<\/span><\/td><\/tr><tr><td>02<\/td><td>&nbsp;<\/td><td>1 darab<\/td><td>T\u0171<\/td><td>&nbsp;<\/td><\/tr><tr><td>03<\/td><td>&nbsp;<\/td><td>1 darab<\/td><td>El\u00fcls\u0151 h\u00e1z<\/td><td>&nbsp;<\/td><\/tr><tr><td>04<\/td><td>&nbsp;<\/td><td>1 darab<\/td><td>R\u00f6gz\u00edt\u0151gy\u0171r\u0171<\/td><td>&nbsp;<\/td><\/tr><tr><td>05<\/td><td>&nbsp;<\/td><td>1 darab<\/td><td>Goly\u00f3scsap\u00e1gy<\/td><td>El\u00e9rhet\u0151 a&nbsp;csap\u00e1gy szettben <\/td><\/tr><tr><td>06<\/td><td>&nbsp;<\/td><td>1 darab<\/td><td>R\u00f6gz\u00edt\u0151gy\u0171r\u0171<\/td><td>&nbsp;<\/td><\/tr><tr><td>07<\/td><td>&nbsp;<\/td><td>1 darab<\/td><td>ASM f\u0151tengely<\/td><td>A 27103455133, 27103455134 t\u00edpusokban haszn\u00e1latos.<\/td><\/tr><tr><td>07<\/td><td>&nbsp;<\/td><td>1 darab<\/td><td>ASM f\u0151tengely<\/td><td>A 27103455132, 27103455135, 27103455137 t\u00edpusokban haszn\u00e1latos.<\/td><\/tr><tr><td>07<\/td><td>&nbsp;<\/td><td>1 darab<\/td><td>ASM f\u0151tengely<\/td><td>A 27103455136, 27103455138, 27103455139 t\u00edpusokban haszn\u00e1latos.<\/td><\/tr><tr><td>08<\/td><td>&nbsp;<\/td><td>1 darab<\/td><td>T\u0171csap\u00e1gy<\/td><td> <span>El\u00e9rhet\u0151 a&nbsp;csap\u00e1gy szettben <\/span><\/td><\/tr><tr><td>09<\/td><td>&nbsp;<\/td><td>1 darab<\/td><td>Kiegyenl\u00edt\u0151 gy\u0171r\u0171<\/td><td>&nbsp;<\/td><\/tr><tr><td>10<\/td><td>&nbsp;<\/td><td>1 darab<\/td><td>Nyom\u00f3s al\u00e1t\u00e9t<\/td><td>&nbsp;<\/td><\/tr><tr><td>11<\/td><td>&nbsp;<\/td><td>1 darab<\/td><td>R\u00f6gz\u00edt\u0151gy\u0171r\u0171<\/td><td>&nbsp;<\/td><\/tr><tr><td>12<\/td><td>&nbsp;<\/td><td>1 darab<\/td><td>T\u0171h\u00fcvely<\/td><td><\/td><\/tr><tr><td>13<\/td><td>&nbsp;<\/td><td>1 darab<\/td><td>Sprocket Assy<\/td><td>&nbsp;<\/td><\/tr><tr><td>14<\/td><td>&nbsp;<\/td><td>1 darab<\/td><td>T\u0171gy\u0171r\u0171<\/td><td>&nbsp;<\/td><\/tr><tr><td>15<\/td><td>&nbsp;<\/td><td>1 darab<\/td><td>Dob<\/td><td><a href=\"https:\/\/transfercasepartshop.com\/hu\/bmw\/atc400\/osztomu-kuplung-dob-atc400\/\" target=\"_blank\" data-type=\"product\" data-id=\"413863\" rel=\"noreferrer noopener\">Oszt\u00f3m\u0171 kuplung dob (ATC400)<\/a><br><a href=\"https:\/\/transfercasepartshop.com\/hu\/bmw\/atc300\/osztomu-kuplung-dob-atc300-atc400-atc500-atc700\/\" data-type=\"product\" data-id=\"390628\" target=\"_blank\" rel=\"noreferrer noopener\">Oszt\u00f3m\u0171 kuplung dob (ATC300, ATC400, ATC500, ATC700)<\/a><br>A 27103455133, 27103455134 t\u00edpusokban haszn\u00e1latos.<\/td><\/tr><tr><td>15<\/td><td>&nbsp;<\/td><td>1 darab<\/td><td>Dob<\/td><td>A 27103455132, 27103455135, 27103455136, 27103455137, 27103455138, 27103455139 t\u00edpusokban haszn\u00e1latos.<\/td><\/tr><tr><td>16<\/td><td>&nbsp;<\/td><td>1 darab<\/td><td>Olajpumpa<\/td><td>&nbsp;<\/td><\/tr><tr><td>17<\/td><td>&nbsp;<\/td><td>1 darab<\/td><td>H\u00e1ts\u00f3 h\u00e1z<\/td><td>&nbsp;<\/td><\/tr><tr><td>18<\/td><td>&nbsp;<\/td><td>9 darab<\/td><td>Lemezcsavar<\/td><td>&nbsp;<\/td><\/tr><tr><td>19<\/td><td>&nbsp;<\/td><td>1 darab<\/td><td>Szell\u0151z\u0151cs\u0151<\/td><td>&nbsp;<\/td><\/tr><tr><td>20<\/td><td>&nbsp;<\/td><td>1 darab<\/td><td>Goly\u00f3scsap\u00e1gy<\/td><td> <span>El\u00e9rhet\u0151 a&nbsp;<\/span>csap\u00e1gy szettben <\/td><\/tr><tr><td>21<\/td><td>27107539265; 331401LA0A<\/td><td>1 darab<\/td><td>Radi\u00e1lis t\u00f6m\u00edt\u00e9s<\/td><td> <span>El\u00e9rhet\u0151 a<\/span><span>&nbsp;<\/span>t\u00f6m\u00edt\u00e9s szettben<\/td><\/tr><tr><td>22<\/td><td>27107537663; 331411LA0A<\/td><td>1 darab<\/td><td>Porv\u00e9d\u0151<\/td><td>&nbsp;<\/td><\/tr><tr><td>23<\/td><td>27107537662<\/td><td>1 darab<\/td><td>Tengely kihajt\u00e1s els\u0151<\/td><td><a href=\"https:\/\/transfercasepartshop.com\/hu\/bmw\/atc400\/tengely-kihajtas-atc400\/\" target=\"_blank\" data-type=\"product\" data-id=\"390508\" rel=\"noreferrer noopener\">Tengely kihajt\u00e1s (ATC400)<\/a><br>A 27103455133, 27103455134, 27103455136, 27103455139 t\u00edpusokhoz<\/td><\/tr><tr><td>23<\/td><td>27107565929<\/td><td>1 darab<\/td><td>Tengely kihajt\u00e1s els\u0151<\/td><td><a href=\"https:\/\/transfercasepartshop.com\/hu\/bmw\/atc400\/tengely-kihajtas-atc400-2\/\" target=\"_blank\" data-type=\"product\" data-id=\"390509\" rel=\"noreferrer noopener\">Tengely kihajt\u00e1s (ATC400)<\/a><br>T\u00edpus: 27103455138<\/td><\/tr><tr><td>23<\/td><td>27107565930<\/td><td>1 darab<\/td><td>Tengely kihajt\u00e1s els\u0151<\/td><td><a href=\"https:\/\/transfercasepartshop.com\/hu\/bmw\/atc400\/tengely-kihajtas-atc400-3\/\" target=\"_blank\" data-type=\"product\" data-id=\"390510\" rel=\"noreferrer noopener\">Tengely kihajt\u00e1s (ATC400)<\/a><br>A 27103455132, 27103455135, 27103455137 t\u00edpusokhoz<\/td><\/tr><tr><td>24<\/td><td>27107537631<\/td><td>1 darab<\/td><td>O-gy\u0171r\u0171<\/td><td><span>El\u00e9rhet\u0151 a&nbsp;<\/span>t\u00f6m\u00edt\u00e9s szettben <\/td><\/tr><tr><td>25<\/td><td>27107537629<\/td><td>1 darab<\/td><td>Al\u00e1t\u00e9t szett<\/td><td>&nbsp;<\/td><\/tr><tr><td>26<\/td><td>27107539525; 331381LA0A<\/td><td>1 darab<\/td><td>R\u00f6gz\u00edt\u0151gy\u0171r\u0171<\/td><td>&nbsp;<a href=\"https:\/\/transfercasepartshop.com\/hu\/bmw\/atc300\/zarogyuru-atc35l-atc300-atc350-atc13-1-atc400-atc450-atc45l-atc500-atc700\/\" target=\"_blank\" data-type=\"product\" data-id=\"390511\" rel=\"noreferrer noopener\">Z\u00e1r\u00f3gy\u0171r\u0171 (ATC35L, ATC300, ATC350, ATC13-1, ATC400, ATC450, ATC45L, ATC500, ATC700)<\/a><\/td><\/tr><tr><td>27<\/td><td>&nbsp;<\/td><td>1 darab<\/td><td>R\u00f6gz\u00edt\u0151gy\u0171r\u0171<\/td><td>&nbsp;<\/td><\/tr><tr><td>28<\/td><td>&nbsp;<\/td><td>1 darab<\/td><td>Goly\u00f3scsap\u00e1gy<\/td><td>&nbsp;<\/td><\/tr><tr><td>29<\/td><td>&nbsp;<\/td><td>1 darab<\/td><td>R\u00f6gz\u00edt\u0151gy\u0171r\u0171<\/td><td>&nbsp;<\/td><\/tr><tr><td>30<\/td><td>&nbsp;<\/td><td>1 darab<\/td><td>Forg\u00f3 tengely kapcsol\u00f3<\/td><td>&nbsp;<\/td><\/tr><tr><td>31<\/td><td>&nbsp;<\/td><td>1 darab<\/td><td>O-gy\u0171r\u0171<\/td><td><a href=\"https:\/\/transfercasepartshop.com\/hu\/bmw\/atc400\/osztomu-tomites-szett-atc400-atc500\/\" target=\"_blank\" data-type=\"URL\" data-id=\"https:\/\/transfercasepartshop.com\/hu\/bmw\/atc400\/osztomu-tomites-szett-atc400-atc500\/\" rel=\"noreferrer noopener\"><span>El\u00e9rhet\u0151 a\u00a0<\/span>t\u00f6m\u00edt\u00e9s szettben <\/a><\/td><\/tr><tr><td>32<\/td><td>&nbsp;<\/td><td>1 darab<\/td><td>T\u0171h\u00fcvely<\/td><td>&nbsp;<\/td><\/tr><tr><td>33<\/td><td>27107539410<\/td><td>4 darab<\/td><td>Csavar<\/td><td>&nbsp;<\/td><\/tr><tr><td>34<\/td><td>27107571645<\/td><td>2 darab<\/td><td>Dug\u00f3<\/td><td>&nbsp;<\/td><\/tr><tr><td>35<\/td><td>07119963308; 88896062; LR048842<\/td><td>2 darab<\/td><td>Al\u00e1t\u00e9t-t\u00f6m\u00edt\u00e9s<\/td><td><a href=\"https:\/\/transfercasepartshop.com\/hu\/bmw\/atc400\/osztomu-tomites-szett-atc400-atc500\/\" target=\"_blank\" data-type=\"product\" data-id=\"390551\" rel=\"noreferrer noopener\">El\u00e9rhet\u0151 a t\u00f6m\u00edt\u00e9s szettben <\/a><\/td><\/tr><tr><td>36<\/td><td>&nbsp;<\/td><td>6 darab<\/td><td>Lemezcsavar<\/td><td>&nbsp;<\/td><\/tr><tr><td>37<\/td><td>05143630AA; A2102760098<\/td><td>1 darab<\/td><td>M\u00e1gnes<\/td><td>&nbsp;<\/td><\/tr><tr><td>38<\/td><td>&nbsp;<\/td><td>1 darab<\/td><td>Nyom\u00f3s al\u00e1t\u00e9t<\/td><td>&nbsp;<\/td><\/tr><tr><td>39<\/td><td>&nbsp;<\/td><td>1 darab<\/td><td>Goly\u00f3scsap\u00e1gy<\/td><td> <span>El\u00e9rhet\u0151 a&nbsp;<\/span>csap\u00e1gy szettben <\/td><\/tr><tr><td>40<\/td><td>HV086<\/td><td>1 darab<\/td><td>L\u00e1nc<\/td><td>&nbsp;<a href=\"https:\/\/transfercasepartshop.com\/hu\/bmw\/atc400\/osztomu-lanc-atc400\/\" target=\"_blank\" data-type=\"product\" data-id=\"390520\" rel=\"noreferrer noopener\">Oszt\u00f3m\u0171 l\u00e1nc (ATC400)<\/a><\/td><\/tr><tr><td>41<\/td><td>&nbsp;<\/td><td>1 darab<\/td><td>L\u00e1ncker\u00e9k<\/td><td>&nbsp;<\/td><\/tr><tr><td>42<\/td><td>&nbsp;<\/td><td>1 darab<\/td><td>Goly\u00f3scsap\u00e1gy<\/td><td> <span>El\u00e9rhet\u0151 a&nbsp;<\/span>csap\u00e1gy szettben <\/td><\/tr><tr><td>43<\/td><td>27107537630<\/td><td>1 darab<\/td><td>O-gy\u0171r\u0171<\/td><td><a href=\"https:\/\/transfercasepartshop.com\/hu\/bmw\/atc400\/osztomu-tomites-szett-atc400-atc500\/\" target=\"_blank\" data-type=\"product\" data-id=\"390551\" rel=\"noreferrer noopener\"> <span>El\u00e9rhet\u0151 a\u00a0<\/span>t\u00f6m\u00edt\u00e9s szettben <\/a><\/td><\/tr><tr><td>46<\/td><td>&nbsp;<\/td><td>2 darab<\/td><td>T\u0171<\/td><td>&nbsp;<\/td><\/tr><tr><td>47<\/td><td>27107539266<\/td><td>1 darab<\/td><td>Radi\u00e1lis t\u00f6m\u00edt\u00e9s<\/td><td><a href=\"https:\/\/transfercasepartshop.com\/hu\/bmw\/atc400\/osztomu-tomites-szett-atc400-atc500\/\" target=\"_blank\" data-type=\"product\" data-id=\"390551\" rel=\"noreferrer noopener\"> <span>El\u00e9rhet\u0151 a\u00a0<\/span>t\u00f6m\u00edt\u00e9s szettben <\/a><\/td><\/tr><tr><td>48<\/td><td>27107537665<\/td><td>1 darab<\/td><td>R\u00f6gz\u00edt\u0151k\u00f6t\u00e9l<\/td><td>&nbsp;<\/td><\/tr><tr><td>49<\/td><td>27107537664<\/td><td>1 darab<\/td><td>El\u00fcls\u0151 tengely kihajt\u00e1s<\/td><td>&nbsp;<\/td><\/tr><tr><td>53<\/td><td>&nbsp;<\/td><td>2 darab<\/td><td>L\u00e1ncvezet\u0151 cs\u00faszka<\/td><td><a href=\"https:\/\/transfercasepartshop.com\/hu\/mercedes-benz\/dcd\/lanc-vezeto-csuszka-szett-atc400-atc700-itc-dd295-dcd\/\" target=\"_blank\" data-type=\"product\" data-id=\"390524\" rel=\"noreferrer noopener\">El\u00e9rhet\u0151 l\u00e1ncvezet\u0151 szettben <\/a><\/td><\/tr><tr><td>54<\/td><td><\/td><td>4 darab<\/td><td>Csavar<\/td><td><a href=\"https:\/\/transfercasepartshop.com\/hu\/mercedes-benz\/dcd\/lanc-vezeto-csuszka-szett-atc400-atc700-itc-dd295-dcd\/\" data-type=\"product\" data-id=\"390524\" target=\"_blank\" rel=\"noreferrer noopener\">El\u00e9rhet\u0151 l\u00e1ncvezet\u0151 szettben <\/a><\/td><\/tr><tr><td>70<\/td><td><\/td><td>1 darab<\/td><td>T\u0171h\u00fcvely<\/td><td><\/td><\/tr><tr><td>71<\/td><td><\/td><td>1 darab<\/td><td>Fogasker\u00e9k<\/td><td><a href=\"https:\/\/transfercasepartshop.com\/hu\/bmw\/atc400\/osztomu-kuplung-atc400\/\" target=\"_blank\" data-type=\"product\" data-id=\"390521\" rel=\"noreferrer noopener\">Csak eg\u00e9sz kuplungban el\u00e9rhet\u0151.<\/a><\/td><\/tr><tr><td>72<\/td><td><\/td><td>2 darab<\/td><td>Axi\u00e1lis t\u0171gy\u0171r\u0171<\/td><td><a href=\"https:\/\/transfercasepartshop.com\/hu\/bmw\/atc300\/osztomu-kupling-csapagy-szett-atc300-atc400-atc500-atc700\/\" target=\"_blank\" data-type=\"product\" data-id=\"390501\" rel=\"noreferrer noopener\">Oszt\u00f3m\u0171 kuplung csap\u00e1gy szett (ATC300, ATC400, ATC500, ATC700)<\/a><\/td><\/tr><tr><td>73<\/td><td><\/td><td>1 darab<\/td><td>Tengely kapcsol\u00f3 gy\u0171r\u0171<\/td><td><a href=\"https:\/\/transfercasepartshop.com\/hu\/bmw\/atc400\/osztomu-tengely-kapcsolo-kar-atc400-atc500-atc700\/\" target=\"_blank\" data-type=\"product\" data-id=\"390535\" rel=\"noreferrer noopener\">Oszt\u00f3m\u0171 tengely kapcsol\u00f3 kar (ATC400, ATC500, ATC700)<\/a><\/td><\/tr><tr><td>74<\/td><td><\/td><td>5 darab<\/td><td>Goly\u00f3<\/td><td><a href=\"https:\/\/transfercasepartshop.com\/hu\/bmw\/atc400\/komplett-kuplung-felujito-szett-atc400\/\" data-type=\"product\" data-id=\"415950\" target=\"_blank\" rel=\"noreferrer noopener\">Komplett kuplung fel\u00faj\u00edt\u00f3 szett ATC400<\/a><\/td><\/tr><tr><td>75<\/td><td><\/td><td>1 darab<\/td><td>Tengely kapcsol\u00f3 gy\u0171r\u0171<\/td><td><a href=\"https:\/\/transfercasepartshop.com\/hu\/bmw\/atc400\/osztomu-tengely-kapcsolo-kar-atc400-atc500-atc700-2\/\" target=\"_blank\" data-type=\"product\" data-id=\"390536\" rel=\"noreferrer noopener\">Oszt\u00f3m\u0171 tengely kapcsol\u00f3 kar (ATC400, ATC500, ATC700)<\/a><\/td><\/tr><tr><td>76<\/td><td><\/td><td>1 darab<\/td><td>Dugatty\u00fa<\/td><td><a href=\"https:\/\/transfercasepartshop.com\/hu\/bmw\/atc300\/kuplung-tanyer-atc300-atc400\/\" data-type=\"product\" data-id=\"390181\" target=\"_blank\" rel=\"noreferrer noopener\">Kuplung t\u00e1ny\u00e9r (ATC300, ATC400)<\/a><\/td><\/tr><tr><td>77<\/td><td><\/td><td>4 darab<\/td><td>Lemezrug\u00f3<\/td><td><a href=\"https:\/\/transfercasepartshop.com\/hu\/bmw\/atc400\/komplett-kuplung-felujito-szett-atc400\/\" target=\"_blank\" data-type=\"product\" data-id=\"415950\" rel=\"noreferrer noopener\">Komplett kuplung fel\u00faj\u00edt\u00f3 szett ATC400<\/a><br>El\u00e9rhet\u0151 a V\u00e1lt\u00f3jav\u00edt\u00f3 szettben <\/td><\/tr><tr><td>78<\/td><td><\/td><td>1 darab<\/td><td><span>Al\u00e1t\u00e9t (*k\u00e9szlet)<\/span><\/td><td><span>Csak a\u00a0<\/span>fel\u00faj\u00edt\u00f3 (*A k\u00e9szlet 3.40, 3.60, 3.80 m\u00e9ret\u0171 al\u00e1t\u00e9tet tartalmaz)<span>\u00a0&amp;\u00a0<\/span>a L\u00e1ncvezet\u00e9k szettben el\u00e9rhet\u0151 <\/td><\/tr><tr><td>79<\/td><td><\/td><td>6 darab<\/td><td>Speci\u00e1lis al\u00e1t\u00e9t<\/td><td>  <a href=\"https:\/\/transfercasepartshop.com\/hu\/bmw\/atc300\/osztomu-lamella-szett-atc300-atc400\/\" data-type=\"product\" data-id=\"413858\" target=\"_blank\" rel=\"noreferrer noopener\">Oszt\u00f3m\u0171 lamella szett (ATC300, ATC400)<\/a><br><span>Csak a&nbsp;<\/span>Fel\u00faj\u00edt\u00f3 <span>&nbsp;&amp;&nbsp;<\/span>a L\u00e1ncvezet\u00e9k szettben el\u00e9rhet\u0151 <\/td><\/tr><tr><td>80<\/td><td><\/td><td>7 darab<\/td><td>Ac\u00e9l lemez<\/td><td> <a href=\"https:\/\/transfercasepartshop.com\/hu\/bmw\/atc300\/osztomu-lamella-szett-atc300-atc400\/\" data-type=\"product\" data-id=\"413858\" target=\"_blank\" rel=\"noreferrer noopener\">Oszt\u00f3m\u0171 lamella szett (ATC300, ATC400)<\/a><br> <span>Csak a &nbsp;<\/span>Fel\u00faj\u00edt\u00f3<span>&nbsp;&amp;&nbsp;<\/span>a L\u00e1ncvezet\u00e9k szettben el\u00e9rhet\u0151. <\/td><\/tr><tr><td>81<\/td><td><\/td><td>1 darab<\/td><td>Ker\u00e9kagy<\/td><td> <span>Csak a&nbsp;<\/span>L\u00e1ncvezet\u0151 szettben el\u00e9rhet\u0151. <\/td><\/tr><tr><td>82<\/td><td><\/td><td>1 darab<\/td><td>R\u00f6gz\u00edt\u0151gy\u0171r\u0171<\/td><td><\/td><\/tr><tr><td>83<\/td><td><\/td><td>1 darab<\/td><td>Axi\u00e1lis t\u0171gy\u0171r\u0171<\/td><td><a href=\"https:\/\/transfercasepartshop.com\/hu\/bmw\/atc300\/osztomu-kupling-csapagy-szett-atc300-atc400-atc500-atc700\/\" data-type=\"product\" data-id=\"390501\" target=\"_blank\" rel=\"noreferrer noopener\">Oszt\u00f3m\u0171 kuplung csap\u00e1gy szett (ATC300, ATC400, ATC500, ATC700)<\/a><\/td><\/tr><tr><td>90<\/td><td><\/td><td>1 darab<\/td><td>Olajpumpa<\/td><td><a href=\"https:\/\/transfercasepartshop.com\/hu\/bmw\/atc400\/osztomu-olaj-pumpa-szett-atc400\/\" target=\"_blank\" data-type=\"product\" data-id=\"390519\" rel=\"noreferrer noopener\">Oszt\u00f3m\u0171 olaj pumpa szett (ATC400)<\/a><br><span>Csak a&nbsp;<\/span>fel\u00faj\u00edt\u00f3<span>&nbsp;&amp; az olajszivatty\u00fa szettben tal\u00e1lhat\u00f3.<\/span> <\/td><\/tr><tr><td>91<\/td><td><\/td><td>1 darab<\/td><td>Szor\u00edt\u00f3<\/td><td><a href=\"https:\/\/transfercasepartshop.com\/hu\/bmw\/atc400\/osztomu-olaj-pumpa-szett-atc400\/\" data-type=\"product\" data-id=\"390519\" target=\"_blank\" rel=\"noreferrer noopener\">Oszt\u00f3m\u0171 olaj pumpa szett (ATC400)<\/a><br><span>El\u00e9rhet\u0151 a&nbsp;<\/span>fel\u00faj\u00edt\u00f3<span>&nbsp;&amp;&nbsp;az olajszivatty\u00fa szettben.<\/span> <\/td><\/tr><tr><td>92<\/td><td><\/td><td>1 darab<\/td><td>Sz\u00edv\u00f3cs\u0151<\/td><td><a href=\"https:\/\/transfercasepartshop.com\/hu\/bmw\/atc400\/osztomu-olaj-pumpa-szett-atc400\/\" data-type=\"product\" data-id=\"390519\" target=\"_blank\" rel=\"noreferrer noopener\">Oszt\u00f3m\u0171 olaj pumpa szett (ATC400)<\/a><br><span>Csak az olajszivatty\u00fa szettben tal\u00e1lhat\u00f3.<\/span> <\/td><\/tr><\/tbody><\/table><\/figure><p><\/p>","protected":false},"excerpt":{"rendered":"<p>Poz\u00edci\u00f3 OEM sz\u00e1m Mennyis\u00e9g Alkatr\u00e9sz neve Megjegyz\u00e9s K00 &nbsp; Fel\u00faj\u00edt\u00f3 szett A K03, 01, 05, 08, 20, 21, 24, 26, 27, 28, 31, 32, 35, &#8230; <\/p>\n<p class=\"read-more-container\"><a title=\"ATC-400 diagram \/ alkatr\u00e9sz katal\u00f3gus\" class=\"read-more button\" href=\"https:\/\/transfercasepartshop.com\/hu\/diagramok\/atc-400-diagram-alkatresz-katalogus\/#more-413728\" aria-label=\"Read more about ATC-400 diagram \/ alkatr\u00e9sz katal\u00f3gus\">Tov\u00e1bb<\/a><\/p>","protected":false},"author":7,"featured_media":419549,"parent":412383,"menu_order":0,"comment_status":"closed","ping_status":"closed","template":"","meta":{"_acf_changed":false,"footnotes":""},"class_list":{"0":"post-413728","1":"page","2":"type-page","3":"status-publish","4":"has-post-thumbnail","6":"infinite-scroll-item","7":"no-featured-image-padding","8":"resize-featured-image"},"acf":[],"_links":{"self":[{"href":"https:\/\/transfercasepartshop.com\/hu\/wp-json\/wp\/v2\/pages\/413728","targetHints":{"allow":["GET"]}}],"collection":[{"href":"https:\/\/transfercasepartshop.com\/hu\/wp-json\/wp\/v2\/pages"}],"about":[{"href":"https:\/\/transfercasepartshop.com\/hu\/wp-json\/wp\/v2\/types\/page"}],"author":[{"embeddable":true,"href":"https:\/\/transfercasepartshop.com\/hu\/wp-json\/wp\/v2\/users\/7"}],"replies":[{"embeddable":true,"href":"https:\/\/transfercasepartshop.com\/hu\/wp-json\/wp\/v2\/comments?post=413728"}],"version-history":[{"count":0,"href":"https:\/\/transfercasepartshop.com\/hu\/wp-json\/wp\/v2\/pages\/413728\/revisions"}],"up":[{"embeddable":true,"href":"https:\/\/transfercasepartshop.com\/hu\/wp-json\/wp\/v2\/pages\/412383"}],"wp:featuredmedia":[{"embeddable":true,"href":"https:\/\/transfercasepartshop.com\/hu\/wp-json\/wp\/v2\/media\/419549"}],"wp:attachment":[{"href":"https:\/\/transfercasepartshop.com\/hu\/wp-json\/wp\/v2\/media?parent=413728"}],"curies":[{"name":"wp","href":"https:\/\/api.w.org\/{rel}","templated":true}]}}