{"id":413724,"date":"2022-02-02T13:21:04","date_gmt":"2022-02-02T12:21:04","guid":{"rendered":"https:\/\/transfercasepartshop.com\/?page_id=413724"},"modified":"2024-03-06T08:10:41","modified_gmt":"2024-03-06T07:10:41","slug":"atc-350-diagram-alkatresz-katalogus","status":"publish","type":"page","link":"https:\/\/transfercasepartshop.com\/hu\/diagramok\/atc-350-diagram-alkatresz-katalogus\/","title":{"rendered":"ATC-350 diagram \/ alkatr\u00e9sz katal\u00f3gus"},"content":{"rendered":"<figure class=\"wp-block-table is-style-stripes\"><table><tbody><tr><td>\n<h3><strong>Poz\u00edci\u00f3<\/strong><\/h3>\n<\/td><td>\n<h3><strong>OEM sz\u00e1m<\/strong><\/h3>\n<\/td><td>\n<h3><strong>Mennyis\u00e9g<\/strong><\/h3>\n<\/td><td>\n<h3><strong>Alkatr\u00e9sz neve<\/strong><\/h3>\n<\/td><td>\n<h3><strong>Megjegyz\u00e9s<\/strong><\/h3>\n<\/td><\/tr><tr><td>K01<\/td><td>&nbsp;<\/td><td>1 darab<\/td><td>Csap\u00e1gy szett<\/td><td><a href=\"https:\/\/transfercasepartshop.com\/hu\/bmw\/atc350\/osztomu-csapagy-szett-atc350\/\" target=\"_blank\" data-type=\"product\" data-id=\"390585\" rel=\"noreferrer noopener\">Oszt\u00f3m\u0171 csap\u00e1gy szett (ATC350)<\/a><br>A 03, 11, 12, 24, 33, 39, 43, 53, 55 poz\u00edci\u00f3kat tartalmazza<\/td><\/tr><tr><td>K02<\/td><td>&nbsp;<\/td><td>1 darab<\/td><td>T\u00f6m\u00edt\u00e9s szett<\/td><td><a href=\"https:\/\/transfercasepartshop.com\/hu\/bmw\/atc350\/osztomu-tomites-szett-atc350\/\" target=\"_blank\" data-type=\"product\" data-id=\"421323\" rel=\"noreferrer noopener\">Oszt\u00f3m\u0171 t\u00f6m\u00edt\u00e9s szett (ATC350)<br><\/a>A 01, 09, 34, 37, 52, 58, 59 poz\u00edci\u00f3kat tartalmazza.<\/td><\/tr><tr><td>K04<\/td><td>27107593438<\/td><td>1 darab<\/td><td>Tengely kihajt\u00e1s els\u0151 szett<\/td><td>A 49, 50, 51, 52 poz\u00edci\u00f3kat tartalmazza<\/td><\/tr><tr><td>K05<\/td><td>27107593440<\/td><td>1 darab<\/td><td>Tengely Kihajt\u00e1s H\u00e1ts\u00f3 szett<\/td><td><a href=\"https:\/\/transfercasepartshop.com\/hu\/bmw\/atc35l\/tengely-kihajtas-hatso-atc35l-atc350\/\" data-type=\"product\" data-id=\"390614\" target=\"_blank\" rel=\"noreferrer noopener\">Tengely kihajt\u00e1s h\u00e1ts\u00f3 (ATC35L, ATC350)<\/a><br>A 35, 37, 38, K20 poz\u00edci\u00f3kat tartalmazza. Az ATC350-r\u0151l sz\u00f3l\u00f3 inform\u00e1ci\u00f3: A 27107643750 t\u00edpusban haszn\u00e1latos<\/td><\/tr><tr><td>K06<\/td><td>27107593439<\/td><td>1 darab<\/td><td>Tengely kihajt\u00e1s H\u00e1ts\u00f3 szett<\/td><td><a href=\"https:\/\/transfercasepartshop.com\/hu\/bmw\/atc35l\/tengely-kihajtas-hatso-atc35l-atc350-2\/\" target=\"_blank\" data-type=\"product\" data-id=\"390615\" rel=\"noreferrer noopener\">Tengely kihajt\u00e1s h\u00e1ts\u00f3 (ATC35L, ATC350)<\/a><br>A 35, 37, 38, K20 poz\u00edci\u00f3kat tartalmazza. Az ATC350-r\u0151l sz\u00f3l\u00f3 inform\u00e1ci\u00f3: A 27107643748, 27107643749 t\u00edpusokban haszn\u00e1latos<\/td><\/tr><tr><td>K11<\/td><td>&nbsp;<\/td><td>1 darab<\/td><td>Kuplung szett<\/td><td><a href=\"https:\/\/transfercasepartshop.com\/hu\/porsche\/pl72-atc\/osztomu-kuplung-szett-atc350-atc450-pl72-atc\/\" target=\"_blank\" data-type=\"product\" data-id=\"390579\" rel=\"noreferrer noopener\">Oszt\u00f3m\u0171 kuplung szett (ATC350, ATC450, PL72 ATC)<\/a><br>A 18, 19, 20, 21 poz\u00edci\u00f3kat tartalmazza<\/td><\/tr><tr><td>K12<\/td><td>&nbsp;<\/td><td>1 darab<\/td><td>Tengelykapcsol\u00f3 szett<\/td><td>Az 53, 54, 55, 56, 57 poz\u00edci\u00f3kat tartalmazza<\/td><\/tr><tr><td>K20<\/td><td>27107546670<\/td><td>1 darab<\/td><td>Al\u00e1t\u00e9t szett<\/td><td>&nbsp;<\/td><\/tr><tr><td>K32<\/td><td><\/td><td><\/td><td>Oszt\u00f3m\u0171 m\u0171anyag alkatr\u00e9sz szett<\/td><td><a href=\"https:\/\/transfercasepartshop.com\/hu\/bmw\/atc350\/osztomu-muanyag-alkatresz-szett-atc350\/\" target=\"_blank\" data-type=\"URL\" data-id=\"https:\/\/transfercasepartshop.com\/hu\/bmw\/atc350\/osztomu-muanyag-alkatresz-szett-atc350\/\" rel=\"noreferrer noopener\">Oszt\u00f3m\u0171 m\u0171anyag alkatr\u00e9sz szett (ATC350)<\/a><\/td><\/tr><tr><td>01<\/td><td>27107539262<\/td><td>1 darab<\/td><td>Radi\u00e1lis t\u00f6m\u00edt\u00e9s<\/td><td>&nbsp;<\/td><\/tr><tr><td>02<\/td><td>&nbsp;<\/td><td>1 darab<\/td><td>Z\u00e1r\u00f3gy\u0171r\u0171<\/td><td>&nbsp;<\/td><\/tr><tr><td>03<\/td><td>&nbsp;<\/td><td>1 darab<\/td><td>Goly\u00f3scsap\u00e1gy<\/td><td>&nbsp;<\/td><\/tr><tr><td>04<\/td><td>&nbsp;<\/td><td>1 darab<\/td><td>R\u00f6gz\u00edt\u0151 gy\u0171r\u0171<\/td><td>&nbsp;<\/td><\/tr><tr><td>05<\/td><td>&nbsp;<\/td><td>1 darab<\/td><td>T\u0171<\/td><td>&nbsp;<\/td><\/tr><tr><td>06<\/td><td>&nbsp;<\/td><td>1 darab<\/td><td>H\u00e1ts\u00f3 h\u00e1z<\/td><td>&nbsp;<\/td><\/tr><tr><td>07<\/td><td>&nbsp;<\/td><td>1 darab<\/td><td>T\u0171<\/td><td>&nbsp;<\/td><\/tr><tr><td>08<\/td><td>&nbsp;<\/td><td>1 darab<\/td><td>Al\u00e1t\u00e9t<\/td><td>&nbsp;<\/td><\/tr><tr><td>09<\/td><td>27107609202<\/td><td>1 darab<\/td><td>O-gy\u0171r\u0171<\/td><td>&nbsp;<\/td><\/tr><tr><td>10<\/td><td>&nbsp;<\/td><td>1 darab<\/td><td>Bemeneti tengely<\/td><td>&nbsp;<a href=\"https:\/\/transfercasepartshop.com\/hu\/bmw\/atc350\/osztomu-forgo-tengely-atc350\/\" target=\"_blank\" data-type=\"product\" data-id=\"390573\" rel=\"noreferrer noopener\">Oszt\u00f3m\u0171 forg\u00f3 tengely (ATC350)<\/a><\/td><\/tr><tr><td>11<\/td><td>&nbsp;<\/td><td>1 darab<\/td><td>Axi\u00e1lis t\u0171g\u00f6rg\u0151s csap\u00e1gy<\/td><td>&nbsp;<\/td><\/tr><tr><td>12<\/td><td>&nbsp;<\/td><td>1 darab<\/td><td>T\u0171csap\u00e1gy<\/td><td>&nbsp;<\/td><\/tr><tr><td>13<\/td><td>&nbsp;<\/td><td>1 darab<\/td><td>ASM sebess\u00e9gv\u00e1lt\u00f3 dobkuplunggal<\/td><td>&nbsp;<\/td><\/tr><tr><td>14<\/td><td>&nbsp;<\/td><td>1 darab<\/td><td>Al\u00e1t\u00e9t<\/td><td>&nbsp;<\/td><\/tr><tr><td>15<\/td><td>&nbsp;<\/td><td>1 darab<\/td><td>Al\u00e1t\u00e9t<\/td><td>&nbsp;<\/td><\/tr><tr><td>16<\/td><td>&nbsp;<\/td><td>1 darab<\/td><td>Be\u00e1ll\u00edt\u00f3 gy\u0171r\u0171 Ring<\/td><td>&nbsp;<\/td><\/tr><tr><td>17<\/td><td>&nbsp;<\/td><td>1 darab<\/td><td>Ker\u00e9kagy<\/td><td><a href=\"https:\/\/transfercasepartshop.com\/hu\/porsche\/pl72-atc\/kuplung-tanyer-atc350-atc450-pl72-atc\/\" target=\"_blank\" data-type=\"product\" data-id=\"390578\" rel=\"noreferrer noopener\">&nbsp;Kuplung t\u00e1ny\u00e9r (ATC350, ATC450, PL72 ATC)<\/a><\/td><\/tr><tr><td>18<\/td><td>&nbsp;<\/td><td>5 darab<\/td><td>T\u00e1rcs\u00e1s rug\u00f3<\/td><td>&nbsp;<\/td><\/tr><tr><td>19<\/td><td>&nbsp;<\/td><td>8 darab<\/td><td>Lamella<\/td><td>&nbsp;<\/td><\/tr><tr><td>20<\/td><td>&nbsp;<\/td><td>7 darab<\/td><td>Ac\u00e9llemez<\/td><td>&nbsp;<\/td><\/tr><tr><td>21<\/td><td>&nbsp;<\/td><td>1 darab<\/td><td>Lemez<\/td><td>&nbsp;<\/td><\/tr><tr><td>22<\/td><td>&nbsp;<\/td><td>1 darab<\/td><td>Dugatty\u00fa<\/td><td>&nbsp;<a href=\"https:\/\/transfercasepartshop.com\/hu\/porsche\/pl72-atc\/kuplung-tanyer-atc350-atc450-pl72-atc-95b\/\" target=\"_blank\" data-type=\"product\" data-id=\"390574\" rel=\"noreferrer noopener\">Kuplung t\u00e1ny\u00e9r (ATC350, ATC450, PL72 ATC, 95B)<\/a><\/td><\/tr><tr><td>23<\/td><td>&nbsp;<\/td><td>2 darab<\/td><td>Al\u00e1t\u00e9t<\/td><td>&nbsp;<\/td><\/tr><tr><td>24<\/td><td>&nbsp;<\/td><td>2 darab<\/td><td>Csap\u00e1gyh\u00e1z \u00e9s g\u00f6rg\u0151<\/td><td>&nbsp;<\/td><\/tr><tr><td>25<\/td><td>&nbsp;<\/td><td>1 darab<\/td><td>Tengely kapcsol\u00f3 gy\u0171r\u0171sg\u00f6mb<\/td><td>&nbsp;<a href=\"https:\/\/transfercasepartshop.com\/hu\/porsche\/95b\/osztomu-tengely-kapcsolo-kar-atc350-95b\/\" target=\"_blank\" data-type=\"product\" data-id=\"390581\" rel=\"noreferrer noopener\">Oszt\u00f3m\u0171 tengely kapcsol\u00f3 kar (ATC350, 95B)<\/a><\/td><\/tr><tr><td>26<\/td><td>&nbsp;<\/td><td>3 darab<\/td><td>Goly\u00f3<\/td><td>&nbsp;<\/td><\/tr><tr><td>27<\/td><td>&nbsp;<\/td><td>1 darab<\/td><td>Tengely kapcsol\u00f3 gy\u0171r\u0171<\/td><td>&nbsp;<a href=\"https:\/\/transfercasepartshop.com\/hu\/bmw\/atc350\/osztomu-tengely-kapcsolo-kar-atc350\/\" target=\"_blank\" data-type=\"product\" data-id=\"390586\" rel=\"noreferrer noopener\">Oszt\u00f3m\u0171 tengely kapcsol\u00f3 kar (ATC350)<\/a><\/td><\/tr><tr><td>28<\/td><td>&nbsp;<\/td><td>1 darab<\/td><td>Terel\u0151<\/td><td>&nbsp;<\/td><\/tr><tr><td>29<\/td><td>332011LA0A<\/td><td>6 darab<\/td><td>Csavar<\/td><td>&nbsp;<\/td><\/tr><tr><td>30<\/td><td>&nbsp;<\/td><td>1 darab<\/td><td>Gy\u0171r\u0171<\/td><td>&nbsp;<a href=\"https:\/\/transfercasepartshop.com\/hu\/porsche\/pl72-atc\/zarokor-atc350-atc450-pl72-atc-95b\/\" target=\"_blank\" data-type=\"product\" data-id=\"390576\" rel=\"noreferrer noopener\">Z\u00e1r\u00f3k\u00f6r (ATC350, ATC450, PL72 ATC, 95B)<\/a><\/td><\/tr><tr><td>31<\/td><td>&nbsp;<\/td><td>1 darab<\/td><td>H\u00e1z eleje<\/td><td>&nbsp;<\/td><\/tr><tr><td>32<\/td><td>&nbsp;<\/td><td>8 darab<\/td><td>Csavar<\/td><td>&nbsp;<\/td><\/tr><tr><td>33<\/td><td>&nbsp;<\/td><td>1 darab<\/td><td>Goly\u00f3s csap\u00e1gy<\/td><td>&nbsp;<\/td><\/tr><tr><td>34<\/td><td>27107546667<\/td><td>1 darab<\/td><td>Radi\u00e1lis t\u00f6m\u00edt\u00e9s<\/td><td>&nbsp;<\/td><\/tr><tr><td>35<\/td><td>&nbsp;<\/td><td>1 darab<\/td><td>H\u00e1ts\u00f3 tengely kihajt\u00e1s<\/td><td>&nbsp;<\/td><\/tr><tr><td>36<\/td><td>&nbsp;<\/td><td>1 darab<\/td><td>Al\u00e1t\u00e9t<\/td><td>&nbsp;<\/td><\/tr><tr><td>37<\/td><td>27107599326<\/td><td>1 darab<\/td><td>T\u00f6m\u00edt\u0151 O-gy\u0171r\u0171<\/td><td>&nbsp;<\/td><\/tr><tr><td>38<\/td><td>27107539525; 331381LA0A<\/td><td>1 darab<\/td><td>R\u00f6gz\u00edt\u0151 gy\u0171r\u0171<\/td><td>&nbsp;<a href=\"https:\/\/transfercasepartshop.com\/hu\/bmw\/atc300\/zarogyuru-atc35l-atc300-atc350-atc13-1-atc400-atc450-atc45l-atc500-atc700\/\" target=\"_blank\" data-type=\"product\" data-id=\"390511\" rel=\"noreferrer noopener\">Z\u00e1r\u00f3gy\u0171r\u0171 (ATC35L, ATC300, ATC350, ATC13-1, ATC400, ATC450, ATC45L, ATC500, ATC700)<\/a><\/td><\/tr><tr><td>39<\/td><td>&nbsp;<\/td><td>2 darab<\/td><td>K\u00fapg\u00f6rg\u0151s csap\u00e1gy<\/td><td>&nbsp;<\/td><\/tr><tr><td>40<\/td><td>&nbsp;<\/td><td>1 darab<\/td><td>H\u00e1ts\u00f3 terel\u0151<\/td><td>&nbsp;<\/td><\/tr><tr><td>41<\/td><td>&nbsp;<\/td><td>1 darab<\/td><td>K\u00f6zbens\u0151 fogasker\u00e9k<\/td><td><a href=\"https:\/\/transfercasepartshop.com\/hu\/bmw\/atc350\/kozbenso-fogaskerek-atc350\/\" target=\"_blank\" data-type=\"product\" data-id=\"390582\" rel=\"noreferrer noopener\">&nbsp;K\u00f6zbens\u0151 fogasker\u00e9k (ATC350)<\/a><\/td><\/tr><tr><td>42<\/td><td>&nbsp;<\/td><td>1 darab<\/td><td>Terel\u0151 el\u00f6l<\/td><td>&nbsp;<\/td><\/tr><tr><td>43<\/td><td>&nbsp;<\/td><td>2 darab<\/td><td>Goly\u00f3scsap\u00e1gy<\/td><td>&nbsp;<\/td><\/tr><tr><td>44<\/td><td>&nbsp;<\/td><td>1 darab<\/td><td>Els\u0151 fogasker\u00e9k kimenet<\/td><td>&nbsp;<a href=\"https:\/\/transfercasepartshop.com\/hu\/bmw\/atc350\/tengely-kihajtas-elso-atc350\/\" target=\"_blank\" data-type=\"product\" data-id=\"390572\" rel=\"noreferrer noopener\">Tengely kihajt\u00e1s els\u0151 (ATC350)<\/a><\/td><\/tr><tr><td>45<\/td><td>&nbsp;<\/td><td>1 darab<\/td><td>K\u00f6zpontos\u00edt\u00f3 h\u00fcvely<\/td><td>&nbsp;<\/td><\/tr><tr><td>46<\/td><td>05143630AA; A2102760098<\/td><td>1 darab<\/td><td>M\u00e1gnes<\/td><td>&nbsp;<\/td><\/tr><tr><td>47<\/td><td>&nbsp;<\/td><td>1 darab<\/td><td>ASM cs\u0151<\/td><td>&nbsp;<\/td><\/tr><tr><td>48<\/td><td>&nbsp;<\/td><td>1 darab<\/td><td>R\u00f6gz\u00edt\u0151 gy\u0171r\u0171<\/td><td>&nbsp;<\/td><\/tr><tr><td>49<\/td><td>&nbsp;<\/td><td>1 darab<\/td><td>Tengely kihajt\u00e1s<\/td><td>&nbsp;<\/td><\/tr><tr><td>50<\/td><td>27107546679<\/td><td>1 darab<\/td><td>Bepattan\u00f3 gy\u0171r\u0171<\/td><td>&nbsp;<\/td><\/tr><tr><td>51<\/td><td>27107537665<\/td><td>1 darab<\/td><td>Porv\u00e9d\u0151<\/td><td>&nbsp;<\/td><\/tr><tr><td>52<\/td><td>27107539266<\/td><td>1 darab<\/td><td>Radi\u00e1lis t\u00f6m\u00edt\u00e9s<\/td><td>&nbsp;<\/td><\/tr><tr><td>53<\/td><td>&nbsp;<\/td><td>1 darab<\/td><td>T\u0171csap\u00e1gy<\/td><td>&nbsp;<\/td><\/tr><tr><td>54<\/td><td>&nbsp;<\/td><td>1 darab<\/td><td>Tengely kapcsol\u00f3<\/td><td>&nbsp;<\/td><\/tr><tr><td>55<\/td><td>&nbsp;<\/td><td>1 darab<\/td><td>Goly\u00f3scsap\u00e1gy<\/td><td>&nbsp;<\/td><\/tr><tr><td>56<\/td><td>&nbsp;<\/td><td>1 darab<\/td><td>R\u00f6gz\u00edt\u0151 gy\u0171r\u0171<\/td><td>&nbsp;<\/td><\/tr><tr><td>57<\/td><td>&nbsp;<\/td><td>1 darab<\/td><td>R\u00f6gz\u00edt\u0151 gy\u0171r\u0171<\/td><td>&nbsp;<\/td><\/tr><tr><td>58<\/td><td>27107593452<\/td><td>1 darab<\/td><td>Radi\u00e1lis t\u00f6m\u00edt\u0151 gy\u0171r\u0171<\/td><td>&nbsp;<\/td><\/tr><tr><td>59<\/td><td>27107593451; 95834150100<\/td><td>1 darab<\/td><td>T\u00f6m\u00edt\u0151 O-gy\u0171r\u0171<\/td><td>&nbsp;<\/td><\/tr><tr><td>60<\/td><td>&nbsp;<\/td><td>1 darab<\/td><td>Tengely kapcsol\u00f3 motor<\/td><td>&nbsp;<\/td><\/tr><tr><td>61<\/td><td>27107593450; 673002351; 90038507101; 95834150200<\/td><td>2 darab<\/td><td>Csavar<\/td><td>&nbsp;<\/td><\/tr><tr><td>62<\/td><td>22316773125<\/td><td>1 darab<\/td><td>Be\u00e9p\u00edt\u0151<\/td><td>Az ATC300-r\u0151l inform\u00e1ci\u00f3: A 27107599690, 27107599693 t\u00edpusokban haszn\u00e1latos. Inform\u00e1ci\u00f3 az ATC350-r\u0151l: A 27107643748 t\u00edpusban haszn\u00e1latos.<\/td><\/tr><tr><td>62<\/td><td>22313422956<\/td><td>1 darab<\/td><td>Be\u00e9p\u00edt\u0151<\/td><td>Az ATC300-r\u0151l inform\u00e1ci\u00f3: A 27107613153, 27107613152 t\u00edpusokban haszn\u00e1latos. Inform\u00e1ci\u00f3 az ATC350-r\u0151l: A 27107643749 t\u00edpusban haszn\u00e1latos.<\/td><\/tr><tr><td>63<\/td><td>33117525064<\/td><td>1 darab<\/td><td>Dug\u00f3<\/td><td>&nbsp;<\/td><\/tr><tr><td>64<\/td><td>&nbsp;<\/td><td>1 darab<\/td><td>Al\u00e1t\u00e9t<\/td><td>&nbsp;<\/td><\/tr><tr><td>65<\/td><td>&nbsp;<\/td><td>1 darab<\/td><td>Al\u00e1t\u00e9t<\/td><td>&nbsp;<\/td><\/tr><\/tbody><\/table><\/figure><p><\/p>","protected":false},"excerpt":{"rendered":"<p>Poz\u00edci\u00f3 OEM sz\u00e1m Mennyis\u00e9g Alkatr\u00e9sz neve Megjegyz\u00e9s K01 &nbsp; 1 darab Csap\u00e1gy szett Oszt\u00f3m\u0171 csap\u00e1gy szett (ATC350)A 03, 11, 12, 24, 33, 39, 43, 53, &#8230; <\/p>\n<p class=\"read-more-container\"><a title=\"ATC-350 diagram \/ alkatr\u00e9sz katal\u00f3gus\" class=\"read-more button\" href=\"https:\/\/transfercasepartshop.com\/hu\/diagramok\/atc-350-diagram-alkatresz-katalogus\/#more-413724\" aria-label=\"Read more about ATC-350 diagram \/ alkatr\u00e9sz katal\u00f3gus\">Tov\u00e1bb<\/a><\/p>","protected":false},"author":7,"featured_media":419593,"parent":412383,"menu_order":0,"comment_status":"closed","ping_status":"closed","template":"","meta":{"_acf_changed":false,"footnotes":""},"class_list":{"0":"post-413724","1":"page","2":"type-page","3":"status-publish","4":"has-post-thumbnail","6":"infinite-scroll-item","7":"no-featured-image-padding","8":"resize-featured-image"},"acf":[],"_links":{"self":[{"href":"https:\/\/transfercasepartshop.com\/hu\/wp-json\/wp\/v2\/pages\/413724","targetHints":{"allow":["GET"]}}],"collection":[{"href":"https:\/\/transfercasepartshop.com\/hu\/wp-json\/wp\/v2\/pages"}],"about":[{"href":"https:\/\/transfercasepartshop.com\/hu\/wp-json\/wp\/v2\/types\/page"}],"author":[{"embeddable":true,"href":"https:\/\/transfercasepartshop.com\/hu\/wp-json\/wp\/v2\/users\/7"}],"replies":[{"embeddable":true,"href":"https:\/\/transfercasepartshop.com\/hu\/wp-json\/wp\/v2\/comments?post=413724"}],"version-history":[{"count":0,"href":"https:\/\/transfercasepartshop.com\/hu\/wp-json\/wp\/v2\/pages\/413724\/revisions"}],"up":[{"embeddable":true,"href":"https:\/\/transfercasepartshop.com\/hu\/wp-json\/wp\/v2\/pages\/412383"}],"wp:featuredmedia":[{"embeddable":true,"href":"https:\/\/transfercasepartshop.com\/hu\/wp-json\/wp\/v2\/media\/419593"}],"wp:attachment":[{"href":"https:\/\/transfercasepartshop.com\/hu\/wp-json\/wp\/v2\/media?parent=413724"}],"curies":[{"name":"wp","href":"https:\/\/api.w.org\/{rel}","templated":true}]}}