{"id":413720,"date":"2022-02-02T13:18:13","date_gmt":"2022-02-02T12:18:13","guid":{"rendered":"https:\/\/transfercasepartshop.com\/?page_id=413720"},"modified":"2024-03-06T08:10:03","modified_gmt":"2024-03-06T07:10:03","slug":"atc-300-diagram-alkatresz-katalogus","status":"publish","type":"page","link":"https:\/\/transfercasepartshop.com\/hu\/diagramok\/atc-300-diagram-alkatresz-katalogus\/","title":{"rendered":"ATC-300 diagram \/ alkatr\u00e9sz katal\u00f3gus"},"content":{"rendered":"<figure class=\"wp-block-table is-style-stripes\"><table><tbody><tr><td>\n<h3><strong>Poz\u00edci\u00f3<\/strong><\/h3>\n<\/td><td>\n<h3><strong>OEM sz\u00e1m<\/strong><\/h3>\n<\/td><td>\n<h3><strong>Mennyis\u00e9g<\/strong><\/h3>\n<\/td><td>\n<h3><strong>Alkatr\u00e9sz neve<\/strong><\/h3>\n<\/td><td>\n<h3><strong>Jegyzet<\/strong><\/h3>\n<\/td><\/tr><tr><td>K00<\/td><td>&nbsp;<\/td><td><\/td><td>Fel\u00faj\u00edt\u00f3 szett<\/td><td>Tartalmazza a K03, 01, 03, 07, 09, 12, 18, 20, 23, 29, 35, 39, 40, 43, 46, 49, 50, 70, 72, 77, 78, 79, 80, 82, 83, 84, 90, 91 poz\u00edci\u00f3kat. R\u00e9szletes inform\u00e1ci\u00f3k a term\u00e9kle\u00edr\u00e1sban tal\u00e1lhat\u00f3k.<\/td><\/tr><tr><td>K01<\/td><td>&nbsp;<\/td><td>1 darab<\/td><td>Csap\u00e1gy szett <\/td><td><a href=\"https:\/\/transfercasepartshop.com\/hu\/bmw\/atc300\/osztomu-csapagy-szett-atc300\/\" target=\"_blank\" data-type=\"product\" data-id=\"421007\" rel=\"noreferrer noopener\">Oszt\u00f3m\u0171 csap\u00e1gy szett (ATC300)<br><\/a>A 03, 09, 18, 43 poz\u00edci\u00f3kat tartalmazza<\/td><\/tr><tr><td>K02<\/td><td>&nbsp;<\/td><td>1 darab<\/td><td>T\u00f6m\u00edt\u00e9s szett<\/td><td><a href=\"https:\/\/transfercasepartshop.com\/hu\/bmw\/atc300\/osztomu-tomites-szett-atc300\/\" target=\"_blank\" data-type=\"product\" data-id=\"421442\" rel=\"noreferrer noopener\">Oszt\u00f3m\u0171 t\u00f6m\u00edt\u00e9s szett (ATC300)<br><\/a>A k\u00f6vetkez\u0151 poz\u00edci\u00f3kat tartalmazza: 01, 07, 20, 40, 49<\/td><\/tr><tr><td>K03<\/td><td>27107546671<\/td><td>1 darab<\/td><td>Tengely kapcsol\u00f3 szett<\/td><td>A k\u00f6vetkez\u0151 poz\u00edci\u00f3kat tartalmazza: 24, 25, 26, 27<\/td><\/tr><tr><td>K04<\/td><td>27107548115<\/td><td>1 darab<\/td><td>Tengely kihajt\u00e1s els\u0151 szett <\/td><td>A k\u00f6vetkez\u0151 poz\u00edci\u00f3kat tartalmazza: 41,42, 45, valamint az \u00f6sszeszerel\u0151 paszt\u00e1t<\/td><\/tr><tr><td>K05<\/td><td>27107548116<\/td><td>1 darab<\/td><td>Tengely kihajt\u00e1s h\u00e1ts\u00f3 szett<\/td><td>A k\u00f6vetkez\u0151 poz\u00edci\u00f3kat tartalmazza: 21, 23, 49, K20<\/td><\/tr><tr><td>K18<\/td><td><\/td><td>1 darab<\/td><td>Eg\u00e9sz kuplung<\/td><td><a href=\"https:\/\/transfercasepartshop.com\/hu\/bmw\/atc300\/osztomu-kuplung-atc300\/\" target=\"_blank\" data-type=\"product\" data-id=\"420697\" rel=\"noreferrer noopener\">Oszt\u00f3m\u0171 kuplung (ATC300)<\/a><\/td><\/tr><tr><td>K20<\/td><td>27107546670<\/td><td>1 darab<\/td><td>Al\u00e1t\u00e9t szett  <\/td><td>&nbsp;<\/td><\/tr><tr><td>01<\/td><td>27107539262<\/td><td>1 darab<\/td><td>Radi\u00e1lis t\u00f6m\u00edt\u00e9s<\/td><td>El\u00e9rhet\u0151 a t\u00f6m\u00edt\u00e9s szettben. <\/td><\/tr><tr><td>02<\/td><td>&nbsp;<\/td><td>1 darab<\/td><td>R\u00f6gz\u00edt\u0151 gy\u0171r\u0171<\/td><td>&nbsp;<\/td><\/tr><tr><td>03<\/td><td>&nbsp;<\/td><td>1 darab<\/td><td>Goly\u00f3s csap\u00e1gy<\/td><td>El\u00e9rhet\u0151 a&nbsp;csap\u00e1gy szettben  <\/td><\/tr><tr><td>04<\/td><td>&nbsp;<\/td><td>1 darab<\/td><td>R\u00f6gz\u00edt\u0151 gy\u0171r\u0171<\/td><td>&nbsp;<\/td><\/tr><tr><td>05<\/td><td>&nbsp;<\/td><td>1 darab<\/td><td>El\u00fcls\u0151 h\u00e1z<\/td><td>&nbsp;<\/td><\/tr><tr><td>06<\/td><td>&nbsp;<\/td><td>2 darab<\/td><td>Csap<\/td><td>&nbsp;<\/td><\/tr><tr><td>07<\/td><td>27107537630<\/td><td>1 darab<\/td><td>O-gy\u0171r\u0171<\/td><td> <span>El\u00e9rhet\u0151 a<\/span><span>&nbsp;<\/span>t\u00f6m\u00edt\u00e9s szettben <\/td><\/tr><tr><td>08<\/td><td>&nbsp;<\/td><td>1 darab<\/td><td>Forg\u00f3 tengely szerelv\u00e9ny<\/td><td>&nbsp;<\/td><\/tr><tr><td>09<\/td><td>&nbsp;<\/td><td>1 darab<\/td><td>T\u0171csap\u00e1gy<\/td><td> <span>El\u00e9rhet\u0151 a&nbsp;<\/span>csap\u00e1gy szettben  <\/td><\/tr><tr><td>10<\/td><td>&nbsp;<\/td><td>1 darab<\/td><td>T\u0171h\u00fcvely<\/td><td>&nbsp;<\/td><\/tr><tr><td>11<\/td><td>&nbsp;<\/td><td>1 darab<\/td><td>Axi\u00e1lis t\u0171g\u00f6rg\u0151s csap\u00e1gy<\/td><td>&nbsp;<\/td><\/tr><tr><td>12<\/td><td>&nbsp;<\/td><td>1 darab<\/td><td>T\u00e1vtart\u00f3<\/td><td>&nbsp;<\/td><\/tr><tr><td>13<\/td><td>&nbsp;<\/td><td>1 darab<\/td><td>Nyom\u00f3s al\u00e1t\u00e9t<\/td><td>&nbsp;<\/td><\/tr><tr><td>14<\/td><td>&nbsp;<\/td><td>1 darab<\/td><td>Dob<\/td><td><a href=\"https:\/\/transfercasepartshop.com\/hu\/bmw\/atc300\/osztomu-kuplung-dob-atc300-atc400-atc500-atc700\/\" data-type=\"product\" data-id=\"390628\" target=\"_blank\" rel=\"noreferrer noopener\">Oszt\u00f3m\u0171 kuplung dob (ATC300, ATC400, ATC500, ATC700)<\/a><\/td><\/tr><tr><td>15<\/td><td>&nbsp;<\/td><td>1 darab<\/td><td>Olajpumpa szerelv\u00e9ny<\/td><td>&nbsp;<\/td><\/tr><tr><td>16<\/td><td>&nbsp;<\/td><td>1 darab<\/td><td>H\u00e1ts\u00f3 h\u00e1z<\/td><td>&nbsp;<\/td><\/tr><tr><td>17<\/td><td>&nbsp;<\/td><td>1 darab<\/td><td>Szell\u0151z\u0151cs\u0151<\/td><td>&nbsp;<\/td><\/tr><tr><td>18<\/td><td>&nbsp;<\/td><td>1 darab<\/td><td>Goly\u00f3scsap\u00e1gy<\/td><td> <span>El\u00e9rhet\u0151 a&nbsp;csap\u00e1gy szettben <\/span><\/td><\/tr><tr><td>19<\/td><td>&nbsp;<\/td><td>1 darab<\/td><td>R\u00f6gz\u00edt\u0151 gy\u0171r\u0171<\/td><td>&nbsp;<\/td><\/tr><tr><td>20<\/td><td>27107546667<\/td><td>1 darab<\/td><td>Radi\u00e1lis t\u00f6m\u00edt\u00e9s<\/td><td> <span>El\u00e9rhet\u0151 a<\/span><span>&nbsp;<\/span>t\u00f6m\u00edt\u00e9s szettben <\/td><\/tr><tr><td>21<\/td><td>27107558255<\/td><td>1 darab<\/td><td>H\u00e1ts\u00f3 tengely kihajt\u00e1s<\/td><td>&nbsp;<a href=\"https:\/\/transfercasepartshop.com\/hu\/bmw\/atc300\/tengely-kihajtas-hatso-atc300\/\" target=\"_blank\" data-type=\"product\" data-id=\"390512\" rel=\"noreferrer noopener\">Tengely kihajt\u00e1s h\u00e1ts\u00f3 (ATC300)<\/a><\/td><\/tr><tr><td>23<\/td><td>27107539525; 331381LA0A<\/td><td>1 darab<\/td><td>R\u00f6gz\u00edt\u0151 gy\u0171r\u0171<\/td><td><a href=\"https:\/\/transfercasepartshop.com\/hu\/bmw\/atc300\/zarogyuru-atc35l-atc300-atc350-atc13-1-atc400-atc450-atc45l-atc500-atc700\/\" target=\"_blank\" data-type=\"product\" data-id=\"390511\" rel=\"noreferrer noopener\">Z\u00e1r\u00f3gy\u0171r\u0171 (ATC35L, ATC300, ATC350, ATC13-1, ATC400, ATC450, ATC45L, ATC500, ATC700)<\/a><br>&nbsp;<a href=\"https:\/\/transfercasepartshop.com\/hu\/bmw\/atc300\/zarogyuru-atc35l-atc300-atc350-atc13-1-atc400-atc450-atc45l-atc500-atc700\/\" target=\"_blank\" data-type=\"product\" data-id=\"390511\" rel=\"noreferrer noopener\">Z\u00e1r\u00f3gy\u0171r\u0171 (ATC35L, ATC300, ATC350, ATC13-1, ATC400, ATC450, ATC45L, ATC500, ATC700)<\/a><\/td><\/tr><tr><td>24<\/td><td>27107546672<\/td><td>3 darab<\/td><td>Lemezcsavar<\/td><td>&nbsp;<\/td><\/tr><tr><td>25<\/td><td>13547682039<\/td><td>1 darab<\/td><td>Lemezcsavar<\/td><td>&nbsp;<\/td><\/tr><tr><td>26<\/td><td>&nbsp;<\/td><td>1 darab<\/td><td>K\u00f3d ellen\u00e1ll\u00e1s<\/td><td> <span>El\u00e9rhet\u0151 a&nbsp;<\/span>tengelykapcsol\u00f3 szettben. <\/td><\/tr><tr><td>27<\/td><td>&nbsp;<\/td><td>1 darab<\/td><td>Tengely kapcsol\u00f3 motor<\/td><td><span>El\u00e9rhet\u0151 a&nbsp;tengelykapcsol\u00f3 szettben<\/span><\/td><\/tr><tr><td>28<\/td><td>&nbsp;<\/td><td>8 darab<\/td><td>Lemezcsavar<\/td><td>&nbsp;<\/td><\/tr><tr><td>28 A<\/td><td>&nbsp;<\/td><td>7 darab<\/td><td>Lemezcsavar<\/td><td>&nbsp;<\/td><\/tr><tr><td>29<\/td><td>&nbsp;<\/td><td>1 darab<\/td><td>K\u00fapg\u00f6rg\u0151s csap\u00e1gy<\/td><td> <span>El\u00e9rhet\u0151 a&nbsp;<\/span>csap\u00e1gy szettben  <\/td><\/tr><tr><td>30<\/td><td>&nbsp;<\/td><td>1 darab<\/td><td>Nyom\u00f3s al\u00e1t\u00e9t<\/td><td>&nbsp;<\/td><\/tr><tr><td>31<\/td><td>&nbsp;<\/td><td>1 darab<\/td><td>Tengely kapcsol\u00f3 CAM<\/td><td>&nbsp;<\/td><\/tr><tr><td>32<\/td><td>&nbsp;<\/td><td>1 darab<\/td><td>Olajlemezh\u00e1z eleje<\/td><td>&nbsp;<\/td><\/tr><tr><td>33<\/td><td>&nbsp;<\/td><td>1 darab<\/td><td>K\u00f6zbens\u0151 fogasker\u00e9k<\/td><td>&nbsp;<a href=\"https:\/\/transfercasepartshop.com\/hu\/bmw\/atc300\/kozbenso-fogaskerek-atc300\/\" target=\"_blank\" data-type=\"product\" data-id=\"390527\" rel=\"noreferrer noopener\">K\u00f6zbens\u0151 fogasker\u00e9k (ATC300)<\/a><\/td><\/tr><tr><td>34<\/td><td>&nbsp;<\/td><td>1 darab<\/td><td>Olajlemezh\u00e1z h\u00e1tulja<\/td><td>&nbsp;<\/td><\/tr><tr><td>35<\/td><td>&nbsp;<\/td><td>1 darab<\/td><td>K\u00fapg\u00f6rg\u0151s csap\u00e1gy<\/td><td> <span>El\u00e9rhet\u0151 a&nbsp;<\/span>csap\u00e1gy szettben  <\/td><\/tr><tr><td>36<\/td><td>&nbsp;<\/td><td>1 darab<\/td><td>Csipesz<\/td><td>&nbsp;<\/td><\/tr><tr><td>37<\/td><td>05143630AA; A2102760098<\/td><td>1 darab<\/td><td>M\u00e1gnes<\/td><td>&nbsp;<\/td><\/tr><tr><td>38<\/td><td>&nbsp;<\/td><td>2 darab<\/td><td>T\u0171<\/td><td>&nbsp;<\/td><\/tr><tr><td>39<\/td><td>33117525064<\/td><td>2 darab<\/td><td>Dug\u00f3<\/td><td>&nbsp;<\/td><\/tr><tr><td>40<\/td><td>27107539266<\/td><td>1 darab<\/td><td>Radi\u00e1lis t\u00f6m\u00edt\u00e9s<\/td><td> <span>El\u00e9rhet\u0151 a<\/span><span>&nbsp;<\/span>t\u00f6m\u00edt\u00e9s szettben <\/td><\/tr><tr><td>41<\/td><td>&nbsp;<\/td><td>1 darab<\/td><td>Tengely kihajt\u00e1s els\u0151<\/td><td>&nbsp;<\/td><\/tr><tr><td>42<\/td><td>27107537665<\/td><td>1 darab<\/td><td>Porv\u00e9d\u0151<\/td><td>&nbsp;<\/td><\/tr><tr><td>43<\/td><td>&nbsp;<\/td><td>2 darab<\/td><td>Goly\u00f3scsap\u00e1gy<\/td><td> <span>El\u00e9rhet\u0151 a&nbsp;<\/span>csap\u00e1gy szettben  <\/td><\/tr><tr><td>44<\/td><td>&nbsp;<\/td><td>1 darab<\/td><td>Helik\u00e1lis fogasker\u00e9k FA<\/td><td>&nbsp;<a href=\"https:\/\/transfercasepartshop.com\/hu\/bmw\/atc300\/tengely-kihajtas-elso-atc300\/\" target=\"_blank\" data-type=\"product\" data-id=\"390528\" rel=\"noreferrer noopener\">Tengely kihajt\u00e1s els\u0151 (ATC300)<\/a><\/td><\/tr><tr><td>45<\/td><td>27107546679<\/td><td>1 darab<\/td><td>Bepattan\u00f3 gy\u0171r\u0171<\/td><td>&nbsp;<\/td><\/tr><tr><td>46<\/td><td>&nbsp;<\/td><td>1 darab<\/td><td>Bepattan\u00f3 gy\u0171r\u0171<\/td><td>&nbsp;<\/td><\/tr><tr><td>47<\/td><td>&nbsp;<\/td><td>1 darab<\/td><td>Nyom\u00f3s al\u00e1t\u00e9t<\/td><td>&nbsp;<\/td><\/tr><tr><td>48<\/td><td>&nbsp;<\/td><td>1 darab<\/td><td>T\u0171gy\u0171r\u0171<\/td><td>&nbsp;<\/td><\/tr><tr><td>49<\/td><td>27107537631<\/td><td>1 darab<\/td><td>O-gy\u0171r\u0171<\/td><td> <span>El\u00e9rhet\u0151 a<\/span><span>&nbsp;<\/span>t\u00f6m\u00edt\u00e9s szettben <\/td><\/tr><tr><td>50<\/td><td>&nbsp;<\/td><td>1 darab<\/td><td>T\u0171csap\u00e1gy<\/td><td> <span>El\u00e9rhet\u0151 a&nbsp;<\/span>csap\u00e1gy szettben  <\/td><\/tr><tr><td>51<\/td><td>22316773125<\/td><td>1 darab<\/td><td>Be\u00e9p\u00edt\u0151<\/td><td>A 27107599690, 27107599693, 27107643748 t\u00edpusokban haszn\u00e1latos<\/td><\/tr><tr><td>51<\/td><td>22313422956<\/td><td>1 darab<\/td><td>Be\u00e9p\u00edt\u0151<\/td><td>A 27107613153, 27107613152, 27107643749 t\u00edpusokban haszn\u00e1latos<\/td><\/tr><tr><td>70<\/td><td><\/td><td>1 darab<\/td><td>T\u0171h\u00fcvely<\/td><td><\/td><\/tr><tr><td>71<\/td><td><\/td><td>1 darab<\/td><td>Fogasker\u00e9k<\/td><td>Csak a&nbsp;l\u00e1ncker\u00e9k szettben tal\u00e1lhat\u00f3 <\/td><\/tr><tr><td>72<\/td><td><\/td><td>2 darab<\/td><td>Axi\u00e1lis t\u0171gy\u0171r\u0171<\/td><td><a href=\"https:\/\/transfercasepartshop.com\/hu\/bmw\/atc300\/osztomu-kupling-csapagy-szett-atc300-atc400-atc500-atc700\/\" target=\"_blank\" data-type=\"product\" data-id=\"390501\" rel=\"noreferrer noopener\">Oszt\u00f3m\u0171 kuplung csap\u00e1gy szett (ATC300, ATC400, ATC500, ATC700)<\/a><\/td><\/tr><tr><td>73<\/td><td><\/td><td>1 darab<\/td><td>Tengely kapcsol\u00f3 gy\u0171r\u0171<\/td><td><a href=\"https:\/\/transfercasepartshop.com\/hu\/bmw\/atc300\/osztomu-tengely-kapcsolo-kar-atc300-2\/\" target=\"_blank\" data-type=\"product\" data-id=\"390538\" rel=\"noreferrer noopener\">Oszt\u00f3m\u0171 tengely kapcsol\u00f3 kar (ATC300)<\/a><\/td><\/tr><tr><td>74<\/td><td><\/td><td>5 darab<\/td><td>Goly\u00f3<\/td><td><a href=\"https:\/\/transfercasepartshop.com\/hu\/bmw\/atc300\/komplett-kuplung-felujito-szett-atc300\/\" data-type=\"product\" data-id=\"413125\" target=\"_blank\" rel=\"noreferrer noopener\">Komplett kuplung fel\u00faj\u00edt\u00f3 szett ATC300<\/a><\/td><\/tr><tr><td>75<\/td><td><\/td><td>1 darab<\/td><td>Tengely kapcsol\u00f3 gy\u0171r\u0171<\/td><td><a href=\"https:\/\/transfercasepartshop.com\/hu\/bmw\/atc300\/osztomu-tengely-kapcsolo-kar-atc300\/\" target=\"_blank\" data-type=\"product\" data-id=\"390537\" rel=\"noreferrer noopener\">Oszt\u00f3m\u0171 tengely kapcsol\u00f3 kar (ATC300)<\/a><\/td><\/tr><tr><td>76<\/td><td><\/td><td>1 darab<\/td><td>Dugatty\u00fa<\/td><td><a href=\"https:\/\/transfercasepartshop.com\/hu\/bmw\/atc300\/kuplung-tanyer-atc300-atc400\/\" target=\"_blank\" data-type=\"product\" data-id=\"390181\" rel=\"noreferrer noopener\">Kuplung t\u00e1ny\u00e9r (ATC300, ATC400)<\/a><\/td><\/tr><tr><td>77<\/td><td><\/td><td>4 darab<\/td><td>T\u00e1rcs\u00e1s rug\u00f3<\/td><td><a href=\"https:\/\/transfercasepartshop.com\/hu\/bmw\/atc300\/komplett-kuplung-felujito-szett-atc300\/\" target=\"_blank\" data-type=\"product\" data-id=\"413125\" rel=\"noreferrer noopener\">Komplett kuplung fel\u00faj\u00edt\u00f3 szett ATC300<\/a><br> <span>El\u00e9rhet\u0151 a&nbsp;<\/span>fel\u00faj\u00edt\u00f3<span>&nbsp;&amp;&nbsp;<\/span>a l\u00e1ncker\u00e9k szettben<\/td><\/tr><tr><td>78<\/td><td><\/td><td>1 darab<\/td><td>Al\u00e1t\u00e9t (*k\u00e9szlet)<\/td><td>Csak a fel\u00faj\u00edt\u00f3 (*A k\u00e9szlet 3.40, 3.60, 3.80 m\u00e9ret\u0171 al\u00e1t\u00e9tet tartalmaz)&nbsp;&amp; a l\u00e1ncker\u00e9k szettben<\/td><\/tr><tr><td>79<\/td><td><\/td><td>6 darab<\/td><td>Nyomat\u00e9kviv\u0151 al\u00e1t\u00e9t<\/td><td> <a href=\"https:\/\/transfercasepartshop.com\/hu\/bmw\/atc300\/osztomu-lamella-szett-atc300-atc400\/\" target=\"_blank\" data-type=\"product\" data-id=\"413858\" rel=\"noreferrer noopener\">Oszt\u00f3m\u0171 lamella szett (ATC300, ATC400)<\/a><br><span>El\u00e9rhet\u0151 a&nbsp;<\/span>kuplung<span>,&nbsp;<\/span>a fel\u00faj\u00edt\u00f3<span>&nbsp;&amp;&nbsp;<\/span>a l\u00e1ncker\u00e9k szettben <\/td><\/tr><tr><td>80<\/td><td><\/td><td>7 darab<\/td><td>Ac\u00e9llemez<\/td><td>  <a href=\"https:\/\/transfercasepartshop.com\/hu\/bmw\/atc300\/osztomu-lamella-szett-atc300-atc400\/\" data-type=\"product\" data-id=\"413858\" target=\"_blank\" rel=\"noreferrer noopener\">Oszt\u00f3m\u0171 lamella szett (ATC300, ATC400)<\/a><br><span>El\u00e9rhet\u0151 a&nbsp;<\/span>kuplung<span>,&nbsp;<\/span>a fel\u00faj\u00edt\u00f3<span>&nbsp;&amp;&nbsp;<\/span>a l\u00e1ncker\u00e9k szettben <\/td><\/tr><tr><td>81<\/td><td><\/td><td>1 darab<\/td><td>Hub<\/td><td> <span>El\u00e9rhet\u0151 a&nbsp;l<\/span>\u00e1ncker\u00e9k szettben <\/td><\/tr><tr><td>82<\/td><td><\/td><td>1 darab<\/td><td>R\u00f6gz\u00edt\u0151 gy\u0171r\u0171<\/td><td><\/td><\/tr><tr><td>83<\/td><td><\/td><td>1 darab<\/td><td>Axi\u00e1lis t\u0171gy\u0171r\u0171<\/td><td><a href=\"https:\/\/transfercasepartshop.com\/hu\/bmw\/atc300\/osztomu-kupling-csapagy-szett-atc300-atc400-atc500-atc700\/\" data-type=\"product\" data-id=\"390501\" target=\"_blank\" rel=\"noreferrer noopener\">Oszt\u00f3m\u0171 kuplung csap\u00e1gy szett (ATC300, ATC400, ATC500, ATC700)<\/a><\/td><\/tr><tr><td>84<\/td><td><\/td><td>1 darab<\/td><td>Axi\u00e1lis t\u0171g\u00f6rg\u0151s csap\u00e1gy<\/td><td><\/td><\/tr><tr><td>90<\/td><td><\/td><td>1 darab<\/td><td>Olaj pumpa<\/td><td> <span>El\u00e9rhet\u0151 a&nbsp;<\/span>fel\u00faj\u00edt\u00f3<span>&nbsp;&amp; az olajszivatty\u00fa szettben<\/span> <\/td><\/tr><tr><td>91<\/td><td><\/td><td>1 darab<\/td><td>Szor\u00edt\u00f3<\/td><td> <span>El\u00e9rhet\u0151 a&nbsp;<\/span>fel\u00faj\u00edt\u00f3<span>&nbsp;&amp;&nbsp;az olajszivatty\u00fa szettben<\/span> <\/td><\/tr><tr><td>92<\/td><td><\/td><td>1 darab<\/td><td>Sz\u00edv\u00f3cs\u0151<\/td><td> <span>El\u00e9rhet\u0151 az&nbsp;<\/span><span>olajpumpa <\/span>szettben <\/td><\/tr><\/tbody><\/table><\/figure><p><\/p>","protected":false},"excerpt":{"rendered":"<p>Poz\u00edci\u00f3 OEM sz\u00e1m Mennyis\u00e9g Alkatr\u00e9sz neve Jegyzet K00 &nbsp; Fel\u00faj\u00edt\u00f3 szett Tartalmazza a K03, 01, 03, 07, 09, 12, 18, 20, 23, 29, 35, 39, &#8230; <\/p>\n<p class=\"read-more-container\"><a title=\"ATC-300 diagram \/ alkatr\u00e9sz katal\u00f3gus\" class=\"read-more button\" href=\"https:\/\/transfercasepartshop.com\/hu\/diagramok\/atc-300-diagram-alkatresz-katalogus\/#more-413720\" aria-label=\"Read more about ATC-300 diagram \/ alkatr\u00e9sz katal\u00f3gus\">Tov\u00e1bb<\/a><\/p>","protected":false},"author":7,"featured_media":419584,"parent":412383,"menu_order":0,"comment_status":"closed","ping_status":"closed","template":"","meta":{"_acf_changed":false,"footnotes":""},"class_list":{"0":"post-413720","1":"page","2":"type-page","3":"status-publish","4":"has-post-thumbnail","6":"infinite-scroll-item","7":"no-featured-image-padding","8":"resize-featured-image"},"acf":[],"_links":{"self":[{"href":"https:\/\/transfercasepartshop.com\/hu\/wp-json\/wp\/v2\/pages\/413720","targetHints":{"allow":["GET"]}}],"collection":[{"href":"https:\/\/transfercasepartshop.com\/hu\/wp-json\/wp\/v2\/pages"}],"about":[{"href":"https:\/\/transfercasepartshop.com\/hu\/wp-json\/wp\/v2\/types\/page"}],"author":[{"embeddable":true,"href":"https:\/\/transfercasepartshop.com\/hu\/wp-json\/wp\/v2\/users\/7"}],"replies":[{"embeddable":true,"href":"https:\/\/transfercasepartshop.com\/hu\/wp-json\/wp\/v2\/comments?post=413720"}],"version-history":[{"count":0,"href":"https:\/\/transfercasepartshop.com\/hu\/wp-json\/wp\/v2\/pages\/413720\/revisions"}],"up":[{"embeddable":true,"href":"https:\/\/transfercasepartshop.com\/hu\/wp-json\/wp\/v2\/pages\/412383"}],"wp:featuredmedia":[{"embeddable":true,"href":"https:\/\/transfercasepartshop.com\/hu\/wp-json\/wp\/v2\/media\/419584"}],"wp:attachment":[{"href":"https:\/\/transfercasepartshop.com\/hu\/wp-json\/wp\/v2\/media?parent=413720"}],"curies":[{"name":"wp","href":"https:\/\/api.w.org\/{rel}","templated":true}]}}