{"id":413716,"date":"2022-02-02T12:37:40","date_gmt":"2022-02-02T11:37:40","guid":{"rendered":"https:\/\/transfercasepartshop.com\/?page_id=413716"},"modified":"2024-03-06T08:16:14","modified_gmt":"2024-03-06T07:16:14","slug":"atc45l-diagram-alkatresz-katalogus","status":"publish","type":"page","link":"https:\/\/transfercasepartshop.com\/hu\/diagramok\/atc45l-diagram-alkatresz-katalogus\/","title":{"rendered":"ATC45L diagram \/ alkatr\u00e9sz katal\u00f3gus"},"content":{"rendered":"<figure class=\"wp-block-table is-style-stripes\"><table><tbody><tr><td> <h3><strong>Poz\u00edci\u00f3<\/strong><\/h3> <\/td><td> <h3><strong>OEM sz\u00e1m<\/strong><\/h3> <\/td><td> <h3><strong>Mennyis\u00e9g<\/strong><\/h3> <\/td><td> <h3><strong>Alkatr\u00e9sz neve<\/strong><\/h3> <\/td><td> <h3><strong>Megjegyz\u00e9s<\/strong><\/h3> <\/td><\/tr><tr><td>\u201eK01<\/td><td>&nbsp;<\/td><td>1 db<\/td><td>Csap\u00e1gy szett<\/td><td><a href=\"https:\/\/transfercasepartshop.com\/hu\/bmw\/atc45l\/osztomu-csapagy-szett-atc45l\/\" target=\"_blank\" data-type=\"product\" data-id=\"390598\" rel=\"noreferrer noopener\">Oszt\u00f3m\u0171 csap\u00e1gy szett (ATC45L)<\/a><br>A 05, 12, 24, 33, 53, 55 poz\u00edci\u00f3kat tartalmazza<\/td><\/tr><tr><td>\u201eK02<\/td><td>&nbsp;<\/td><td>1 db<\/td><td>T\u00f6m\u00edt\u00e9s szett<\/td><td><a href=\"https:\/\/transfercasepartshop.com\/hu\/bmw\/atc45l\/osztomu-tomites-szett-atc45l\/\" target=\"_blank\" data-type=\"product\" data-id=\"390600\" rel=\"noreferrer noopener\">Oszt\u00f3m\u0171 t\u00f6m\u00edt\u00e9s szett (ATC45L)<\/a><br>Tartalmazza a 01, 03, 34, 37, 52, 58, 59, 63 poz\u00edci\u00f3kat<\/td><\/tr><tr><td>\u201eK05<\/td><td>27107850489<\/td><td>1 db<\/td><td>Tengely kihajt\u00e1s h\u00e1ts\u00f3 szett<\/td><td>&nbsp;<a href=\"https:\/\/transfercasepartshop.com\/hu\/bmw\/atc450\/tengely-kihajtas-hatso-atc35l-atc450-atc45l\/\" data-type=\"product\" data-id=\"390597\" target=\"_blank\" rel=\"noreferrer noopener\">Tengely kihajt\u00e1s h\u00e1ts\u00f3 (ATC35L, ATC450, ATC45L)<\/a><br>36., 37., 38., K20 poz\u00edci\u00f3t tartalmaz. <br>Inform\u00e1ci\u00f3 az ATC45L-hez: 27107854164-ben t\u00edpusban haszn\u00e1latos<\/td><\/tr><tr><td>\u201eK05<\/td><td>27107595650; <br>27107645468<\/td><td>1 db<\/td><td>Tengely kihajt\u00e1s h\u00e1ts\u00f3 szett<\/td><td>Tartalmazza a 36., 37., 38., K20 poz\u00edci\u00f3t. Inform\u00e1ci\u00f3 az ATC35L-hez: <br>Haszn\u00e1latos a 27108643150, 27108662968 t\u00edpusokban <br>Inform\u00e1ci\u00f3 az ATC45L-hez: <br>Haszn\u00e1latos a 27107643758, 27107643759, 27107643759, <br>2715048 t\u00edpusokban<\/td><\/tr><tr><td>\u201eK11<\/td><td>&nbsp;<\/td><td>1 db<\/td><td>Kuplung szett<\/td><td><a href=\"https:\/\/transfercasepartshop.com\/hu\/bmw\/atc35l\/osztomu-kuplung-szett-atc45l-atc35l-hyundai-atc-maserati-atc\/\" data-type=\"product\" data-id=\"390590\" target=\"_blank\" rel=\"noreferrer noopener\">Oszt\u00f3m\u0171 kuplung szett (ATC45L, ATC35L, Hyundai ATC, Maserati ATC)<\/a><br>A 18, 19, 20 poz\u00edci\u00f3t tartalmazza<\/td><\/tr><tr><td>\u201eK12<\/td><td>&nbsp;<\/td><td>1 db<\/td><td>Tengely kapcsol\u00f3 szett<\/td><td>A 53, 54, 55, 56, 57 poz\u00edci\u00f3kat tartalmazza<\/td><\/tr><tr><td>\u201eK20<\/td><td>27107546670<\/td><td>1 db<\/td><td>Al\u00e1t\u00e9t szett<\/td><td>13 k\u00fcl\u00f6nb\u00f6z\u0151 al\u00e1t\u00e9tet tartalmaz, 2,90 mm-t\u0151l 4,10 mm-ig terjed\u0151 m\u00e9retekkel<\/td><\/tr><tr><td>01<\/td><td>27107609202<\/td><td>1 db<\/td><td>O-gy\u0171r\u0171<\/td><td>&nbsp;<\/td><\/tr><tr><td>02<\/td><td>&nbsp;<\/td><td>1 db<\/td><td>Z\u00e1r\u00f3gy\u0171r\u0171<\/td><td>&nbsp;<\/td><\/tr><tr><td>03<\/td><td>27107539262<\/td><td>1 db<\/td><td>Radi\u00e1lis t\u00f6m\u00edt\u00e9s<\/td><td>&nbsp;<\/td><\/tr><tr><td>04<\/td><td>&nbsp;<\/td><td>1 db<\/td><td>R\u00f6gz\u00edt\u0151 gy\u0171r\u0171<\/td><td>&nbsp;<\/td><\/tr><tr><td>05<\/td><td>&nbsp;<\/td><td>1 db<\/td><td>Goly\u00f3scsap\u00e1gy<\/td><td>&nbsp;<\/td><\/tr><tr><td>06<\/td><td>&nbsp;<\/td><td>1 db<\/td><td>H\u00e1z el\u00fcls\u0151 r\u00e9sz<\/td><td>&nbsp;<\/td><\/tr><tr><td>07<\/td><td>&nbsp;<\/td><td>1 db<\/td><td>T\u0171<\/td><td>&nbsp;<\/td><\/tr><tr><td>09<\/td><td>&nbsp;<\/td><td>1 db<\/td><td>Al\u00e1t\u00e9tlemez<\/td><td>&nbsp;<\/td><\/tr><tr><td>10<\/td><td>&nbsp;<\/td><td>1 db<\/td><td>Tengely<\/td><td>&nbsp;&nbsp;<a href=\"https:\/\/transfercasepartshop.com\/hu\/bmw\/atc35l\/osztomu-forgo-tengely-atc35l-atc45l\/\" data-type=\"product\" data-id=\"390601\" target=\"_blank\" rel=\"noreferrer noopener\">Oszt\u00f3m\u0171 forg\u00f3 tengely (ATC35L, ATC45L)<\/a><\/td><\/tr><tr><td>11<\/td><td>&nbsp;<\/td><td>1 db<\/td><td>L\u00e1nc<\/td><td><a href=\"https:\/\/transfercasepartshop.com\/hu\/bmw\/atc45l\/osztomu-lanc-atc54l\/\" target=\"_blank\" data-type=\"product\" data-id=\"390539\" rel=\"noreferrer noopener\">&nbsp;Oszt\u00f3m\u0171 l\u00e1nc (ATC45L)<\/a><\/td><\/tr><tr><td>12<\/td><td>&nbsp;<\/td><td>1 db<\/td><td>T\u0171csap\u00e1gy<\/td><td>&nbsp;<\/td><\/tr><tr><td>13<\/td><td>&nbsp;<\/td><td>1 db<\/td><td>ASM sebess\u00e9gv\u00e1lt\u00f3 dobkuplunggal<\/td><td><a href=\"https:\/\/transfercasepartshop.com\/hu\/bmw\/atc45l\/osztimu-kuplung-kosar-atc45l\/\" target=\"_blank\" data-type=\"product\" data-id=\"390542\" rel=\"noreferrer noopener\">&nbsp;Oszt\u00f3m\u0171 kuplung kos\u00e1r (ATC45L)<\/a><\/td><\/tr><tr><td>14<\/td><td>&nbsp;<\/td><td>1 db<\/td><td>Nyom\u00f3s al\u00e1t\u00e9t<\/td><td>&nbsp;<\/td><\/tr><tr><td>15<\/td><td>&nbsp;<\/td><td>1 db<\/td><td>Al\u00e1t\u00e9tlemez<\/td><td>&nbsp;<\/td><\/tr><tr><td>16<\/td><td>&nbsp;<\/td><td>1 db<\/td><td>R\u00f6gz\u00edt\u0151 gy\u0171r\u0171<\/td><td>&nbsp;<\/td><\/tr><tr><td>17<\/td><td>&nbsp;<\/td><td>1 db<\/td><td>Lapos tengelykapcsol\u00f3 csomag<\/td><td>&nbsp;&nbsp;<a href=\"https:\/\/transfercasepartshop.com\/hu\/bmw\/atc35l\/kuplung-tanyer-3-atc45l-atc35l-hyundai-atc-maserati-atc\/\" data-type=\"product\" data-id=\"390604\" target=\"_blank\" rel=\"noreferrer noopener\">Kuplung t\u00e1ny\u00e9r (ATC45L, ATC35L, Hyundai ATC, Maserati ATC)<\/a><\/td><\/tr><tr><td>18<\/td><td>&nbsp;<\/td><td>10 darab<\/td><td>T\u00e1ny\u00e9r rug\u00f3<\/td><td>&nbsp;<\/td><\/tr><tr><td>19<\/td><td>&nbsp;<\/td><td>9 darab<\/td><td>Lamella<\/td><td>&nbsp;<\/td><\/tr><tr><td>20<\/td><td>&nbsp;<\/td><td>3 darab<\/td><td>Lemez<\/td><td>&nbsp;<\/td><\/tr><tr><td>21<\/td><td>&nbsp;<\/td><td>1 db<\/td><td>Terel\u0151<\/td><td><a href=\"https:\/\/transfercasepartshop.com\/hu\/bmw\/atc45l\/osztomu-muanyag-alkatresz-szett-atc45l\/\" data-type=\"URL\" data-id=\"https:\/\/transfercasepartshop.com\/hu\/bmw\/atc45l\/osztomu-muanyag-alkatresz-szett-atc45l\/\">\u00a0Oszt\u00f3m\u0171 m\u0171anyag alkatr\u00e9sz szett<\/a><\/td><\/tr><tr><td>22<\/td><td>&nbsp;<\/td><td>1 db<\/td><td>Dugatty\u00fa<\/td><td>&nbsp;<\/td><\/tr><tr><td>23<\/td><td>&nbsp;<\/td><td>1 db<\/td><td>Terel\u0151<\/td><td>\u00a0<a href=\"https:\/\/transfercasepartshop.com\/hu\/bmw\/atc45l\/osztomu-muanyag-alkatresz-szett-atc45l\/\" data-type=\"URL\" data-id=\"https:\/\/transfercasepartshop.com\/hu\/bmw\/atc45l\/osztomu-muanyag-alkatresz-szett-atc45l\/\">\u00a0Oszt\u00f3m\u0171 m\u0171anyag alkatr\u00e9sz szett<\/a><\/td><\/tr><tr><td>24<\/td><td>&nbsp;<\/td><td>2 db<\/td><td>T\u0171csap\u00e1gy<\/td><td>&nbsp;<\/td><\/tr><tr><td>25<\/td><td>&nbsp;<\/td><td>1 db<\/td><td>Kapcsol\u00f3 gy\u0171r\u0171<\/td><td>&nbsp;<a href=\"https:\/\/transfercasepartshop.com\/hu\/bmw\/atc35l\/osztomu-tengely-kapcsolo-kar-atc35l-atc45l-hyundaiatc-maserati-atc\/\" data-type=\"product\" data-id=\"390606\" target=\"_blank\" rel=\"noreferrer noopener\">Oszt\u00f3m\u0171 tengely kapcsol\u00f3 kar (ATC35L, ATC45L, Hyundai ATC, Maserati ATC)<\/a><\/td><\/tr><tr><td>26<\/td><td>&nbsp;<\/td><td>3 darab<\/td><td>Goly\u00f3<\/td><td>&nbsp;<\/td><\/tr><tr><td>27<\/td><td>&nbsp;<\/td><td>1 db<\/td><td>Kapcsol\u00f3 gy\u0171r\u0171<\/td><td>&nbsp;&nbsp;<a href=\"https:\/\/transfercasepartshop.com\/hu\/bmw\/atc35l\/osztomu-tengely-kapcsolo-kar-atc35l-atc-45l-hyundai-atc-maserati-atc\/\" data-type=\"product\" data-id=\"390608\" target=\"_blank\" rel=\"noreferrer noopener\">Oszt\u00f3m\u0171 tengely kapcsol\u00f3 kar (ATC35L, ATC45L, Hyundai ATC, Maserati ATC)<\/a><\/td><\/tr><tr><td>28<\/td><td>&nbsp;<\/td><td>1 db<\/td><td>Gy\u0171r\u0171<\/td><td>&nbsp;&nbsp;<a href=\"https:\/\/transfercasepartshop.com\/hu\/bmw\/atc35l\/zarokor-atc45l-atc45l-hyundai-atc-maserati-atc\/\" data-type=\"product\" data-id=\"390611\" target=\"_blank\" rel=\"noreferrer noopener\">Z\u00e1r\u00f3k\u00f6r (ATC35L, ATC45L, Hyundai ATC, Maserati ATC)<\/a><\/td><\/tr><tr><td>29<\/td><td>&nbsp;<\/td><td>1 db<\/td><td>Al\u00e1t\u00e9tlemez<\/td><td>&nbsp;<\/td><\/tr><tr><td>30<\/td><td>&nbsp;<\/td><td>1 db<\/td><td>R\u00f6gz\u00edt\u0151 gy\u0171r\u0171<\/td><td>&nbsp;<\/td><\/tr><tr><td>31<\/td><td>&nbsp;<\/td><td>1 db<\/td><td>H\u00e1z h\u00e1ts\u00f3 r\u00e9sz<\/td><td>&nbsp;<\/td><\/tr><tr><td>32<\/td><td>&nbsp;<\/td><td>8 darab<\/td><td>Csavar<\/td><td>&nbsp;<\/td><\/tr><tr><td>33<\/td><td>&nbsp;<\/td><td>3 darab<\/td><td>Goly\u00f3scsap\u00e1gy<\/td><td>&nbsp;<\/td><\/tr><tr><td>34<\/td><td>27107546667<\/td><td>1 db<\/td><td>Radi\u00e1lis t\u00f6m\u00edt\u00e9s<\/td><td>&nbsp;<\/td><\/tr><tr><td>35<\/td><td>27107597688<\/td><td>1 db<\/td><td>Porv\u00e9d\u00f3<\/td><td>Inform\u00e1ci\u00f3 az ATC35L-hez: <br>27108643150, 27108662968 t\u00edpusokban haszn\u00e1latos.<\/td><\/tr><tr><td>36<\/td><td>&nbsp;<\/td><td>1 db<\/td><td>Tengely kihajt\u00e1s H\u00e1ts\u00f3<\/td><td>&nbsp;<\/td><\/tr><tr><td>37<\/td><td>27107599326<\/td><td>1 db<\/td><td>T\u00f6m\u00edt\u00e9s O-gy\u0171r\u0171<\/td><td>&nbsp;<\/td><\/tr><tr><td>38<\/td><td>27107539525; <br>331381LA0A<\/td><td>1 db<\/td><td>R\u00f6gz\u00edt\u0151 gy\u0171r\u0171<\/td><td>&nbsp;<a href=\"https:\/\/transfercasepartshop.com\/hu\/bmw\/atc300\/zarogyuru-atc35l-atc300-atc350-atc13-1-atc400-atc450-atc45l-atc500-atc700\/\" target=\"_blank\" data-type=\"product\" data-id=\"390511\" rel=\"noreferrer noopener\">Z\u00e1r\u00f3gy\u0171r\u0171 (ATC35L, ATC300, ATC350, ATC13-1, ATC400, ATC450, ATC45L, ATC500, ATC700)<\/a><\/td><\/tr><tr><td>43<\/td><td>&nbsp;<\/td><td>1 db<\/td><td>L\u00e1ncker\u00e9k kimenet<\/td><td><a href=\"https:\/\/transfercasepartshop.com\/hu\/bmw\/atc45l\/porvedo-atc45l\/\" target=\"_blank\" data-type=\"product\" data-id=\"390502\" rel=\"noreferrer noopener\">&nbsp;Porv\u00e9d\u0151 (ATC45L)<\/a><\/td><\/tr><tr><td>45<\/td><td>&nbsp;<\/td><td>2 db<\/td><td>T\u0171<\/td><td>&nbsp;<\/td><\/tr><tr><td>46<\/td><td>&nbsp;<\/td><td>1 db<\/td><td>M\u00e1gnes<\/td><td>&nbsp;<\/td><\/tr><tr><td>47<\/td><td>&nbsp;<\/td><td>1 db<\/td><td>Terel\u0151cs\u0151<\/td><td>\u00a0<a href=\"https:\/\/transfercasepartshop.com\/hu\/bmw\/atc45l\/osztomu-muanyag-alkatresz-szett-atc45l\/\" data-type=\"URL\" data-id=\"https:\/\/transfercasepartshop.com\/hu\/bmw\/atc45l\/osztomu-muanyag-alkatresz-szett-atc45l\/\">\u00a0Oszt\u00f3m\u0171 m\u0171anyag alkatr\u00e9sz szett<\/a><\/td><\/tr><tr><td>48<\/td><td>&nbsp;<\/td><td>1 db<\/td><td>Terel\u0151<\/td><td>\u00a0<a href=\"https:\/\/transfercasepartshop.com\/hu\/bmw\/atc45l\/osztomu-muanyag-alkatresz-szett-atc45l\/\" data-type=\"URL\" data-id=\"https:\/\/transfercasepartshop.com\/hu\/bmw\/atc45l\/osztomu-muanyag-alkatresz-szett-atc45l\/\">\u00a0Oszt\u00f3m\u0171 m\u0171anyag alkatr\u00e9sz szett<\/a><\/td><\/tr><tr><td>49<\/td><td>27107623529<\/td><td>1 db<\/td><td>R\u00f6gz\u00edt\u0151k\u00f6t\u00e9l<\/td><td>&nbsp;<a href=\"https:\/\/transfercasepartshop.com\/hu\/bmw\/atc45l\/porvedo-atc45l\/\" target=\"_blank\" data-type=\"product\" data-id=\"390502\" rel=\"noreferrer noopener\">Porv\u00e9d\u0151 (ATC45L)<\/a><\/td><\/tr><tr><td>52<\/td><td>27107623527<\/td><td>1 db<\/td><td>Radi\u00e1lis t\u00f6m\u00edt\u0151gy\u0171r\u0171<\/td><td>&nbsp;<\/td><\/tr><tr><td>53<\/td><td>&nbsp;<\/td><td>1 db<\/td><td>T\u0171csap\u00e1gy<\/td><td>&nbsp;<\/td><\/tr><tr><td>54<\/td><td>&nbsp;<\/td><td>1 db<\/td><td>Tengely kapcsol\u00f3<\/td><td>&nbsp;<\/td><\/tr><tr><td>55<\/td><td>&nbsp;<\/td><td>1 db<\/td><td>Goly\u00f3scsap\u00e1gy<\/td><td>&nbsp;<\/td><\/tr><tr><td>56<\/td><td>&nbsp;<\/td><td>1 db<\/td><td>R\u00f6gz\u00edt\u0151 gy\u0171r\u0171<\/td><td>&nbsp;<\/td><\/tr><tr><td>57<\/td><td>&nbsp;<\/td><td>1 db<\/td><td>R\u00f6gz\u00edt\u0151 gy\u0171r\u0171<\/td><td>&nbsp;<\/td><\/tr><tr><td>58<\/td><td>27107593452<\/td><td>1 db<\/td><td>Radi\u00e1lis t\u00f6m\u00edt\u0151gy\u0171r\u0171<\/td><td>&nbsp;<\/td><\/tr><tr><td>59<\/td><td>27107593451; <br>95834150100<\/td><td>1 db<\/td><td>T\u00f6m\u00edt\u00e9s O-gy\u0171r\u0171<\/td><td>&nbsp;<\/td><\/tr><tr><td>60<\/td><td>27608643153<\/td><td>1 db<\/td><td>Tengely kapcsol\u00f3 motor FR<\/td><td>Inform\u00e1ci\u00f3 az ATC350: haszn\u00e1latos a 27107643750 t\u00edpusban. <br>Inform\u00e1ci\u00f3 az ATC35L: <br>haszn\u00e1latos a 27108643149, 27108643150, 27108662300, 27108662300, <br>27108662968 t\u00edpusokban. <br>Inform\u00e1ci\u00f3 az ATC450-r\u0151l: haszn\u00e1latos a 27107643753 t\u00edpusban. <br>Inform\u00e1ci\u00f3 az ATC45L-r\u0151l: <br>haszn\u00e1latos a 27108643151, 27108643152, 27107854164 t\u00edpusokban<\/td><\/tr><tr><td>60<\/td><td>27607643762<\/td><td>1 db<\/td><td>Tengely kapcsol\u00f3 motor CAN<\/td><td>Inform\u00e1ci\u00f3 az ATC350 -hez: <br>a 27107643748-ban, 27107643749-ben haszn\u00e1latos <br>Inform\u00e1ci\u00f3k az ATC35L -hez: <br>27107643754-ben, 27107643755 -ben haszn\u00e1latos <br>Inform\u00e1ci\u00f3k az ATC450-hez: <br>Haszn\u00e1latos a 27107643748-ban, 27107643751-ben, 27107643751-ben, 7077473735373531721723723731 t\u00edpusokban.<br><br><\/td><\/tr><tr><td>61<\/td><td>27107593450; <br>673002351; <br>90038507101; <br>95834150200<\/td><td>2 db<\/td><td>Csavar<\/td><td>&nbsp;<\/td><\/tr><tr><td>63<\/td><td>33117525064<\/td><td>1 db<\/td><td>Dug\u00f3<\/td><td>&nbsp;<\/td><\/tr><tr><td>70<\/td><td>&nbsp;<\/td><td>2 db<\/td><td>P\u00e1rna<\/td><td>&nbsp;<\/td><\/tr><tr><td>56<\/td><td>&nbsp;<\/td><td>1 db<\/td><td>R\u00f6gz\u00edt\u0151 gy\u0171r\u0171<\/td><td>&nbsp;<\/td><\/tr><tr><td>57<\/td><td>&nbsp;<\/td><td>1 db<\/td><td>R\u00f6gz\u00edt\u0151 gy\u0171r\u0171<\/td><td>&nbsp;<\/td><\/tr><tr><td>58<\/td><td>&nbsp;<\/td><td>1 db<\/td><td>Radi\u00e1lis t\u00f6m\u00edt\u0151gy\u0171r\u0171<\/td><td>&nbsp;<\/td><\/tr><tr><td>59<\/td><td>&nbsp;<\/td><td>1 db<\/td><td>T\u00f6m\u00edt\u00e9s O-gy\u0171r\u0171<\/td><td>&nbsp;<\/td><\/tr><tr><td>60<\/td><td>&nbsp;<\/td><td>1 db<\/td><td>Tengely kapcsol\u00f3 motor FR<\/td><td>Inform\u00e1ci\u00f3 az ATC350: haszn\u00e1lt a 27107643750 <br>inform\u00e1ci\u00f3 az ATC35L: <br>haszn\u00e1lt 27108643149, 27108643150, 27108662300, 27108662300, <br>27108662968 <br>Inform\u00e1ci\u00f3 az ATC450: haszn\u00e1lt 27107643753 <br>Inform\u00e1ci\u00f3 az ATC45L: <br>haszn\u00e1lt 27108643151, 27108643152, 27107854164<\/td><\/tr><tr><td>60<\/td><td>&nbsp;<\/td><td>1 db<\/td><td>Tengely kapcsol\u00f3 motor CAN<\/td><td>Inform\u00e1ci\u00f3 az ATC350 -hez: <br>27107643748-ban, 27107643749-ben haszn\u00e1latos <br>Inform\u00e1ci\u00f3k az ATC35L -hez: <br>27107643754-ben, 27107643755 -ben haszn\u00e1latos <br>Inform\u00e1ci\u00f3k az ATC450-hez: <br>Haszn\u00e1lt a 27107643748-ban, 27107643751-ben, 27107643751-ben, 7077473735373531721723723731<br><br><\/td><\/tr><tr><td>61<\/td><td>&nbsp;<\/td><td>2 db<\/td><td>Csavar<\/td><td>&nbsp;<\/td><\/tr><tr><td>62<\/td><td>&nbsp;<\/td><td>1 db<\/td><td>Be\u00e9p\u00edt\u0151<\/td><td>Inform\u00e1ci\u00f3 az ATC300-hoz: <br>27107599690-ben, 27107599693-ban haszn\u00e1latos <br>Inform\u00e1ci\u00f3 az ATC350-hez: 27107643748-ban haszn\u00e1latos <br>Inform\u00e1ci\u00f3 az ATC35L-hez: 27107643754-ben haszn\u00e1latos<\/td><\/tr><tr><td>62<\/td><td>&nbsp;<\/td><td>1 db<\/td><td>Be\u00e9p\u00edt\u0151<\/td><td>Inform\u00e1ci\u00f3 az ATC300-hoz: <br>27107613153-ban, 27107613152-ben haszn\u00e1latos <br>Inform\u00e1ci\u00f3 az ATC350-hez: 27107643749-ben haszn\u00e1latos <br>Inform\u00e1ci\u00f3 az ATC35L-hez: 27107643755-ben haszn\u00e1latos<\/td><\/tr><tr><td>63<\/td><td>&nbsp;<\/td><td>1 db<\/td><td>Dug\u00f3<\/td><td>&nbsp;<\/td><\/tr><tr><td>65<\/td><td>&nbsp;<\/td><td>6 darab<\/td><td>Csavar<\/td><td>&nbsp;<\/td><\/tr><tr><td>66<\/td><td>&nbsp;<\/td><td>1 db<\/td><td>O-gy\u0171r\u0171<\/td><td>&nbsp;<\/td><\/tr><tr><td>67<\/td><td>&nbsp;<\/td><td>1 db<\/td><td>O-gy\u0171r\u0171<\/td><td>&nbsp;<\/td><\/tr><tr><td>70<\/td><td><\/td><td>1 db<\/td><td>L\u00e1nc vezet\u0151 cs\u00faszka<\/td><td><a href=\"https:\/\/transfercasepartshop.com\/hu\/bmw\/atc45l\/lanc-vezeto-csuszka-atc45l\/\" target=\"_blank\" data-type=\"product\" data-id=\"390534\" rel=\"noreferrer noopener\">L\u00e1nc vezet\u0151 cs\u00faszka (ATC45L)<\/a><\/td><\/tr><\/tbody><\/table><\/figure>","protected":false},"excerpt":{"rendered":"<p>Poz\u00edci\u00f3 OEM sz\u00e1m Mennyis\u00e9g Alkatr\u00e9sz neve Megjegyz\u00e9s \u201eK01 &nbsp; 1 db Csap\u00e1gy szett Oszt\u00f3m\u0171 csap\u00e1gy szett (ATC45L)A 05, 12, 24, 33, 53, 55 poz\u00edci\u00f3kat tartalmazza &#8230; <\/p>\n<p class=\"read-more-container\"><a title=\"ATC45L diagram \/ alkatr\u00e9sz katal\u00f3gus\" class=\"read-more button\" href=\"https:\/\/transfercasepartshop.com\/hu\/diagramok\/atc45l-diagram-alkatresz-katalogus\/#more-413716\" aria-label=\"Read more about ATC45L diagram \/ alkatr\u00e9sz katal\u00f3gus\">Tov\u00e1bb<\/a><\/p>","protected":false},"author":7,"featured_media":419616,"parent":412383,"menu_order":0,"comment_status":"closed","ping_status":"closed","template":"","meta":{"_acf_changed":false,"footnotes":""},"class_list":{"0":"post-413716","1":"page","2":"type-page","3":"status-publish","4":"has-post-thumbnail","6":"infinite-scroll-item","7":"no-featured-image-padding","8":"resize-featured-image"},"acf":[],"_links":{"self":[{"href":"https:\/\/transfercasepartshop.com\/hu\/wp-json\/wp\/v2\/pages\/413716","targetHints":{"allow":["GET"]}}],"collection":[{"href":"https:\/\/transfercasepartshop.com\/hu\/wp-json\/wp\/v2\/pages"}],"about":[{"href":"https:\/\/transfercasepartshop.com\/hu\/wp-json\/wp\/v2\/types\/page"}],"author":[{"embeddable":true,"href":"https:\/\/transfercasepartshop.com\/hu\/wp-json\/wp\/v2\/users\/7"}],"replies":[{"embeddable":true,"href":"https:\/\/transfercasepartshop.com\/hu\/wp-json\/wp\/v2\/comments?post=413716"}],"version-history":[{"count":0,"href":"https:\/\/transfercasepartshop.com\/hu\/wp-json\/wp\/v2\/pages\/413716\/revisions"}],"up":[{"embeddable":true,"href":"https:\/\/transfercasepartshop.com\/hu\/wp-json\/wp\/v2\/pages\/412383"}],"wp:featuredmedia":[{"embeddable":true,"href":"https:\/\/transfercasepartshop.com\/hu\/wp-json\/wp\/v2\/media\/419616"}],"wp:attachment":[{"href":"https:\/\/transfercasepartshop.com\/hu\/wp-json\/wp\/v2\/media?parent=413716"}],"curies":[{"name":"wp","href":"https:\/\/api.w.org\/{rel}","templated":true}]}}