{"id":413707,"date":"2022-02-02T12:32:49","date_gmt":"2022-02-02T11:32:49","guid":{"rendered":"https:\/\/transfercasepartshop.com\/?page_id=413707"},"modified":"2024-03-06T08:16:40","modified_gmt":"2024-03-06T07:16:40","slug":"atc35l-diagram-alkatresz-katalogus","status":"publish","type":"page","link":"https:\/\/transfercasepartshop.com\/hu\/diagramok\/atc35l-diagram-alkatresz-katalogus\/","title":{"rendered":"ATC35L diagram \/ alkatr\u00e9sz katal\u00f3gus"},"content":{"rendered":"<figure class=\"wp-block-table is-style-stripes\"><table><tbody><tr><td> <h3><strong>Poz\u00edci\u00f3<\/strong><\/h3> <\/td><td> <h3><strong>OEM sz\u00e1m<\/strong><\/h3> <\/td><td> <h3><strong>Mennyis\u00e9g<\/strong><\/h3> <\/td><td> <h3><strong>Alkatr\u00e9sz neve<\/strong><\/h3> <\/td><td> <h3><strong>Megjegyz\u00e9s<\/strong><\/h3> <\/td><\/tr><tr><td>\u201eK01<\/td><td>&nbsp;<\/td><td>1 darab<\/td><td>Csap\u00e1gy szett<\/td><td><a href=\"https:\/\/transfercasepartshop.com\/hu\/bmw\/atc35l\/osztomu-csapagy-szett-atc35l-hyundai-atc-maserati-atc\/\" target=\"_blank\" data-type=\"product\" data-id=\"390593\" rel=\"noreferrer noopener\">Oszt\u00f3m\u0171 csap\u00e1gy szett (ATC35L, Hyundai ATC, Maserati ATC)<\/a><br>Tartalmazza a 05, 12, 14, 24, 33, 39, 44, 53, 55 poz\u00edci\u00f3t.<\/td><\/tr><tr><td>\u201eK02<\/td><td>&nbsp;<\/td><td>1 darab<\/td><td>T\u00f6m\u00edt\u00e9s szett<\/td><td><a href=\"https:\/\/transfercasepartshop.com\/hu\/bmw\/atc35l\/osztomu-tomites-szett-atc35l\/\" target=\"_blank\" data-type=\"product\" data-id=\"390592\" rel=\"noreferrer noopener\">Oszt\u00f3m\u0171 t\u00f6m\u00edt\u00e9s szett (ATC35L)<\/a><br>Tartalmazza a 01, 03, 34, 37, 52, 58, 59, 63, 66, 67 poz\u00edci\u00f3k.<\/td><\/tr><tr><td>\u201eK04<\/td><td>27107625116<\/td><td>1 darab<\/td><td>Tengely kihajt\u00e1s els\u0151 szett<\/td><td>Tartalmazza a 49, 50, 51 poz\u00edci\u00f3t<\/td><\/tr><tr><td>\u201eK05<\/td><td>27107595650; <br>27107645468<\/td><td>1 darab<\/td><td>Tengely kihajt\u00e1s h\u00e1ts\u00f3 szett<\/td><td><a href=\"https:\/\/transfercasepartshop.com\/hu\/bmw\/atc450\/tengely-kihajtas-hatso-atc35l-atc450-atc45l\/\" data-type=\"product\" data-id=\"390597\" target=\"_blank\" rel=\"noreferrer noopener\">Tengely kihajt\u00e1s h\u00e1ts\u00f3 (ATC35L, ATC450, ATC45L)<\/a><br>Tartalmazza a 36, 37, 38, K20 poz\u00edci\u00f3t. <br>Az ATC35L-re vonatkoz\u00f3 inform\u00e1ci\u00f3k: <br>A 27108643150, 27108662968 t\u00edpusokban haszn\u00e1latos. <br>Az ATC45L-re vonatkoz\u00f3 inform\u00e1ci\u00f3k: <br>A 27107643758, 27107643759, 27108643151, <br>27108643152 t\u00edpusokban haszn\u00e1latos<\/td><\/tr><tr><td>\u201eK05<\/td><td>27107593440<\/td><td>1 darab<\/td><td>Tengely kihajt\u00e1s h\u00e1ts\u00f3 szett<\/td><td><a href=\"https:\/\/transfercasepartshop.com\/hu\/bmw\/atc35l\/tengely-kihajtas-hatso-atc35l-atc350\/\" target=\"_blank\" rel=\"noreferrer noopener\">Tengely kihajt\u00e1s h\u00e1ts\u00f3 (ATC35L, ATC350)<\/a><br>A 36, 37, 38, K20 poz\u00edci\u00f3t tartalmazza <br>Az ATC350-re vonatkoz\u00f3 inform\u00e1ci\u00f3: 27107643750 t\u00edpusban a haszn\u00e1latos <br>Az ATC35L-re vonatkoz\u00f3 inform\u00e1ci\u00f3: <br>A 27108643149, 27108662300 t\u00edpusokban haszn\u00e1latos<\/td><\/tr><tr><td>\u201eK05<\/td><td>27107593439<\/td><td>1 darab<\/td><td>Tengely kihajt\u00e1s h\u00e1ts\u00f3 szett<\/td><td><a href=\"https:\/\/transfercasepartshop.com\/hu\/bmw\/atc35l\/tengely-kihajtas-hatso-atc35l-atc350-2\/\" target=\"_blank\" rel=\"noreferrer noopener\">Tengely kihajt\u00e1s h\u00e1ts\u00f3 (ATC35L, ATC350)<\/a><br>A 36, 37, 38, K20 poz\u00edci\u00f3kat tartalmazza <br>Az ATC350-re vonatkoz\u00f3 inform\u00e1ci\u00f3: <br>A 27107643748, 27107643749 t\u00edpusokban haszn\u00e1latos <br>Az ATC35L-re vonatkoz\u00f3 inform\u00e1ci\u00f3: <br>A 27107643754, 27107643755 t\u00edpusokban haszn\u00e1latos.<\/td><\/tr><tr><td>\u201eK11<\/td><td>&nbsp;<\/td><td>1 darab<\/td><td>Kuplung szett<\/td><td><a href=\"https:\/\/transfercasepartshop.com\/hu\/bmw\/atc35l\/osztomu-kuplung-szett-atc45l-atc35l-hyundai-atc-maserati-atc\/\" target=\"_blank\" data-type=\"product\" data-id=\"390590\" rel=\"noreferrer noopener\">Oszt\u00f3m\u0171 kuplung szett (ATC45L, ATC35L, Hyundai ATC, Maserati ATC)<\/a><br>A 18, 19, 20 poz\u00edci\u00f3kat tartalmazza<\/td><\/tr><tr><td>\u201eK12<\/td><td>&nbsp;<\/td><td>1 darab<\/td><td>Forg\u00f3 tengely kapcsol\u00f3 szett<\/td><td>Az 53, 54, 55, 56, 57 poz\u00edci\u00f3kat tartalmazza<\/td><\/tr><tr><td>\u201eK20<\/td><td>27107546670<\/td><td>1 darab<\/td><td>Al\u00e1t\u00e9tk\u00e9szlet<\/td><td>13 k\u00fcl\u00f6nb\u00f6z\u0151 al\u00e1t\u00e9tet tartalmaz 2,90 mm-t\u0151l 4,10 mm-ig terjed\u0151 m\u00e9retekkel.<\/td><\/tr><tr><td>01<\/td><td>27107609202<\/td><td>1 darab<\/td><td>O-gy\u0171r\u0171<\/td><td>El\u00e9rhet\u0151 t\u00f6m\u00edt\u00e9s szettben <\/td><\/tr><tr><td>02<\/td><td>&nbsp;<\/td><td>1 darab<\/td><td>Z\u00e1r\u00f3gy\u0171r\u0171<\/td><td>&nbsp;<\/td><\/tr><tr><td>03<\/td><td>27107539262<\/td><td>1 darab<\/td><td>Radi\u00e1lis t\u00f6m\u00edt\u00e9s<\/td><td> <span>El\u00e9rhet\u0151 a&nbsp;<\/span>t\u00f6m\u00edt\u00e9s szettben <\/td><\/tr><tr><td>04<\/td><td>&nbsp;<\/td><td>1 darab<\/td><td>Tart\u00f3gy\u0171r\u0171<\/td><td>&nbsp;<\/td><\/tr><tr><td>05<\/td><td>&nbsp;<\/td><td>1 darab<\/td><td>Goly\u00f3csap\u00e1gy<\/td><td><span>El\u00e9rhet\u0151 a&nbsp; csap\u00e1gy szettben<\/span><\/td><\/tr><tr><td>06<\/td><td>&nbsp;<\/td><td>1 darab<\/td><td>El\u00fcls\u0151 h\u00e1z<\/td><td>&nbsp;<\/td><\/tr><tr><td>07<\/td><td>&nbsp;<\/td><td>1 darab<\/td><td>T\u0171<\/td><td>&nbsp;<\/td><\/tr><tr><td>08<\/td><td>&nbsp;<\/td><td>3 darab<\/td><td>T\u0171<\/td><td>&nbsp;<\/td><\/tr><tr><td>09<\/td><td>&nbsp;<\/td><td>1 darab<\/td><td>Al\u00e1t\u00e9t<\/td><td>&nbsp;<\/td><\/tr><tr><td>10<\/td><td>&nbsp;<\/td><td>1 darab<\/td><td>Tengely<\/td><td>&nbsp;<a href=\"https:\/\/transfercasepartshop.com\/hu\/bmw\/atc35l\/osztomu-forgo-tengely-atc35l-atc45l\/\" target=\"_blank\" data-type=\"product\" data-id=\"390601\" rel=\"noreferrer noopener\">Oszt\u00f3m\u0171 forg\u00f3 tengely (ATC35L, ATC45L)<\/a><\/td><\/tr><tr><td>12<\/td><td>&nbsp;<\/td><td>1 darab<\/td><td>T\u0171g\u00f6rg\u0151s csap\u00e1gy<\/td><td> <span>El\u00e9rhet\u0151 a&nbsp;<\/span>csap\u00e1gy szettben <\/td><\/tr><tr><td>13<\/td><td>&nbsp;<\/td><td>1 darab<\/td><td>Kuplung kos\u00e1r<\/td><td>&nbsp;<a href=\"https:\/\/transfercasepartshop.com\/hu\/bmw\/atc35l\/osztomu-kuplung-kosar-atc35l-hyundai-atc-maserati-atc\/\" target=\"_blank\" data-type=\"product\" data-id=\"390603\" rel=\"noreferrer noopener\">Oszt\u00f3m\u0171 kuplung kos\u00e1r (ATC35L, Hyundai ATC, Maserati ATC)<\/a><\/td><\/tr><tr><td>14<\/td><td>&nbsp;<\/td><td>2 darab<\/td><td>T\u0171g\u00f6rg\u0151s csap\u00e1gy<\/td><td> <span>El\u00e9rhet\u0151 a&nbsp;<\/span>csap\u00e1gy szettben <\/td><\/tr><tr><td>15<\/td><td>&nbsp;<\/td><td>1 darab<\/td><td>Al\u00e1t\u00e9t<\/td><td>&nbsp;<\/td><\/tr><tr><td>16<\/td><td>&nbsp;<\/td><td>1 darab<\/td><td>Tart\u00f3gy\u0171r\u0171<\/td><td>&nbsp;<\/td><\/tr><tr><td>17<\/td><td>&nbsp;<\/td><td>1 darab<\/td><td>Kuplung t\u00e1ny\u00e9r szett<\/td><td>&nbsp;<a href=\"https:\/\/transfercasepartshop.com\/hu\/bmw\/atc35l\/kuplung-tanyer-3-atc45l-atc35l-hyundai-atc-maserati-atc\/\" target=\"_blank\" data-type=\"product\" data-id=\"390604\" rel=\"noreferrer noopener\">Kuplung t\u00e1ny\u00e9r (ATC45L, ATC35L, Hyundai ATC, Maserati ATC)<\/a><\/td><\/tr><tr><td>18<\/td><td>&nbsp;<\/td><td>10 darab<\/td><td>Lamella<\/td><td>&nbsp;<\/td><\/tr><tr><td>19<\/td><td>&nbsp;<\/td><td>9 darab<\/td><td>Ac\u00e9llemez<\/td><td>&nbsp;<\/td><\/tr><tr><td>20<\/td><td>&nbsp;<\/td><td>3 darab<\/td><td>Rug\u00f3<\/td><td>&nbsp;<\/td><\/tr><tr><td>21<\/td><td>&nbsp;<\/td><td>1 darab<\/td><td>Terel\u0151lap<\/td><td>\u00a0<a href=\"https:\/\/transfercasepartshop.com\/hu\/bmw\/atc35l\/osztomu-muanyag-alkatresz-szett-atc35l\/\" data-type=\"URL\" data-id=\"https:\/\/transfercasepartshop.com\/hu\/bmw\/atc35l\/osztomu-muanyag-alkatresz-szett-atc35l\/\">Oszt\u00f3m\u0171 m\u0171anyag alkatr\u00e9sz szett<\/a><\/td><\/tr><tr><td>22<\/td><td>&nbsp;<\/td><td>1 darab<\/td><td>Kuplung t\u00e1ny\u00e9r<\/td><td>&nbsp;<\/td><\/tr><tr><td>23<\/td><td>&nbsp;<\/td><td>1 darab<\/td><td>Terel\u0151lap<\/td><td>\u00a0<a href=\"https:\/\/transfercasepartshop.com\/hu\/bmw\/atc35l\/osztomu-muanyag-alkatresz-szett-atc35l\/\" data-type=\"URL\" data-id=\"https:\/\/transfercasepartshop.com\/hu\/bmw\/atc35l\/osztomu-muanyag-alkatresz-szett-atc35l\/\">Oszt\u00f3m\u0171 m\u0171anyag alkatr\u00e9sz szett<\/a><\/td><\/tr><tr><td>24<\/td><td>&nbsp;<\/td><td>2 darab<\/td><td>T\u0171csap\u00e1gy<\/td><td> <span>El\u00e9rhet\u0151 a\u00a0<\/span>csap\u00e1gy szettben <\/td><\/tr><tr><td>25<\/td><td>&nbsp;<\/td><td>1 darab<\/td><td>Tengely kapcsol\u00f3 gy\u0171r\u0171<\/td><td> <a href=\"https:\/\/transfercasepartshop.com\/hu\/bmw\/atc35l\/osztomu-tengely-kapcsolo-kar-atc35l-atc45l-hyundaiatc-maserati-atc\/\" data-type=\"product\" data-id=\"390606\" target=\"_blank\" rel=\"noreferrer noopener\">Oszt\u00f3m\u0171 tengely kapcsol\u00f3 kar (ATC35L, ATC45L, Hyundai ATC, Maserati ATC)<\/a><\/td><\/tr><tr><td>26<\/td><td>&nbsp;<\/td><td>3 darab<\/td><td>Goly\u00f3<\/td><td>&nbsp;<\/td><\/tr><tr><td>27<\/td><td>&nbsp;<\/td><td>1 darab<\/td><td>Tengely kapcsol\u00f3 kar<\/td><td>&nbsp;<a href=\"https:\/\/transfercasepartshop.com\/hu\/bmw\/atc35l\/osztomu-tengely-kapcsolo-kar-atc35l-atc-45l-hyundai-atc-maserati-atc\/\" target=\"_blank\" data-type=\"product\" data-id=\"390608\" rel=\"noreferrer noopener\">Oszt\u00f3m\u0171 tengely kapcsol\u00f3 kar (ATC35L, ATC45L, Hyundai ATC, Maserati ATC)<\/a><\/td><\/tr><tr><td>28<\/td><td>&nbsp;<\/td><td>1 darab<\/td><td>Gy\u0171r\u0171<\/td><td>&nbsp;<a href=\"https:\/\/transfercasepartshop.com\/hu\/bmw\/atc35l\/zarokor-atc45l-atc45l-hyundai-atc-maserati-atc\/\" target=\"_blank\" data-type=\"product\" data-id=\"390611\" rel=\"noreferrer noopener\">Z\u00e1r\u00f3k\u00f6r (ATC35L, ATC45L, Hyundai ATC, Maserati ATC)<\/a><\/td><\/tr><tr><td>29<\/td><td>&nbsp;<\/td><td>1 darab<\/td><td>Al\u00e1t\u00e9t<\/td><td>&nbsp;<\/td><\/tr><tr><td>30<\/td><td>&nbsp;<\/td><td>1 darab<\/td><td>Tart\u00f3gy\u0171r\u0171<\/td><td>&nbsp;<\/td><\/tr><tr><td>31<\/td><td>&nbsp;<\/td><td>1 darab<\/td><td>H\u00e1ts\u00f3 h\u00e1z<\/td><td>&nbsp;<\/td><\/tr><tr><td>32<\/td><td>&nbsp;<\/td><td>7 darab<\/td><td>Csavar<\/td><td>&nbsp;<\/td><\/tr><tr><td>33<\/td><td>&nbsp;<\/td><td>1 darab<\/td><td>Goly\u00f3csap\u00e1gy<\/td><td> <span>El\u00e9rhet\u0151 a&nbsp;<\/span>t\u00f6m\u00edt\u00e9s szettben <\/td><\/tr><tr><td>34<\/td><td>27107546667<\/td><td>1 darab<\/td><td>Radi\u00e1lis t\u00f6m\u00edt\u00e9s<\/td><td> <span>El\u00e9rhet\u0151 a&nbsp;<\/span>t\u00f6m\u00edt\u00e9s szettben <\/td><\/tr><tr><td>35<\/td><td>27107597688<\/td><td>1 darab<\/td><td>Porv\u00e9d\u0151<\/td><td>Az ATC35L-re vonatkoz\u00f3 inform\u00e1ci\u00f3: <br>A 27108643150, 27108662968 t\u00edpusokban haszn\u00e1latos<\/td><\/tr><tr><td>36<\/td><td>&nbsp;<\/td><td>1 darab<\/td><td>H\u00e1ts\u00f3 tengely kihajt\u00e1s<\/td><td>&nbsp;<a href=\"https:\/\/transfercasepartshop.com\/hu\/bmw\/atc450\/tengely-kihajtas-hatso-atc35l-atc450-atc45l\/\" target=\"_blank\" data-type=\"product\" data-id=\"390597\" rel=\"noreferrer noopener\">Tengely kihajt\u00e1s h\u00e1ts\u00f3 (ATC35L, ATC450, ATC45L)<\/a><\/td><\/tr><tr><td>37<\/td><td>27107599326<\/td><td>1 darab<\/td><td>T\u00f6m\u00edt\u0151 O-gy\u0171r\u0171<\/td><td> <span>El\u00e9rhet\u0151 a&nbsp;<\/span>t\u00f6m\u00edt\u00e9s szettben <\/td><\/tr><tr><td>38<\/td><td>27107539525; <br>331381LA0A<\/td><td>1 darab<\/td><td>Tart\u00f3gy\u0171r\u0171<\/td><td><a href=\"https:\/\/transfercasepartshop.com\/hu\/bmw\/atc300\/zarogyuru-atc35l-atc300-atc350-atc13-1-atc400-atc450-atc45l-atc500-atc700\/\" target=\"_blank\" data-type=\"product\" data-id=\"390511\" rel=\"noreferrer noopener\">&nbsp;Z\u00e1r\u00f3gy\u0171r\u0171 (ATC35L, ATC300, ATC350, ATC13-1, ATC400, ATC450, ATC45L, ATC500, ATC700)<\/a><\/td><\/tr><tr><td>39<\/td><td>&nbsp;<\/td><td>2 darab<\/td><td>K\u00fapos csap\u00e1gy<\/td><td> <span>El\u00e9rhet\u0151 a&nbsp;<\/span>csap\u00e1gy szettben <\/td><\/tr><tr><td>40<\/td><td>&nbsp;<\/td><td>1 darab<\/td><td>Els\u0151 terel\u0151lap<\/td><td>\u00a0<a href=\"https:\/\/transfercasepartshop.com\/hu\/bmw\/atc35l\/osztomu-muanyag-alkatresz-szett-atc35l\/\" data-type=\"URL\" data-id=\"https:\/\/transfercasepartshop.com\/hu\/bmw\/atc35l\/osztomu-muanyag-alkatresz-szett-atc35l\/\">Oszt\u00f3m\u0171 m\u0171anyag alkatr\u00e9sz szett<\/a><\/td><\/tr><tr><td>41<\/td><td>&nbsp;<\/td><td>1 darab<\/td><td>K\u00f6ztes fogasker\u00e9k<\/td><td>&nbsp;<a href=\"https:\/\/transfercasepartshop.com\/hu\/bmw\/atc35l\/kozbenso-fogaskerek-atc35l-hyundai-atc-maserati-atc\/\" target=\"_blank\" data-type=\"product\" data-id=\"390602\" rel=\"noreferrer noopener\">K\u00f6zbens\u0151 fogasker\u00e9k (ATC35L, Hyundai ATC, Maserati ATC)<\/a><\/td><\/tr><tr><td>42<\/td><td>&nbsp;<\/td><td>1 darab<\/td><td>H\u00e1ts\u00f3 terel\u0151lap<\/td><td>\u00a0<a href=\"https:\/\/transfercasepartshop.com\/hu\/bmw\/atc35l\/osztomu-muanyag-alkatresz-szett-atc35l\/\" data-type=\"URL\" data-id=\"https:\/\/transfercasepartshop.com\/hu\/bmw\/atc35l\/osztomu-muanyag-alkatresz-szett-atc35l\/\">Oszt\u00f3m\u0171 m\u0171anyag alkatr\u00e9sz szett<\/a><\/td><\/tr><tr><td>43<\/td><td>&nbsp;<\/td><td>1 darab<\/td><td>Fogasker\u00e9k kimenet<\/td><td>&nbsp;<a href=\"https:\/\/transfercasepartshop.com\/hu\/bmw\/atc35l\/tengely-kihajtas-elso-atc35l-hyundai-atc-maserati-atc\/\" target=\"_blank\" data-type=\"product\" data-id=\"390612\" rel=\"noreferrer noopener\">Tengely kihajt\u00e1s els\u0151 (ATC35L, Hyundai ATC, Maserati ATC)<\/a><\/td><\/tr><tr><td>44<\/td><td>&nbsp;<\/td><td>2 darab<\/td><td>Goly\u00f3s csap\u00e1gy<\/td><td> <span>El\u00e9rhet\u0151 a&nbsp;<\/span>csap\u00e1gy szettben <\/td><\/tr><tr><td>45<\/td><td>&nbsp;<\/td><td>1 darab<\/td><td>H\u00fcvely cent\u00edroz\u00f3<\/td><td>&nbsp;<\/td><\/tr><tr><td>46<\/td><td>&nbsp;<\/td><td>1 darab<\/td><td>M\u00e1gnes<\/td><td>&nbsp;<\/td><\/tr><tr><td>47<\/td><td>&nbsp;<\/td><td>1 darab<\/td><td>Terel\u0151<\/td><td>\u00a0<a href=\"https:\/\/transfercasepartshop.com\/hu\/bmw\/atc35l\/osztomu-muanyag-alkatresz-szett-atc35l\/\" data-type=\"URL\" data-id=\"https:\/\/transfercasepartshop.com\/hu\/bmw\/atc35l\/osztomu-muanyag-alkatresz-szett-atc35l\/\">Oszt\u00f3m\u0171 m\u0171anyag alkatr\u00e9sz szett<\/a><\/td><\/tr><tr><td>48<\/td><td>&nbsp;<\/td><td>1 darab<\/td><td>Terel\u0151<\/td><td>\u00a0<a href=\"https:\/\/transfercasepartshop.com\/hu\/bmw\/atc35l\/osztomu-muanyag-alkatresz-szett-atc35l\/\" data-type=\"URL\" data-id=\"https:\/\/transfercasepartshop.com\/hu\/bmw\/atc35l\/osztomu-muanyag-alkatresz-szett-atc35l\/\">Oszt\u00f3m\u0171 m\u0171anyag alkatr\u00e9sz szett<\/a><\/td><\/tr><tr><td>49<\/td><td>&nbsp;<\/td><td>1 darab<\/td><td>El\u00fcls\u0151 tengely kihajt\u00e1s<\/td><td>&nbsp;<\/td><\/tr><tr><td>50<\/td><td>27107625117<\/td><td>1 darab<\/td><td>Tart\u00f3gy\u0171r\u0171<\/td><td>&nbsp;<\/td><\/tr><tr><td>51<\/td><td>27107537665<\/td><td>1 darab<\/td><td>Porv\u00e9d\u0151<\/td><td>&nbsp;<\/td><\/tr><tr><td>52<\/td><td>27107539266<\/td><td>1 darab<\/td><td>Radi\u00e1lis t\u00f6m\u00edt\u0151<\/td><td> <span>El\u00e9rhet\u0151 a&nbsp;<\/span>t\u00f6m\u00edt\u0151 szettben <\/td><\/tr><tr><td>53<\/td><td>&nbsp;<\/td><td>1 darab<\/td><td>T\u0171csap\u00e1gy<\/td><td> <span>El\u00e9rhet\u0151 a&nbsp;<\/span>csap\u00e1gy szettben <\/td><\/tr><tr><td>54<\/td><td>&nbsp;<\/td><td>1 darab<\/td><td>Forg\u00f3tengely m\u0171k\u00f6dtet\u0151<\/td><td>&nbsp;<\/td><\/tr><tr><td>55<\/td><td>&nbsp;<\/td><td>1 darab<\/td><td>Goly\u00f3s csap\u00e1gy<\/td><td> <span>El\u00e9rhet\u0151 a&nbsp;<\/span>csap\u00e1gy szettben <\/td><\/tr><tr><td>56<\/td><td>&nbsp;<\/td><td>1 darab<\/td><td>Tart\u00f3gy\u0171r\u0171<\/td><td>&nbsp;<\/td><\/tr><tr><td>57<\/td><td>&nbsp;<\/td><td>1 darab<\/td><td>Tart\u00f3gy\u0171r\u0171<\/td><td>&nbsp;<\/td><\/tr><tr><td>58<\/td><td>27107593452<\/td><td>1 darab<\/td><td>Radi\u00e1lis t\u00f6m\u00edt\u0151gy\u0171r\u0171<\/td><td> <span>El\u00e9rhet\u0151&nbsp;<\/span>t\u00f6m\u00edt\u0151 szettben <\/td><\/tr><tr><td>59<\/td><td>27107593451;<br> 95834150100<\/td><td>1 darab<\/td><td>T\u00f6m\u00edt\u0151 O-gy\u0171r\u0171<\/td><td> <span>El\u00e9rhet\u0151 a&nbsp;<\/span>t\u00f6m\u00edt\u0151 szettben <\/td><\/tr><tr><td>60<\/td><td>27608643153<\/td><td>1 darab<\/td><td>Tengely kapcsol\u00f3 motor FlexRay<\/td><td>Az ATC350-re vonatkoz\u00f3 inform\u00e1ci\u00f3: A 27107643750 t\u00edpusban haszn\u00e1latos<br> Az ATC35L-re vonatkoz\u00f3 inform\u00e1ci\u00f3:<br> A 27108643149, 27108643150, 27108662300,<br> 27108662968 t\u00edpusokban haszn\u00e1latos<br> Az ATC450-re vonatkoz\u00f3 inform\u00e1ci\u00f3: A 27107643753 t\u00edpusban haszn\u00e1latos <br> Az ATC45L-re vonatkoz\u00f3 inform\u00e1ci\u00f3:<br> A 27108643151, 27108643152, 27107854164 t\u00edpusokban haszn\u00e1latos <\/td><\/tr><tr><td>60<\/td><td>27607643762<\/td><td>1 darab<\/td><td>Tengely kapcsol\u00f3 motor CAN<\/td><td>Az ATC350-re vonatkoz\u00f3 inform\u00e1ci\u00f3:<br> 27107643748, 27107643749 t\u00edpusokban haszn\u00e1latos haszn\u00e1latos<br> Az ATC35L-re vonatkoz\u00f3 inform\u00e1ci\u00f3:<br> A 27107643754, 27107643755 t\u00edpusokban haszn\u00e1latos<br> Az ATC450-re vonatkoz\u00f3 inform\u00e1ci\u00f3:<br> A 27107643751, 27107643752 t\u00edpusokban haszn\u00e1latos<br>Az ATC45L-re vonatkoz\u00f3 inform\u00e1ci\u00f3:<br> A 27107643758, 27107643759 t\u00edpusokban haszn\u00e1latos<\/td><\/tr><tr><td>61<\/td><td>27107593450;<br> 673002351;<br> 90038507101;<br> 95834150200<\/td><td>2 darab<\/td><td>Csavar<\/td><td>&nbsp;<\/td><\/tr><tr><td>62<\/td><td>22316773125<\/td><td>1 darab<\/td><td>Tart\u00f3<\/td><td>Az ATC300-ra vonatkoz\u00f3 inform\u00e1ci\u00f3:<br> 27107599690, 27107599693 t\u00edpusokban haszn\u00e1latos <br> Az ATC350-re vonatkoz\u00f3 inform\u00e1ci\u00f3: 27107643748 t\u00edpusban haszn\u00e1latos<br> Az a ATC35L-re vonatkoz\u00f3 inform\u00e1ci\u00f3: 27107643754 t\u00edpusban haszn\u00e1latos<\/td><\/tr><tr><td>62<\/td><td>22313422956<\/td><td>1 darab<\/td><td>Tart\u00f3<\/td><td>ATC300-re vonatkoz\u00f3 inform\u00e1ci\u00f3:<br> A 27107613153, 27107613152 t\u00edpusokban haszn\u00e1latos<br> ATC350-ra vonatkoz\u00f3 inform\u00e1ci\u00f3: A 27107643749 t\u00edpusban haszn\u00e1latos<br> Az ATC35L-re vonatkoz\u00f3 inform\u00e1ci\u00f3: A 27107643755 t\u00edpusban haszn\u00e1latos<\/td><\/tr><tr><td>63<\/td><td>33117525064<\/td><td>1 darab<\/td><td>Dug\u00f3<\/td><td> <span>El\u00e9rhet\u0151 a &nbsp;<\/span>t\u00f6m\u00edt\u00e9s szettben <\/td><\/tr><tr><td>65<\/td><td>332011LA0A<\/td><td>6 darab<\/td><td>Csavar<\/td><td>&nbsp;<\/td><\/tr><tr><td>66<\/td><td>&nbsp;<\/td><td>1 darab<\/td><td>O-gy\u0171r\u0171<\/td><td> <span>El\u00e9rhet\u0151 a <\/span>t\u00f6m\u00edt\u00e9s szettben <\/td><\/tr><tr><td>67<\/td><td>&nbsp;<\/td><td>1 darab<\/td><td>O-gy\u0171r\u0171<\/td><td> <span>El\u00e9rhet\u0151 a&nbsp;<\/span>t\u00f6m\u00edt\u00e9s szettben <\/td><\/tr><\/tbody><\/table><\/figure>","protected":false},"excerpt":{"rendered":"<p>Poz\u00edci\u00f3 OEM sz\u00e1m Mennyis\u00e9g Alkatr\u00e9sz neve Megjegyz\u00e9s \u201eK01 &nbsp; 1 darab Csap\u00e1gy szett Oszt\u00f3m\u0171 csap\u00e1gy szett (ATC35L, Hyundai ATC, Maserati ATC)Tartalmazza a 05, 12, 14, &#8230; <\/p>\n<p class=\"read-more-container\"><a title=\"ATC35L diagram \/ alkatr\u00e9sz katal\u00f3gus\" class=\"read-more button\" href=\"https:\/\/transfercasepartshop.com\/hu\/diagramok\/atc35l-diagram-alkatresz-katalogus\/#more-413707\" aria-label=\"Read more about ATC35L diagram \/ alkatr\u00e9sz katal\u00f3gus\">Tov\u00e1bb<\/a><\/p>","protected":false},"author":7,"featured_media":419572,"parent":412383,"menu_order":0,"comment_status":"closed","ping_status":"closed","template":"","meta":{"_acf_changed":false,"footnotes":""},"class_list":{"0":"post-413707","1":"page","2":"type-page","3":"status-publish","4":"has-post-thumbnail","6":"infinite-scroll-item","7":"no-featured-image-padding","8":"resize-featured-image"},"acf":[],"_links":{"self":[{"href":"https:\/\/transfercasepartshop.com\/hu\/wp-json\/wp\/v2\/pages\/413707","targetHints":{"allow":["GET"]}}],"collection":[{"href":"https:\/\/transfercasepartshop.com\/hu\/wp-json\/wp\/v2\/pages"}],"about":[{"href":"https:\/\/transfercasepartshop.com\/hu\/wp-json\/wp\/v2\/types\/page"}],"author":[{"embeddable":true,"href":"https:\/\/transfercasepartshop.com\/hu\/wp-json\/wp\/v2\/users\/7"}],"replies":[{"embeddable":true,"href":"https:\/\/transfercasepartshop.com\/hu\/wp-json\/wp\/v2\/comments?post=413707"}],"version-history":[{"count":0,"href":"https:\/\/transfercasepartshop.com\/hu\/wp-json\/wp\/v2\/pages\/413707\/revisions"}],"up":[{"embeddable":true,"href":"https:\/\/transfercasepartshop.com\/hu\/wp-json\/wp\/v2\/pages\/412383"}],"wp:featuredmedia":[{"embeddable":true,"href":"https:\/\/transfercasepartshop.com\/hu\/wp-json\/wp\/v2\/media\/419572"}],"wp:attachment":[{"href":"https:\/\/transfercasepartshop.com\/hu\/wp-json\/wp\/v2\/media?parent=413707"}],"curies":[{"name":"wp","href":"https:\/\/api.w.org\/{rel}","templated":true}]}}