{"id":389586,"date":"2021-08-24T22:16:49","date_gmt":"2021-08-24T20:16:49","guid":{"rendered":"https:\/\/transfercasepartshop.com\/\/?page_id=389586"},"modified":"2026-03-02T15:56:05","modified_gmt":"2026-03-02T14:56:05","slug":"kapcsolat","status":"publish","type":"page","link":"https:\/\/transfercasepartshop.com\/hu\/kapcsolat\/","title":{"rendered":"Kapcsolat"},"content":{"rendered":"<div class=\"gb-container gb-container-3d8854f5\"><div class=\"gb-inside-container\">\n<div class=\"gb-container gb-container-905f47f4\"><div class=\"gb-inside-container\">\n<h2 class=\"gb-headline gb-headline-8f5ae9c3 gb-headline-text\">K\u00e9rd\u00e9s eset\u00e9n keressen minket bizalommal!<\/h2>\n<\/div><\/div>\n\n<div class=\"gb-grid-wrapper gb-grid-wrapper-be386e3b\">\n<div class=\"gb-grid-column gb-grid-column-04c821f5\"><div class=\"gb-container gb-container-04c821f5 connection-card\"><div class=\"gb-inside-container\">\n<h2 class=\"gb-headline gb-headline-846bcd7e\"><span class=\"gb-icon\"><svg aria-hidden=\"true\" role=\"img\" height=\"1em\" width=\"1em\" viewBox=\"0 0 512 512\" xmlns=\"http:\/\/www.w3.org\/2000\/svg\"><path fill=\"currentColor\" d=\"M493.4 24.6l-104-24c-11.3-2.6-22.9 3.3-27.5 13.9l-48 112c-4.2 9.8-1.4 21.3 6.9 28l60.6 49.6c-36 76.7-98.9 140.5-177.2 177.2l-49.6-60.6c-6.8-8.3-18.2-11.1-28-6.9l-112 48C3.9 366.5-2 378.1.6 389.4l24 104C27.1 504.2 36.7 512 48 512c256.1 0 464-207.5 464-464 0-11.2-7.7-20.9-18.6-23.4z\"><\/path><\/svg><\/span><span class=\"gb-headline-text\"><strong>Telefonsz\u00e1m<\/strong><\/span><\/h2>\n\n<p class=\"has-text-align-center\">H\u00e9tk\u00f6znap \u00e9s munkanapokon <br>09:00-17:00 k\u00f6z\u00f6tt.<\/p>\n\n<a href=\"tel:+36705551462\">+36 70 555 14 62<\/a>\n<\/div><\/div><\/div>\n\n<div class=\"gb-grid-column gb-grid-column-f956da18\"><div class=\"gb-container gb-container-f956da18 connection-card\"><div class=\"gb-inside-container\">\n<h2 class=\"gb-headline gb-headline-35fb3251\"><span class=\"gb-icon\"><svg aria-hidden=\"true\" role=\"img\" height=\"1em\" width=\"1em\" viewBox=\"0 0 384 512\" xmlns=\"http:\/\/www.w3.org\/2000\/svg\"><path fill=\"currentColor\" d=\"M172.268 501.67C26.97 291.031 0 269.413 0 192 0 85.961 85.961 0 192 0s192 85.961 192 192c0 77.413-26.97 99.031-172.268 309.67-9.535 13.774-29.93 13.773-39.464 0zM192 272c44.183 0 80-35.817 80-80s-35.817-80-80-80-80 35.817-80 80 35.817 80 80 80z\"><\/path><\/svg><\/span><span class=\"gb-headline-text\"><strong>Iroda<\/strong><\/span><\/h2>\n\n<a href=\"https:\/\/maps.app.goo.gl\/u9qWoDjsSn2uD49d8\" target=\"_blank\" rel=\"noopener\">1048 Budapest, S\u00e1rpatak utca 21. f\u00f6ldszint<br \/>(nem \u00e1tvev\u0151hely!)<\/a>\n<\/div><\/div><\/div>\n\n<div class=\"gb-grid-column gb-grid-column-5b6cd37c\"><div class=\"gb-container gb-container-5b6cd37c connection-card\"><div class=\"gb-inside-container\">\n<h2 class=\"gb-headline gb-headline-cbd490c6\"><span class=\"gb-icon\"><svg aria-hidden=\"true\" role=\"img\" height=\"1em\" width=\"1em\" viewBox=\"0 0 512 512\" xmlns=\"http:\/\/www.w3.org\/2000\/svg\"><path fill=\"currentColor\" d=\"M464 64H48C21.49 64 0 85.49 0 112v288c0 26.51 21.49 48 48 48h416c26.51 0 48-21.49 48-48V112c0-26.51-21.49-48-48-48zm0 48v40.805c-22.422 18.259-58.168 46.651-134.587 106.49-16.841 13.247-50.201 45.072-73.413 44.701-23.208.375-56.579-31.459-73.413-44.701C106.18 199.465 70.425 171.067 48 152.805V112h416zM48 400V214.398c22.914 18.251 55.409 43.862 104.938 82.646 21.857 17.205 60.134 55.186 103.062 54.955 42.717.231 80.509-37.199 103.053-54.947 49.528-38.783 82.032-64.401 104.947-82.653V400H48z\"><\/path><\/svg><\/span><span class=\"gb-headline-text\"><strong>E-mail<\/strong><\/span><\/h2>\n\n<a href=\"mailto:office@transfercasepartshop.com\">office@transfercasepartshop.com<\/a>\n<\/div><\/div><\/div>\n<\/div>\n<\/div><\/div><div class=\"gb-container gb-container-352d34c1\">\n<h2 class=\"gb-headline gb-headline-20f19417 gb-headline-text\">Csapatunk<\/h2>\n\n<p class=\"gb-headline gb-headline-8efd0774 gb-headline-text\">Ismerje meg csapatunkat!<\/p>\n\n<p class=\"gb-headline gb-headline-30912cca\"><span class=\"gb-icon\"><svg viewBox=\"0 0 64 64\" xmlns=\"http:\/\/www.w3.org\/2000\/svg\"><path d=\"M23.667 23a5.006 5.006 0 00-5 5 1 1 0 002 0 3 3 0 013-3 1 1 0 000-2z\"><\/path><path d=\"M58 23a5.006 5.006 0 00-5 5 4.932 4.932 0 00.253 1.494L44 34.63a4.94 4.94 0 00-7.4.069l-5.6-3.51a8 8 0 10-14.693-.057l-6.532 3.626A4.973 4.973 0 1011 38a4.932 4.932 0 00-.253-1.494l6.575-3.652a7.971 7.971 0 0012.65.052l5.638 3.527A4.91 4.91 0 0035.333 38a5 5 0 109.7-1.653l9.194-5.105A4.99 4.99 0 1058 23zM6 41a3 3 0 113-3 3 3 0 01-3 3zm17.667-7a6.021 6.021 0 115.177-2.982A6 6 0 0123.667 34zm16.666 7a3 3 0 113-3 3 3 0 01-3 3zM58 31a3 3 0 113-3 3 3 0 01-3 3z\"><\/path><\/svg><\/span><\/p>\n\n<div class=\"gb-grid-wrapper gb-grid-wrapper-10843c90\">\n<div class=\"gb-grid-column gb-grid-column-0d083c62\"><div class=\"gb-container gb-container-0d083c62\">\n<div class=\"gb-container gb-container-ec77335d\">\n<figure class=\"gb-block-image gb-block-image-4be6900b\"><img decoding=\"async\" width=\"1200\" height=\"1200\" class=\"gb-image gb-image-4be6900b is-style-default\" src=\"https:\/\/transfercasepartshop.com\/wp-content\/uploads\/2023\/11\/TCP-Zsolt_profile.jpg\" alt=\"Oszt\u00f3m\u0171 alkatr\u00e9sz\" title=\"TCP-Zsolt_profile\" srcset=\"https:\/\/transfercasepartshop.com\/wp-content\/uploads\/2023\/11\/TCP-Zsolt_profile.jpg 1200w,  https:\/\/transfercasepartshop.com\/wp-content\/uploads\/2023\/11\/TCP-Zsolt_profile-300x300.jpg 300w,  https:\/\/transfercasepartshop.com\/wp-content\/uploads\/2023\/11\/TCP-Zsolt_profile-1024x1024.jpg 1024w,  https:\/\/transfercasepartshop.com\/wp-content\/uploads\/2023\/11\/TCP-Zsolt_profile-150x150.jpg 150w,  https:\/\/transfercasepartshop.com\/wp-content\/uploads\/2023\/11\/TCP-Zsolt_profile-768x768.jpg 768w,  https:\/\/transfercasepartshop.com\/wp-content\/uploads\/2023\/11\/TCP-Zsolt_profile-20x20.jpg 20w,  https:\/\/transfercasepartshop.com\/wp-content\/uploads\/2023\/11\/TCP-Zsolt_profile-500x500.jpg 500w,  https:\/\/transfercasepartshop.com\/wp-content\/uploads\/2023\/11\/TCP-Zsolt_profile-100x100.jpg 100w,  https:\/\/transfercasepartshop.com\/wp-content\/uploads\/2023\/11\/TCP-Zsolt_profile-64x64.jpg 64w\" sizes=\"(max-width: 1200px) 100vw, 1200px\"><\/figure>\n<\/div>\n\n<h4 class=\"gb-headline gb-headline-a153dee7 gb-headline-text\">T\u00d6R\u00d6K ZSOLT<\/h4>\n\n<p class=\"gb-headline gb-headline-6a5fc380 gb-headline-text\">CEO \u00e9s szakmai igazgat\u00f3<\/p>\n\n<p class=\"gb-headline gb-headline-d4783b26\"><span class=\"gb-icon\"><svg xmlns=\"http:\/\/www.w3.org\/2000\/svg\" viewBox=\"0 0 14.707 14.707\"><path d=\"M6.275 0h2.158v14.707H6.275z\"><\/path><\/svg><\/span><span class=\"gb-headline-text\"> <a href=\"mailto:zsolt.torok@transfercasepartshop.com\">e-mail<\/a><\/span><\/p>\n\n<p class=\"gb-headline gb-headline-1f513e34\"><span class=\"gb-icon\"><svg xmlns=\"http:\/\/www.w3.org\/2000\/svg\" viewBox=\"0 0 14.707 14.707\"><path d=\"M6.275 0h2.158v14.707H6.275z\"><\/path><\/svg><\/span><span class=\"gb-headline-text\"><a href=\"tel:+36705551462\">+36 70 5551 462<\/a><\/span><\/p>\n<\/div><\/div>\n\n<div class=\"gb-grid-column gb-grid-column-6fa15331\"><div class=\"gb-container gb-container-6fa15331\">\n<div class=\"gb-container gb-container-3da643cd\">\n<figure class=\"gb-block-image gb-block-image-0b22e5c0\"><img decoding=\"async\" width=\"1200\" height=\"1200\" class=\"gb-image gb-image-0b22e5c0 is-style-default\" src=\"https:\/\/transfercasepartshop.com\/wp-content\/uploads\/2023\/11\/TCP-Roland_profile.jpg\" alt=\"Oszt\u00f3m\u0171 alkatr\u00e9sz\" title=\"TCP-Roland_profile\" srcset=\"https:\/\/transfercasepartshop.com\/wp-content\/uploads\/2023\/11\/TCP-Roland_profile.jpg 1200w,  https:\/\/transfercasepartshop.com\/wp-content\/uploads\/2023\/11\/TCP-Roland_profile-300x300.jpg 300w,  https:\/\/transfercasepartshop.com\/wp-content\/uploads\/2023\/11\/TCP-Roland_profile-1024x1024.jpg 1024w,  https:\/\/transfercasepartshop.com\/wp-content\/uploads\/2023\/11\/TCP-Roland_profile-150x150.jpg 150w,  https:\/\/transfercasepartshop.com\/wp-content\/uploads\/2023\/11\/TCP-Roland_profile-768x768.jpg 768w,  https:\/\/transfercasepartshop.com\/wp-content\/uploads\/2023\/11\/TCP-Roland_profile-20x20.jpg 20w,  https:\/\/transfercasepartshop.com\/wp-content\/uploads\/2023\/11\/TCP-Roland_profile-500x500.jpg 500w,  https:\/\/transfercasepartshop.com\/wp-content\/uploads\/2023\/11\/TCP-Roland_profile-100x100.jpg 100w,  https:\/\/transfercasepartshop.com\/wp-content\/uploads\/2023\/11\/TCP-Roland_profile-64x64.jpg 64w\" sizes=\"(max-width: 1200px) 100vw, 1200px\"><\/figure>\n<\/div>\n\n<h4 class=\"gb-headline gb-headline-c8cf448c gb-headline-text\">CZINE ROLAND<\/h4>\n\n<p class=\"gb-headline gb-headline-11d7759b gb-headline-text\">CEO \u00e9s partnerkapcsolat<\/p>\n\n<p class=\"gb-headline gb-headline-6f2a1f8e\"><span class=\"gb-icon\"><svg xmlns=\"http:\/\/www.w3.org\/2000\/svg\" viewBox=\"0 0 14.707 14.707\"><path d=\"M6.275 0h2.158v14.707H6.275z\"><\/path><\/svg><\/span><span class=\"gb-headline-text\"><a href=\"mailto:roland.czine@transfercasepartshop.com\">e-mail<\/a><\/span><\/p>\n\n<p class=\"gb-headline gb-headline-313c9e5a\"><span class=\"gb-icon\"><svg xmlns=\"http:\/\/www.w3.org\/2000\/svg\" viewBox=\"0 0 14.707 14.707\"><path d=\"M6.275 0h2.158v14.707H6.275z\"><\/path><\/svg><\/span><span class=\"gb-headline-text\"><a href=\"tel:+36706045053\">+36 70 6045 053<\/a><\/span><\/p>\n<\/div><\/div>\n\n<div class=\"gb-grid-column gb-grid-column-361a5211\"><div class=\"gb-container gb-container-361a5211\">\n<div class=\"gb-container gb-container-2ad6cdef\">\n<figure class=\"gb-block-image gb-block-image-857c441c\"><img decoding=\"async\" width=\"1200\" height=\"1200\" class=\"gb-image gb-image-857c441c is-style-default\" src=\"https:\/\/transfercasepartshop.com\/wp-content\/uploads\/2023\/11\/TCP-Evi_profile.jpg\" alt=\"Oszt\u00f3m\u0171 alkatr\u00e9sz\" title=\"TCP-Evi_profile\" srcset=\"https:\/\/transfercasepartshop.com\/wp-content\/uploads\/2023\/11\/TCP-Evi_profile.jpg 1200w,  https:\/\/transfercasepartshop.com\/wp-content\/uploads\/2023\/11\/TCP-Evi_profile-300x300.jpg 300w,  https:\/\/transfercasepartshop.com\/wp-content\/uploads\/2023\/11\/TCP-Evi_profile-1024x1024.jpg 1024w,  https:\/\/transfercasepartshop.com\/wp-content\/uploads\/2023\/11\/TCP-Evi_profile-150x150.jpg 150w,  https:\/\/transfercasepartshop.com\/wp-content\/uploads\/2023\/11\/TCP-Evi_profile-768x768.jpg 768w,  https:\/\/transfercasepartshop.com\/wp-content\/uploads\/2023\/11\/TCP-Evi_profile-20x20.jpg 20w,  https:\/\/transfercasepartshop.com\/wp-content\/uploads\/2023\/11\/TCP-Evi_profile-500x500.jpg 500w,  https:\/\/transfercasepartshop.com\/wp-content\/uploads\/2023\/11\/TCP-Evi_profile-100x100.jpg 100w,  https:\/\/transfercasepartshop.com\/wp-content\/uploads\/2023\/11\/TCP-Evi_profile-64x64.jpg 64w\" sizes=\"(max-width: 1200px) 100vw, 1200px\"><\/figure>\n<\/div>\n\n<h4 class=\"gb-headline gb-headline-7ce2593b gb-headline-text\">SZIBERT \u00c9VA<\/h4>\n\n<p class=\"gb-headline gb-headline-262062de gb-headline-text\">Iroda<\/p>\n\n<p class=\"gb-headline gb-headline-642f0fb9\"><span class=\"gb-icon\"><svg xmlns=\"http:\/\/www.w3.org\/2000\/svg\" viewBox=\"0 0 14.707 14.707\"><path d=\"M6.275 0h2.158v14.707H6.275z\"><\/path><\/svg><\/span><span class=\"gb-headline-text\"><a href=\"mailto:office@transfercasepartshop.com\">e-mail<\/a><\/span><\/p>\n\n<p class=\"gb-headline gb-headline-2c2862e2\"><span class=\"gb-icon\"><svg xmlns=\"http:\/\/www.w3.org\/2000\/svg\" viewBox=\"0 0 14.707 14.707\"><path d=\"M6.275 0h2.158v14.707H6.275z\"><\/path><\/svg><\/span><span class=\"gb-headline-text\"><a href=\"tel:+36705535333\" data-type=\"tel\" data-id=\"tel:+36705535333\">+36 70 5535 333<\/a><\/span><\/p>\n<\/div><\/div>\n\n<div class=\"gb-grid-column gb-grid-column-7ec88481\"><div class=\"gb-container gb-container-7ec88481\">\n<div class=\"gb-container gb-container-8c9bd4c4\">\n<figure class=\"gb-block-image gb-block-image-a0e25166\"><img decoding=\"async\" width=\"1024\" height=\"1024\" class=\"gb-image gb-image-a0e25166 is-style-default\" src=\"https:\/\/transfercasepartshop.com\/wp-content\/uploads\/2023\/11\/TCP-Gabor_profile-1024x1024.jpg\" alt=\"Oszt\u00f3m\u0171 alkatr\u00e9sz\" title=\"TCP-Gabor_profile\" srcset=\"https:\/\/transfercasepartshop.com\/wp-content\/uploads\/2023\/11\/TCP-Gabor_profile-1024x1024.jpg 1024w,  https:\/\/transfercasepartshop.com\/wp-content\/uploads\/2023\/11\/TCP-Gabor_profile-300x300.jpg 300w,  https:\/\/transfercasepartshop.com\/wp-content\/uploads\/2023\/11\/TCP-Gabor_profile-150x150.jpg 150w,  https:\/\/transfercasepartshop.com\/wp-content\/uploads\/2023\/11\/TCP-Gabor_profile-768x768.jpg 768w,  https:\/\/transfercasepartshop.com\/wp-content\/uploads\/2023\/11\/TCP-Gabor_profile-20x20.jpg 20w,  https:\/\/transfercasepartshop.com\/wp-content\/uploads\/2023\/11\/TCP-Gabor_profile-500x500.jpg 500w,  https:\/\/transfercasepartshop.com\/wp-content\/uploads\/2023\/11\/TCP-Gabor_profile-100x100.jpg 100w,  https:\/\/transfercasepartshop.com\/wp-content\/uploads\/2023\/11\/TCP-Gabor_profile-64x64.jpg 64w,  https:\/\/transfercasepartshop.com\/wp-content\/uploads\/2023\/11\/TCP-Gabor_profile.jpg 1200w\" sizes=\"(max-width: 1024px) 100vw, 1024px\"><\/figure>\n<\/div>\n\n<h4 class=\"gb-headline gb-headline-513a94a7 gb-headline-text\">SZAB\u00d3 G\u00c1BOR<\/h4>\n\n<p class=\"gb-headline gb-headline-67734c35 gb-headline-text\">PPC<\/p>\n<\/div><\/div>\n\n<div class=\"gb-grid-column gb-grid-column-0c3de2ce\"><div class=\"gb-container gb-container-0c3de2ce\">\n<div class=\"gb-container gb-container-7314f87b\"><\/div>\n\n<h4 class=\"gb-headline gb-headline-33538231 gb-headline-text\">LEST\u00c1R KRIST\u00d3F<\/h4>\n\n<p class=\"gb-headline gb-headline-68132976 gb-headline-text\">WEBSHOP &amp; SEO<\/p>\n\n<p class=\"gb-headline gb-headline-877d0971\"><span class=\"gb-icon\"><svg xmlns=\"http:\/\/www.w3.org\/2000\/svg\" viewBox=\"0 0 14.707 14.707\"><path d=\"M6.275 0h2.158v14.707H6.275z\"><\/path><\/svg><\/span><span class=\"gb-headline-text\"><a href=\"mailto:web@transfercasepartshop.com\" data-type=\"mailto\" data-id=\"mailto:web@transfercasepartshop.com\">e-mail<\/a><\/span><\/p>\n<\/div><\/div>\n<\/div>\n<\/div><div class=\"gb-container gb-container-f6cad08b\"><div class=\"gb-inside-container\">\n<iframe src=\"https:\/\/www.google.com\/maps\/embed?pb=!1m18!1m12!1m3!1d3317.7697688119306!2d19.115855312363983!3d47.59401588872572!2m3!1f0!2f0!3f0!3m2!1i1024!2i768!4f13.1!3m3!1m2!1s0x4741d09f4e568e23%3A0x63bf5f29d0450f03!2sBudapest%2C%20S%C3%A1rpatak%20u.%2021%2C%201048!5e1!3m2!1shu!2shu!4v1761122858250!5m2!1shu!2shu\" width=\"100%\" height=\"600\" style=\"border:0;\" allowfullscreen=\"\" loading=\"lazy\" referrerpolicy=\"no-referrer-when-downgrade\"><\/iframe>\n<\/div><\/div>","protected":false},"excerpt":{"rendered":"<p>K\u00e9rd\u00e9s eset\u00e9n keressen minket bizalommal! Csapatunk Ismerje meg csapatunkat!<\/p>","protected":false},"author":2,"featured_media":0,"parent":0,"menu_order":0,"comment_status":"closed","ping_status":"closed","template":"","meta":{"_acf_changed":false,"footnotes":""},"class_list":{"0":"post-389586","1":"page","2":"type-page","3":"status-publish","5":"infinite-scroll-item","6":"no-featured-image-padding"},"acf":[],"_links":{"self":[{"href":"https:\/\/transfercasepartshop.com\/hu\/wp-json\/wp\/v2\/pages\/389586","targetHints":{"allow":["GET"]}}],"collection":[{"href":"https:\/\/transfercasepartshop.com\/hu\/wp-json\/wp\/v2\/pages"}],"about":[{"href":"https:\/\/transfercasepartshop.com\/hu\/wp-json\/wp\/v2\/types\/page"}],"author":[{"embeddable":true,"href":"https:\/\/transfercasepartshop.com\/hu\/wp-json\/wp\/v2\/users\/2"}],"replies":[{"embeddable":true,"href":"https:\/\/transfercasepartshop.com\/hu\/wp-json\/wp\/v2\/comments?post=389586"}],"version-history":[{"count":0,"href":"https:\/\/transfercasepartshop.com\/hu\/wp-json\/wp\/v2\/pages\/389586\/revisions"}],"wp:attachment":[{"href":"https:\/\/transfercasepartshop.com\/hu\/wp-json\/wp\/v2\/media?parent=389586"}],"curies":[{"name":"wp","href":"https:\/\/api.w.org\/{rel}","templated":true}]}}