{"id":159305,"date":"2019-06-03T21:02:05","date_gmt":"2019-06-03T21:02:05","guid":{"rendered":"https:\/\/gpsites.co\/prime\/?page_id=159305"},"modified":"2024-10-09T13:05:37","modified_gmt":"2024-10-09T11:05:37","slug":"rolunk","status":"publish","type":"page","link":"https:\/\/transfercasepartshop.com\/hu\/rolunk\/","title":{"rendered":"R\u00f3lunk"},"content":{"rendered":"<section class=\"gb-container gb-container-b1c03690\"><div class=\"gb-inside-container\">\n<h2 class=\"gb-headline gb-headline-2e0c029d gb-headline-text\"><\/h2>\n<\/div><\/section><div class=\"gb-container gb-container-4239d87c\"><div class=\"gb-inside-container\">\n<h1 class=\"gb-headline gb-headline-f752c736 gb-headline-text\"><strong>T.C.P. &#8211; Transfer Case Part<\/strong><\/h1>\n\n<p class=\"gb-headline gb-headline-6a8a0beb gb-headline-text\">\u00dcdv\u00f6zl\u00f6k mindenkit a&nbsp;<strong>TCP<\/strong>&nbsp;oldal\u00e1n. Ha m\u00e1r ide tal\u00e1lt, biztosan tudja, hogy oszt\u00f3m\u0171vekkel \u00e9s azok alkatr\u00e9szeinek forgalmaz\u00e1s\u00e1val foglalkozunk. Mindezt Eur\u00f3p\u00e1n bel\u00fcl tessz\u00fck, illetve&nbsp;Magyarorsz\u00e1gon egyed\u00fcl\u00e1ll\u00f3k\u00e9nt. A webshopunk nem csak mag\u00e1nv\u00e1s\u00e1rl\u00f3knak lett l\u00e9trehozva, hanem az alkatr\u00e9szek tov\u00e1bb \u00e9rt\u00e9kes\u00edt\u00e9s\u00e9nek c\u00e9lj\u00e1b\u00f3l is. Minden term\u00e9k\u00fcnk szigor\u00fa min\u0151s\u00e9gellen\u0151rz\u00e9s ut\u00e1n ker\u00fcl fel weboldalunkra, term\u00e9keinket az oszt\u00f3m\u0171veket gy\u00e1rt\u00f3 c\u00e9gekt\u0151l szerezz\u00fck be.<br><br>Amennyiben oszt\u00f3m\u0171veket jav\u00edtana vagy fel\u00faj\u00edtana k\u00e9rem pr\u00f3b\u00e1ljon meg mindig gy\u00e1ri alkatr\u00e9szeket haszn\u00e1lni, mert csak ezzel lehet el\u00e9rni a&nbsp;<strong>megfelel\u0151 min\u0151s\u00e9get<\/strong>.<\/p>\n\n<h2 class=\"gb-headline gb-headline-3d545495 gb-headline-text\"><strong>T.C.P. TUD\u00c1ST\u00c1R<\/strong><\/h2>\n\n<p class=\"gb-headline gb-headline-ada2eaff gb-headline-text\">A legt\u00f6bb aut\u00f3gy\u00e1rt\u00f3 j\u00e1rm\u0171palett\u00e1j\u00e1n fellelhet\u0151k a 4&#215;4 hajt\u00e1sl\u00e1nccal rendelkez\u0151 g\u00e9pj\u00e1rm\u0171vek, amiknek fontos l\u00e1ncszeme az oszt\u00f3m\u0171. K\u00fcl\u00f6nf\u00e9le t\u00edpus\u00faakat alkalmaznak az adott g\u00e9pj\u00e1rm\u0171 menet tulajdons\u00e1gait figyelembe v\u00e9ve. Vannak l\u00e1nc meghajt\u00e1s\u00fa, illetve fogasker\u00e9kkel hajtottak is, azonban rengeteg modern aut\u00f3ban m\u00e1r \u00fagynevezett&nbsp;<strong>akt\u00edv oszt\u00f3m\u0171vek<\/strong>&nbsp;tal\u00e1lhat\u00f3k&nbsp;<strong>ATC<\/strong>&nbsp;jelz\u00e9ssel ell\u00e1tva. Ezeket pr\u00e9mium kateg\u00f3ri\u00e1s aut\u00f3kban (BMW, Mercedes, Audi, Porsche, Maseratti, stb.) el\u0151szeretettel alkalmazz\u00e1k a gy\u00e1rt\u00f3k, intelligens n\u00e9gyker\u00e9k meghajt\u00e1sk\u00e9nt elnevezve. Term\u00e9szetesen mi is figyelemmel k\u00eds\u00e9rj\u00fck az \u00faj innov\u00e1ci\u00f3kat \u00e9s gy\u00e1rt\u00e1si folyamatokat, ez\u00e9rt is tudjuk azt, hogy egy ut\u00e1ngy\u00e1rtott \u00e9s egy gy\u00e1ri alkatr\u00e9sz \u00e9lettartalma nem ugyan olyan ar\u00e1ny\u00fa.&nbsp;<strong>Oszt\u00f3m\u0171 l\u00e1ncok&nbsp;<\/strong>ter\u00e9n nem mindegy p\u00e9ld\u00e1ul az el\u0151\u00e1ll\u00edtott anyag&nbsp;szak\u00edt\u00f3 szil\u00e1rds\u00e1ga \u00e9s h\u0151\u00e1ll\u00f3 kik\u00e9pz\u00e9se. P\u00e9ld\u00e1ul az&nbsp;<strong>oszt\u00f3m\u0171vekben&nbsp;<\/strong>tal\u00e1lhat\u00f3&nbsp;<strong>kuplungokban<\/strong>&nbsp;surl\u00f3d\u00f3&nbsp;<strong>lamell\u00e1k<\/strong>&nbsp;olaj\u00e1ll\u00f3s\u00e1ga \u00e9s h\u0151 terhelhet\u0151s\u00e9ge k\u00fcl\u00f6n specifik\u00e1ci\u00f3j\u00fa olajat ig\u00e9nyel a hosszabb \u00e9lettartam el\u00e9r\u00e9se \u00e9rdek\u00e9ben. Oszt\u00f3m\u0171ben alkalmazott&nbsp;<strong>szimeringekn\u00e9l<\/strong>&nbsp;rettent\u0151en fontos a megfelel\u0151 alapanyag kiv\u00e1laszt\u00e1sa, hiszen a forg\u00f3 tengelyekre hat\u00f3 nyomat\u00e9k \u00f3ri\u00e1si. Annak \u00e9rdek\u00e9ben, hogy elker\u00fclj\u00fck az olajfoly\u00e1st, megfelel\u0151 min\u0151s\u00e9g\u0171 szimeringeket kell be\u00e9p\u00edteni. Mindent \u00f6sszefoglalva:&nbsp;<strong>OSZT\u00d3M\u0170VET FEL\u00daJ\u00cdTANI CSAK A MEGFELEL\u0150 ALKATR\u00c9SZEKB\u0150L LEHETS\u00c9GES<\/strong>!<\/p>\n\n<p class=\"gb-headline gb-headline-24954309 gb-headline-text\">Igyeksz\u00fcnk r\u00f6vid sz\u00e1ll\u00edt\u00e1si hat\u00e1rid\u0151vel eljuttatni a megrendelt term\u00e9keket Eur\u00f3pa b\u00e1rmely pontj\u00e1ra, hogy \u00d6n\u00f6k is hat\u00e9konyan tudj\u00e1k felhaszn\u00e1lni \u00e9s dolgozni vele. Term\u00e9szetesen a megfelel\u0151 be\u00e9p\u00edt\u00e9si felt\u00e9telekkel a gy\u00e1rt\u00f3i garanci\u00e1k \u00e9rv\u00e9nyesek az \u00e1ltalunk forgalmazott alkatr\u00e9szekre is.<\/p>\n\n<p class=\"gb-headline gb-headline-0b5645f4 gb-headline-text\">Amennyiben tov\u00e1bb \u00e9rt\u00e9kes\u00edt\u00e9s c\u00e9lj\u00e1b\u00f3l szeretne t\u0151l\u00fcnk v\u00e1s\u00e1rolni, k\u00e9rem emailben k\u00e9rjen egyedi szem\u00e9lyre szabott \u00e1raj\u00e1nlatot. K\u00f6sz\u00f6nj\u00fck, hogy v\u00e9gig olvasta bemutatkoz\u00f3 t\u00e1j\u00e9koztat\u00f3nkat.<\/p>\n\n<p class=\"gb-headline gb-headline-c1528a09 gb-headline-text\">Rem\u00e9lj\u00fck hamarosan \u00d6n is gyarap\u00edtja az el\u00e9gedett \u00fcgyfeleink t\u00e1bor\u00e1t!<\/p>\n<\/div><\/div>","protected":false},"excerpt":{"rendered":"<p>T.C.P. &#8211; Transfer Case Part \u00dcdv\u00f6zl\u00f6k mindenkit a&nbsp;TCP&nbsp;oldal\u00e1n. Ha m\u00e1r ide tal\u00e1lt, biztosan tudja, hogy oszt\u00f3m\u0171vekkel \u00e9s azok alkatr\u00e9szeinek forgalmaz\u00e1s\u00e1val foglalkozunk. Mindezt Eur\u00f3p\u00e1n bel\u00fcl tessz\u00fck, &#8230; <\/p>\n<p class=\"read-more-container\"><a title=\"R\u00f3lunk\" class=\"read-more button\" href=\"https:\/\/transfercasepartshop.com\/hu\/rolunk\/#more-159305\" aria-label=\"Read more about R\u00f3lunk\">Tov\u00e1bb<\/a><\/p>","protected":false},"author":2,"featured_media":0,"parent":0,"menu_order":0,"comment_status":"closed","ping_status":"closed","template":"","meta":{"_acf_changed":false,"footnotes":""},"class_list":{"0":"post-159305","1":"page","2":"type-page","3":"status-publish","5":"infinite-scroll-item","6":"no-featured-image-padding"},"acf":[],"_links":{"self":[{"href":"https:\/\/transfercasepartshop.com\/hu\/wp-json\/wp\/v2\/pages\/159305","targetHints":{"allow":["GET"]}}],"collection":[{"href":"https:\/\/transfercasepartshop.com\/hu\/wp-json\/wp\/v2\/pages"}],"about":[{"href":"https:\/\/transfercasepartshop.com\/hu\/wp-json\/wp\/v2\/types\/page"}],"author":[{"embeddable":true,"href":"https:\/\/transfercasepartshop.com\/hu\/wp-json\/wp\/v2\/users\/2"}],"replies":[{"embeddable":true,"href":"https:\/\/transfercasepartshop.com\/hu\/wp-json\/wp\/v2\/comments?post=159305"}],"version-history":[{"count":0,"href":"https:\/\/transfercasepartshop.com\/hu\/wp-json\/wp\/v2\/pages\/159305\/revisions"}],"wp:attachment":[{"href":"https:\/\/transfercasepartshop.com\/hu\/wp-json\/wp\/v2\/media?parent=159305"}],"curies":[{"name":"wp","href":"https:\/\/api.w.org\/{rel}","templated":true}]}}