{"id":426780,"date":"2023-11-08T11:05:56","date_gmt":"2023-11-08T10:05:56","guid":{"rendered":"https:\/\/transfercasepartshop.com\/?page_id=426780"},"modified":"2024-05-14T11:37:07","modified_gmt":"2024-05-14T09:37:07","slug":"team","status":"publish","type":"page","link":"https:\/\/transfercasepartshop.com\/en\/team\/","title":{"rendered":"Team"},"content":{"rendered":"<div class=\"gb-container gb-container-19ada59d\">\n<div class=\"gb-container gb-container-352d34c1\">\n<h2 class=\"gb-headline gb-headline-20f19417 gb-headline-text\">Our team<\/h2>\n\n<p class=\"gb-headline gb-headline-8efd0774 gb-headline-text\">Get to know us!<\/p>\n\n<p class=\"gb-headline gb-headline-30912cca\"><span class=\"gb-icon\"><svg viewBox=\"0 0 64 64\" xmlns=\"http:\/\/www.w3.org\/2000\/svg\"><path d=\"M23.667 23a5.006 5.006 0 00-5 5 1 1 0 002 0 3 3 0 013-3 1 1 0 000-2z\"><\/path><path d=\"M58 23a5.006 5.006 0 00-5 5 4.932 4.932 0 00.253 1.494L44 34.63a4.94 4.94 0 00-7.4.069l-5.6-3.51a8 8 0 10-14.693-.057l-6.532 3.626A4.973 4.973 0 1011 38a4.932 4.932 0 00-.253-1.494l6.575-3.652a7.971 7.971 0 0012.65.052l5.638 3.527A4.91 4.91 0 0035.333 38a5 5 0 109.7-1.653l9.194-5.105A4.99 4.99 0 1058 23zM6 41a3 3 0 113-3 3 3 0 01-3 3zm17.667-7a6.021 6.021 0 115.177-2.982A6 6 0 0123.667 34zm16.666 7a3 3 0 113-3 3 3 0 01-3 3zM58 31a3 3 0 113-3 3 3 0 01-3 3z\"><\/path><\/svg><\/span><\/p>\n\n<div class=\"gb-grid-wrapper gb-grid-wrapper-10843c90\">\n<div class=\"gb-grid-column gb-grid-column-0d083c62\"><div class=\"gb-container gb-container-0d083c62\">\n<div class=\"gb-container gb-container-ec77335d\">\n<figure class=\"gb-block-image gb-block-image-4be6900b\"><img decoding=\"async\" width=\"1200\" height=\"1200\" class=\"gb-image gb-image-4be6900b is-style-default\" src=\"https:\/\/transfercasepartshop.com\/wp-content\/uploads\/2023\/11\/TCP-Zsolt_profile.jpg\" alt=\"Oszt\u00f3m\u0171 alkatr\u00e9sz\" title=\"TCP-Zsolt_profile\" srcset=\"https:\/\/transfercasepartshop.com\/wp-content\/uploads\/2023\/11\/TCP-Zsolt_profile.jpg 1200w,  https:\/\/transfercasepartshop.com\/wp-content\/uploads\/2023\/11\/TCP-Zsolt_profile-300x300.jpg 300w,  https:\/\/transfercasepartshop.com\/wp-content\/uploads\/2023\/11\/TCP-Zsolt_profile-1024x1024.jpg 1024w,  https:\/\/transfercasepartshop.com\/wp-content\/uploads\/2023\/11\/TCP-Zsolt_profile-150x150.jpg 150w,  https:\/\/transfercasepartshop.com\/wp-content\/uploads\/2023\/11\/TCP-Zsolt_profile-768x768.jpg 768w,  https:\/\/transfercasepartshop.com\/wp-content\/uploads\/2023\/11\/TCP-Zsolt_profile-20x20.jpg 20w,  https:\/\/transfercasepartshop.com\/wp-content\/uploads\/2023\/11\/TCP-Zsolt_profile-500x500.jpg 500w,  https:\/\/transfercasepartshop.com\/wp-content\/uploads\/2023\/11\/TCP-Zsolt_profile-100x100.jpg 100w,  https:\/\/transfercasepartshop.com\/wp-content\/uploads\/2023\/11\/TCP-Zsolt_profile-64x64.jpg 64w\" sizes=\"(max-width: 1200px) 100vw, 1200px\"><\/figure>\n<\/div>\n\n<h4 class=\"gb-headline gb-headline-a153dee7 gb-headline-text\">ZSOLT T\u00d6R\u00d6K<\/h4>\n\n<p class=\"gb-headline gb-headline-6a5fc380 gb-headline-text\">CEO &amp; technical director<\/p>\n\n<p class=\"gb-headline gb-headline-d4783b26\"><span class=\"gb-icon\"><svg xmlns=\"http:\/\/www.w3.org\/2000\/svg\" viewBox=\"0 0 14.707 14.707\"><path d=\"M6.275 0h2.158v14.707H6.275z\"><\/path><\/svg><\/span><span class=\"gb-headline-text\"><a href=\"mailto:zsolt.torok@transfercasepartshop.com\"> e-mail<\/a><\/span><\/p>\n<\/div><\/div>\n\n<div class=\"gb-grid-column gb-grid-column-6fa15331\"><div class=\"gb-container gb-container-6fa15331\">\n<div class=\"gb-container gb-container-3da643cd\">\n<figure class=\"gb-block-image gb-block-image-0b22e5c0\"><img decoding=\"async\" width=\"1200\" height=\"1200\" class=\"gb-image gb-image-0b22e5c0 is-style-default\" src=\"https:\/\/transfercasepartshop.com\/wp-content\/uploads\/2023\/11\/TCP-Roland_profile.jpg\" alt=\"Oszt\u00f3m\u0171 alkatr\u00e9sz\" title=\"TCP-Roland_profile\" srcset=\"https:\/\/transfercasepartshop.com\/wp-content\/uploads\/2023\/11\/TCP-Roland_profile.jpg 1200w,  https:\/\/transfercasepartshop.com\/wp-content\/uploads\/2023\/11\/TCP-Roland_profile-300x300.jpg 300w,  https:\/\/transfercasepartshop.com\/wp-content\/uploads\/2023\/11\/TCP-Roland_profile-1024x1024.jpg 1024w,  https:\/\/transfercasepartshop.com\/wp-content\/uploads\/2023\/11\/TCP-Roland_profile-150x150.jpg 150w,  https:\/\/transfercasepartshop.com\/wp-content\/uploads\/2023\/11\/TCP-Roland_profile-768x768.jpg 768w,  https:\/\/transfercasepartshop.com\/wp-content\/uploads\/2023\/11\/TCP-Roland_profile-20x20.jpg 20w,  https:\/\/transfercasepartshop.com\/wp-content\/uploads\/2023\/11\/TCP-Roland_profile-500x500.jpg 500w,  https:\/\/transfercasepartshop.com\/wp-content\/uploads\/2023\/11\/TCP-Roland_profile-100x100.jpg 100w,  https:\/\/transfercasepartshop.com\/wp-content\/uploads\/2023\/11\/TCP-Roland_profile-64x64.jpg 64w\" sizes=\"(max-width: 1200px) 100vw, 1200px\"><\/figure>\n<\/div>\n\n<h4 class=\"gb-headline gb-headline-c8cf448c gb-headline-text\">ROLAND CZINE<\/h4>\n\n<p class=\"gb-headline gb-headline-11d7759b gb-headline-text\">CEO &amp; partnership<\/p>\n\n<p class=\"gb-headline gb-headline-6f2a1f8e\"><span class=\"gb-icon\"><svg xmlns=\"http:\/\/www.w3.org\/2000\/svg\" viewBox=\"0 0 14.707 14.707\"><path d=\"M6.275 0h2.158v14.707H6.275z\"><\/path><\/svg><\/span><span class=\"gb-headline-text\"><a href=\"mailto:roland.czine@transfercasepartshop.com\" data-type=\"URL\" data-id=\"mailtoroland.czine@transfercasepartshop.com\">e-mail<\/a><\/span><\/p>\n<\/div><\/div>\n\n<div class=\"gb-grid-column gb-grid-column-361a5211\"><div class=\"gb-container gb-container-361a5211\">\n<div class=\"gb-container gb-container-2ad6cdef\">\n<figure class=\"gb-block-image gb-block-image-857c441c\"><img decoding=\"async\" width=\"1200\" height=\"1200\" class=\"gb-image gb-image-857c441c is-style-default\" src=\"https:\/\/transfercasepartshop.com\/wp-content\/uploads\/2023\/11\/TCP-Evi_profile.jpg\" alt=\"Oszt\u00f3m\u0171 alkatr\u00e9sz\" title=\"TCP-Evi_profile\" srcset=\"https:\/\/transfercasepartshop.com\/wp-content\/uploads\/2023\/11\/TCP-Evi_profile.jpg 1200w,  https:\/\/transfercasepartshop.com\/wp-content\/uploads\/2023\/11\/TCP-Evi_profile-300x300.jpg 300w,  https:\/\/transfercasepartshop.com\/wp-content\/uploads\/2023\/11\/TCP-Evi_profile-1024x1024.jpg 1024w,  https:\/\/transfercasepartshop.com\/wp-content\/uploads\/2023\/11\/TCP-Evi_profile-150x150.jpg 150w,  https:\/\/transfercasepartshop.com\/wp-content\/uploads\/2023\/11\/TCP-Evi_profile-768x768.jpg 768w,  https:\/\/transfercasepartshop.com\/wp-content\/uploads\/2023\/11\/TCP-Evi_profile-20x20.jpg 20w,  https:\/\/transfercasepartshop.com\/wp-content\/uploads\/2023\/11\/TCP-Evi_profile-500x500.jpg 500w,  https:\/\/transfercasepartshop.com\/wp-content\/uploads\/2023\/11\/TCP-Evi_profile-100x100.jpg 100w,  https:\/\/transfercasepartshop.com\/wp-content\/uploads\/2023\/11\/TCP-Evi_profile-64x64.jpg 64w\" sizes=\"(max-width: 1200px) 100vw, 1200px\"><\/figure>\n<\/div>\n\n<h4 class=\"gb-headline gb-headline-7ce2593b gb-headline-text\">\u00c9VA SZIBERT<\/h4>\n\n<p class=\"gb-headline gb-headline-262062de gb-headline-text\">Office<\/p>\n\n<p class=\"gb-headline gb-headline-642f0fb9\"><span class=\"gb-icon\"><svg xmlns=\"http:\/\/www.w3.org\/2000\/svg\" viewBox=\"0 0 14.707 14.707\"><path d=\"M6.275 0h2.158v14.707H6.275z\"><\/path><\/svg><\/span><span class=\"gb-headline-text\"><a href=\"mailto:office@transfercasepartshop.com\">e-mail<\/a><\/span><\/p>\n<\/div><\/div>\n\n<div class=\"gb-grid-column gb-grid-column-d991b7f9\"><div class=\"gb-container gb-container-d991b7f9\">\n<div class=\"gb-container gb-container-b35af075\"><\/div>\n\n<h4 class=\"gb-headline gb-headline-b1c34001 gb-headline-text\">DOMINIK MARCZELL<\/h4>\n\n<p class=\"gb-headline gb-headline-374520e7 gb-headline-text\">Global Relations Manager<\/p>\n\n<p class=\"gb-headline gb-headline-c02e33b2\"><span class=\"gb-icon\"><svg xmlns=\"http:\/\/www.w3.org\/2000\/svg\" viewBox=\"0 0 14.707 14.707\"><path d=\"M6.275 0h2.158v14.707H6.275z\"><\/path><\/svg><\/span><span class=\"gb-headline-text\"><a href=\"mailto:sales@transfercasepartshop.com\" data-type=\"URL\" data-id=\"mailt\">e-mail<\/a><\/span><\/p>\n<\/div><\/div>\n\n<div class=\"gb-grid-column gb-grid-column-39b0be09\"><div class=\"gb-container gb-container-39b0be09\">\n<div class=\"gb-container gb-container-a8ccaac0\">\n<figure class=\"gb-block-image gb-block-image-753772fe\"><img decoding=\"async\" width=\"1024\" height=\"1024\" class=\"gb-image gb-image-753772fe is-style-default\" src=\"https:\/\/transfercasepartshop.com\/wp-content\/uploads\/2023\/11\/TCP-Gabor_profile-1024x1024.jpg\" alt=\"Oszt\u00f3m\u0171 alkatr\u00e9sz\" title=\"TCP-Gabor_profile\" srcset=\"https:\/\/transfercasepartshop.com\/wp-content\/uploads\/2023\/11\/TCP-Gabor_profile-1024x1024.jpg 1024w,  https:\/\/transfercasepartshop.com\/wp-content\/uploads\/2023\/11\/TCP-Gabor_profile-300x300.jpg 300w,  https:\/\/transfercasepartshop.com\/wp-content\/uploads\/2023\/11\/TCP-Gabor_profile-150x150.jpg 150w,  https:\/\/transfercasepartshop.com\/wp-content\/uploads\/2023\/11\/TCP-Gabor_profile-768x768.jpg 768w,  https:\/\/transfercasepartshop.com\/wp-content\/uploads\/2023\/11\/TCP-Gabor_profile-20x20.jpg 20w,  https:\/\/transfercasepartshop.com\/wp-content\/uploads\/2023\/11\/TCP-Gabor_profile-500x500.jpg 500w,  https:\/\/transfercasepartshop.com\/wp-content\/uploads\/2023\/11\/TCP-Gabor_profile-100x100.jpg 100w,  https:\/\/transfercasepartshop.com\/wp-content\/uploads\/2023\/11\/TCP-Gabor_profile-64x64.jpg 64w,  https:\/\/transfercasepartshop.com\/wp-content\/uploads\/2023\/11\/TCP-Gabor_profile.jpg 1200w\" sizes=\"(max-width: 1024px) 100vw, 1024px\"><\/figure>\n<\/div>\n\n<h4 class=\"gb-headline gb-headline-bb036a17 gb-headline-text\">G\u00c1BOR SZAB\u00d3 <\/h4>\n\n<p class=\"gb-headline gb-headline-4be7fe85 gb-headline-text\">PPC<\/p>\n<\/div><\/div>\n\n<div class=\"gb-grid-column gb-grid-column-0c3de2ce\"><div class=\"gb-container gb-container-0c3de2ce\">\n<div class=\"gb-container gb-container-7314f87b\"><\/div>\n\n<h4 class=\"gb-headline gb-headline-33538231 gb-headline-text\">KRIST\u00d3F LEST\u00c1R <\/h4>\n\n<p class=\"gb-headline gb-headline-68132976 gb-headline-text\">WEBSHOP &amp; SEO<\/p>\n\n<p class=\"gb-headline gb-headline-877d0971\"><span class=\"gb-icon\"><svg xmlns=\"http:\/\/www.w3.org\/2000\/svg\" viewBox=\"0 0 14.707 14.707\"><path d=\"M6.275 0h2.158v14.707H6.275z\"><\/path><\/svg><\/span><span class=\"gb-headline-text\"><a href=\"mailto:web@transfercasepartshop.com\" data-type=\"mailto\" data-id=\"mailto:web@transfercasepartshop.com\">e-mail<\/a><\/span><\/p>\n<\/div><\/div>\n<\/div>\n<\/div>\n<\/div>","protected":false},"excerpt":{"rendered":"<p>Our team Get to know us!<\/p>","protected":false},"author":7,"featured_media":0,"parent":0,"menu_order":0,"comment_status":"closed","ping_status":"closed","template":"","meta":{"_acf_changed":false,"footnotes":""},"class_list":{"0":"post-426780","1":"page","2":"type-page","3":"status-publish","5":"infinite-scroll-item","6":"no-featured-image-padding"},"acf":[],"_links":{"self":[{"href":"https:\/\/transfercasepartshop.com\/en\/wp-json\/wp\/v2\/pages\/426780","targetHints":{"allow":["GET"]}}],"collection":[{"href":"https:\/\/transfercasepartshop.com\/en\/wp-json\/wp\/v2\/pages"}],"about":[{"href":"https:\/\/transfercasepartshop.com\/en\/wp-json\/wp\/v2\/types\/page"}],"author":[{"embeddable":true,"href":"https:\/\/transfercasepartshop.com\/en\/wp-json\/wp\/v2\/users\/7"}],"replies":[{"embeddable":true,"href":"https:\/\/transfercasepartshop.com\/en\/wp-json\/wp\/v2\/comments?post=426780"}],"version-history":[{"count":0,"href":"https:\/\/transfercasepartshop.com\/en\/wp-json\/wp\/v2\/pages\/426780\/revisions"}],"wp:attachment":[{"href":"https:\/\/transfercasepartshop.com\/en\/wp-json\/wp\/v2\/media?parent=426780"}],"curies":[{"name":"wp","href":"https:\/\/api.w.org\/{rel}","templated":true}]}}