{"id":442770,"date":"2025-11-24T15:55:38","date_gmt":"2025-11-24T14:55:38","guid":{"rendered":"https:\/\/transfercasepartshop.com\/unkategorisiert\/verteilergetriebe-welleneingang-pl72-atc\/"},"modified":"2026-03-23T10:03:10","modified_gmt":"2026-03-23T09:03:10","slug":"verteilergetriebe-welleneingang-pl72-atc","status":"publish","type":"product","link":"https:\/\/transfercasepartshop.com\/de\/porsche-de\/pl72-atc-de\/verteilergetriebe-welleneingang-pl72-atc\/","title":{"rendered":"Verteilergetriebe welleneingang (PL72 ATC)"},"content":{"rendered":"<p>Ein hochwertiges Produkt aus geh\u00e4rtetem Stahl. Es verbindet die innere Antriebswelle des Verteilergetriebes mit der Antriebswelle des Getriebes und gew\u00e4hrleistet so die Verbindung und die Drehmoment\u00fcbertragung an die hinteren Komponenten des Antriebsstrangs, einschlie\u00dflich der Kardanwelle und des hinteren Differentials.<\/p>\n<div class=\"faq-section\">\n<details>\n<summary>Woran erkenne ich, dass der Welleneingang meines PL72 ATC Verteilergetriebes defekt ist?<\/summary>\n<p>Typische Anzeichen sind Ruckeln beim Beschleunigen, untypische Vibrationen im Mitteltunnel oder metallische Klopfger\u00e4usche beim Lastwechsel. Oft ist die Verzahnung zwischen Getriebe und Verteilergetriebe abgenutzt, was die Drehmoment\u00fcbertragung st\u00f6rt.<\/p>\n<\/details>\n<details>\n<summary>Passt dieser Welleneingang f\u00fcr mein Porsche-Modell?<\/summary>\n<p>Dieses Bauteil ist speziell f\u00fcr das PL72 ATC Verteilergetriebe entwickelt worden, welches in verschiedenen Porsche-Modellen zum Einsatz kommt. Bitte gleichen Sie vor der Bestellung Ihren Getriebetyp ab oder kontaktieren Sie uns mit Ihrer Fahrgestellnummer.<\/p>\n<\/details>\n<details>\n<summary>Warum ist dieses Produkt aus geh\u00e4rtetem Stahl gefertigt?<\/summary>\n<p>Der Welleneingang ist massiven Scherkr\u00e4ften ausgesetzt. Die Verwendung von geh\u00e4rtetem Stahl stellt sicher, dass die Verzahnung auch unter hoher Last nicht ausschl\u00e4gt und eine dauerhafte Verbindung zum hinteren Differential gew\u00e4hrleistet bleibt.<\/p>\n<\/details>\n<details>\n<summary>Kann ich den Welleneingang selbst wechseln oder brauche ich eine Werkstatt?<\/summary>\n<p>Der Austausch erfordert den Ausbau und das teilweise \u00d6ffnen des Verteilergetriebes. Aufgrund der notwendigen Pr\u00e4zision und des Spezialwerkzeugs empfehlen wir dringend den Einbau durch einen Fachmann oder eine Getriebewerkstatt.<\/p>\n<\/details>\n<details>\n<summary>Was passiert, wenn ich einen verschlissenen Welleneingang nicht rechtzeitig ersetze?<\/summary>\n<p>Ein ignorierter Verschlei\u00df kann zum kompletten Verlust des Allradantriebs f\u00fchren. Im schlimmsten Fall werden auch die Antriebswelle des Hauptgetriebes besch\u00e4digt, was deutlich h\u00f6here Reparaturkosten verursacht.<\/p>\n<\/details>\n<\/div>\n<p><script type=\"application\/ld+json\">\n{\n  \"@context\": \"https:\/\/schema.org\",\n  \"@type\": \"FAQPage\",\n  \"mainEntity\": [\n    {\n      \"@type\": \"Question\",\n      \"name\": \"Woran erkenne ich, dass der Welleneingang meines PL72 ATC Verteilergetriebes defekt ist?\",\n      \"acceptedAnswer\": {\n        \"@type\": \"Answer\",\n        \"text\": \"Typische Anzeichen sind Ruckeln beim Beschleunigen, untypische Vibrationen im Mitteltunnel oder metallische Klopfgeru00e4usche beim Lastwechsel. Oft ist die Verzahnung zwischen Getriebe und Verteilergetriebe abgenutzt, was die Drehmomentu00fcbertragung stu00f6rt.\"\n      }\n    },\n    {\n      \"@type\": \"Question\",\n      \"name\": \"Passt dieser Welleneingang fu00fcr mein Porsche-Modell?\",\n      \"acceptedAnswer\": {\n        \"@type\": \"Answer\",\n        \"text\": \"Dieses Bauteil ist speziell fu00fcr das PL72 ATC Verteilergetriebe entwickelt worden, welches in verschiedenen Porsche-Modellen zum Einsatz kommt. Bitte gleichen Sie vor der Bestellung Ihren Getriebetyp ab oder kontaktieren Sie uns mit Ihrer Fahrgestellnummer.\"\n      }\n    },\n    {\n      \"@type\": \"Question\",\n      \"name\": \"Warum ist dieses Produkt aus gehu00e4rtetem Stahl gefertigt?\",\n      \"acceptedAnswer\": {\n        \"@type\": \"Answer\",\n        \"text\": \"Der Welleneingang ist massiven Scherkru00e4ften ausgesetzt. Die Verwendung von gehu00e4rtetem Stahl stellt sicher, dass die Verzahnung auch unter hoher Last nicht ausschlu00e4gt und eine dauerhafte Verbindung zum hinteren Differential gewu00e4hrleistet bleibt.\"\n      }\n    },\n    {\n      \"@type\": \"Question\",\n      \"name\": \"Kann ich den Welleneingang selbst wechseln oder brauche ich eine Werkstatt?\",\n      \"acceptedAnswer\": {\n        \"@type\": \"Answer\",\n        \"text\": \"Der Austausch erfordert den Ausbau und das teilweise u00d6ffnen des Verteilergetriebes. Aufgrund der notwendigen Pru00e4zision und des Spezialwerkzeugs empfehlen wir dringend den Einbau durch einen Fachmann oder eine Getriebewerkstatt.\"\n      }\n    },\n    {\n      \"@type\": \"Question\",\n      \"name\": \"Was passiert, wenn ich einen verschlissenen Welleneingang nicht rechtzeitig ersetze?\",\n      \"acceptedAnswer\": {\n        \"@type\": \"Answer\",\n        \"text\": \"Ein ignorierter Verschleiu00df kann zum kompletten Verlust des Allradantriebs fu00fchren. Im schlimmsten Fall werden auch die Antriebswelle des Hauptgetriebes beschu00e4digt, was deutlich hu00f6here Reparaturkosten verursacht.\"\n      }\n    }\n  ]\n}\n<\/script><\/p>","protected":false},"excerpt":{"rendered":"<p>Verteilergetriebe welleneingang<\/p>","protected":false},"featured_media":442555,"comment_status":"closed","ping_status":"closed","template":"","meta":{"_acf_changed":false},"product_brand":[],"product_cat":[192,185],"product_tag":[257],"class_list":{"0":"post-442770","1":"product","2":"type-product","3":"status-publish","4":"has-post-thumbnail","6":"product_cat-pl72-atc-de","7":"product_cat-porsche-de","8":"product_tag-wellen-zahnraeder","9":"infinite-scroll-item","10":"no-featured-image-padding","11":"resize-featured-image","12":"sales-flash-overlay","13":"woocommerce-text-align-center","14":"woocommerce-image-align-center","15":"wc-has-gallery","17":"first","18":"instock","19":"taxable","20":"shipping-taxable","21":"purchasable","22":"product-type-simple"},"acf":{"s-tec_number":"SP02022","oem-ref":"0C2341010M, 0C2341010P, 0C2341010Q, 0C2341010R, 0C2341010S, 0C2341011_, 0C2341011A, 0C2341011B, 0C2341011C, 0C2341011F, 0C2341011G, 0C2341011H, 0C2341011K, 0C2341011L, 0C2341011M, 0C2341011N, 0C2341011P, 0C2341011Q, 0C2341011R, 0C2341011S, 0C2341011T, 0C2341012F, 0C2341012G, 0C2341012H, 0C2341012J, 0C2341012K, 0C2341012L, 0C2341012M, 0C2341012N, 0C2341013, 0C2341013A, 0C2341013B, 0C2341013C, 0C2341013D, 0C2341013E, 0C2341013F, 0C2341013G, 0C2341013H, 0C2341013J, 0C2341013K, 0C2341013L, 0C2341013M, 0C2341013N, 0C2341013P, 0C2341013Q, 0C2341013R, 0C2341013S, 0C2341013T, 0C2341041, 0C2341041A, 0C2341041B, 0C2341041C, 0C2341041D, 0C2341041J, 0C2341041K, 0C2341041L, 0C2341041M, 4311011, 4311013, 95834101001, 95834101002, 95834101003, 95834101004, 95834101005, 95834101006, 95834101007, 95834101008, 95834101009, 95834101011, 95834101012, 95834101013, 95834101014, 95834101015, 95834101016, 95834101017, 95834101018, 95834101019, 95834101020, 95834101021, 95834101022, 95834101023, 95834101024, 95834101025, 95834101026, 95834101027, 95834101028, 95834101030, 95834101031, 95834101032, 95834101033, 95834101034, 9583410103X, 9583410104X, 9583410105X, 9583410106X, 9583410107X, 9583410108X, 9583410109X, 958341010AX, 958341010BX, 958341010CX, 958341010DX, 958341010EX, 958341010FX, 958341010GX, 958341010HX, 958341010MX, 958341010NX, 958341010PX, 958341010QX, 958341010RX, 958341010SX, 958341011AX, 958341011BX, 958341011CX, 958341011DX, 958341011X, 95834101200, 95834101201, 95834101202, 95834101204, 95834101210, 95834101211, 95834101212, 95834101214, 95834101220, 9583410122X, 958341012AX, 958341012KX, 958341012LX, 958341012MX, 958341012PX, 958341012X, 95834101300, 95834101301, 95834101303, 95834101305, 95834101306, 95834101308, 958341013EX, 958341013FX, 958341013HX, 958341013X, 0C2341013A, 0C2341013C, 0C2341013E, 0C2341013G, 0C2341013J, 0C2341013L, 0C2341013M, 0C2341013N, 0C2341013S, 0C2341041, 0C2341041B, 0C2341041D, 0C2341041J, 0C2341041M, 95834101200, 95834101201, 95834101202, 95834101204, 95834101210, 95834101211, 95834101212, 95834101214, 958341012AX, 958341012KX, 958341012LX, 958341012MX, 958341012PX, 958341012X, 95834101008, 95834101009, 95834101033, 95834101034, 0C2341010P, 0C2341010R, 0C2341010S, 0C2341011A, 0C2341011B, 0C2341011G, 0C2341011H, 0C2341011L, 0C2341011M, 0C2341011R, 0C2341011S, 0C2341012G, 0C2341012H, 0C2341012L, 0C2341012M, 0C2341013, 0C2341013B, 0C2341013D, 0C2341013F, 0C2341013H, 0C2341013K, 0C2341013P, 0C2341013Q, 0C2341013R, 0C2341013T, 0C2341041A, 0C2341041C, 0C2341041K, 0C2341041L, 4311013, 95834101011, 95834101012, 95834101013, 95834101014, 95834101015, 95834101016, 95834101017, 95834101018, 95834101019, 95834101020, 95834101021, 95834101022, 95834101023, 95834101024, 95834101025, 95834101026, 95834101027, 95834101028, 9583410103X, 9583410104X, 9583410105X, 9583410107X, 9583410108X, 958341010MX, 958341010NX, 958341010PX, 958341010QX, 958341010RX, 958341010SX, 958341011BX, 958341011CX, 958341011X, 95834101220, 9583410122X, 95834101300, 95834101301, 95834101303, 95834101305, 95834101306, 95834101308, 958341013EX, 958341013FX, 958341013HX, 958341013X, 95834101001 (0C2341010Q, 0C2341010M), 95834101002 (0C2341011_, 0C2341011C), 95834101003 (0C2341011F), 95834101004 (0C2341011K), 95834101005 (0C2341011Q), 95834101006 (0C2341012F), 95834101007 (0C2341012K), 95834101030 (0C2341011P), 0C2341011N, (0C2341011T), 95834101031 (0C2341012J), 95834101032 (0C2341012N)","tartalom":"","lamella-alert":"","transfer_case_application_v2":["Porsche PL72 ATC 2010- Cayenne"],"transfer_case_application":"","kulso_raktar":1,"google_ads_kep":442549,"gtin":9009381094791},"_links":{"self":[{"href":"https:\/\/transfercasepartshop.com\/de\/wp-json\/wp\/v2\/product\/442770","targetHints":{"allow":["GET"]}}],"collection":[{"href":"https:\/\/transfercasepartshop.com\/de\/wp-json\/wp\/v2\/product"}],"about":[{"href":"https:\/\/transfercasepartshop.com\/de\/wp-json\/wp\/v2\/types\/product"}],"replies":[{"embeddable":true,"href":"https:\/\/transfercasepartshop.com\/de\/wp-json\/wp\/v2\/comments?post=442770"}],"wp:featuredmedia":[{"embeddable":true,"href":"https:\/\/transfercasepartshop.com\/de\/wp-json\/wp\/v2\/media\/442555"}],"wp:attachment":[{"href":"https:\/\/transfercasepartshop.com\/de\/wp-json\/wp\/v2\/media?parent=442770"}],"wp:term":[{"taxonomy":"product_brand","embeddable":true,"href":"https:\/\/transfercasepartshop.com\/de\/wp-json\/wp\/v2\/product_brand?post=442770"},{"taxonomy":"product_cat","embeddable":true,"href":"https:\/\/transfercasepartshop.com\/de\/wp-json\/wp\/v2\/product_cat?post=442770"},{"taxonomy":"product_tag","embeddable":true,"href":"https:\/\/transfercasepartshop.com\/de\/wp-json\/wp\/v2\/product_tag?post=442770"}],"curies":[{"name":"wp","href":"https:\/\/api.w.org\/{rel}","templated":true}]}}