{"id":440328,"date":"2025-05-26T13:44:13","date_gmt":"2025-05-26T11:44:13","guid":{"rendered":"https:\/\/transfercasepartshop.com\/unkategorisiert\/verteilergetriebe-kupplungskorb-pl72-atc-125-inch\/"},"modified":"2026-02-16T17:34:21","modified_gmt":"2026-02-16T16:34:21","slug":"verteilergetriebe-kupplungskorb-pl72-atc-125-inch","status":"publish","type":"product","link":"https:\/\/transfercasepartshop.com\/de\/porsche-de\/pl72-atc-de\/verteilergetriebe-kupplungskorb-pl72-atc-125-inch\/","title":{"rendered":"Verteilergetriebe Kupplungskorb (PL72 ATC) 1,25 inch \/ 3,175 cm"},"content":{"rendered":"<p>Der Kupplungskorb dient dazu, dass der darin befindliche Lamellensatz, die Kupplungsfedern und Distanzst\u00fccke das Funktionieren der Kupplung des Verteilergetriebes ordnungsgem\u00e4\u00df gew\u00e4hrleisten k\u00f6nnen.<\/p>","protected":false},"excerpt":{"rendered":"<p>Verteilergetriebe Kupplungskorb<\/p>","protected":false},"featured_media":440370,"comment_status":"closed","ping_status":"closed","template":"","meta":{"_acf_changed":false},"product_brand":[],"product_cat":[192,185],"product_tag":[249],"class_list":{"0":"post-440328","1":"product","2":"type-product","3":"status-publish","4":"has-post-thumbnail","6":"product_cat-pl72-atc-de","7":"product_cat-porsche-de","8":"product_tag-kupplung-ersatzteile","9":"infinite-scroll-item","10":"no-featured-image-padding","11":"resize-featured-image","12":"sales-flash-overlay","13":"woocommerce-text-align-center","14":"woocommerce-image-align-center","15":"wc-has-gallery","17":"first","18":"instock","19":"taxable","20":"shipping-taxable","21":"purchasable","22":"product-type-simple"},"acf":{"s-tec_number":"SP02705","oem-ref":"0C2341013A, 0C2341013C, 0C2341013E, 0C2341013G, 0C2341013J, 0C2341013L, 0C2341013M, 0C2341013N, 0C2341013S, 0C2341041, 0C2341041B, 0C2341041D, 0C2341041J, 0C2341041M, 95834101200, 95834101201, 95834101202, 95834101204, 95834101210, 95834101211, 95834101212, 95834101214, 958341012AX, 958341012KX, 958341012LX, 958341012MX, 958341012PX, 958341012X, 95834101008, 95834101009, 95834101033, 95834101034","tartalom":"Der Breite des Zahnkranzes betr\u00e4gt 1,25 Zoll (3,175 cm).","lamella-alert":"","transfer_case_application_v2":["Porsche PL72 ATC 2010- Cayenne"],"transfer_case_application":"","kulso_raktar":1,"google_ads_kep":440367,"gtin":9009381142911},"_links":{"self":[{"href":"https:\/\/transfercasepartshop.com\/de\/wp-json\/wp\/v2\/product\/440328","targetHints":{"allow":["GET"]}}],"collection":[{"href":"https:\/\/transfercasepartshop.com\/de\/wp-json\/wp\/v2\/product"}],"about":[{"href":"https:\/\/transfercasepartshop.com\/de\/wp-json\/wp\/v2\/types\/product"}],"replies":[{"embeddable":true,"href":"https:\/\/transfercasepartshop.com\/de\/wp-json\/wp\/v2\/comments?post=440328"}],"wp:featuredmedia":[{"embeddable":true,"href":"https:\/\/transfercasepartshop.com\/de\/wp-json\/wp\/v2\/media\/440370"}],"wp:attachment":[{"href":"https:\/\/transfercasepartshop.com\/de\/wp-json\/wp\/v2\/media?parent=440328"}],"wp:term":[{"taxonomy":"product_brand","embeddable":true,"href":"https:\/\/transfercasepartshop.com\/de\/wp-json\/wp\/v2\/product_brand?post=440328"},{"taxonomy":"product_cat","embeddable":true,"href":"https:\/\/transfercasepartshop.com\/de\/wp-json\/wp\/v2\/product_cat?post=440328"},{"taxonomy":"product_tag","embeddable":true,"href":"https:\/\/transfercasepartshop.com\/de\/wp-json\/wp\/v2\/product_tag?post=440328"}],"curies":[{"name":"wp","href":"https:\/\/api.w.org\/{rel}","templated":true}]}}