{"id":438750,"date":"2025-05-20T09:54:26","date_gmt":"2025-05-20T07:54:26","guid":{"rendered":"https:\/\/transfercasepartshop.com\/unkategorisiert\/lamellan-paket-kit-jaguar-atc\/"},"modified":"2025-05-20T10:01:18","modified_gmt":"2025-05-20T08:01:18","slug":"lamellan-paket-kit-jaguar-atc","status":"publish","type":"product","link":"https:\/\/transfercasepartshop.com\/de\/jaguar-de\/jaguar-atc-de\/lamellan-paket-kit-jaguar-atc\/","title":{"rendered":"Lamellan Paket Kit (Jaguar ATC)"},"content":{"rendered":"<p>Die Lamellen k\u00f6nnen durch Reibung zueinander sehr gro\u00dfes Drehmoment \u00fcbertragen. Sie f\u00fchren diese Aufgabe aus, indem sie sich in einem inneren und einem \u00e4u\u00dferen Kupplungskorb verkeilen. Ihre Rolle bei der Drehmoment\u00fcbertragung ist sehr bedeutend.<\/p>","protected":false},"excerpt":{"rendered":"<p>Lamellan Paket Kit<\/p>","protected":false},"featured_media":439886,"comment_status":"closed","ping_status":"closed","template":"","meta":{"_acf_changed":false},"product_brand":[],"product_cat":[406,404],"product_tag":[249],"class_list":{"0":"post-438750","1":"product","2":"type-product","3":"status-publish","4":"has-post-thumbnail","6":"product_cat-jaguar-atc-de","7":"product_cat-jaguar-de","8":"product_tag-kupplung-ersatzteile","9":"infinite-scroll-item","10":"no-featured-image-padding","11":"resize-featured-image","12":"sales-flash-overlay","13":"woocommerce-text-align-center","14":"woocommerce-image-align-center","15":"wc-has-gallery","17":"first","18":"instock","19":"taxable","20":"shipping-taxable","21":"purchasable","22":"product-type-simple"},"acf":{"s-tec_number":"HALDEX","oem-ref":"FW937K780AE, FW937K780AF, FW937K780AD, 02C2D49257, 02T2H1340, FW937K780AA, FW937K780AB, FW937K780AC","tartalom":"10 Lamellen, 10 Reibscheiben","lamella-alert":"","transfer_case_application_v2":["Jaguar ATC 2013- X152","Jaguar ATC 2012- X250","Jaguar ATC 2014- X351"],"transfer_case_application":"","kulso_raktar":1,"google_ads_kep":439883,"gtin":""},"_links":{"self":[{"href":"https:\/\/transfercasepartshop.com\/de\/wp-json\/wp\/v2\/product\/438750","targetHints":{"allow":["GET"]}}],"collection":[{"href":"https:\/\/transfercasepartshop.com\/de\/wp-json\/wp\/v2\/product"}],"about":[{"href":"https:\/\/transfercasepartshop.com\/de\/wp-json\/wp\/v2\/types\/product"}],"replies":[{"embeddable":true,"href":"https:\/\/transfercasepartshop.com\/de\/wp-json\/wp\/v2\/comments?post=438750"}],"wp:featuredmedia":[{"embeddable":true,"href":"https:\/\/transfercasepartshop.com\/de\/wp-json\/wp\/v2\/media\/439886"}],"wp:attachment":[{"href":"https:\/\/transfercasepartshop.com\/de\/wp-json\/wp\/v2\/media?parent=438750"}],"wp:term":[{"taxonomy":"product_brand","embeddable":true,"href":"https:\/\/transfercasepartshop.com\/de\/wp-json\/wp\/v2\/product_brand?post=438750"},{"taxonomy":"product_cat","embeddable":true,"href":"https:\/\/transfercasepartshop.com\/de\/wp-json\/wp\/v2\/product_cat?post=438750"},{"taxonomy":"product_tag","embeddable":true,"href":"https:\/\/transfercasepartshop.com\/de\/wp-json\/wp\/v2\/product_tag?post=438750"}],"curies":[{"name":"wp","href":"https:\/\/api.w.org\/{rel}","templated":true}]}}